{"id":3281,"date":"2025-10-18T22:13:53","date_gmt":"2025-10-18T22:13:53","guid":{"rendered":"https:\/\/wavexia.com\/product\/revlon-uniq-one-hair-treatment-150ml\/"},"modified":"2026-03-10T07:30:54","modified_gmt":"2026-03-10T07:30:54","slug":"revlon-uniq-one-hair-treatment-150ml","status":"publish","type":"product","link":"https:\/\/wavexia.com\/?product=revlon-uniq-one-hair-treatment-150ml","title":{"rendered":"REVLON Uniq one hair treatment 150ml"},"content":{"rendered":"<h2>Description<\/h2>\n<p><span data-sheets-value=\"{&quot;1&quot;:2,&quot;2&quot;:&quot;The 10 real benefits that the hair needs in one singlenproduct. Because great hair is not a matter of time.&quot;}\" data-sheets-userformat=\"{&quot;2&quot;:10685,&quot;3&quot;:{&quot;1&quot;:0,&quot;3&quot;:1},&quot;5&quot;:{&quot;1&quot;:[{&quot;1&quot;:2,&quot;2&quot;:0,&quot;5&quot;:{&quot;1&quot;:2,&quot;2&quot;:0}},{&quot;1&quot;:0,&quot;2&quot;:0,&quot;3&quot;:3},{&quot;1&quot;:1,&quot;2&quot;:0,&quot;4&quot;:1}]},&quot;6&quot;:{&quot;1&quot;:[{&quot;1&quot;:2,&quot;2&quot;:0,&quot;5&quot;:{&quot;1&quot;:2,&quot;2&quot;:0}},{&quot;1&quot;:0,&quot;2&quot;:0,&quot;3&quot;:3},{&quot;1&quot;:1,&quot;2&quot;:0,&quot;4&quot;:1}]},&quot;7&quot;:{&quot;1&quot;:[{&quot;1&quot;:2,&quot;2&quot;:0,&quot;5&quot;:{&quot;1&quot;:2,&quot;2&quot;:0}},{&quot;1&quot;:0,&quot;2&quot;:0,&quot;3&quot;:3},{&quot;1&quot;:1,&quot;2&quot;:0,&quot;4&quot;:1}]},&quot;8&quot;:{&quot;1&quot;:[{&quot;1&quot;:2,&quot;2&quot;:0,&quot;5&quot;:{&quot;1&quot;:2,&quot;2&quot;:0}},{&quot;1&quot;:0,&quot;2&quot;:0,&quot;3&quot;:3},{&quot;1&quot;:1,&quot;2&quot;:0,&quot;4&quot;:1}]},&quot;10&quot;:1,&quot;11&quot;:4,&quot;14&quot;:{&quot;1&quot;:3,&quot;3&quot;:1},&quot;16&quot;:11}\">Les 10 vrais avantages dont les cheveux ont besoin dans un seul produit. Parce que de beaux cheveux ne sont pas une question de temps.<\/span><\/p>\n<p>Le traitement capillaire sans rin\u00e7age \u00e0 multiples avantages qui a r\u00e9volutionn\u00e9 le march\u00e9 des salons dans le monde entier, avec 10 avantages en un seul produit de soins capillaires sans rin\u00e7age spectaculaire.<\/p>\n<p>UniqOne\u2122 Hair Treatment peut faire des merveilles n\u2019importe o\u00f9 et n\u2019importe quand, sur cheveux mouill\u00e9s ou secs.<\/p>\n<p><strong>\u00c0 qui s\u2019adresse-t-il ?<\/strong><\/p>\n<p>Pour tous les types de cheveux. Le traitement capillaire et le spray d\u00e9m\u00ealant UniqOne\u2122 permettent aux clients du monde entier d\u2019obtenir des r\u00e9sultats professionnels en un clin d\u2019\u0153il, afin qu\u2019ils aient plus de temps pour faire des choses pr\u00e9cieuses.<\/p>\n<p><strong>10 AVANTAGES R\u00c9ELS :<\/strong><\/p>\n<p>1. R\u00c9PARE LES CHEVEUX<br \/>SECS ET AB\u00ceM\u00c9S 2. RENFORCE ET R\u00c9DUIT LA<br \/>CASSE 3. CONDITIONS ET D\u00c9M\u00caLAGES<br \/>4. CONTR\u00d4LE LES<br \/>FRISOTTIS 5. HYDRATE<br \/>INSTANTAN\u00c9MENT 6. PROTECTION CONTRE LA<br \/>CHALEUR 7. BOOSTE LA BRILLANCE ET PROT\u00c8GE LA COULEUR<br \/>8. DOUCEUR ET MANIABILIT\u00c9<br \/>9. AIDE \u00c0 PR\u00c9VENIR LES POINTES FOURCHUES<br \/>10. RAFRA\u00ceCHIT LA COIFFURE<\/p>\n","protected":false},"excerpt":{"rendered":"<p>Description Les 10 vrais avantages dont les cheveux ont besoin dans un seul produit. Parce que de beaux cheveux ne sont pas une question de temps. Le traitement capillaire sans rin\u00e7age \u00e0 multiples avantages qui a r\u00e9volutionn\u00e9 le march\u00e9 des salons dans le monde entier, avec 10 avantages en un seul produit de soins capillaires [&hellip;]<\/p>\n","protected":false},"featured_media":3280,"comment_status":"open","ping_status":"closed","template":"","meta":{"content-type":"","_uag_custom_page_level_css":""},"pwb-brand":[],"product_brand":[],"product_cat":[377,327,403],"product_tag":[],"class_list":{"0":"post-3281","1":"product","2":"type-product","3":"status-publish","4":"has-post-thumbnail","6":"product_cat-cheveux","7":"product_cat-hmizat","8":"product_cat-revlon","10":"first","11":"instock","12":"sale","13":"shipping-taxable","14":"purchasable","15":"product-type-simple"},"aioseo_notices":[],"uagb_featured_image_src":{"full":["https:\/\/wavexia.com\/wp-content\/uploads\/2025\/10\/REVLON-E28093-Uniq-One-Traitement-Cheveux-Original.webp",1605,1605,false],"thumbnail":["https:\/\/wavexia.com\/wp-content\/uploads\/2025\/10\/REVLON-E28093-Uniq-One-Traitement-Cheveux-Original-150x150.webp",150,150,true],"medium":["https:\/\/wavexia.com\/wp-content\/uploads\/2025\/10\/REVLON-E28093-Uniq-One-Traitement-Cheveux-Original-300x300.webp",300,300,true],"medium_large":["https:\/\/wavexia.com\/wp-content\/uploads\/2025\/10\/REVLON-E28093-Uniq-One-Traitement-Cheveux-Original-768x768.webp",768,768,true],"large":["https:\/\/wavexia.com\/wp-content\/uploads\/2025\/10\/REVLON-E28093-Uniq-One-Traitement-Cheveux-Original-1024x1024.webp",1024,1024,true],"1536x1536":["https:\/\/wavexia.com\/wp-content\/uploads\/2025\/10\/REVLON-E28093-Uniq-One-Traitement-Cheveux-Original-1536x1536.webp",1536,1536,true],"2048x2048":["https:\/\/wavexia.com\/wp-content\/uploads\/2025\/10\/REVLON-E28093-Uniq-One-Traitement-Cheveux-Original.webp",1605,1605,false],"woocommerce_archive_thumbnail":["https:\/\/wavexia.com\/wp-content\/uploads\/2025\/10\/REVLON-E28093-Uniq-One-Traitement-Cheveux-Original-300x300.webp",300,300,true],"woocommerce_thumbnail":["https:\/\/wavexia.com\/wp-content\/uploads\/2025\/10\/REVLON-E28093-Uniq-One-Traitement-Cheveux-Original-300x300.webp",300,300,true],"woocommerce_single":["https:\/\/wavexia.com\/wp-content\/uploads\/2025\/10\/REVLON-E28093-Uniq-One-Traitement-Cheveux-Original-600x600.webp",600,600,true],"woocommerce_gallery_thumbnail":["https:\/\/wavexia.com\/wp-content\/uploads\/2025\/10\/REVLON-E28093-Uniq-One-Traitement-Cheveux-Original-100x100.webp",100,100,true]},"uagb_author_info":{"display_name":"zineddine.ayoub98@gmail.com","author_link":"https:\/\/wavexia.com\/?author=0"},"uagb_comment_info":0,"uagb_excerpt":"Description Les 10 vrais avantages dont les cheveux ont besoin dans un seul produit. Parce que de beaux cheveux ne sont pas une question de temps. Le traitement capillaire sans rin\u00e7age \u00e0 multiples avantages qui a r\u00e9volutionn\u00e9 le march\u00e9 des salons dans le monde entier, avec 10 avantages en un seul produit de soins capillaires&hellip;","brands":[],"_links":{"self":[{"href":"https:\/\/wavexia.com\/index.php?rest_route=\/wp\/v2\/product\/3281","targetHints":{"allow":["GET"]}}],"collection":[{"href":"https:\/\/wavexia.com\/index.php?rest_route=\/wp\/v2\/product"}],"about":[{"href":"https:\/\/wavexia.com\/index.php?rest_route=\/wp\/v2\/types\/product"}],"replies":[{"embeddable":true,"href":"https:\/\/wavexia.com\/index.php?rest_route=%2Fwp%2Fv2%2Fcomments&post=3281"}],"wp:featuredmedia":[{"embeddable":true,"href":"https:\/\/wavexia.com\/index.php?rest_route=\/wp\/v2\/media\/3280"}],"wp:attachment":[{"href":"https:\/\/wavexia.com\/index.php?rest_route=%2Fwp%2Fv2%2Fmedia&parent=3281"}],"wp:term":[{"taxonomy":"pwb-brand","embeddable":true,"href":"https:\/\/wavexia.com\/index.php?rest_route=%2Fwp%2Fv2%2Fpwb-brand&post=3281"},{"taxonomy":"product_brand","embeddable":true,"href":"https:\/\/wavexia.com\/index.php?rest_route=%2Fwp%2Fv2%2Fproduct_brand&post=3281"},{"taxonomy":"product_cat","embeddable":true,"href":"https:\/\/wavexia.com\/index.php?rest_route=%2Fwp%2Fv2%2Fproduct_cat&post=3281"},{"taxonomy":"product_tag","embeddable":true,"href":"https:\/\/wavexia.com\/index.php?rest_route=%2Fwp%2Fv2%2Fproduct_tag&post=3281"}],"curies":[{"name":"wp","href":"https:\/\/api.w.org\/{rel}","templated":true}]}}