{"id":3276,"date":"2025-10-18T22:13:49","date_gmt":"2025-10-18T22:13:49","guid":{"rendered":"https:\/\/wavexia.com\/product\/tocobo-bio-watery-sun-cream-spf50-pa-50ml\/"},"modified":"2026-03-10T07:30:54","modified_gmt":"2026-03-10T07:30:54","slug":"tocobo-bio-watery-sun-cream-spf50-pa-50ml","status":"publish","type":"product","link":"https:\/\/wavexia.com\/?product=tocobo-bio-watery-sun-cream-spf50-pa-50ml","title":{"rendered":"TOCOBO Bio Watery Sun Cream SPF50+ PA++++ 50ml"},"content":{"rendered":"<h2>Description<\/h2>\n<p>La Bio Watery Sun Cream SPF50+ PA++++ TOCOBO est une cr\u00e8me solaire hydratante et \u00e0 absorption rapide qui offre une forte protection contre les UV. Elle est doublement stabilis\u00e9e dans une couche huileuse et aqueuse pour assurer une protection optimale et la stabilit\u00e9 du produit. De cat\u00e9gorie verte EWG, sa formule douce d\u2019origine naturelle s\u2019applique confortablement sans coller ni laisser de traces blanches. Elle est formul\u00e9e avec de l\u2019acide hyaluronique et du b\u00eata-glucane pour une hydratation et une nutrition optimales.<\/p>\n<p><strong>Conseils d\u2019utilisation :<\/strong><\/p>\n<ul>\n<li>Lors de la derni\u00e8re \u00e9tape de ta routine beaut\u00e9, applique une quantit\u00e9 n\u00e9cessaire de cr\u00e8me et tapote d\u00e9licatement jusqu\u2019\u00e0 ce qu\u2019elle soit enti\u00e8rement absorb\u00e9e.<\/li>\n<li>Applique sur les zones expos\u00e9es du visage\/corps (cou, bras, jambes) 30 minutes avant de sortir au soleil.<\/li>\n<\/ul>\n<p><strong>Ingr\u00e9dients :<\/strong><\/p>\n<p>Eau, Adipate de Dibutyle, Propanediol, Ethylhexyl Triazone, Acide T\u00e9r\u00e9phtalylid\u00e8ne Dicamphor Sulfonique, Dist\u00e9arate de Polyglyc\u00e9ryle-3, Niacinamide, Trom\u00e9thamine, Alcool C\u00e9t\u00e9arylique, 1,2-Hexanediol, Benzoate de Di\u00e9thylamino Hydroxybenzoyl Hexyle, Glycol Pentyl\u00e8ne, Polysilicone-15, Extrait de Graine de Vigna Radiata, Extrait de Gossypium Herbaceum, Extrait de Racine de Sophora Flavescens, Extrait de Racine\/Tige de Rheum Palmatum, Extrait de Racine de Scutellaria Baicalensis, Extrait d\u2019\u00c9corce de Phellodendron Amurense, Extrait de Fleur d\u2019Oenothera Biennis, Extrait de Racine d\u2019Ulmus Davidiana, Extrait de Feuille de Pinus Palustris, Extrait de Racine de Pueraria Lobata, Hyaluronate de Sodium, Huile de Graine de Gossypium Herbaceum, Silsesquioxane de Polym\u00e9thyl, Taurate de Polyacryloyldim\u00e9thyl Taurate de Sodium, St\u00e9arate de Glyc\u00e9ryle, Triazine de Bis-\u00c9thylhexyloxyph\u00e9nol M\u00e9thoxyph\u00e9nyl, Phosphate de Potassium C\u00e9tylique, Glyc\u00e9rine, St\u00e9arate de Glyc\u00e9ryle Citrate, Carbamate Laurylique d\u2019Inuline, Copolym\u00e8re d\u2019Acryloyldim\u00e9thyltaurate d\u2019Ammonium\/Vp, \u00c9thylhexylglyc\u00e9rine, Ad\u00e9nosine, Butyl\u00e8neglycol, Tocoph\u00e9rol, Parfum.<\/p>\n","protected":false},"excerpt":{"rendered":"<p>Description La Bio Watery Sun Cream SPF50+ PA++++ TOCOBO est une cr\u00e8me solaire hydratante et \u00e0 absorption rapide qui offre une forte protection contre les UV. Elle est doublement stabilis\u00e9e dans une couche huileuse et aqueuse pour assurer une protection optimale et la stabilit\u00e9 du produit. De cat\u00e9gorie verte EWG, sa formule douce d\u2019origine naturelle [&hellip;]<\/p>\n","protected":false},"featured_media":3275,"comment_status":"open","ping_status":"closed","template":"","meta":{"content-type":"","_uag_custom_page_level_css":""},"pwb-brand":[],"product_brand":[],"product_cat":[327,339,334,340,394],"product_tag":[],"class_list":{"0":"post-3276","1":"product","2":"type-product","3":"status-publish","4":"has-post-thumbnail","6":"product_cat-hmizat","7":"product_cat-meilleures-ventes","8":"product_cat-produits-coreens","9":"product_cat-protection-solaire","10":"product_cat-tocobo","12":"first","13":"instock","14":"sale","15":"shipping-taxable","16":"purchasable","17":"product-type-simple"},"aioseo_notices":[],"uagb_featured_image_src":{"full":["https:\/\/wavexia.com\/wp-content\/uploads\/2025\/10\/Product-page-sizes_c481931d-6dca-44c0-a774-7bb6c9cb2158.webp",800,800,false],"thumbnail":["https:\/\/wavexia.com\/wp-content\/uploads\/2025\/10\/Product-page-sizes_c481931d-6dca-44c0-a774-7bb6c9cb2158-150x150.webp",150,150,true],"medium":["https:\/\/wavexia.com\/wp-content\/uploads\/2025\/10\/Product-page-sizes_c481931d-6dca-44c0-a774-7bb6c9cb2158-300x300.webp",300,300,true],"medium_large":["https:\/\/wavexia.com\/wp-content\/uploads\/2025\/10\/Product-page-sizes_c481931d-6dca-44c0-a774-7bb6c9cb2158-768x768.webp",768,768,true],"large":["https:\/\/wavexia.com\/wp-content\/uploads\/2025\/10\/Product-page-sizes_c481931d-6dca-44c0-a774-7bb6c9cb2158.webp",800,800,false],"1536x1536":["https:\/\/wavexia.com\/wp-content\/uploads\/2025\/10\/Product-page-sizes_c481931d-6dca-44c0-a774-7bb6c9cb2158.webp",800,800,false],"2048x2048":["https:\/\/wavexia.com\/wp-content\/uploads\/2025\/10\/Product-page-sizes_c481931d-6dca-44c0-a774-7bb6c9cb2158.webp",800,800,false],"woocommerce_archive_thumbnail":["https:\/\/wavexia.com\/wp-content\/uploads\/2025\/10\/Product-page-sizes_c481931d-6dca-44c0-a774-7bb6c9cb2158-300x300.webp",300,300,true],"woocommerce_thumbnail":["https:\/\/wavexia.com\/wp-content\/uploads\/2025\/10\/Product-page-sizes_c481931d-6dca-44c0-a774-7bb6c9cb2158-300x300.webp",300,300,true],"woocommerce_single":["https:\/\/wavexia.com\/wp-content\/uploads\/2025\/10\/Product-page-sizes_c481931d-6dca-44c0-a774-7bb6c9cb2158-600x600.webp",600,600,true],"woocommerce_gallery_thumbnail":["https:\/\/wavexia.com\/wp-content\/uploads\/2025\/10\/Product-page-sizes_c481931d-6dca-44c0-a774-7bb6c9cb2158-100x100.webp",100,100,true]},"uagb_author_info":{"display_name":"zineddine.ayoub98@gmail.com","author_link":"https:\/\/wavexia.com\/?author=0"},"uagb_comment_info":0,"uagb_excerpt":"Description La Bio Watery Sun Cream SPF50+ PA++++ TOCOBO est une cr\u00e8me solaire hydratante et \u00e0 absorption rapide qui offre une forte protection contre les UV. Elle est doublement stabilis\u00e9e dans une couche huileuse et aqueuse pour assurer une protection optimale et la stabilit\u00e9 du produit. De cat\u00e9gorie verte EWG, sa formule douce d\u2019origine naturelle&hellip;","brands":[],"_links":{"self":[{"href":"https:\/\/wavexia.com\/index.php?rest_route=\/wp\/v2\/product\/3276","targetHints":{"allow":["GET"]}}],"collection":[{"href":"https:\/\/wavexia.com\/index.php?rest_route=\/wp\/v2\/product"}],"about":[{"href":"https:\/\/wavexia.com\/index.php?rest_route=\/wp\/v2\/types\/product"}],"replies":[{"embeddable":true,"href":"https:\/\/wavexia.com\/index.php?rest_route=%2Fwp%2Fv2%2Fcomments&post=3276"}],"wp:featuredmedia":[{"embeddable":true,"href":"https:\/\/wavexia.com\/index.php?rest_route=\/wp\/v2\/media\/3275"}],"wp:attachment":[{"href":"https:\/\/wavexia.com\/index.php?rest_route=%2Fwp%2Fv2%2Fmedia&parent=3276"}],"wp:term":[{"taxonomy":"pwb-brand","embeddable":true,"href":"https:\/\/wavexia.com\/index.php?rest_route=%2Fwp%2Fv2%2Fpwb-brand&post=3276"},{"taxonomy":"product_brand","embeddable":true,"href":"https:\/\/wavexia.com\/index.php?rest_route=%2Fwp%2Fv2%2Fproduct_brand&post=3276"},{"taxonomy":"product_cat","embeddable":true,"href":"https:\/\/wavexia.com\/index.php?rest_route=%2Fwp%2Fv2%2Fproduct_cat&post=3276"},{"taxonomy":"product_tag","embeddable":true,"href":"https:\/\/wavexia.com\/index.php?rest_route=%2Fwp%2Fv2%2Fproduct_tag&post=3276"}],"curies":[{"name":"wp","href":"https:\/\/api.w.org\/{rel}","templated":true}]}}