{"id":3255,"date":"2025-10-18T22:13:32","date_gmt":"2025-10-18T22:13:32","guid":{"rendered":"https:\/\/wavexia.com\/product\/skin1004-retinol-0-2-boosting-shot-ampoule-30ml\/"},"modified":"2026-03-10T07:30:54","modified_gmt":"2026-03-10T07:30:54","slug":"skin1004-retinol-0-2-boosting-shot-ampoule-30ml","status":"publish","type":"product","link":"https:\/\/wavexia.com\/?product=skin1004-retinol-0-2-boosting-shot-ampoule-30ml","title":{"rendered":"SKIN1004 Retinol 0.2 Boosting Shot Ampoule 30ml"},"content":{"rendered":"<h2>Description<\/h2>\n<p>Un puissant m\u00e9lange de r\u00e9tinol et de r\u00e9tinien pour am\u00e9liorer la fermet\u00e9 et la texture, d\u00e9livr\u00e9 par un syst\u00e8me Boosting Shot pour une absorption plus profonde et une peau visiblement plus forte.<\/p>\n<p><strong>Avantages du produit :<\/strong><br \/>Augmentation de l\u2019\u00e9lasticit\u00e9, texture plus lisse, renforcement de la barri\u00e8re, anti-rides<\/p>\n<p><strong>Type de peau&nbsp;:<\/strong><br \/>Perte de fermet\u00e9, Rugueuse, D\u00e9s\u00e9quilibr\u00e9e, Normale<\/p>\n<p><strong>Ingr\u00e9dients cl\u00e9s&nbsp;:<\/strong><br \/>0,2&nbsp;% de r\u00e9tinol, r\u00e9tinal, squalane, extrait de Centella Asiatica de Madagascar, panth\u00e9nol, \u00e9ponge hydrolys\u00e9e (\u00e9pices)<\/p>\n<p>&nbsp;<\/p>\n<h5 class=\"prinfo-ingre-title txt_style_three\">INGR\u00c9DIENTS COMPLETS<\/h5>\n<div id=\"prinfo-tab3-body2\" class=\"prinfo-content-body txt_style_four\">\n<div class=\"metafield-rich_text_field\">\n<p>Eau, glyc\u00e9rine, 1,2-hexanediol, olivate de c\u00e9t\u00e9aryle, squalane, olivate de sorbitan, carbom\u00e8re, r\u00e9tinol, triglyc\u00e9ride caprylique\/caprique, extrait de fruit d\u2019Hippophae rhamnoides, trom\u00e9thamine, extrait de graines de Phaseolus radiatus, l\u00e9cithine hydrog\u00e9n\u00e9e, inulin Lauryl carbamate, polyacrylate de sodium, r\u00e9tinien, \u00e9ponge hydrolys\u00e9e, ad\u00e9nosine, hyaluronate de sodium, EDTA disodique, ac\u00e9tate de tocoph\u00e9ryle, hydroxyhydrocinnamate de penta\u00e9rythrityle t\u00e9tra-di-t-butyle, \u00e9thylhexylglyc\u00e9rine, extrait de feuille de Rosmarinus Officinalis (romarin), Panth\u00e9nol, Madecassoside, Extrait de Centella Asiatica<\/p>\n<\/div>\n<\/div>\n","protected":false},"excerpt":{"rendered":"<p>Description Un puissant m\u00e9lange de r\u00e9tinol et de r\u00e9tinien pour am\u00e9liorer la fermet\u00e9 et la texture, d\u00e9livr\u00e9 par un syst\u00e8me Boosting Shot pour une absorption plus profonde et une peau visiblement plus forte. Avantages du produit :Augmentation de l\u2019\u00e9lasticit\u00e9, texture plus lisse, renforcement de la barri\u00e8re, anti-rides Type de peau&nbsp;:Perte de fermet\u00e9, Rugueuse, D\u00e9s\u00e9quilibr\u00e9e, Normale [&hellip;]<\/p>\n","protected":false},"featured_media":3254,"comment_status":"open","ping_status":"closed","template":"","meta":{"content-type":"","_uag_custom_page_level_css":""},"pwb-brand":[],"product_brand":[],"product_cat":[357,327,328,334,338,350],"product_tag":[],"class_list":{"0":"post-3255","1":"product","2":"type-product","3":"status-publish","4":"has-post-thumbnail","6":"product_cat-anti-age-rides","7":"product_cat-hmizat","8":"product_cat-nouveautes","9":"product_cat-produits-coreens","10":"product_cat-serum-ampoule","11":"product_cat-skin1004","13":"first","14":"instock","15":"sale","16":"shipping-taxable","17":"purchasable","18":"product-type-simple"},"aioseo_notices":[],"uagb_featured_image_src":{"full":["https:\/\/wavexia.com\/wp-content\/uploads\/2025\/10\/SKIN1004-59-01.webp",823,823,false],"thumbnail":["https:\/\/wavexia.com\/wp-content\/uploads\/2025\/10\/SKIN1004-59-01-150x150.webp",150,150,true],"medium":["https:\/\/wavexia.com\/wp-content\/uploads\/2025\/10\/SKIN1004-59-01-300x300.webp",300,300,true],"medium_large":["https:\/\/wavexia.com\/wp-content\/uploads\/2025\/10\/SKIN1004-59-01-768x768.webp",768,768,true],"large":["https:\/\/wavexia.com\/wp-content\/uploads\/2025\/10\/SKIN1004-59-01.webp",823,823,false],"1536x1536":["https:\/\/wavexia.com\/wp-content\/uploads\/2025\/10\/SKIN1004-59-01.webp",823,823,false],"2048x2048":["https:\/\/wavexia.com\/wp-content\/uploads\/2025\/10\/SKIN1004-59-01.webp",823,823,false],"woocommerce_archive_thumbnail":["https:\/\/wavexia.com\/wp-content\/uploads\/2025\/10\/SKIN1004-59-01-300x300.webp",300,300,true],"woocommerce_thumbnail":["https:\/\/wavexia.com\/wp-content\/uploads\/2025\/10\/SKIN1004-59-01-300x300.webp",300,300,true],"woocommerce_single":["https:\/\/wavexia.com\/wp-content\/uploads\/2025\/10\/SKIN1004-59-01-600x600.webp",600,600,true],"woocommerce_gallery_thumbnail":["https:\/\/wavexia.com\/wp-content\/uploads\/2025\/10\/SKIN1004-59-01-100x100.webp",100,100,true]},"uagb_author_info":{"display_name":"zineddine.ayoub98@gmail.com","author_link":"https:\/\/wavexia.com\/?author=0"},"uagb_comment_info":0,"uagb_excerpt":"Description Un puissant m\u00e9lange de r\u00e9tinol et de r\u00e9tinien pour am\u00e9liorer la fermet\u00e9 et la texture, d\u00e9livr\u00e9 par un syst\u00e8me Boosting Shot pour une absorption plus profonde et une peau visiblement plus forte. Avantages du produit :Augmentation de l\u2019\u00e9lasticit\u00e9, texture plus lisse, renforcement de la barri\u00e8re, anti-rides Type de peau&nbsp;:Perte de fermet\u00e9, Rugueuse, D\u00e9s\u00e9quilibr\u00e9e, Normale&hellip;","brands":[],"_links":{"self":[{"href":"https:\/\/wavexia.com\/index.php?rest_route=\/wp\/v2\/product\/3255","targetHints":{"allow":["GET"]}}],"collection":[{"href":"https:\/\/wavexia.com\/index.php?rest_route=\/wp\/v2\/product"}],"about":[{"href":"https:\/\/wavexia.com\/index.php?rest_route=\/wp\/v2\/types\/product"}],"replies":[{"embeddable":true,"href":"https:\/\/wavexia.com\/index.php?rest_route=%2Fwp%2Fv2%2Fcomments&post=3255"}],"wp:featuredmedia":[{"embeddable":true,"href":"https:\/\/wavexia.com\/index.php?rest_route=\/wp\/v2\/media\/3254"}],"wp:attachment":[{"href":"https:\/\/wavexia.com\/index.php?rest_route=%2Fwp%2Fv2%2Fmedia&parent=3255"}],"wp:term":[{"taxonomy":"pwb-brand","embeddable":true,"href":"https:\/\/wavexia.com\/index.php?rest_route=%2Fwp%2Fv2%2Fpwb-brand&post=3255"},{"taxonomy":"product_brand","embeddable":true,"href":"https:\/\/wavexia.com\/index.php?rest_route=%2Fwp%2Fv2%2Fproduct_brand&post=3255"},{"taxonomy":"product_cat","embeddable":true,"href":"https:\/\/wavexia.com\/index.php?rest_route=%2Fwp%2Fv2%2Fproduct_cat&post=3255"},{"taxonomy":"product_tag","embeddable":true,"href":"https:\/\/wavexia.com\/index.php?rest_route=%2Fwp%2Fv2%2Fproduct_tag&post=3255"}],"curies":[{"name":"wp","href":"https:\/\/api.w.org\/{rel}","templated":true}]}}