{"id":3250,"date":"2025-10-18T22:13:29","date_gmt":"2025-10-18T22:13:29","guid":{"rendered":"https:\/\/wavexia.com\/product\/abib-acne-foam-cleanser-heartleaf-foam-150ml\/"},"modified":"2026-03-10T07:30:54","modified_gmt":"2026-03-10T07:30:54","slug":"abib-acne-foam-cleanser-heartleaf-foam-150ml","status":"publish","type":"product","link":"https:\/\/wavexia.com\/?product=abib-acne-foam-cleanser-heartleaf-foam-150ml","title":{"rendered":"Abib Acne Foam Cleanser Heartleaf Foam 150ml"},"content":{"rendered":"<h2>Description<\/h2>\n<p>L\u2019Acne Foam Cleanser Heartleaf Foam Abib est un soin polyvalent id\u00e9al pour ceux qui recherchent une routine beaut\u00e9 moins contraignante. Choix judicieux pour les peaux \u00e0 tendance acn\u00e9ique, ce nettoyant contient de l\u2019acide salicylique pour lutter contre les points noirs, ainsi que des ingr\u00e9dients apaisants tels que des extraits de feuilles de gaulth\u00e9rie et de Centella. L\u2019extrait de feuille de gaulth\u00e9rie poss\u00e8de des propri\u00e9t\u00e9s anti-inflammatoires et antibact\u00e9riennes et contribue \u00e0 att\u00e9nuer l\u2019apparence de l\u2019acn\u00e9.<\/p>\n<p><strong>Recommand\u00e9 pour :&nbsp;<\/strong>Peaux \u00e0 tendance grasse et acn\u00e9ique.<\/p>\n<p><strong>Conseils d\u2019utilisation :<\/strong><\/p>\n<ul>\n<li>Humidifie ton visage au pr\u00e9alable.<\/li>\n<li>Distribue une noisette de nettoyant dans tes mains.<\/li>\n<li>Masse d\u00e9licatement ton visage en effectuant de l\u00e9gers mouvements circulaires, puis rince \u00e0 l\u2019eau ti\u00e8de.&nbsp;Utilise quotidiennement pour un nettoyage efficace et pour traiter tes probl\u00e8mes d\u2019acn\u00e9.<\/li>\n<\/ul>\n<p><strong>Ingr\u00e9dients :<\/strong><\/p>\n<p>Eau, Sodium Cocoyl Isethionate, Glyc\u00e9rine, Extrait de Houttuynia Cordata, Coco-B\u00e9ta\u00efne, Sodium Methyl Cocoyl Taurate, Butyl\u00e8ne Glycol, Extrait de Feuille de Gaultheria Procumbens (Gaulth\u00e9rie Couch\u00e9e), Extrait de Centella Asiatica, Glyceryl Stearate SE, Cocoyl Glycinate de Potassium, Acide Salicylique, Chlorure de Sodium, Caprylyl Glycol, Polyquaternium-67, Trom\u00e9thamine, Panth\u00e9nol, 1,2-Hexanediol, \u00c9thylhexylglyc\u00e9rine, Disodium EDTA.<\/p>\n","protected":false},"excerpt":{"rendered":"<p>Description L\u2019Acne Foam Cleanser Heartleaf Foam Abib est un soin polyvalent id\u00e9al pour ceux qui recherchent une routine beaut\u00e9 moins contraignante. Choix judicieux pour les peaux \u00e0 tendance acn\u00e9ique, ce nettoyant contient de l\u2019acide salicylique pour lutter contre les points noirs, ainsi que des ingr\u00e9dients apaisants tels que des extraits de feuilles de gaulth\u00e9rie et [&hellip;]<\/p>\n","protected":false},"featured_media":3249,"comment_status":"open","ping_status":"closed","template":"","meta":{"content-type":"","_uag_custom_page_level_css":""},"pwb-brand":[],"product_brand":[],"product_cat":[402,327,336,328,334],"product_tag":[],"class_list":{"0":"post-3250","1":"product","2":"type-product","3":"status-publish","4":"has-post-thumbnail","6":"product_cat-abib","7":"product_cat-hmizat","8":"product_cat-nettoyant","9":"product_cat-nouveautes","10":"product_cat-produits-coreens","12":"first","13":"instock","14":"sale","15":"shipping-taxable","16":"purchasable","17":"product-type-simple"},"aioseo_notices":[],"uagb_featured_image_src":{"full":["https:\/\/wavexia.com\/wp-content\/uploads\/2025\/10\/ABIB-FOAM-CLAENSER-1.jpg",1500,1500,false],"thumbnail":["https:\/\/wavexia.com\/wp-content\/uploads\/2025\/10\/ABIB-FOAM-CLAENSER-1-150x150.jpg",150,150,true],"medium":["https:\/\/wavexia.com\/wp-content\/uploads\/2025\/10\/ABIB-FOAM-CLAENSER-1-300x300.jpg",300,300,true],"medium_large":["https:\/\/wavexia.com\/wp-content\/uploads\/2025\/10\/ABIB-FOAM-CLAENSER-1-768x768.jpg",768,768,true],"large":["https:\/\/wavexia.com\/wp-content\/uploads\/2025\/10\/ABIB-FOAM-CLAENSER-1-1024x1024.jpg",1024,1024,true],"1536x1536":["https:\/\/wavexia.com\/wp-content\/uploads\/2025\/10\/ABIB-FOAM-CLAENSER-1.jpg",1500,1500,false],"2048x2048":["https:\/\/wavexia.com\/wp-content\/uploads\/2025\/10\/ABIB-FOAM-CLAENSER-1.jpg",1500,1500,false],"woocommerce_archive_thumbnail":["https:\/\/wavexia.com\/wp-content\/uploads\/2025\/10\/ABIB-FOAM-CLAENSER-1-300x300.jpg",300,300,true],"woocommerce_thumbnail":["https:\/\/wavexia.com\/wp-content\/uploads\/2025\/10\/ABIB-FOAM-CLAENSER-1-300x300.jpg",300,300,true],"woocommerce_single":["https:\/\/wavexia.com\/wp-content\/uploads\/2025\/10\/ABIB-FOAM-CLAENSER-1-600x600.jpg",600,600,true],"woocommerce_gallery_thumbnail":["https:\/\/wavexia.com\/wp-content\/uploads\/2025\/10\/ABIB-FOAM-CLAENSER-1-100x100.jpg",100,100,true]},"uagb_author_info":{"display_name":"zineddine.ayoub98@gmail.com","author_link":"https:\/\/wavexia.com\/?author=0"},"uagb_comment_info":1,"uagb_excerpt":"Description L\u2019Acne Foam Cleanser Heartleaf Foam Abib est un soin polyvalent id\u00e9al pour ceux qui recherchent une routine beaut\u00e9 moins contraignante. Choix judicieux pour les peaux \u00e0 tendance acn\u00e9ique, ce nettoyant contient de l\u2019acide salicylique pour lutter contre les points noirs, ainsi que des ingr\u00e9dients apaisants tels que des extraits de feuilles de gaulth\u00e9rie et&hellip;","brands":[],"_links":{"self":[{"href":"https:\/\/wavexia.com\/index.php?rest_route=\/wp\/v2\/product\/3250","targetHints":{"allow":["GET"]}}],"collection":[{"href":"https:\/\/wavexia.com\/index.php?rest_route=\/wp\/v2\/product"}],"about":[{"href":"https:\/\/wavexia.com\/index.php?rest_route=\/wp\/v2\/types\/product"}],"replies":[{"embeddable":true,"href":"https:\/\/wavexia.com\/index.php?rest_route=%2Fwp%2Fv2%2Fcomments&post=3250"}],"wp:featuredmedia":[{"embeddable":true,"href":"https:\/\/wavexia.com\/index.php?rest_route=\/wp\/v2\/media\/3249"}],"wp:attachment":[{"href":"https:\/\/wavexia.com\/index.php?rest_route=%2Fwp%2Fv2%2Fmedia&parent=3250"}],"wp:term":[{"taxonomy":"pwb-brand","embeddable":true,"href":"https:\/\/wavexia.com\/index.php?rest_route=%2Fwp%2Fv2%2Fpwb-brand&post=3250"},{"taxonomy":"product_brand","embeddable":true,"href":"https:\/\/wavexia.com\/index.php?rest_route=%2Fwp%2Fv2%2Fproduct_brand&post=3250"},{"taxonomy":"product_cat","embeddable":true,"href":"https:\/\/wavexia.com\/index.php?rest_route=%2Fwp%2Fv2%2Fproduct_cat&post=3250"},{"taxonomy":"product_tag","embeddable":true,"href":"https:\/\/wavexia.com\/index.php?rest_route=%2Fwp%2Fv2%2Fproduct_tag&post=3250"}],"curies":[{"name":"wp","href":"https:\/\/api.w.org\/{rel}","templated":true}]}}