{"id":3246,"date":"2025-10-18T22:13:26","date_gmt":"2025-10-18T22:13:26","guid":{"rendered":"https:\/\/wavexia.com\/product\/abib-quick-sunstick-protection-bar-spf50-pa\/"},"modified":"2026-03-10T07:30:54","modified_gmt":"2026-03-10T07:30:54","slug":"abib-quick-sunstick-protection-bar-spf50-pa","status":"publish","type":"product","link":"https:\/\/wavexia.com\/?product=abib-quick-sunstick-protection-bar-spf50-pa","title":{"rendered":"Abib Quick Sunstick Protection Bar SPF50+ PA++++"},"content":{"rendered":"<h2>Description<\/h2>\n<p>Le Quick Sunstick Protection Bar SPF50+ PA++++ Abib offre une protection solaire robuste dans une formule pratique et non collante qui glisse en douceur sur la peau. Ce stick de protection solaire chimique offre un fini clair et naturel sans laisser de trace blanche, ce qui le rend parfait pour une application par-dessus le maquillage tout au long de la journ\u00e9e.<\/p>\n<p>Enrichi en peptide d\u2019acacia et en c\u00e9ramide, il renforce la barri\u00e8re cutan\u00e9e, tandis que des ingr\u00e9dients apaisants naturels comme les extraits d\u2019alo\u00e8s et de concombre calment la peau. Id\u00e9al pour une protection solaire en d\u00e9placement, ce stick solaire permet \u00e0 ta peau de rester prot\u00e9g\u00e9e des rayons UV nocifs avec facilit\u00e9 et confort.<\/p>\n<p><strong>Recommand\u00e9 pour :&nbsp;<\/strong><\/p>\n<p>Peaux s\u00e8ches, tous types de peaux.<\/p>\n<p><strong>Conseils d\u2019utilisation :<\/strong><\/p>\n<ul>\n<li>Lors de la derni\u00e8re \u00e9tape de ta routine beaut\u00e9, tourne la molette inf\u00e9rieure pour atteindre un niveau de produit de 5 mm.<\/li>\n<li>Applique sur ton visage du centre vers l\u2019ext\u00e9rieur en douceur.<\/li>\n<li>Emporte-le avec toi et r\u00e9applique-le fr\u00e9quemment sur les zones qui ont besoin d\u2019une protection solaire.<\/li>\n<\/ul>\n<p><strong>Ingr\u00e9dients :<\/strong><\/p>\n<p>Octyldod\u00e9canol, Dicaprylate\/Dicaprate de Butyl\u00e8ne Glycol, M\u00e9thoxycinnamate d\u2019\u00e9thylhexyle, Glutamide d\u2019\u00e9thylhexanoate de dibutyle, Glutamide de lauroyle de dibutyle, Malate de diisost\u00e9aryle, Salicylate d\u2019\u00e9thylhexyle, Benzoate d\u2019hexyle de diethylamino hydroxybenzoyl, Bis-ethylhexyloxyph\u00e9nol m\u00e9thoxyph\u00e9nyle triazine, Palmitate de dextrine, Octocryl\u00e8ne, Extrait de feuille de Camellia Sinensis, Extrait de Centella Asiatica, Jus de feuille d\u2019Aloe Barbadensis, Extrait de fruit de Cucumis Sativus (Concombre), Extrait de feuille d\u2019Aloe Barbadensis, Glyc\u00e9rine, Eau, Butyl\u00e8ne Glycol, Isom\u00e9rate de saccharide, Maltodextrine, Prot\u00e9ine v\u00e9g\u00e9tale hydrolys\u00e9e, Triglyc\u00e9ride caprylique\/caprique, L\u00e9cithine hydrog\u00e9n\u00e9e, Hexanediol \u00e9thylique, C\u00e9ramide NP, Acide citrique, Citrate de sodium, Ethylhexylglyc\u00e9rine, Ph\u00e9noxy\u00e9thanol.<\/p>\n","protected":false},"excerpt":{"rendered":"<p>Description Le Quick Sunstick Protection Bar SPF50+ PA++++ Abib offre une protection solaire robuste dans une formule pratique et non collante qui glisse en douceur sur la peau. Ce stick de protection solaire chimique offre un fini clair et naturel sans laisser de trace blanche, ce qui le rend parfait pour une application par-dessus le [&hellip;]<\/p>\n","protected":false},"featured_media":3245,"comment_status":"open","ping_status":"closed","template":"","meta":{"content-type":"","_uag_custom_page_level_css":""},"pwb-brand":[],"product_brand":[],"product_cat":[402,327,328,334,340],"product_tag":[],"class_list":{"0":"post-3246","1":"product","2":"type-product","3":"status-publish","4":"has-post-thumbnail","6":"product_cat-abib","7":"product_cat-hmizat","8":"product_cat-nouveautes","9":"product_cat-produits-coreens","10":"product_cat-protection-solaire","12":"first","13":"instock","14":"sale","15":"shipping-taxable","16":"purchasable","17":"product-type-simple"},"aioseo_notices":[],"uagb_featured_image_src":{"full":["https:\/\/wavexia.com\/wp-content\/uploads\/2025\/10\/BE96258E-C90E-4E90-98F7-374B879CB4EC.webp",1000,1000,false],"thumbnail":["https:\/\/wavexia.com\/wp-content\/uploads\/2025\/10\/BE96258E-C90E-4E90-98F7-374B879CB4EC-150x150.webp",150,150,true],"medium":["https:\/\/wavexia.com\/wp-content\/uploads\/2025\/10\/BE96258E-C90E-4E90-98F7-374B879CB4EC-300x300.webp",300,300,true],"medium_large":["https:\/\/wavexia.com\/wp-content\/uploads\/2025\/10\/BE96258E-C90E-4E90-98F7-374B879CB4EC-768x768.webp",768,768,true],"large":["https:\/\/wavexia.com\/wp-content\/uploads\/2025\/10\/BE96258E-C90E-4E90-98F7-374B879CB4EC.webp",1000,1000,false],"1536x1536":["https:\/\/wavexia.com\/wp-content\/uploads\/2025\/10\/BE96258E-C90E-4E90-98F7-374B879CB4EC.webp",1000,1000,false],"2048x2048":["https:\/\/wavexia.com\/wp-content\/uploads\/2025\/10\/BE96258E-C90E-4E90-98F7-374B879CB4EC.webp",1000,1000,false],"woocommerce_archive_thumbnail":["https:\/\/wavexia.com\/wp-content\/uploads\/2025\/10\/BE96258E-C90E-4E90-98F7-374B879CB4EC-300x300.webp",300,300,true],"woocommerce_thumbnail":["https:\/\/wavexia.com\/wp-content\/uploads\/2025\/10\/BE96258E-C90E-4E90-98F7-374B879CB4EC-300x300.webp",300,300,true],"woocommerce_single":["https:\/\/wavexia.com\/wp-content\/uploads\/2025\/10\/BE96258E-C90E-4E90-98F7-374B879CB4EC-600x600.webp",600,600,true],"woocommerce_gallery_thumbnail":["https:\/\/wavexia.com\/wp-content\/uploads\/2025\/10\/BE96258E-C90E-4E90-98F7-374B879CB4EC-100x100.webp",100,100,true]},"uagb_author_info":{"display_name":"zineddine.ayoub98@gmail.com","author_link":"https:\/\/wavexia.com\/?author=0"},"uagb_comment_info":0,"uagb_excerpt":"Description Le Quick Sunstick Protection Bar SPF50+ PA++++ Abib offre une protection solaire robuste dans une formule pratique et non collante qui glisse en douceur sur la peau. Ce stick de protection solaire chimique offre un fini clair et naturel sans laisser de trace blanche, ce qui le rend parfait pour une application par-dessus le&hellip;","brands":[],"_links":{"self":[{"href":"https:\/\/wavexia.com\/index.php?rest_route=\/wp\/v2\/product\/3246","targetHints":{"allow":["GET"]}}],"collection":[{"href":"https:\/\/wavexia.com\/index.php?rest_route=\/wp\/v2\/product"}],"about":[{"href":"https:\/\/wavexia.com\/index.php?rest_route=\/wp\/v2\/types\/product"}],"replies":[{"embeddable":true,"href":"https:\/\/wavexia.com\/index.php?rest_route=%2Fwp%2Fv2%2Fcomments&post=3246"}],"wp:featuredmedia":[{"embeddable":true,"href":"https:\/\/wavexia.com\/index.php?rest_route=\/wp\/v2\/media\/3245"}],"wp:attachment":[{"href":"https:\/\/wavexia.com\/index.php?rest_route=%2Fwp%2Fv2%2Fmedia&parent=3246"}],"wp:term":[{"taxonomy":"pwb-brand","embeddable":true,"href":"https:\/\/wavexia.com\/index.php?rest_route=%2Fwp%2Fv2%2Fpwb-brand&post=3246"},{"taxonomy":"product_brand","embeddable":true,"href":"https:\/\/wavexia.com\/index.php?rest_route=%2Fwp%2Fv2%2Fproduct_brand&post=3246"},{"taxonomy":"product_cat","embeddable":true,"href":"https:\/\/wavexia.com\/index.php?rest_route=%2Fwp%2Fv2%2Fproduct_cat&post=3246"},{"taxonomy":"product_tag","embeddable":true,"href":"https:\/\/wavexia.com\/index.php?rest_route=%2Fwp%2Fv2%2Fproduct_tag&post=3246"}],"curies":[{"name":"wp","href":"https:\/\/api.w.org\/{rel}","templated":true}]}}