{"id":3242,"date":"2025-10-18T22:13:22","date_gmt":"2025-10-18T22:13:22","guid":{"rendered":"https:\/\/wavexia.com\/product\/dr-althea-green-tea-fresh-sunscreen-spf50-pa-45ml\/"},"modified":"2026-03-10T07:30:53","modified_gmt":"2026-03-10T07:30:53","slug":"dr-althea-green-tea-fresh-sunscreen-spf50-pa-45ml","status":"publish","type":"product","link":"https:\/\/wavexia.com\/?product=dr-althea-green-tea-fresh-sunscreen-spf50-pa-45ml","title":{"rendered":"Dr. Althea Green Tea Fresh Sunscreen SPF50+ PA++++ \u2013 45ml"},"content":{"rendered":"<h2>Description<\/h2>\n<ul>\n<li>Une cr\u00e8me solaire chimique prot\u00e9geant votre peau des rayons UV gr\u00e2ce \u00e0 sa formule SPF50+ PA++++ \u00e0 large spectre.<br \/>&nbsp;<\/li>\n<li>\u00c0 base d\u2019eau de feuille de camellia sinensis (th\u00e9), de 7 types d\u2019extrait de centella asiatica et d\u2019extrait d\u2019houttuynia cordata, elle soulage la peau irrit\u00e9e et estompe les imperfections.<br \/>&nbsp;<\/li>\n<li>L\u2019ADN de sodium qu\u2019elle contient acc\u00e9l\u00e8re la cicatrisation et la r\u00e9g\u00e9n\u00e9ration de la peau pour un teint plus sain.<br \/>&nbsp;<\/li>\n<li>La texture cr\u00e9meuse et l\u00e9g\u00e8re facilite l\u2019application et l\u2019absorption par la peau sans sensation collante.<br \/>&nbsp;<\/li>\n<li>Test\u00e9e dermatologiquement et certifi\u00e9e v\u00e9gane, cette cr\u00e8me solaire convient \u00e0 tous types de peau, y compris s\u00e8ches et sensibles.<\/li>\n<\/ul>\n<h5><b>Utilisation&nbsp;:<\/b><\/h5>\n<p>&nbsp;<\/p>\n<ul>\n<li>Appliquez uniform\u00e9ment une quantit\u00e9 mod\u00e9r\u00e9e de cr\u00e8me solaire sur votre visage et autres parties du corps susceptibles d\u2019\u00eatre expos\u00e9es au soleil.<\/li>\n<\/ul>\n<h5 class=\"accordion_title__igE6o MuiBox-root mui-0\" aria-expanded=\"false\" aria-controls=\"\u00abRhkeh6htrndnb\u00bb\">Ingr\u00e9dients principaux :<\/h5>\n<p>Water, Propanediol, Camellia Sinensis Leaf Water, Dibutyl Adipate, Ethylhexyl Triazone, Polymethylsilsesquioxane, Diisopropyl Sebacate, Butyloctyl Salicylate, Diethylamino Hydroxybenzoyl Hexyl Benzoate, Niacinamide, Drometrizole Trisiloxane, Methylene Bis-Benzotriazolyl Tetramethylbutylphenol, Caprylyl Methicone, Butylene Glycol, 1,2-Hexanediol, Pentylene Glycol, Behenyl Alcohol, Polyglyceryl-3 Methylglucose Distearate, Polyglyceryl-6 Distearate, Decyl Glucoside, Tromethamine, Candelilla\/Jojoba\/Rice Bran Polyglyceryl-3 Esters, Carbomer, Acrylates\/C10-30 Alkyl Acrylate Crosspolymer, Sodium Stearoyl Glutamate, Polyacrylate Crosspolymer-6, Ethylhexylglycerin, Adenosine, Glycerin, Xanthan Gum, Tocopherol, Centella Asiatica Extract, Centella Asiatica Leaf Extract, Saccharomyces Ferment, Centella Asiatica Root Extract, Houttuynia Cordata Extract, Asiaticoside, Madecassoside, Sodium DNA, Madecassic Acid, Asiatic Acid.<\/p>\n<p>&nbsp;<\/p>\n","protected":false},"excerpt":{"rendered":"<p>Description Une cr\u00e8me solaire chimique prot\u00e9geant votre peau des rayons UV gr\u00e2ce \u00e0 sa formule SPF50+ PA++++ \u00e0 large spectre.&nbsp; \u00c0 base d\u2019eau de feuille de camellia sinensis (th\u00e9), de 7 types d\u2019extrait de centella asiatica et d\u2019extrait d\u2019houttuynia cordata, elle soulage la peau irrit\u00e9e et estompe les imperfections.&nbsp; L\u2019ADN de sodium qu\u2019elle contient acc\u00e9l\u00e8re [&hellip;]<\/p>\n","protected":false},"featured_media":3241,"comment_status":"open","ping_status":"closed","template":"","meta":{"content-type":"","_uag_custom_page_level_css":""},"pwb-brand":[],"product_brand":[],"product_cat":[366,328,334,340],"product_tag":[],"class_list":{"0":"post-3242","1":"product","2":"type-product","3":"status-publish","4":"has-post-thumbnail","6":"product_cat-dr-althea","7":"product_cat-nouveautes","8":"product_cat-produits-coreens","9":"product_cat-protection-solaire","11":"first","12":"instock","13":"sale","14":"shipping-taxable","15":"purchasable","16":"product-type-simple"},"aioseo_notices":[],"uagb_featured_image_src":{"full":["https:\/\/wavexia.com\/wp-content\/uploads\/2025\/10\/dr-althea-dr-althea-green-tea-fresh-sunscreen-45ml-spf-50-8809447255835-11707467701.webp",1080,1080,false],"thumbnail":["https:\/\/wavexia.com\/wp-content\/uploads\/2025\/10\/dr-althea-dr-althea-green-tea-fresh-sunscreen-45ml-spf-50-8809447255835-11707467701-150x150.webp",150,150,true],"medium":["https:\/\/wavexia.com\/wp-content\/uploads\/2025\/10\/dr-althea-dr-althea-green-tea-fresh-sunscreen-45ml-spf-50-8809447255835-11707467701-300x300.webp",300,300,true],"medium_large":["https:\/\/wavexia.com\/wp-content\/uploads\/2025\/10\/dr-althea-dr-althea-green-tea-fresh-sunscreen-45ml-spf-50-8809447255835-11707467701-768x768.webp",768,768,true],"large":["https:\/\/wavexia.com\/wp-content\/uploads\/2025\/10\/dr-althea-dr-althea-green-tea-fresh-sunscreen-45ml-spf-50-8809447255835-11707467701-1024x1024.webp",1024,1024,true],"1536x1536":["https:\/\/wavexia.com\/wp-content\/uploads\/2025\/10\/dr-althea-dr-althea-green-tea-fresh-sunscreen-45ml-spf-50-8809447255835-11707467701.webp",1080,1080,false],"2048x2048":["https:\/\/wavexia.com\/wp-content\/uploads\/2025\/10\/dr-althea-dr-althea-green-tea-fresh-sunscreen-45ml-spf-50-8809447255835-11707467701.webp",1080,1080,false],"woocommerce_archive_thumbnail":["https:\/\/wavexia.com\/wp-content\/uploads\/2025\/10\/dr-althea-dr-althea-green-tea-fresh-sunscreen-45ml-spf-50-8809447255835-11707467701-300x300.webp",300,300,true],"woocommerce_thumbnail":["https:\/\/wavexia.com\/wp-content\/uploads\/2025\/10\/dr-althea-dr-althea-green-tea-fresh-sunscreen-45ml-spf-50-8809447255835-11707467701-300x300.webp",300,300,true],"woocommerce_single":["https:\/\/wavexia.com\/wp-content\/uploads\/2025\/10\/dr-althea-dr-althea-green-tea-fresh-sunscreen-45ml-spf-50-8809447255835-11707467701-600x600.webp",600,600,true],"woocommerce_gallery_thumbnail":["https:\/\/wavexia.com\/wp-content\/uploads\/2025\/10\/dr-althea-dr-althea-green-tea-fresh-sunscreen-45ml-spf-50-8809447255835-11707467701-100x100.webp",100,100,true]},"uagb_author_info":{"display_name":"zineddine.ayoub98@gmail.com","author_link":"https:\/\/wavexia.com\/?author=0"},"uagb_comment_info":0,"uagb_excerpt":"Description Une cr\u00e8me solaire chimique prot\u00e9geant votre peau des rayons UV gr\u00e2ce \u00e0 sa formule SPF50+ PA++++ \u00e0 large spectre.&nbsp; \u00c0 base d\u2019eau de feuille de camellia sinensis (th\u00e9), de 7 types d\u2019extrait de centella asiatica et d\u2019extrait d\u2019houttuynia cordata, elle soulage la peau irrit\u00e9e et estompe les imperfections.&nbsp; L\u2019ADN de sodium qu\u2019elle contient acc\u00e9l\u00e8re&hellip;","brands":[],"_links":{"self":[{"href":"https:\/\/wavexia.com\/index.php?rest_route=\/wp\/v2\/product\/3242","targetHints":{"allow":["GET"]}}],"collection":[{"href":"https:\/\/wavexia.com\/index.php?rest_route=\/wp\/v2\/product"}],"about":[{"href":"https:\/\/wavexia.com\/index.php?rest_route=\/wp\/v2\/types\/product"}],"replies":[{"embeddable":true,"href":"https:\/\/wavexia.com\/index.php?rest_route=%2Fwp%2Fv2%2Fcomments&post=3242"}],"wp:featuredmedia":[{"embeddable":true,"href":"https:\/\/wavexia.com\/index.php?rest_route=\/wp\/v2\/media\/3241"}],"wp:attachment":[{"href":"https:\/\/wavexia.com\/index.php?rest_route=%2Fwp%2Fv2%2Fmedia&parent=3242"}],"wp:term":[{"taxonomy":"pwb-brand","embeddable":true,"href":"https:\/\/wavexia.com\/index.php?rest_route=%2Fwp%2Fv2%2Fpwb-brand&post=3242"},{"taxonomy":"product_brand","embeddable":true,"href":"https:\/\/wavexia.com\/index.php?rest_route=%2Fwp%2Fv2%2Fproduct_brand&post=3242"},{"taxonomy":"product_cat","embeddable":true,"href":"https:\/\/wavexia.com\/index.php?rest_route=%2Fwp%2Fv2%2Fproduct_cat&post=3242"},{"taxonomy":"product_tag","embeddable":true,"href":"https:\/\/wavexia.com\/index.php?rest_route=%2Fwp%2Fv2%2Fproduct_tag&post=3242"}],"curies":[{"name":"wp","href":"https:\/\/api.w.org\/{rel}","templated":true}]}}