{"id":3237,"date":"2025-10-18T22:13:19","date_gmt":"2025-10-18T22:13:19","guid":{"rendered":"https:\/\/wavexia.com\/product\/dr-althea-aqua-glowing-sunscreen-45ml\/"},"modified":"2026-03-10T07:30:53","modified_gmt":"2026-03-10T07:30:53","slug":"dr-althea-aqua-glowing-sunscreen-45ml","status":"publish","type":"product","link":"https:\/\/wavexia.com\/?product=dr-althea-aqua-glowing-sunscreen-45ml","title":{"rendered":"Dr.Althea Aqua Glowing Sunscreen 45ml"},"content":{"rendered":"<h2>Description<\/h2>\n<ul>\n<li>Une cr\u00e8me solaire chimique prot\u00e9geant votre peau des rayons UV gr\u00e2ce \u00e0 sa formule SPF50+ PA++++ large spectre.<br \/>&nbsp;<\/li>\n<li>Infus\u00e9e d\u2019eau de Bambusa Vulgaris, elle aide la peau \u00e0 se r\u00e9g\u00e9n\u00e9rer et \u00e0 conserver un teint clair et en bonne sant\u00e9.<br \/>&nbsp;<\/li>\n<li>Sa teneur en Panthenol et extrait de Caulerpa Lentillifera vous permet de garder une peau douce et hydrat\u00e9e.<br \/>&nbsp;<\/li>\n<li>La texture l\u00e9g\u00e8re de la cr\u00e8me rend son application ais\u00e9e et facilite son absorption par la peau sans effet collant.<br \/>&nbsp;<\/li>\n<li>Test\u00e9e dermatologiquement et certifi\u00e9e v\u00e9gane, cette cr\u00e8me solaire convient \u00e0 tous types de peau, y compris s\u00e8ches et sensibles.<\/li>\n<\/ul>\n<h5><b>Utilisation&nbsp;:<\/b><\/h5>\n<p>&nbsp;<\/p>\n<ul>\n<li>Appliquez uniform\u00e9ment une quantit\u00e9 mod\u00e9r\u00e9e de cr\u00e8me solaire sur votre visage et autres parties du corps susceptibles d\u2019\u00eatre expos\u00e9es au soleil.<\/li>\n<\/ul>\n<h5 class=\"accordion_title__igE6o MuiBox-root mui-0\" aria-expanded=\"false\" aria-controls=\"\u00abRhkeh6htrndnb\u00bb\">Ingr\u00e9dients:<\/h5>\n<p>Water, Bambusa Vulgaris Water, Isononyl Isononanoate, Propanediol, Butyloctyl Salicylate, Ethylhexyl Triazone, Polymethylsilsesquioxane, Dibutyl Adipate, Diethylamino Hydroxybenzoyl Hexyl Benzoate, Niacinamide, Drometrizole Trisiloxane, Methylene Bis-Benzotriazolyl Tetramethylbutylphenol, 1,2-Hexanediol, Pentylene Glycol, Polyglyceryl-3 Methylglucose Distearate, Glycereth-26, Panthenol, Behenyl Alcohol, Tromethamine, Decyl Glucoside, Caprylyl Methicone, Hydrogenated Castor Oil\/Sebacic Acid Copolymer, Carbomer, Acrylates\/C10-30 Alkyl Acrylate Crosspolymer, Polyglyceryl-6 Distearate, Polyacrylate Crosspolymer-6, Trimethylsiloxysilicate, Ethylhexylglycerin, Candelilla\/Jojoba\/Rice Bran Polyglyceryl-3 Esters, Sodium Stearoyl Glutamate, Adenosine, Glycerin, Sodium Hyaluronate, Xanthan Gum, Ceramide NP, Tocopherol, Butylene Glycol, Caulerpa Lentillifera Extract, Sodium DNA.<\/p>\n<p>&nbsp;<\/p>\n","protected":false},"excerpt":{"rendered":"<p>Description Une cr\u00e8me solaire chimique prot\u00e9geant votre peau des rayons UV gr\u00e2ce \u00e0 sa formule SPF50+ PA++++ large spectre.&nbsp; Infus\u00e9e d\u2019eau de Bambusa Vulgaris, elle aide la peau \u00e0 se r\u00e9g\u00e9n\u00e9rer et \u00e0 conserver un teint clair et en bonne sant\u00e9.&nbsp; Sa teneur en Panthenol et extrait de Caulerpa Lentillifera vous permet de garder une [&hellip;]<\/p>\n","protected":false},"featured_media":3236,"comment_status":"open","ping_status":"closed","template":"","meta":{"content-type":"","_uag_custom_page_level_css":""},"pwb-brand":[],"product_brand":[],"product_cat":[366,328,334,340],"product_tag":[],"class_list":{"0":"post-3237","1":"product","2":"type-product","3":"status-publish","4":"has-post-thumbnail","6":"product_cat-dr-althea","7":"product_cat-nouveautes","8":"product_cat-produits-coreens","9":"product_cat-protection-solaire","11":"first","12":"instock","13":"sale","14":"shipping-taxable","15":"purchasable","16":"product-type-simple"},"aioseo_notices":[],"uagb_featured_image_src":{"full":["https:\/\/wavexia.com\/wp-content\/uploads\/2025\/10\/DR-ALTHEA-30-01.webp",900,900,false],"thumbnail":["https:\/\/wavexia.com\/wp-content\/uploads\/2025\/10\/DR-ALTHEA-30-01-150x150.webp",150,150,true],"medium":["https:\/\/wavexia.com\/wp-content\/uploads\/2025\/10\/DR-ALTHEA-30-01-300x300.webp",300,300,true],"medium_large":["https:\/\/wavexia.com\/wp-content\/uploads\/2025\/10\/DR-ALTHEA-30-01-768x768.webp",768,768,true],"large":["https:\/\/wavexia.com\/wp-content\/uploads\/2025\/10\/DR-ALTHEA-30-01.webp",900,900,false],"1536x1536":["https:\/\/wavexia.com\/wp-content\/uploads\/2025\/10\/DR-ALTHEA-30-01.webp",900,900,false],"2048x2048":["https:\/\/wavexia.com\/wp-content\/uploads\/2025\/10\/DR-ALTHEA-30-01.webp",900,900,false],"woocommerce_archive_thumbnail":["https:\/\/wavexia.com\/wp-content\/uploads\/2025\/10\/DR-ALTHEA-30-01-300x300.webp",300,300,true],"woocommerce_thumbnail":["https:\/\/wavexia.com\/wp-content\/uploads\/2025\/10\/DR-ALTHEA-30-01-300x300.webp",300,300,true],"woocommerce_single":["https:\/\/wavexia.com\/wp-content\/uploads\/2025\/10\/DR-ALTHEA-30-01-600x600.webp",600,600,true],"woocommerce_gallery_thumbnail":["https:\/\/wavexia.com\/wp-content\/uploads\/2025\/10\/DR-ALTHEA-30-01-100x100.webp",100,100,true]},"uagb_author_info":{"display_name":"zineddine.ayoub98@gmail.com","author_link":"https:\/\/wavexia.com\/?author=0"},"uagb_comment_info":0,"uagb_excerpt":"Description Une cr\u00e8me solaire chimique prot\u00e9geant votre peau des rayons UV gr\u00e2ce \u00e0 sa formule SPF50+ PA++++ large spectre.&nbsp; Infus\u00e9e d\u2019eau de Bambusa Vulgaris, elle aide la peau \u00e0 se r\u00e9g\u00e9n\u00e9rer et \u00e0 conserver un teint clair et en bonne sant\u00e9.&nbsp; Sa teneur en Panthenol et extrait de Caulerpa Lentillifera vous permet de garder une&hellip;","brands":[],"_links":{"self":[{"href":"https:\/\/wavexia.com\/index.php?rest_route=\/wp\/v2\/product\/3237","targetHints":{"allow":["GET"]}}],"collection":[{"href":"https:\/\/wavexia.com\/index.php?rest_route=\/wp\/v2\/product"}],"about":[{"href":"https:\/\/wavexia.com\/index.php?rest_route=\/wp\/v2\/types\/product"}],"replies":[{"embeddable":true,"href":"https:\/\/wavexia.com\/index.php?rest_route=%2Fwp%2Fv2%2Fcomments&post=3237"}],"wp:featuredmedia":[{"embeddable":true,"href":"https:\/\/wavexia.com\/index.php?rest_route=\/wp\/v2\/media\/3236"}],"wp:attachment":[{"href":"https:\/\/wavexia.com\/index.php?rest_route=%2Fwp%2Fv2%2Fmedia&parent=3237"}],"wp:term":[{"taxonomy":"pwb-brand","embeddable":true,"href":"https:\/\/wavexia.com\/index.php?rest_route=%2Fwp%2Fv2%2Fpwb-brand&post=3237"},{"taxonomy":"product_brand","embeddable":true,"href":"https:\/\/wavexia.com\/index.php?rest_route=%2Fwp%2Fv2%2Fproduct_brand&post=3237"},{"taxonomy":"product_cat","embeddable":true,"href":"https:\/\/wavexia.com\/index.php?rest_route=%2Fwp%2Fv2%2Fproduct_cat&post=3237"},{"taxonomy":"product_tag","embeddable":true,"href":"https:\/\/wavexia.com\/index.php?rest_route=%2Fwp%2Fv2%2Fproduct_tag&post=3237"}],"curies":[{"name":"wp","href":"https:\/\/api.w.org\/{rel}","templated":true}]}}