{"id":3226,"date":"2025-10-18T22:13:11","date_gmt":"2025-10-18T22:13:11","guid":{"rendered":"https:\/\/wavexia.com\/product\/medicube-zero-pore-serum-2-0-37ml\/"},"modified":"2026-03-10T07:30:53","modified_gmt":"2026-03-10T07:30:53","slug":"medicube-zero-pore-serum-2-0-37ml","status":"publish","type":"product","link":"https:\/\/wavexia.com\/?product=medicube-zero-pore-serum-2-0-37ml","title":{"rendered":"MEDICUBE Zero Pore Serum 2.0 37mL"},"content":{"rendered":"<h2>Description<\/h2>\n<p>Un s\u00e9rum l\u00e9ger \u00e0 absorption rapide, test\u00e9 cliniquement pour offrir des r\u00e9sultats visibles de&nbsp;<strong data-end=\"135\" data-start=\"116\">resserrement des pores<\/strong>&nbsp;et&nbsp;<strong data-end=\"160\" data-start=\"140\">d\u2019affinage de la texture<\/strong>. Formul\u00e9 avec de&nbsp;<strong data-end=\"213\" data-start=\"186\">l\u2019extrait de fleur de cam\u00e9lia<\/strong>, il aide \u00e0&nbsp;<strong data-end=\"248\" data-start=\"224\">contr\u00f4ler l\u2019exc\u00e8s de s\u00e9bum<\/strong>, \u00e0&nbsp;<strong data-end=\"267\" data-start=\"250\">resserrer les pores<\/strong>&nbsp;et \u00e0&nbsp;<strong data-end=\"316\" data-start=\"273\">r\u00e9tablir l\u2019\u00e9quilibre huile-hydratation de la peau<\/strong>&nbsp;sans irritation.<\/p>\n<div class=\"flex max-w-full flex-col flex-grow\">\n<div class=\"min-h-8 text-message flex w-full flex-col items-end gap-2 whitespace-normal break-words [.text-message+&amp;]:mt-5\" dir=\"auto\" data-message-model-slug=\"gpt-4o\" data-message-id=\"244484bf-970a-40d4-bf54-29fde753ec93\" data-message-author-role=\"assistant\">\n<div class=\"flex w-full flex-col gap-1 empty:hidden first:pt-[3px]\">\n<div class=\"markdown prose w-full break-words dark:prose-invert dark\">\n<p class=\"\" data-end=\"560\" data-start=\"339\">Parfait pour un usage quotidien, ce s\u00e9rum procure une&nbsp;<strong data-end=\"406\" data-start=\"382\">hydratation rafra\u00eechissante<\/strong>&nbsp;tout en favorisant un&nbsp;<strong data-end=\"462\" data-start=\"425\">teint plus lisse et plus affin\u00e9<\/strong>. Convient \u00e0&nbsp;<strong data-end=\"495\" data-start=\"477\">tous les types de peau<\/strong>, en particulier ceux qui ont des pores dilat\u00e9s ou une texture in\u00e9gale<\/p>\n<h5><strong>MODE D\u2019EMPLOI:<\/strong><\/h5>\n<ol>\n<li>Apr\u00e8s le nettoyage et la tonification, appliquez une quantit\u00e9 appropri\u00e9e de s\u00e9rum sur votre visage.<\/li>\n<li>Tapotez doucement le s\u00e9rum sur votre peau du bout des doigts.<\/li>\n<li>Poursuivez avec votre cr\u00e8me hydratante pr\u00e9f\u00e9r\u00e9e.<\/li>\n<li>Utiliser deux fois par jour, le matin et le soir, pour de meilleurs r\u00e9sultats.<\/li>\n<\/ol>\n<p><strong>Attention<\/strong>&nbsp;: Veuillez ne pas utiliser ce s\u00e9rum en m\u00eame temps que des produits contenant de la vitamine C.<\/p>\n<h5><strong>INGR\u00c9DIENTS:<\/strong><\/h5>\n<p>Eau Butyl\u00e8ne Glycol Dim\u00e9thicone\/Vinyle Dim\u00e9thicone Polym\u00e8re Cyclopentasiloxane C\u00e9tyl \u00c9thylhexanoate Cyclohexasiloxane Polysorbate 60 Bis-PEG-18 \u00c9ther m\u00e9thylique Dim\u00e9thyl Silane Glyc\u00e9ryl St\u00e9arate Dim\u00e9thicone PEG-100 St\u00e9arate Ph\u00e9noxy\u00e9thanol Trom\u00e9thamine Chlorph\u00e9n\u00e9sine Polyacrylate-13 \u00c9thylhexylglyc\u00e9rine Acrylates\/C10-30 Alkyl Acrylate Crosspolymer Isoceteth-10 Caprylyl Glycol Isoceteth-25 Fragrance Carbomer Polyisobutene Disodium EDTA Mentha Rotundifolia Extrait de feuille Citrus Aurantifolia (Lime) Extrait d\u2019\u00e9corce Extrait de Cymbopogon Schoenanthus Polysorbate 20 Isost\u00e9arate de sorbitan Extrait de fleur de Camellia Japonica Extrait de Fomes Officinalis (champignon) Extrait de 1,2-hexanediol Cinnamomum Zeylanicum Extrait d\u2019\u00e9corce d\u2019Uncaria Gambir Extrait de Nelumbo Nucifera Extrait de fleur de Pelargonium Graveolens Extrait de racine de Sanguisorba Officinalis BHT Extrait de feuille de Pinus Palustris Extrait de racine de Pueraria Lobata Extrait de racine d\u2019Ulmus Davidiana Extrait de fleur d\u2019Oenothera Biennis (onagre)<\/p>\n<\/div>\n<\/div>\n<\/div>\n<\/div>\n","protected":false},"excerpt":{"rendered":"<p>Description Un s\u00e9rum l\u00e9ger \u00e0 absorption rapide, test\u00e9 cliniquement pour offrir des r\u00e9sultats visibles de&nbsp;resserrement des pores&nbsp;et&nbsp;d\u2019affinage de la texture. Formul\u00e9 avec de&nbsp;l\u2019extrait de fleur de cam\u00e9lia, il aide \u00e0&nbsp;contr\u00f4ler l\u2019exc\u00e8s de s\u00e9bum, \u00e0&nbsp;resserrer les pores&nbsp;et \u00e0&nbsp;r\u00e9tablir l\u2019\u00e9quilibre huile-hydratation de la peau&nbsp;sans irritation. Parfait pour un usage quotidien, ce s\u00e9rum procure une&nbsp;hydratation rafra\u00eechissante&nbsp;tout en favorisant [&hellip;]<\/p>\n","protected":false},"featured_media":3225,"comment_status":"open","ping_status":"closed","template":"","meta":{"content-type":"","_uag_custom_page_level_css":""},"pwb-brand":[],"product_brand":[],"product_cat":[382,349,334,338],"product_tag":[],"class_list":{"0":"post-3226","1":"product","2":"type-product","3":"status-publish","4":"has-post-thumbnail","6":"product_cat-derniere-chance","7":"product_cat-medicube","8":"product_cat-produits-coreens","9":"product_cat-serum-ampoule","11":"first","12":"instock","13":"sale","14":"shipping-taxable","15":"purchasable","16":"product-type-simple"},"aioseo_notices":[],"uagb_featured_image_src":{"full":["https:\/\/wavexia.com\/wp-content\/uploads\/2025\/10\/mNJzwNuALH20240725120740.jpg",1024,1024,false],"thumbnail":["https:\/\/wavexia.com\/wp-content\/uploads\/2025\/10\/mNJzwNuALH20240725120740-150x150.jpg",150,150,true],"medium":["https:\/\/wavexia.com\/wp-content\/uploads\/2025\/10\/mNJzwNuALH20240725120740-300x300.jpg",300,300,true],"medium_large":["https:\/\/wavexia.com\/wp-content\/uploads\/2025\/10\/mNJzwNuALH20240725120740-768x768.jpg",768,768,true],"large":["https:\/\/wavexia.com\/wp-content\/uploads\/2025\/10\/mNJzwNuALH20240725120740.jpg",1024,1024,false],"1536x1536":["https:\/\/wavexia.com\/wp-content\/uploads\/2025\/10\/mNJzwNuALH20240725120740.jpg",1024,1024,false],"2048x2048":["https:\/\/wavexia.com\/wp-content\/uploads\/2025\/10\/mNJzwNuALH20240725120740.jpg",1024,1024,false],"woocommerce_archive_thumbnail":["https:\/\/wavexia.com\/wp-content\/uploads\/2025\/10\/mNJzwNuALH20240725120740-300x300.jpg",300,300,true],"woocommerce_thumbnail":["https:\/\/wavexia.com\/wp-content\/uploads\/2025\/10\/mNJzwNuALH20240725120740-300x300.jpg",300,300,true],"woocommerce_single":["https:\/\/wavexia.com\/wp-content\/uploads\/2025\/10\/mNJzwNuALH20240725120740-600x600.jpg",600,600,true],"woocommerce_gallery_thumbnail":["https:\/\/wavexia.com\/wp-content\/uploads\/2025\/10\/mNJzwNuALH20240725120740-100x100.jpg",100,100,true]},"uagb_author_info":{"display_name":"zineddine.ayoub98@gmail.com","author_link":"https:\/\/wavexia.com\/?author=0"},"uagb_comment_info":0,"uagb_excerpt":"Description Un s\u00e9rum l\u00e9ger \u00e0 absorption rapide, test\u00e9 cliniquement pour offrir des r\u00e9sultats visibles de&nbsp;resserrement des pores&nbsp;et&nbsp;d\u2019affinage de la texture. Formul\u00e9 avec de&nbsp;l\u2019extrait de fleur de cam\u00e9lia, il aide \u00e0&nbsp;contr\u00f4ler l\u2019exc\u00e8s de s\u00e9bum, \u00e0&nbsp;resserrer les pores&nbsp;et \u00e0&nbsp;r\u00e9tablir l\u2019\u00e9quilibre huile-hydratation de la peau&nbsp;sans irritation. Parfait pour un usage quotidien, ce s\u00e9rum procure une&nbsp;hydratation rafra\u00eechissante&nbsp;tout en favorisant&hellip;","brands":[],"_links":{"self":[{"href":"https:\/\/wavexia.com\/index.php?rest_route=\/wp\/v2\/product\/3226","targetHints":{"allow":["GET"]}}],"collection":[{"href":"https:\/\/wavexia.com\/index.php?rest_route=\/wp\/v2\/product"}],"about":[{"href":"https:\/\/wavexia.com\/index.php?rest_route=\/wp\/v2\/types\/product"}],"replies":[{"embeddable":true,"href":"https:\/\/wavexia.com\/index.php?rest_route=%2Fwp%2Fv2%2Fcomments&post=3226"}],"wp:featuredmedia":[{"embeddable":true,"href":"https:\/\/wavexia.com\/index.php?rest_route=\/wp\/v2\/media\/3225"}],"wp:attachment":[{"href":"https:\/\/wavexia.com\/index.php?rest_route=%2Fwp%2Fv2%2Fmedia&parent=3226"}],"wp:term":[{"taxonomy":"pwb-brand","embeddable":true,"href":"https:\/\/wavexia.com\/index.php?rest_route=%2Fwp%2Fv2%2Fpwb-brand&post=3226"},{"taxonomy":"product_brand","embeddable":true,"href":"https:\/\/wavexia.com\/index.php?rest_route=%2Fwp%2Fv2%2Fproduct_brand&post=3226"},{"taxonomy":"product_cat","embeddable":true,"href":"https:\/\/wavexia.com\/index.php?rest_route=%2Fwp%2Fv2%2Fproduct_cat&post=3226"},{"taxonomy":"product_tag","embeddable":true,"href":"https:\/\/wavexia.com\/index.php?rest_route=%2Fwp%2Fv2%2Fproduct_tag&post=3226"}],"curies":[{"name":"wp","href":"https:\/\/api.w.org\/{rel}","templated":true}]}}