{"id":3221,"date":"2025-10-18T22:13:08","date_gmt":"2025-10-18T22:13:08","guid":{"rendered":"https:\/\/wavexia.com\/product\/medicube-zero-pore-one-day-cream-50ml\/"},"modified":"2026-03-10T07:30:53","modified_gmt":"2026-03-10T07:30:53","slug":"medicube-zero-pore-one-day-cream-50ml","status":"publish","type":"product","link":"https:\/\/wavexia.com\/?product=medicube-zero-pore-one-day-cream-50ml","title":{"rendered":"medicube Zero Pore One Day Cream 50ml"},"content":{"rendered":"<h2>Description<\/h2>\n<p>La&nbsp;Medicube Zero Pore One Day Cream&nbsp;est la solution parfaite pour une peau lisse et affin\u00e9e. Cette cr\u00e8me innovante a \u00e9t\u00e9 sp\u00e9cialement d\u00e9velopp\u00e9e pour r\u00e9tr\u00e9cir les pores et offrir un fini lisse et soyeux. Enrichie d\u2019ingr\u00e9dients puissants tels que le panth\u00e9nol, la niacinamide et l\u2019acide salicylique, cette cr\u00e8me aide \u00e0 r\u00e9guler l\u2019\u00e9quilibre hydrique et s\u00e9bac\u00e9 de la peau, \u00e0 r\u00e9duire la production excessive de s\u00e9bum et \u00e0 maintenir l\u2019hydratation.<\/p>\n<p>La formule l\u00e9g\u00e8re est rapidement absorb\u00e9e par la peau et laisse un fini lisse et doux sans sensation grasse. Id\u00e9ale pour un usage quotidien, la Cr\u00e8me de Jour Zero Pore One donne une apparence nette et saine. Que vous ayez la peau grasse, s\u00e8che ou mixte, cette cr\u00e8me s\u2019adapte aux besoins de votre peau et vous aide \u00e0 conserver un teint \u00e9clatant toute la journ\u00e9e.<\/p>\n<h5>comment utiliser:<\/h5>\n<ul>\n<li>Commencez par une peau propre et s\u00e8che.<\/li>\n<li>Pr\u00e9levez une petite quantit\u00e9 de cr\u00e8me sur vos doigts.<\/li>\n<li>\u00c9talez la cr\u00e8me uniform\u00e9ment sur votre visage en accordant une attention particuli\u00e8re aux zones pr\u00e9sentant des pores visibles.<\/li>\n<li>Massez doucement par mouvements circulaires jusqu\u2019\u00e0 ce que la cr\u00e8me soit compl\u00e8tement absorb\u00e9e.<\/li>\n<li>Utilisez la cr\u00e8me quotidiennement, matin et soir, pour de meilleurs r\u00e9sultats.<\/li>\n<\/ul>\n<h5>ingr\u00e9dients:<\/h5>\n<p>Eau \/ Aqua, Panth\u00e9nol, Butyl\u00e8ne Glycol, Propanediol, \u00c9thylhexanoate de c\u00e9tyle, Octyldod\u00e9canol, Niacinamide, Isohexad\u00e9cane, Isodod\u00e9cane, St\u00e9arate de glyc\u00e9ryle, Dist\u00e9arate de polyglyc\u00e9ryl-3, 1,2-Hexanediol, Poly(ol\u00e9fine en C6-14) hydrog\u00e9n\u00e9e), Dim\u00e9thicone, Cyclopentasiloxane, Olivate de c\u00e9t\u00e9aryle, Olivate de sorbitan, Alcool st\u00e9arylique, Dim\u00e9thylsulfone, Alcool c\u00e9tylique, Polyacrylate-13, Polyacryloyldim\u00e9thyl taurate de sodium, Glutamate de st\u00e9aroyl de sodium, Polyisobut\u00e8ne hydrog\u00e9n\u00e9, Glyc\u00e9ryle Citrate de st\u00e9arate, acide salicylique, \u00e9thylhexylglyc\u00e9rine, allanto\u00efne, laurate de polyglyc\u00e9ryl-10, palmitate d\u2019\u00e9thylhexyle, ad\u00e9nosine, dextrine, isost\u00e9arate de sorbitan, trom\u00e9thamine, b\u00eata-glucane, hyaluronate de sodium, glyc\u00e9rine, citrate de sodium, extrait de fruit de Gardenia Florida, alcool myristylique, phosphate trisodique, acide hyaluronique, pullulan, alcool laurylique, extrait de fruit de Vitis Vinifera (raisin), extrait de racine d\u2019Ulmus Davidiana, extrait de racine de Pueraria lobata, extrait de feuille de Pinus Palustris, Oenothera Biennis (Soir Extrait de fleur de primev\u00e8re), extrait de fruit de Diospyros Kaki, extrait de coquille de Castanea Crenata (ch\u00e2taignier), extrait de feuille de Camellia Sinensis, polym\u00e8re crois\u00e9 d\u2019hyaluronate de sodium, hyaluronate de sodium hydrolys\u00e9, acide hyaluronique hydrolys\u00e9, palmitoyl tripeptide-5, hyaluronate ac\u00e9tyl\u00e9 de sodium, hyaluronate d\u2019hydroxypropyltrimonium, acide hydroxycinnamique, rutine, parfum.<\/p>\n<p>&nbsp;<\/p>\n","protected":false},"excerpt":{"rendered":"<p>Description La&nbsp;Medicube Zero Pore One Day Cream&nbsp;est la solution parfaite pour une peau lisse et affin\u00e9e. Cette cr\u00e8me innovante a \u00e9t\u00e9 sp\u00e9cialement d\u00e9velopp\u00e9e pour r\u00e9tr\u00e9cir les pores et offrir un fini lisse et soyeux. Enrichie d\u2019ingr\u00e9dients puissants tels que le panth\u00e9nol, la niacinamide et l\u2019acide salicylique, cette cr\u00e8me aide \u00e0 r\u00e9guler l\u2019\u00e9quilibre hydrique et s\u00e9bac\u00e9 [&hellip;]<\/p>\n","protected":false},"featured_media":3220,"comment_status":"open","ping_status":"closed","template":"","meta":{"content-type":"","_uag_custom_page_level_css":""},"pwb-brand":[],"product_brand":[],"product_cat":[324,327,349,328,334],"product_tag":[],"class_list":{"0":"post-3221","1":"product","2":"type-product","3":"status-publish","4":"has-post-thumbnail","6":"product_cat-creme","7":"product_cat-hmizat","8":"product_cat-medicube","9":"product_cat-nouveautes","10":"product_cat-produits-coreens","12":"first","13":"instock","14":"sale","15":"shipping-taxable","16":"purchasable","17":"product-type-simple"},"aioseo_notices":[],"uagb_featured_image_src":{"full":["https:\/\/wavexia.com\/wp-content\/uploads\/2025\/10\/medicube-zero-pore-one-day-cream-63621503680895.webp",1080,1080,false],"thumbnail":["https:\/\/wavexia.com\/wp-content\/uploads\/2025\/10\/medicube-zero-pore-one-day-cream-63621503680895-150x150.webp",150,150,true],"medium":["https:\/\/wavexia.com\/wp-content\/uploads\/2025\/10\/medicube-zero-pore-one-day-cream-63621503680895-300x300.webp",300,300,true],"medium_large":["https:\/\/wavexia.com\/wp-content\/uploads\/2025\/10\/medicube-zero-pore-one-day-cream-63621503680895-768x768.webp",768,768,true],"large":["https:\/\/wavexia.com\/wp-content\/uploads\/2025\/10\/medicube-zero-pore-one-day-cream-63621503680895-1024x1024.webp",1024,1024,true],"1536x1536":["https:\/\/wavexia.com\/wp-content\/uploads\/2025\/10\/medicube-zero-pore-one-day-cream-63621503680895.webp",1080,1080,false],"2048x2048":["https:\/\/wavexia.com\/wp-content\/uploads\/2025\/10\/medicube-zero-pore-one-day-cream-63621503680895.webp",1080,1080,false],"woocommerce_archive_thumbnail":["https:\/\/wavexia.com\/wp-content\/uploads\/2025\/10\/medicube-zero-pore-one-day-cream-63621503680895-300x300.webp",300,300,true],"woocommerce_thumbnail":["https:\/\/wavexia.com\/wp-content\/uploads\/2025\/10\/medicube-zero-pore-one-day-cream-63621503680895-300x300.webp",300,300,true],"woocommerce_single":["https:\/\/wavexia.com\/wp-content\/uploads\/2025\/10\/medicube-zero-pore-one-day-cream-63621503680895-600x600.webp",600,600,true],"woocommerce_gallery_thumbnail":["https:\/\/wavexia.com\/wp-content\/uploads\/2025\/10\/medicube-zero-pore-one-day-cream-63621503680895-100x100.webp",100,100,true]},"uagb_author_info":{"display_name":"zineddine.ayoub98@gmail.com","author_link":"https:\/\/wavexia.com\/?author=0"},"uagb_comment_info":0,"uagb_excerpt":"Description La&nbsp;Medicube Zero Pore One Day Cream&nbsp;est la solution parfaite pour une peau lisse et affin\u00e9e. Cette cr\u00e8me innovante a \u00e9t\u00e9 sp\u00e9cialement d\u00e9velopp\u00e9e pour r\u00e9tr\u00e9cir les pores et offrir un fini lisse et soyeux. Enrichie d\u2019ingr\u00e9dients puissants tels que le panth\u00e9nol, la niacinamide et l\u2019acide salicylique, cette cr\u00e8me aide \u00e0 r\u00e9guler l\u2019\u00e9quilibre hydrique et s\u00e9bac\u00e9&hellip;","brands":[],"_links":{"self":[{"href":"https:\/\/wavexia.com\/index.php?rest_route=\/wp\/v2\/product\/3221","targetHints":{"allow":["GET"]}}],"collection":[{"href":"https:\/\/wavexia.com\/index.php?rest_route=\/wp\/v2\/product"}],"about":[{"href":"https:\/\/wavexia.com\/index.php?rest_route=\/wp\/v2\/types\/product"}],"replies":[{"embeddable":true,"href":"https:\/\/wavexia.com\/index.php?rest_route=%2Fwp%2Fv2%2Fcomments&post=3221"}],"wp:featuredmedia":[{"embeddable":true,"href":"https:\/\/wavexia.com\/index.php?rest_route=\/wp\/v2\/media\/3220"}],"wp:attachment":[{"href":"https:\/\/wavexia.com\/index.php?rest_route=%2Fwp%2Fv2%2Fmedia&parent=3221"}],"wp:term":[{"taxonomy":"pwb-brand","embeddable":true,"href":"https:\/\/wavexia.com\/index.php?rest_route=%2Fwp%2Fv2%2Fpwb-brand&post=3221"},{"taxonomy":"product_brand","embeddable":true,"href":"https:\/\/wavexia.com\/index.php?rest_route=%2Fwp%2Fv2%2Fproduct_brand&post=3221"},{"taxonomy":"product_cat","embeddable":true,"href":"https:\/\/wavexia.com\/index.php?rest_route=%2Fwp%2Fv2%2Fproduct_cat&post=3221"},{"taxonomy":"product_tag","embeddable":true,"href":"https:\/\/wavexia.com\/index.php?rest_route=%2Fwp%2Fv2%2Fproduct_tag&post=3221"}],"curies":[{"name":"wp","href":"https:\/\/api.w.org\/{rel}","templated":true}]}}