{"id":3214,"date":"2025-10-18T22:13:03","date_gmt":"2025-10-18T22:13:03","guid":{"rendered":"https:\/\/wavexia.com\/product\/medicube-age-r-booster-pro-mini\/"},"modified":"2026-03-10T07:30:53","modified_gmt":"2026-03-10T07:30:53","slug":"medicube-age-r-booster-pro-mini","status":"publish","type":"product","link":"https:\/\/wavexia.com\/?product=medicube-age-r-booster-pro-mini","title":{"rendered":"Medicube Age-R Booster Pro Mini"},"content":{"rendered":"<h2>Description<\/h2>\n<p>Obtenez une peau \u00e9clatante \u00e0 tout moment, n\u2019importe o\u00f9 avec le Medicube Age-R Booster Pro Mini, un appareil de soin de la peau puissant et portable con\u00e7u pour apaiser en profondeur les peaux \u00e0 probl\u00e8mes et augmenter consid\u00e9rablement l\u2019\u00e9clat. Cliniquement prouv\u00e9e pour am\u00e9liorer l\u2019absorption du produit, cette baguette compacte utilise la technologie d\u2019\u00e9lectroporation pour d\u00e9livrer des ingr\u00e9dients actifs en profondeur dans la peau pour un teint, une texture et une clart\u00e9 visiblement am\u00e9lior\u00e9s.<\/p>\n<p>Dot\u00e9 de deux modes LED : rouge pour le soin des taches et l\u2019\u00e9claircissement, et bleu pour calmer et contr\u00f4ler le s\u00e9bum, il est id\u00e9al pour une r\u00e9cup\u00e9ration post-traitement intensive ou une am\u00e9lioration quotidienne de l\u2019\u00e9clat. Avec jusqu\u2019\u00e0 2,7 millions de micro-injections par utilisation et des r\u00e9sultats tels que l\u2019am\u00e9lioration du teint de la peau et la r\u00e9duction de la profondeur des pores.<\/p>\n<p><strong>Recommand\u00e9 pour :&nbsp;<\/strong>Tous types de peaux.<\/p>\n<p><strong>Mode d\u2019emploi :<\/strong><\/p>\n<div>\n<ul>\n<li>Mettez l\u2019appareil sous tension en appuyant longuement sur le bouton d\u2019alimentation et choisissez un niveau en appuyant bri\u00e8vement sur le bouton d\u2019alimentation.<\/li>\n<li>Appuyez deux fois bri\u00e8vement sur le bouton d\u2019alimentation pour choisir le mode LED rouge ou LED bleue<\/li>\n<li>Am\u00e9liorez l\u2019absorption des produits de soin de la peau ou des masques une \u00e0 trois fois par jour, cinq \u00e0 dix minutes \u00e0 chaque fois, en gardant la t\u00eate de l\u2019appareil contre la peau.<\/li>\n<li>Ne vous arr\u00eatez jamais au m\u00eame endroit et continuez \u00e0 avancer.<\/li>\n<\/ul>\n<p><strong>Prudence:<\/strong><\/p>\n<ul>\n<li>\u00c9vitez d\u2019utiliser autour des yeux ou autour de la pomme d\u2019Adam.<\/li>\n<li>Avant utilisation, il est recommand\u00e9 de retirer tous les accessoires et bijoux en m\u00e9tal.<\/li>\n<li>Commencez lentement \u00e0 partir du r\u00e9glage le plus bas et trouvez le niveau appropri\u00e9 tout en l\u2019utilisant en continu.<\/li>\n<\/ul>\n<p>&nbsp;<\/p>\n<\/div>\n","protected":false},"excerpt":{"rendered":"<p>Description Obtenez une peau \u00e9clatante \u00e0 tout moment, n\u2019importe o\u00f9 avec le Medicube Age-R Booster Pro Mini, un appareil de soin de la peau puissant et portable con\u00e7u pour apaiser en profondeur les peaux \u00e0 probl\u00e8mes et augmenter consid\u00e9rablement l\u2019\u00e9clat. Cliniquement prouv\u00e9e pour am\u00e9liorer l\u2019absorption du produit, cette baguette compacte utilise la technologie d\u2019\u00e9lectroporation pour [&hellip;]<\/p>\n","protected":false},"featured_media":3213,"comment_status":"open","ping_status":"closed","template":"","meta":{"content-type":"","_uag_custom_page_level_css":""},"pwb-brand":[],"product_brand":[],"product_cat":[349,328,334],"product_tag":[],"class_list":{"0":"post-3214","1":"product","2":"type-product","3":"status-publish","4":"has-post-thumbnail","6":"product_cat-medicube","7":"product_cat-nouveautes","8":"product_cat-produits-coreens","10":"first","11":"instock","12":"sale","13":"shipping-taxable","14":"purchasable","15":"product-type-simple"},"aioseo_notices":[],"uagb_featured_image_src":{"full":["https:\/\/wavexia.com\/wp-content\/uploads\/2025\/10\/Product-page-sizes-_pink.webp",800,800,false],"thumbnail":["https:\/\/wavexia.com\/wp-content\/uploads\/2025\/10\/Product-page-sizes-_pink-150x150.webp",150,150,true],"medium":["https:\/\/wavexia.com\/wp-content\/uploads\/2025\/10\/Product-page-sizes-_pink-300x300.webp",300,300,true],"medium_large":["https:\/\/wavexia.com\/wp-content\/uploads\/2025\/10\/Product-page-sizes-_pink-768x768.webp",768,768,true],"large":["https:\/\/wavexia.com\/wp-content\/uploads\/2025\/10\/Product-page-sizes-_pink.webp",800,800,false],"1536x1536":["https:\/\/wavexia.com\/wp-content\/uploads\/2025\/10\/Product-page-sizes-_pink.webp",800,800,false],"2048x2048":["https:\/\/wavexia.com\/wp-content\/uploads\/2025\/10\/Product-page-sizes-_pink.webp",800,800,false],"woocommerce_archive_thumbnail":["https:\/\/wavexia.com\/wp-content\/uploads\/2025\/10\/Product-page-sizes-_pink-300x300.webp",300,300,true],"woocommerce_thumbnail":["https:\/\/wavexia.com\/wp-content\/uploads\/2025\/10\/Product-page-sizes-_pink-300x300.webp",300,300,true],"woocommerce_single":["https:\/\/wavexia.com\/wp-content\/uploads\/2025\/10\/Product-page-sizes-_pink-600x600.webp",600,600,true],"woocommerce_gallery_thumbnail":["https:\/\/wavexia.com\/wp-content\/uploads\/2025\/10\/Product-page-sizes-_pink-100x100.webp",100,100,true]},"uagb_author_info":{"display_name":"zineddine.ayoub98@gmail.com","author_link":"https:\/\/wavexia.com\/?author=0"},"uagb_comment_info":0,"uagb_excerpt":"Description Obtenez une peau \u00e9clatante \u00e0 tout moment, n\u2019importe o\u00f9 avec le Medicube Age-R Booster Pro Mini, un appareil de soin de la peau puissant et portable con\u00e7u pour apaiser en profondeur les peaux \u00e0 probl\u00e8mes et augmenter consid\u00e9rablement l\u2019\u00e9clat. Cliniquement prouv\u00e9e pour am\u00e9liorer l\u2019absorption du produit, cette baguette compacte utilise la technologie d\u2019\u00e9lectroporation pour&hellip;","brands":[],"_links":{"self":[{"href":"https:\/\/wavexia.com\/index.php?rest_route=\/wp\/v2\/product\/3214","targetHints":{"allow":["GET"]}}],"collection":[{"href":"https:\/\/wavexia.com\/index.php?rest_route=\/wp\/v2\/product"}],"about":[{"href":"https:\/\/wavexia.com\/index.php?rest_route=\/wp\/v2\/types\/product"}],"replies":[{"embeddable":true,"href":"https:\/\/wavexia.com\/index.php?rest_route=%2Fwp%2Fv2%2Fcomments&post=3214"}],"wp:featuredmedia":[{"embeddable":true,"href":"https:\/\/wavexia.com\/index.php?rest_route=\/wp\/v2\/media\/3213"}],"wp:attachment":[{"href":"https:\/\/wavexia.com\/index.php?rest_route=%2Fwp%2Fv2%2Fmedia&parent=3214"}],"wp:term":[{"taxonomy":"pwb-brand","embeddable":true,"href":"https:\/\/wavexia.com\/index.php?rest_route=%2Fwp%2Fv2%2Fpwb-brand&post=3214"},{"taxonomy":"product_brand","embeddable":true,"href":"https:\/\/wavexia.com\/index.php?rest_route=%2Fwp%2Fv2%2Fproduct_brand&post=3214"},{"taxonomy":"product_cat","embeddable":true,"href":"https:\/\/wavexia.com\/index.php?rest_route=%2Fwp%2Fv2%2Fproduct_cat&post=3214"},{"taxonomy":"product_tag","embeddable":true,"href":"https:\/\/wavexia.com\/index.php?rest_route=%2Fwp%2Fv2%2Fproduct_tag&post=3214"}],"curies":[{"name":"wp","href":"https:\/\/api.w.org\/{rel}","templated":true}]}}