{"id":3211,"date":"2025-10-18T22:13:01","date_gmt":"2025-10-18T22:13:01","guid":{"rendered":"https:\/\/wavexia.com\/product\/skin1004-madagascar-centella-tone-brightening-capsule-ampoule-100ml\/"},"modified":"2026-03-10T07:30:53","modified_gmt":"2026-03-10T07:30:53","slug":"skin1004-madagascar-centella-tone-brightening-capsule-ampoule-100ml","status":"publish","type":"product","link":"https:\/\/wavexia.com\/?product=skin1004-madagascar-centella-tone-brightening-capsule-ampoule-100ml","title":{"rendered":"Skin1004 Madagascar Centella Tone Brightening Capsule Ampoule 100ml"},"content":{"rendered":"<h2>Description<\/h2>\n<p>Le SKIN1004 Madagascar Centella Tone Brightening Capsule Ampoule est un s\u00e9rum \u00e9claircissant pour un soin optimal de votre peau. Ce produit fantastique est la cl\u00e9 d\u2019un teint \u00e9clatant et uniforme. Avec sa formule puissante, gorg\u00e9e d\u2019extrait de centella asiatica, il apaise et r\u00e9pare votre peau, tout en renfor\u00e7ant votre barri\u00e8re cutan\u00e9e !<\/p>\n<p>De plus, il y a du niacinamide dans cette ampoule, qui r\u00e9duit les taches brunes et illumine magnifiquement votre peau. Facile \u00e0 appliquer pour une peau qui brille comme jamais auparavant !<\/p>\n<p><strong>Ce s\u00e9rum :<\/strong><\/p>\n<ul>\n<li>s\u00e9rum \u00e9claircissant<\/li>\n<li>r\u00e9pare et apaise la peau ab\u00eem\u00e9e<\/li>\n<li>enrichi en extraits de Centella Asiatica<\/li>\n<li>contient de la niacinamide<\/li>\n<li>hydratation profonde et durable<\/li>\n<li>assure une peau souple<\/li>\n<li>sans parfum<\/li>\n<li>v\u00e9g\u00e9talien<\/li>\n<li>sans cruaut\u00e9<\/li>\n<\/ul>\n<p><strong>Comment utiliser:<\/strong><\/p>\n<ul>\n<li>Pr\u00e9levez 2 \u00e0 3 gouttes de s\u00e9rum sur le bout des doigts.<\/li>\n<li>Massez le s\u00e9rum sur votre peau jusqu\u2019\u00e0 ce que tout soit absorb\u00e9.<\/li>\n<\/ul>\n<p><strong>Ingr\u00e9dients:<br \/><\/strong>Centella Asiatica Extract (77%), Butylene Glycol, Glycerin, Niacinamide, Tranexamic Acid, 1,2-Hexanediol, Water, Betaine, Madecassoside, Hydrogenated Lecithin, Xylitylglucoside, Anhydroxylitol, Xylitol, Panthenol, Zea Mays (Corn) Starch, Arginine, Mannitol, 3-O-Ethyl Ascorbic Acid, Microcrystalline Cellulose, Lactobacillus Ferment, Hydroxyethylcellulose, Pentylene Glycol, Glucose, Ethylhexylglycerin, Acrylates\/\u200bC10-30 Alkyl Acrylate Crosspolymer, Xanthan Gum<\/p>\n","protected":false},"excerpt":{"rendered":"<p>Description Le SKIN1004 Madagascar Centella Tone Brightening Capsule Ampoule est un s\u00e9rum \u00e9claircissant pour un soin optimal de votre peau. Ce produit fantastique est la cl\u00e9 d\u2019un teint \u00e9clatant et uniforme. Avec sa formule puissante, gorg\u00e9e d\u2019extrait de centella asiatica, il apaise et r\u00e9pare votre peau, tout en renfor\u00e7ant votre barri\u00e8re cutan\u00e9e ! De plus, [&hellip;]<\/p>\n","protected":false},"featured_media":3210,"comment_status":"open","ping_status":"closed","template":"","meta":{"content-type":"","_uag_custom_page_level_css":""},"pwb-brand":[],"product_brand":[],"product_cat":[334,338,350],"product_tag":[],"class_list":{"0":"post-3211","1":"product","2":"type-product","3":"status-publish","4":"has-post-thumbnail","6":"product_cat-produits-coreens","7":"product_cat-serum-ampoule","8":"product_cat-skin1004","10":"first","11":"instock","12":"sale","13":"shipping-taxable","14":"purchasable","15":"product-type-simple"},"aioseo_notices":[],"uagb_featured_image_src":{"full":["https:\/\/wavexia.com\/wp-content\/uploads\/2025\/10\/skin1004-madagascar-centella-tone-brightening-capsule-ampoule-boniik-australia_277a955f-9200-4590-b552-efddc2e67489.webp",800,800,false],"thumbnail":["https:\/\/wavexia.com\/wp-content\/uploads\/2025\/10\/skin1004-madagascar-centella-tone-brightening-capsule-ampoule-boniik-australia_277a955f-9200-4590-b552-efddc2e67489-150x150.webp",150,150,true],"medium":["https:\/\/wavexia.com\/wp-content\/uploads\/2025\/10\/skin1004-madagascar-centella-tone-brightening-capsule-ampoule-boniik-australia_277a955f-9200-4590-b552-efddc2e67489-300x300.webp",300,300,true],"medium_large":["https:\/\/wavexia.com\/wp-content\/uploads\/2025\/10\/skin1004-madagascar-centella-tone-brightening-capsule-ampoule-boniik-australia_277a955f-9200-4590-b552-efddc2e67489-768x768.webp",768,768,true],"large":["https:\/\/wavexia.com\/wp-content\/uploads\/2025\/10\/skin1004-madagascar-centella-tone-brightening-capsule-ampoule-boniik-australia_277a955f-9200-4590-b552-efddc2e67489.webp",800,800,false],"1536x1536":["https:\/\/wavexia.com\/wp-content\/uploads\/2025\/10\/skin1004-madagascar-centella-tone-brightening-capsule-ampoule-boniik-australia_277a955f-9200-4590-b552-efddc2e67489.webp",800,800,false],"2048x2048":["https:\/\/wavexia.com\/wp-content\/uploads\/2025\/10\/skin1004-madagascar-centella-tone-brightening-capsule-ampoule-boniik-australia_277a955f-9200-4590-b552-efddc2e67489.webp",800,800,false],"woocommerce_archive_thumbnail":["https:\/\/wavexia.com\/wp-content\/uploads\/2025\/10\/skin1004-madagascar-centella-tone-brightening-capsule-ampoule-boniik-australia_277a955f-9200-4590-b552-efddc2e67489-300x300.webp",300,300,true],"woocommerce_thumbnail":["https:\/\/wavexia.com\/wp-content\/uploads\/2025\/10\/skin1004-madagascar-centella-tone-brightening-capsule-ampoule-boniik-australia_277a955f-9200-4590-b552-efddc2e67489-300x300.webp",300,300,true],"woocommerce_single":["https:\/\/wavexia.com\/wp-content\/uploads\/2025\/10\/skin1004-madagascar-centella-tone-brightening-capsule-ampoule-boniik-australia_277a955f-9200-4590-b552-efddc2e67489-600x600.webp",600,600,true],"woocommerce_gallery_thumbnail":["https:\/\/wavexia.com\/wp-content\/uploads\/2025\/10\/skin1004-madagascar-centella-tone-brightening-capsule-ampoule-boniik-australia_277a955f-9200-4590-b552-efddc2e67489-100x100.webp",100,100,true]},"uagb_author_info":{"display_name":"zineddine.ayoub98@gmail.com","author_link":"https:\/\/wavexia.com\/?author=0"},"uagb_comment_info":0,"uagb_excerpt":"Description Le SKIN1004 Madagascar Centella Tone Brightening Capsule Ampoule est un s\u00e9rum \u00e9claircissant pour un soin optimal de votre peau. Ce produit fantastique est la cl\u00e9 d\u2019un teint \u00e9clatant et uniforme. Avec sa formule puissante, gorg\u00e9e d\u2019extrait de centella asiatica, il apaise et r\u00e9pare votre peau, tout en renfor\u00e7ant votre barri\u00e8re cutan\u00e9e ! De plus,&hellip;","brands":[],"_links":{"self":[{"href":"https:\/\/wavexia.com\/index.php?rest_route=\/wp\/v2\/product\/3211","targetHints":{"allow":["GET"]}}],"collection":[{"href":"https:\/\/wavexia.com\/index.php?rest_route=\/wp\/v2\/product"}],"about":[{"href":"https:\/\/wavexia.com\/index.php?rest_route=\/wp\/v2\/types\/product"}],"replies":[{"embeddable":true,"href":"https:\/\/wavexia.com\/index.php?rest_route=%2Fwp%2Fv2%2Fcomments&post=3211"}],"wp:featuredmedia":[{"embeddable":true,"href":"https:\/\/wavexia.com\/index.php?rest_route=\/wp\/v2\/media\/3210"}],"wp:attachment":[{"href":"https:\/\/wavexia.com\/index.php?rest_route=%2Fwp%2Fv2%2Fmedia&parent=3211"}],"wp:term":[{"taxonomy":"pwb-brand","embeddable":true,"href":"https:\/\/wavexia.com\/index.php?rest_route=%2Fwp%2Fv2%2Fpwb-brand&post=3211"},{"taxonomy":"product_brand","embeddable":true,"href":"https:\/\/wavexia.com\/index.php?rest_route=%2Fwp%2Fv2%2Fproduct_brand&post=3211"},{"taxonomy":"product_cat","embeddable":true,"href":"https:\/\/wavexia.com\/index.php?rest_route=%2Fwp%2Fv2%2Fproduct_cat&post=3211"},{"taxonomy":"product_tag","embeddable":true,"href":"https:\/\/wavexia.com\/index.php?rest_route=%2Fwp%2Fv2%2Fproduct_tag&post=3211"}],"curies":[{"name":"wp","href":"https:\/\/api.w.org\/{rel}","templated":true}]}}