{"id":3206,"date":"2025-10-18T22:12:58","date_gmt":"2025-10-18T22:12:58","guid":{"rendered":"https:\/\/wavexia.com\/product\/kayali-yum-boujee-marshmallow-81-edp-intense-100ml\/"},"modified":"2026-03-10T07:30:53","modified_gmt":"2026-03-10T07:30:53","slug":"kayali-yum-boujee-marshmallow-81-edp-intense-100ml","status":"publish","type":"product","link":"https:\/\/wavexia.com\/?product=kayali-yum-boujee-marshmallow-81-edp-intense-100ml","title":{"rendered":"KAYALI Yum Boujee Marshmallow 81 EDP intense 100ml"},"content":{"rendered":"<h2>Description<\/h2>\n<p>Dans l\u2019esprit de la collection Yum, l\u2019eau de parfum intense Yum Boujee Marshmallow | 81 est une invitation \u00e0 profiter des plus grands plaisirs de la vie ! Ce parfum renferme un d\u00e9licieux menu de notes all\u00e9chantes parmi lesquelles du Chamallow moelleux, de d\u00e9licieuses fraises, des flocons de noix de coco, du freesia subtil, de la vanille fouett\u00e9e et du musc rose. Luxueuse, soyeuse et d\u00e9licieuse, cette somptueuse fragrance d\u00e9livrera une douce tentation \u00e0 chaque pulv\u00e9risation.<\/p>\n<h5>caract\u00e9ristiques:<\/h5>\n<p>\u2013&nbsp;Cruelty-free<br \/>\u2013 Vegan<br \/>\u2013 Senteur chaude et \u00e9pic\u00e9e<br \/>\u2013 Facile \u00e0 superposer<\/p>\n<h5>TYPE DE SENTEUR :<\/h5>\n<p>Gourmande et chaleureuse<\/p>\n<h5>NOTES CL\u00c9S:<\/h5>\n<p>Fraise, Chamallow, Vanille fouett\u00e9e<\/p>\n<h5>conseils d\u2019utilisation:<\/h5>\n<p>LES CONSEILS PARFUMERIE DE MONA :<br \/>otVaporisez le parfum sur vos points de pulsation \u2013 \u00e0 l\u2019int\u00e9rieur des poignets et des coudes et derri\u00e8re les genoux et les oreilles \u2013 ainsi que sur vos v\u00eatements pour cr\u00e9er une tra\u00een\u00e9e plus puissante.<br \/>otProlongez davantage sa tenue en hydratant votre peau avec un baume ou une lotion avant de vaporiser la senteur sur votre corps.<br \/>otPour un r\u00e9sultat subtil, pulv\u00e9risez le parfum sur votre serviette avant de vous s\u00e9cher les cheveux ou sur votre brosse \u00e0 cheveux avant de vous coiffer !<\/p>\n<p>COMBINAISONS PR\u00c9F\u00c9R\u00c9ES DE MONA :<\/p>\n<p>Yum Boujee Marshmallow | 81 + Yum Pistachio Gelato | 33<br \/>Une d\u00e9licieuse explosion de notes all\u00e9chantes ! La glace \u00e0 la pistache cr\u00e9meuse est associ\u00e9e au Chamallow moelleux pour un duo s\u00e9duisant et r\u00e9confortant \u00e0 la fois !<\/p>\n<p>Yum Boujee Marshmallow | 81 + Vanilla | 28<br \/>Un m\u00e9lange sexy et sophistiqu\u00e9 de vanille gourmande, de fraise juteuse et de Chamallow sensuel qui assurera une tra\u00een\u00e9e \u00e0 faire tourner les t\u00eates !<\/p>\n<h5>ingr\u00e9dients:<\/h5>\n<p>Alcool, Parfum\/Parfum, Eau\/Aqua\/Eau, Alpha-Isomethyl Ionone, Benzoate De Benzyle, Salicylate De Benzyle, Cinnamal, Citral, Citronellol, Coumarine, G\u00e9raniol, Hydroxycitronellal, Limonene, Linalool, Benzotriazolyl Dodecyl P-Cresol, Butylphtalimide, Pylphtalimide , Salicylate D\u2019\u00e9thylhexyle, Butyle M\u00e9thoxydibenzoylm\u00e9thane.<\/p>\n","protected":false},"excerpt":{"rendered":"<p>Description Dans l\u2019esprit de la collection Yum, l\u2019eau de parfum intense Yum Boujee Marshmallow | 81 est une invitation \u00e0 profiter des plus grands plaisirs de la vie ! Ce parfum renferme un d\u00e9licieux menu de notes all\u00e9chantes parmi lesquelles du Chamallow moelleux, de d\u00e9licieuses fraises, des flocons de noix de coco, du freesia subtil, [&hellip;]<\/p>\n","protected":false},"featured_media":3205,"comment_status":"open","ping_status":"closed","template":"","meta":{"content-type":"","_uag_custom_page_level_css":""},"pwb-brand":[],"product_brand":[],"product_cat":[327,331,328,397],"product_tag":[],"class_list":{"0":"post-3206","1":"product","2":"type-product","3":"status-publish","4":"has-post-thumbnail","6":"product_cat-hmizat","7":"product_cat-idees-cadeaux","8":"product_cat-nouveautes","9":"product_cat-parfums","11":"first","12":"instock","13":"shipping-taxable","14":"purchasable","15":"product-type-simple"},"aioseo_notices":[],"uagb_featured_image_src":{"full":["https:\/\/wavexia.com\/wp-content\/uploads\/2025\/10\/kayali-yum-boujee-marshmallow-81-eau-de-parfum-intense-1.jpg",1600,1600,false],"thumbnail":["https:\/\/wavexia.com\/wp-content\/uploads\/2025\/10\/kayali-yum-boujee-marshmallow-81-eau-de-parfum-intense-1-150x150.jpg",150,150,true],"medium":["https:\/\/wavexia.com\/wp-content\/uploads\/2025\/10\/kayali-yum-boujee-marshmallow-81-eau-de-parfum-intense-1-300x300.jpg",300,300,true],"medium_large":["https:\/\/wavexia.com\/wp-content\/uploads\/2025\/10\/kayali-yum-boujee-marshmallow-81-eau-de-parfum-intense-1-768x768.jpg",768,768,true],"large":["https:\/\/wavexia.com\/wp-content\/uploads\/2025\/10\/kayali-yum-boujee-marshmallow-81-eau-de-parfum-intense-1-1024x1024.jpg",1024,1024,true],"1536x1536":["https:\/\/wavexia.com\/wp-content\/uploads\/2025\/10\/kayali-yum-boujee-marshmallow-81-eau-de-parfum-intense-1-1536x1536.jpg",1536,1536,true],"2048x2048":["https:\/\/wavexia.com\/wp-content\/uploads\/2025\/10\/kayali-yum-boujee-marshmallow-81-eau-de-parfum-intense-1.jpg",1600,1600,false],"woocommerce_archive_thumbnail":["https:\/\/wavexia.com\/wp-content\/uploads\/2025\/10\/kayali-yum-boujee-marshmallow-81-eau-de-parfum-intense-1-300x300.jpg",300,300,true],"woocommerce_thumbnail":["https:\/\/wavexia.com\/wp-content\/uploads\/2025\/10\/kayali-yum-boujee-marshmallow-81-eau-de-parfum-intense-1-300x300.jpg",300,300,true],"woocommerce_single":["https:\/\/wavexia.com\/wp-content\/uploads\/2025\/10\/kayali-yum-boujee-marshmallow-81-eau-de-parfum-intense-1-600x600.jpg",600,600,true],"woocommerce_gallery_thumbnail":["https:\/\/wavexia.com\/wp-content\/uploads\/2025\/10\/kayali-yum-boujee-marshmallow-81-eau-de-parfum-intense-1-100x100.jpg",100,100,true]},"uagb_author_info":{"display_name":"zineddine.ayoub98@gmail.com","author_link":"https:\/\/wavexia.com\/?author=0"},"uagb_comment_info":0,"uagb_excerpt":"Description Dans l\u2019esprit de la collection Yum, l\u2019eau de parfum intense Yum Boujee Marshmallow | 81 est une invitation \u00e0 profiter des plus grands plaisirs de la vie ! Ce parfum renferme un d\u00e9licieux menu de notes all\u00e9chantes parmi lesquelles du Chamallow moelleux, de d\u00e9licieuses fraises, des flocons de noix de coco, du freesia subtil,&hellip;","brands":[],"_links":{"self":[{"href":"https:\/\/wavexia.com\/index.php?rest_route=\/wp\/v2\/product\/3206","targetHints":{"allow":["GET"]}}],"collection":[{"href":"https:\/\/wavexia.com\/index.php?rest_route=\/wp\/v2\/product"}],"about":[{"href":"https:\/\/wavexia.com\/index.php?rest_route=\/wp\/v2\/types\/product"}],"replies":[{"embeddable":true,"href":"https:\/\/wavexia.com\/index.php?rest_route=%2Fwp%2Fv2%2Fcomments&post=3206"}],"wp:featuredmedia":[{"embeddable":true,"href":"https:\/\/wavexia.com\/index.php?rest_route=\/wp\/v2\/media\/3205"}],"wp:attachment":[{"href":"https:\/\/wavexia.com\/index.php?rest_route=%2Fwp%2Fv2%2Fmedia&parent=3206"}],"wp:term":[{"taxonomy":"pwb-brand","embeddable":true,"href":"https:\/\/wavexia.com\/index.php?rest_route=%2Fwp%2Fv2%2Fpwb-brand&post=3206"},{"taxonomy":"product_brand","embeddable":true,"href":"https:\/\/wavexia.com\/index.php?rest_route=%2Fwp%2Fv2%2Fproduct_brand&post=3206"},{"taxonomy":"product_cat","embeddable":true,"href":"https:\/\/wavexia.com\/index.php?rest_route=%2Fwp%2Fv2%2Fproduct_cat&post=3206"},{"taxonomy":"product_tag","embeddable":true,"href":"https:\/\/wavexia.com\/index.php?rest_route=%2Fwp%2Fv2%2Fproduct_tag&post=3206"}],"curies":[{"name":"wp","href":"https:\/\/api.w.org\/{rel}","templated":true}]}}