{"id":3203,"date":"2025-10-18T22:12:56","date_gmt":"2025-10-18T22:12:56","guid":{"rendered":"https:\/\/wavexia.com\/product\/medicube-age-r-booster-pro-head-case-pink\/"},"modified":"2026-03-10T07:30:53","modified_gmt":"2026-03-10T07:30:53","slug":"medicube-age-r-booster-pro-head-case-pink","status":"publish","type":"product","link":"https:\/\/wavexia.com\/?product=medicube-age-r-booster-pro-head-case-pink","title":{"rendered":"medicube AGE-R Booster Pro Head Case Pink"},"content":{"rendered":"<h2>Description<\/h2>\n<p>L\u2019&nbsp;<strong>\u00e9tui de t\u00eate AGE-R Booster Pro Pink<\/strong>&nbsp;de medicube prot\u00e8ge votre outil AGE-R de la salet\u00e9, des influences ext\u00e9rieures et de l\u2019usure m\u00e9canique. Id\u00e9al pour une protection quotidienne ou en d\u00e9placement. Fabriqu\u00e9 \u00e0 partir d\u2019un mat\u00e9riau robuste et facile d\u2019entretien dans un ton rose subtil. Un incontournable pour les utilisateurs de Booster Pro.<\/p>\n<h5>principaux avantages:<\/h5>\n<ul>\n<li><strong>Ajustement parfait :<\/strong>&nbsp;d\u00e9velopp\u00e9 sp\u00e9cifiquement pour le Medicube AGE-R Booster Pro.<\/li>\n<li><strong>L\u00e9ger et compact :<\/strong>&nbsp;ne p\u00e8se que 10 g, parfait pour les voyages.<\/li>\n<li><strong>Fonction de protection :<\/strong>&nbsp;Prot\u00e8ge l\u2019appareil des influences ext\u00e9rieures.<\/li>\n<li><strong>Design simple :<\/strong>&nbsp;couleur rose pour une \u00e9l\u00e9gance subtile.<\/li>\n<\/ul>\n","protected":false},"excerpt":{"rendered":"<p>Description L\u2019&nbsp;\u00e9tui de t\u00eate AGE-R Booster Pro Pink&nbsp;de medicube prot\u00e8ge votre outil AGE-R de la salet\u00e9, des influences ext\u00e9rieures et de l\u2019usure m\u00e9canique. Id\u00e9al pour une protection quotidienne ou en d\u00e9placement. Fabriqu\u00e9 \u00e0 partir d\u2019un mat\u00e9riau robuste et facile d\u2019entretien dans un ton rose subtil. Un incontournable pour les utilisateurs de Booster Pro. principaux avantages: [&hellip;]<\/p>\n","protected":false},"featured_media":3202,"comment_status":"open","ping_status":"closed","template":"","meta":{"content-type":"","_uag_custom_page_level_css":""},"pwb-brand":[],"product_brand":[],"product_cat":[327,349,328,334],"product_tag":[],"class_list":{"0":"post-3203","1":"product","2":"type-product","3":"status-publish","4":"has-post-thumbnail","6":"product_cat-hmizat","7":"product_cat-medicube","8":"product_cat-nouveautes","9":"product_cat-produits-coreens","11":"first","12":"instock","13":"sale","14":"shipping-taxable","15":"purchasable","16":"product-type-simple"},"aioseo_notices":[],"uagb_featured_image_src":{"full":["https:\/\/wavexia.com\/wp-content\/uploads\/2025\/10\/medicube_AGE-RBoosterProHeadCasePink_1Stuck.webp",320,320,false],"thumbnail":["https:\/\/wavexia.com\/wp-content\/uploads\/2025\/10\/medicube_AGE-RBoosterProHeadCasePink_1Stuck-150x150.webp",150,150,true],"medium":["https:\/\/wavexia.com\/wp-content\/uploads\/2025\/10\/medicube_AGE-RBoosterProHeadCasePink_1Stuck-300x300.webp",300,300,true],"medium_large":["https:\/\/wavexia.com\/wp-content\/uploads\/2025\/10\/medicube_AGE-RBoosterProHeadCasePink_1Stuck.webp",320,320,false],"large":["https:\/\/wavexia.com\/wp-content\/uploads\/2025\/10\/medicube_AGE-RBoosterProHeadCasePink_1Stuck.webp",320,320,false],"1536x1536":["https:\/\/wavexia.com\/wp-content\/uploads\/2025\/10\/medicube_AGE-RBoosterProHeadCasePink_1Stuck.webp",320,320,false],"2048x2048":["https:\/\/wavexia.com\/wp-content\/uploads\/2025\/10\/medicube_AGE-RBoosterProHeadCasePink_1Stuck.webp",320,320,false],"woocommerce_archive_thumbnail":["https:\/\/wavexia.com\/wp-content\/uploads\/2025\/10\/medicube_AGE-RBoosterProHeadCasePink_1Stuck-300x300.webp",300,300,true],"woocommerce_thumbnail":["https:\/\/wavexia.com\/wp-content\/uploads\/2025\/10\/medicube_AGE-RBoosterProHeadCasePink_1Stuck-300x300.webp",300,300,true],"woocommerce_single":["https:\/\/wavexia.com\/wp-content\/uploads\/2025\/10\/medicube_AGE-RBoosterProHeadCasePink_1Stuck.webp",320,320,false],"woocommerce_gallery_thumbnail":["https:\/\/wavexia.com\/wp-content\/uploads\/2025\/10\/medicube_AGE-RBoosterProHeadCasePink_1Stuck-100x100.webp",100,100,true]},"uagb_author_info":{"display_name":"zineddine.ayoub98@gmail.com","author_link":"https:\/\/wavexia.com\/?author=0"},"uagb_comment_info":0,"uagb_excerpt":"Description L\u2019&nbsp;\u00e9tui de t\u00eate AGE-R Booster Pro Pink&nbsp;de medicube prot\u00e8ge votre outil AGE-R de la salet\u00e9, des influences ext\u00e9rieures et de l\u2019usure m\u00e9canique. Id\u00e9al pour une protection quotidienne ou en d\u00e9placement. Fabriqu\u00e9 \u00e0 partir d\u2019un mat\u00e9riau robuste et facile d\u2019entretien dans un ton rose subtil. Un incontournable pour les utilisateurs de Booster Pro. principaux avantages:&hellip;","brands":[],"_links":{"self":[{"href":"https:\/\/wavexia.com\/index.php?rest_route=\/wp\/v2\/product\/3203","targetHints":{"allow":["GET"]}}],"collection":[{"href":"https:\/\/wavexia.com\/index.php?rest_route=\/wp\/v2\/product"}],"about":[{"href":"https:\/\/wavexia.com\/index.php?rest_route=\/wp\/v2\/types\/product"}],"replies":[{"embeddable":true,"href":"https:\/\/wavexia.com\/index.php?rest_route=%2Fwp%2Fv2%2Fcomments&post=3203"}],"wp:featuredmedia":[{"embeddable":true,"href":"https:\/\/wavexia.com\/index.php?rest_route=\/wp\/v2\/media\/3202"}],"wp:attachment":[{"href":"https:\/\/wavexia.com\/index.php?rest_route=%2Fwp%2Fv2%2Fmedia&parent=3203"}],"wp:term":[{"taxonomy":"pwb-brand","embeddable":true,"href":"https:\/\/wavexia.com\/index.php?rest_route=%2Fwp%2Fv2%2Fpwb-brand&post=3203"},{"taxonomy":"product_brand","embeddable":true,"href":"https:\/\/wavexia.com\/index.php?rest_route=%2Fwp%2Fv2%2Fproduct_brand&post=3203"},{"taxonomy":"product_cat","embeddable":true,"href":"https:\/\/wavexia.com\/index.php?rest_route=%2Fwp%2Fv2%2Fproduct_cat&post=3203"},{"taxonomy":"product_tag","embeddable":true,"href":"https:\/\/wavexia.com\/index.php?rest_route=%2Fwp%2Fv2%2Fproduct_tag&post=3203"}],"curies":[{"name":"wp","href":"https:\/\/api.w.org\/{rel}","templated":true}]}}