{"id":3193,"date":"2025-10-18T22:12:45","date_gmt":"2025-10-18T22:12:45","guid":{"rendered":"https:\/\/wavexia.com\/product\/beauty-of-joseon-sun-master-trio\/"},"modified":"2026-03-10T07:30:53","modified_gmt":"2026-03-10T07:30:53","slug":"beauty-of-joseon-sun-master-trio","status":"publish","type":"product","link":"https:\/\/wavexia.com\/?product=beauty-of-joseon-sun-master-trio","title":{"rendered":"Beauty of Joseon Sun Master Trio"},"content":{"rendered":"<h2>Description<\/h2>\n<p>D\u00e9couvrez le nec plus ultra en mati\u00e8re de protection solaire et de soin de la peau avec le Trio Soleil Beauty of Joseon Hanbang. Ce coffret exclusif comprend trois soins solaires formul\u00e9s avec expertise, chacun offrant une protection UV sup\u00e9rieure tout en r\u00e9pondant \u00e0 diff\u00e9rents besoins de la peau, tous inspir\u00e9s par la phytoth\u00e9rapie cor\u00e9enne traditionnelle, le Hanbang. Que vous recherchiez hydratation, fini mat ou bienfaits anti-\u00e2ge, ce trio offre une solution compl\u00e8te pour une peau saine et \u00e9clatante.<\/p>\n<p>Qu\u2019y a-t-il \u00e0 l\u2019int\u00e9rieur ?<\/p>\n<p>1. Relief Sun : Riz + Probiotiques (SPF50+ PA++++), 50 ml.<\/p>\n<p>Cet \u00e9cran solaire bio \u00e0 la texture l\u00e9g\u00e8re et onctueuse p\u00e9n\u00e8tre rapidement et laisse un fini hydratant non collant. Il contient 30 % d\u2019extrait de riz et des extraits de c\u00e9r\u00e9ales ferment\u00e9es, procurant une hydratation et une nutrition intenses \u00e0 la peau. Id\u00e9al pour un usage quotidien, il prot\u00e8ge la peau des rayons UV tout en pr\u00e9servant son \u00e9quilibre hydrique.<\/p>\n<p>Principaux avantages :<\/p>\n<ul>\n<li>Finition l\u00e9g\u00e8re et non collante<\/li>\n<li>Hydratation profonde avec 30% d\u2019extrait de riz<\/li>\n<li>Convient pour un usage quotidien<\/li>\n<li>Prot\u00e8ge contre les rayons UV<\/li>\n<\/ul>\n<p>2. Stick Solaire Mat : Armoise + Cam\u00e9lia (SPF 50+ PA++++), 18 g.<\/p>\n<p>Id\u00e9al pour une application nomade, ce stick solaire offre une protection optimale avec un fini mat. Enrichi en armoise et en th\u00e9 vert, il maintient la peau lisse et hydrat\u00e9e. Sa formule r\u00e9gule la production de s\u00e9bum, garantissant une peau fra\u00eeche et sans brillance, m\u00eame apr\u00e8s application de maquillage.<\/p>\n<p>Principaux avantages :<\/p>\n<ul>\n<li>Protection solaire portable avec finition mate<\/li>\n<li>Contr\u00f4le l\u2019exc\u00e8s de s\u00e9bum et la brillance<\/li>\n<li>Infus\u00e9 d\u2019armoise et de th\u00e9 vert pour une hydratation apaisante<\/li>\n<li>Application facile sur le maquillage<\/li>\n<\/ul>\n<p>Principaux avantages :<\/p>\n<ul>\n<li>Protection solaire portable avec finition mate<\/li>\n<li>Contr\u00f4le l\u2019exc\u00e8s de s\u00e9bum et la brillance<\/li>\n<li>Infus\u00e9 d\u2019armoise et de th\u00e9 vert pour une hydratation apaisante<\/li>\n<li>Application facile sur le maquillage<\/li>\n<\/ul>\n<p>3. S\u00e9rum solaire hydratant au ginseng (SPF 50+ PA++++), 50 ml.<\/p>\n<p>Luttez contre les signes de l\u2019\u00e2ge et prot\u00e9gez votre peau des rayons UV nocifs gr\u00e2ce \u00e0 ce s\u00e9rum solaire nourrissant.<\/p>\n<p>Infus\u00e9e d\u2019extrait de ginseng, cette formule prot\u00e8ge non seulement votre peau des m\u00e9faits du soleil, mais offre \u00e9galement des bienfaits anti-\u00e2ge, am\u00e9liorant son \u00e9lasticit\u00e9 et sa r\u00e9tention d\u2019eau. Sa texture l\u00e9g\u00e8re et non grasse assure un port confortable tout au long de la journ\u00e9e.<\/p>\n<p>Principaux avantages :<\/p>\n<ul>\n<li>Protection anti-\u00e2ge et UV<\/li>\n<li>L\u00e9ger et non gras<\/li>\n<li>Infus\u00e9 au ginseng pour une meilleure \u00e9lasticit\u00e9 de la peau<\/li>\n<li>Hydrate et nourrit la peau<\/li>\n<\/ul>\n<p>Luttez contre les signes de l\u2019\u00e2ge et prot\u00e9gez votre peau des rayons UV nocifs gr\u00e2ce \u00e0 ce s\u00e9rum nourrissant. Infus\u00e9e d\u2019extrait de ginseng, cette formule prot\u00e8ge non seulement votre peau des m\u00e9faits du soleil, mais offre \u00e9galement des bienfaits anti-\u00e2ge, am\u00e9liorant son \u00e9lasticit\u00e9 et sa r\u00e9tention d\u2019eau.<\/p>\n<p>B\u00e9n\u00e9ficiez d\u2019une protection compl\u00e8te et d\u2019un soin complet pour votre peau avec le Coffret Protection Sun Trio Beauty of Joseon, con\u00e7u pour r\u00e9pondre \u00e0 tous les besoins de votre peau face \u00e0 l\u2019exposition au soleil.<\/p>\n","protected":false},"excerpt":{"rendered":"<p>Description D\u00e9couvrez le nec plus ultra en mati\u00e8re de protection solaire et de soin de la peau avec le Trio Soleil Beauty of Joseon Hanbang. Ce coffret exclusif comprend trois soins solaires formul\u00e9s avec expertise, chacun offrant une protection UV sup\u00e9rieure tout en r\u00e9pondant \u00e0 diff\u00e9rents besoins de la peau, tous inspir\u00e9s par la phytoth\u00e9rapie [&hellip;]<\/p>\n","protected":false},"featured_media":3192,"comment_status":"open","ping_status":"closed","template":"","meta":{"content-type":"","_uag_custom_page_level_css":""},"pwb-brand":[],"product_brand":[],"product_cat":[354,331,328,334,340],"product_tag":[],"class_list":{"0":"post-3193","1":"product","2":"type-product","3":"status-publish","4":"has-post-thumbnail","6":"product_cat-beauty-of-joseon","7":"product_cat-idees-cadeaux","8":"product_cat-nouveautes","9":"product_cat-produits-coreens","10":"product_cat-protection-solaire","12":"first","13":"instock","14":"sale","15":"shipping-taxable","16":"purchasable","17":"product-type-simple"},"aioseo_notices":[],"uagb_featured_image_src":{"full":["https:\/\/wavexia.com\/wp-content\/uploads\/2025\/10\/IMG_4455.jpeg",1080,1080,false],"thumbnail":["https:\/\/wavexia.com\/wp-content\/uploads\/2025\/10\/IMG_4455-150x150.jpeg",150,150,true],"medium":["https:\/\/wavexia.com\/wp-content\/uploads\/2025\/10\/IMG_4455-300x300.jpeg",300,300,true],"medium_large":["https:\/\/wavexia.com\/wp-content\/uploads\/2025\/10\/IMG_4455-768x768.jpeg",768,768,true],"large":["https:\/\/wavexia.com\/wp-content\/uploads\/2025\/10\/IMG_4455-1024x1024.jpeg",1024,1024,true],"1536x1536":["https:\/\/wavexia.com\/wp-content\/uploads\/2025\/10\/IMG_4455.jpeg",1080,1080,false],"2048x2048":["https:\/\/wavexia.com\/wp-content\/uploads\/2025\/10\/IMG_4455.jpeg",1080,1080,false],"woocommerce_archive_thumbnail":["https:\/\/wavexia.com\/wp-content\/uploads\/2025\/10\/IMG_4455-300x300.jpeg",300,300,true],"woocommerce_thumbnail":["https:\/\/wavexia.com\/wp-content\/uploads\/2025\/10\/IMG_4455-300x300.jpeg",300,300,true],"woocommerce_single":["https:\/\/wavexia.com\/wp-content\/uploads\/2025\/10\/IMG_4455-600x600.jpeg",600,600,true],"woocommerce_gallery_thumbnail":["https:\/\/wavexia.com\/wp-content\/uploads\/2025\/10\/IMG_4455-100x100.jpeg",100,100,true]},"uagb_author_info":{"display_name":"zineddine.ayoub98@gmail.com","author_link":"https:\/\/wavexia.com\/?author=0"},"uagb_comment_info":0,"uagb_excerpt":"Description D\u00e9couvrez le nec plus ultra en mati\u00e8re de protection solaire et de soin de la peau avec le Trio Soleil Beauty of Joseon Hanbang. Ce coffret exclusif comprend trois soins solaires formul\u00e9s avec expertise, chacun offrant une protection UV sup\u00e9rieure tout en r\u00e9pondant \u00e0 diff\u00e9rents besoins de la peau, tous inspir\u00e9s par la phytoth\u00e9rapie&hellip;","brands":[],"_links":{"self":[{"href":"https:\/\/wavexia.com\/index.php?rest_route=\/wp\/v2\/product\/3193","targetHints":{"allow":["GET"]}}],"collection":[{"href":"https:\/\/wavexia.com\/index.php?rest_route=\/wp\/v2\/product"}],"about":[{"href":"https:\/\/wavexia.com\/index.php?rest_route=\/wp\/v2\/types\/product"}],"replies":[{"embeddable":true,"href":"https:\/\/wavexia.com\/index.php?rest_route=%2Fwp%2Fv2%2Fcomments&post=3193"}],"wp:featuredmedia":[{"embeddable":true,"href":"https:\/\/wavexia.com\/index.php?rest_route=\/wp\/v2\/media\/3192"}],"wp:attachment":[{"href":"https:\/\/wavexia.com\/index.php?rest_route=%2Fwp%2Fv2%2Fmedia&parent=3193"}],"wp:term":[{"taxonomy":"pwb-brand","embeddable":true,"href":"https:\/\/wavexia.com\/index.php?rest_route=%2Fwp%2Fv2%2Fpwb-brand&post=3193"},{"taxonomy":"product_brand","embeddable":true,"href":"https:\/\/wavexia.com\/index.php?rest_route=%2Fwp%2Fv2%2Fproduct_brand&post=3193"},{"taxonomy":"product_cat","embeddable":true,"href":"https:\/\/wavexia.com\/index.php?rest_route=%2Fwp%2Fv2%2Fproduct_cat&post=3193"},{"taxonomy":"product_tag","embeddable":true,"href":"https:\/\/wavexia.com\/index.php?rest_route=%2Fwp%2Fv2%2Fproduct_tag&post=3193"}],"curies":[{"name":"wp","href":"https:\/\/api.w.org\/{rel}","templated":true}]}}