{"id":3189,"date":"2025-10-18T22:12:39","date_gmt":"2025-10-18T22:12:39","guid":{"rendered":"https:\/\/wavexia.com\/product\/huda-beauty-topaz-obsessions-eyeshadow-palette\/"},"modified":"2026-03-10T07:30:53","modified_gmt":"2026-03-10T07:30:53","slug":"huda-beauty-topaz-obsessions-eyeshadow-palette","status":"publish","type":"product","link":"https:\/\/wavexia.com\/?product=huda-beauty-topaz-obsessions-eyeshadow-palette","title":{"rendered":"HUDA BEAUTY Topaz Obsessions Eyeshadow Palette"},"content":{"rendered":"<h2>Description<\/h2>\n<p dir=\"ltr\"><strong>Une palette d\u2019ombres \u00e0 paupi\u00e8res inspir\u00e9e par le topaze<\/strong><\/p>\n<p dir=\"ltr\">Vous r\u00eavez d\u2019un regard qui brille comme un diamant&nbsp;? Dans ce cas, ne passez pas \u00e0 c\u00f4t\u00e9 de la palette d\u2019ombres \u00e0 paupi\u00e8res Topaz Obsessions de Huda Beauty. Elle offre cinq fards mats cr\u00e9meux et quatre nuances intenses et scintillantes que vous pouvez combiner \u00e0 votre guise.<\/p>\n<p dir=\"ltr\"><strong>Caract\u00e9ristiques&nbsp;:<\/strong><\/p>\n<ul>\n<li value=\"1\">ombres \u00e0 paupi\u00e8res dot\u00e9es d\u2019une pigmentation intense<\/li>\n<li value=\"2\">faciles \u00e0 appliquer<\/li>\n<li value=\"3\">miroir pratique inclus<\/li>\n<li value=\"4\">fait partie de la collection Precious Stones<\/li>\n<\/ul>\n<p dir=\"ltr\"><strong>Utilisation&nbsp;:<\/strong><br \/>Appliquez les fards \u00e0 paupi\u00e8res de la palette Precious Stones sur les paupi\u00e8res du bout des doigts ou \u00e0 l\u2019aide d\u2019un pinceau.<\/p>\n","protected":false},"excerpt":{"rendered":"<p>Description Une palette d\u2019ombres \u00e0 paupi\u00e8res inspir\u00e9e par le topaze Vous r\u00eavez d\u2019un regard qui brille comme un diamant&nbsp;? Dans ce cas, ne passez pas \u00e0 c\u00f4t\u00e9 de la palette d\u2019ombres \u00e0 paupi\u00e8res Topaz Obsessions de Huda Beauty. Elle offre cinq fards mats cr\u00e9meux et quatre nuances intenses et scintillantes que vous pouvez combiner \u00e0 [&hellip;]<\/p>\n","protected":false},"featured_media":3188,"comment_status":"open","ping_status":"closed","template":"","meta":{"content-type":"","_uag_custom_page_level_css":""},"pwb-brand":[],"product_brand":[],"product_cat":[327,359,360],"product_tag":[],"class_list":{"0":"post-3189","1":"product","2":"type-product","3":"status-publish","4":"has-post-thumbnail","6":"product_cat-hmizat","7":"product_cat-huda-beauty","8":"product_cat-maquillage","10":"first","11":"instock","12":"sale","13":"shipping-taxable","14":"purchasable","15":"product-type-simple"},"aioseo_notices":[],"uagb_featured_image_src":{"full":["https:\/\/wavexia.com\/wp-content\/uploads\/2025\/10\/topaz-obsessions___210921.webp",404,450,false],"thumbnail":["https:\/\/wavexia.com\/wp-content\/uploads\/2025\/10\/topaz-obsessions___210921-150x150.webp",150,150,true],"medium":["https:\/\/wavexia.com\/wp-content\/uploads\/2025\/10\/topaz-obsessions___210921-269x300.webp",269,300,true],"medium_large":["https:\/\/wavexia.com\/wp-content\/uploads\/2025\/10\/topaz-obsessions___210921.webp",404,450,false],"large":["https:\/\/wavexia.com\/wp-content\/uploads\/2025\/10\/topaz-obsessions___210921.webp",404,450,false],"1536x1536":["https:\/\/wavexia.com\/wp-content\/uploads\/2025\/10\/topaz-obsessions___210921.webp",404,450,false],"2048x2048":["https:\/\/wavexia.com\/wp-content\/uploads\/2025\/10\/topaz-obsessions___210921.webp",404,450,false],"woocommerce_archive_thumbnail":["https:\/\/wavexia.com\/wp-content\/uploads\/2025\/10\/topaz-obsessions___210921-300x334.webp",300,334,true],"woocommerce_thumbnail":["https:\/\/wavexia.com\/wp-content\/uploads\/2025\/10\/topaz-obsessions___210921-300x300.webp",300,300,true],"woocommerce_single":["https:\/\/wavexia.com\/wp-content\/uploads\/2025\/10\/topaz-obsessions___210921.webp",404,450,false],"woocommerce_gallery_thumbnail":["https:\/\/wavexia.com\/wp-content\/uploads\/2025\/10\/topaz-obsessions___210921-100x100.webp",100,100,true]},"uagb_author_info":{"display_name":"zineddine.ayoub98@gmail.com","author_link":"https:\/\/wavexia.com\/?author=0"},"uagb_comment_info":0,"uagb_excerpt":"Description Une palette d\u2019ombres \u00e0 paupi\u00e8res inspir\u00e9e par le topaze Vous r\u00eavez d\u2019un regard qui brille comme un diamant&nbsp;? Dans ce cas, ne passez pas \u00e0 c\u00f4t\u00e9 de la palette d\u2019ombres \u00e0 paupi\u00e8res Topaz Obsessions de Huda Beauty. Elle offre cinq fards mats cr\u00e9meux et quatre nuances intenses et scintillantes que vous pouvez combiner \u00e0&hellip;","brands":[],"_links":{"self":[{"href":"https:\/\/wavexia.com\/index.php?rest_route=\/wp\/v2\/product\/3189","targetHints":{"allow":["GET"]}}],"collection":[{"href":"https:\/\/wavexia.com\/index.php?rest_route=\/wp\/v2\/product"}],"about":[{"href":"https:\/\/wavexia.com\/index.php?rest_route=\/wp\/v2\/types\/product"}],"replies":[{"embeddable":true,"href":"https:\/\/wavexia.com\/index.php?rest_route=%2Fwp%2Fv2%2Fcomments&post=3189"}],"wp:featuredmedia":[{"embeddable":true,"href":"https:\/\/wavexia.com\/index.php?rest_route=\/wp\/v2\/media\/3188"}],"wp:attachment":[{"href":"https:\/\/wavexia.com\/index.php?rest_route=%2Fwp%2Fv2%2Fmedia&parent=3189"}],"wp:term":[{"taxonomy":"pwb-brand","embeddable":true,"href":"https:\/\/wavexia.com\/index.php?rest_route=%2Fwp%2Fv2%2Fpwb-brand&post=3189"},{"taxonomy":"product_brand","embeddable":true,"href":"https:\/\/wavexia.com\/index.php?rest_route=%2Fwp%2Fv2%2Fproduct_brand&post=3189"},{"taxonomy":"product_cat","embeddable":true,"href":"https:\/\/wavexia.com\/index.php?rest_route=%2Fwp%2Fv2%2Fproduct_cat&post=3189"},{"taxonomy":"product_tag","embeddable":true,"href":"https:\/\/wavexia.com\/index.php?rest_route=%2Fwp%2Fv2%2Fproduct_tag&post=3189"}],"curies":[{"name":"wp","href":"https:\/\/api.w.org\/{rel}","templated":true}]}}