{"id":3179,"date":"2025-10-18T22:12:34","date_gmt":"2025-10-18T22:12:34","guid":{"rendered":"https:\/\/wavexia.com\/product\/numbuzin-no-2-water-collagen-65-voluming-sheet-mask\/"},"modified":"2026-03-10T07:30:53","modified_gmt":"2026-03-10T07:30:53","slug":"numbuzin-no-2-water-collagen-65-voluming-sheet-mask","status":"publish","type":"product","link":"https:\/\/wavexia.com\/?product=numbuzin-no-2-water-collagen-65-voluming-sheet-mask","title":{"rendered":"Numbuzin No.2 Water Collagen 65% Voluming Sheet Mask"},"content":{"rendered":"<h2>Description<\/h2>\n<p>Le No.2 Water Collagen 65% Volumizing Sheet Mask Numbuzin est un masque tissu anti-\u00e2ge qui est parfait pour tous ceux qui veulent revitaliser et rajeunir leur peau. Ce puissant masque tissu est imbib\u00e9 de collag\u00e8ne marin \u00e0 65 %, ainsi que d\u2019ad\u00e9nosine, de niacinamide et de poudre de perle, qui contribuent tous \u00e0 raffermir la peau tout en boostant son \u00e9lasticit\u00e9 et son \u00e9clat.<\/p>\n<p>Ce masque contient \u00e9galement de l\u2019\u00e9lastine et de l\u2019acide hyaluronique, connus pour hydrater la peau et lui donner un aspect rebondi et jeune. Avec une utilisation r\u00e9guli\u00e8re, le No.2 Water Collagen 65% Volumizing Sheet Mask Numbuzin peut aider \u00e0 r\u00e9duire l\u2019apparence des rides et des ridules, laissant ta peau plus lisse et plus souple.<\/p>\n<p><strong>Conseils d\u2019utilisation :<\/strong><\/p>\n<ul>\n<li>Apr\u00e8s le nettoyage, utilise un tonique pour lisser ton grain de peau.<\/li>\n<li>Sors le masque, enl\u00e8ve le film et applique-le sur ton visage en \u00e9vitant le contour des yeux.<\/li>\n<li>Laisse poser pendant environ 10 minutes puis retire le masque.<\/li>\n<li>Tapote l\u2019exc\u00e9dent d\u2019essence sur ta peau pour la faire p\u00e9n\u00e9trer.<\/li>\n<\/ul>\n<p><strong>Ingr\u00e9dients :<\/strong><\/p>\n<p>Extrait de collag\u00e8ne (65%), Eau, Glyc\u00e9rine, Dipropyl\u00e8ne Glycol, 1,2-Hexanediol, Butyl\u00e8ne Glycol, Niacinamide, Dim\u00e9thicone, Copolym\u00e8re PEG-240\/HDI Bis-D\u00e9cylt\u00e9trad\u00e9c\u00e9th-20 \u00c9ther, Copolym\u00e8re d\u2019Acryloyldim\u00e9thyltaurate d\u2019Ammonium\/VP, Hydroxy\u00e9thylcellulose, Cetearyl Olivate, Sorbitan Olivate, \u00c9thylhexylglyc\u00e9rine, Ad\u00e9nosine, Collag\u00e8ne, Extrait de Fleur de Melia Azadirachta, Extrait de Fruit de Coccinia Indica, Extrait de Feuille de Melia Azadirachta, Extrait de Fruit de Solanum Melongena (Aubergine), Propanediol, Extrait de Fleur d\u2019Aloe Barbadensis, Extrait de Racine de Curcuma Longa (Curcuma), Extrait de Corallina Officinalis, Extrait de Feuille d\u2019Ocimum Sanctum, Poudre de Perle, \u00c9lastine Hydrolys\u00e9e, Polyisobut\u00e8ne Hydrog\u00e9n\u00e9, Benzyl Glycol, Glycosamino glycans Hydrolys\u00e9s, Hyaluronate de Sodium, Extrait de Fleur d\u2019Hibiscus Sabdariffa, Extrait de Perle, Extrait de Fruit de Rosa Canina, Prot\u00e9ine Hydrolys\u00e9e de Conchioline, Hyaluronate de Sodium R\u00e9ticul\u00e9, Acide Hyaluronique Hydrolys\u00e9, Hydroxypropyltrimonium Hyaluronate, Glutathion, Acide Hyaluronique, Tripeptide de Cuivre-1, Extrait de Racine d\u2019Anemarrhena Asphodeloides, Hyaluronate Ac\u00e9tyl\u00e9 de Sodium, Tocoph\u00e9rol, Disodium EDTA, Parfum.<\/p>\n","protected":false},"excerpt":{"rendered":"<p>Description Le No.2 Water Collagen 65% Volumizing Sheet Mask Numbuzin est un masque tissu anti-\u00e2ge qui est parfait pour tous ceux qui veulent revitaliser et rajeunir leur peau. Ce puissant masque tissu est imbib\u00e9 de collag\u00e8ne marin \u00e0 65 %, ainsi que d\u2019ad\u00e9nosine, de niacinamide et de poudre de perle, qui contribuent tous \u00e0 raffermir [&hellip;]<\/p>\n","protected":false},"featured_media":3178,"comment_status":"open","ping_status":"closed","template":"","meta":{"content-type":"","_uag_custom_page_level_css":""},"pwb-brand":[],"product_brand":[],"product_cat":[327,343,328,346,334],"product_tag":[],"class_list":{"0":"post-3179","1":"product","2":"type-product","3":"status-publish","4":"has-post-thumbnail","6":"product_cat-hmizat","7":"product_cat-masque","8":"product_cat-nouveautes","9":"product_cat-numbuzin","10":"product_cat-produits-coreens","12":"first","13":"instock","14":"sale","15":"shipping-taxable","16":"purchasable","17":"product-type-simple"},"aioseo_notices":[],"uagb_featured_image_src":{"full":["https:\/\/wavexia.com\/wp-content\/uploads\/2025\/10\/512-93QN8LL.-SL1500-8018.jpg",1500,1500,false],"thumbnail":["https:\/\/wavexia.com\/wp-content\/uploads\/2025\/10\/512-93QN8LL.-SL1500-8018-150x150.jpg",150,150,true],"medium":["https:\/\/wavexia.com\/wp-content\/uploads\/2025\/10\/512-93QN8LL.-SL1500-8018-300x300.jpg",300,300,true],"medium_large":["https:\/\/wavexia.com\/wp-content\/uploads\/2025\/10\/512-93QN8LL.-SL1500-8018-768x768.jpg",768,768,true],"large":["https:\/\/wavexia.com\/wp-content\/uploads\/2025\/10\/512-93QN8LL.-SL1500-8018-1024x1024.jpg",1024,1024,true],"1536x1536":["https:\/\/wavexia.com\/wp-content\/uploads\/2025\/10\/512-93QN8LL.-SL1500-8018.jpg",1500,1500,false],"2048x2048":["https:\/\/wavexia.com\/wp-content\/uploads\/2025\/10\/512-93QN8LL.-SL1500-8018.jpg",1500,1500,false],"woocommerce_archive_thumbnail":["https:\/\/wavexia.com\/wp-content\/uploads\/2025\/10\/512-93QN8LL.-SL1500-8018-300x300.jpg",300,300,true],"woocommerce_thumbnail":["https:\/\/wavexia.com\/wp-content\/uploads\/2025\/10\/512-93QN8LL.-SL1500-8018-300x300.jpg",300,300,true],"woocommerce_single":["https:\/\/wavexia.com\/wp-content\/uploads\/2025\/10\/512-93QN8LL.-SL1500-8018-600x600.jpg",600,600,true],"woocommerce_gallery_thumbnail":["https:\/\/wavexia.com\/wp-content\/uploads\/2025\/10\/512-93QN8LL.-SL1500-8018-100x100.jpg",100,100,true]},"uagb_author_info":{"display_name":"zineddine.ayoub98@gmail.com","author_link":"https:\/\/wavexia.com\/?author=0"},"uagb_comment_info":0,"uagb_excerpt":"Description Le No.2 Water Collagen 65% Volumizing Sheet Mask Numbuzin est un masque tissu anti-\u00e2ge qui est parfait pour tous ceux qui veulent revitaliser et rajeunir leur peau. Ce puissant masque tissu est imbib\u00e9 de collag\u00e8ne marin \u00e0 65 %, ainsi que d\u2019ad\u00e9nosine, de niacinamide et de poudre de perle, qui contribuent tous \u00e0 raffermir&hellip;","brands":[],"_links":{"self":[{"href":"https:\/\/wavexia.com\/index.php?rest_route=\/wp\/v2\/product\/3179","targetHints":{"allow":["GET"]}}],"collection":[{"href":"https:\/\/wavexia.com\/index.php?rest_route=\/wp\/v2\/product"}],"about":[{"href":"https:\/\/wavexia.com\/index.php?rest_route=\/wp\/v2\/types\/product"}],"replies":[{"embeddable":true,"href":"https:\/\/wavexia.com\/index.php?rest_route=%2Fwp%2Fv2%2Fcomments&post=3179"}],"wp:featuredmedia":[{"embeddable":true,"href":"https:\/\/wavexia.com\/index.php?rest_route=\/wp\/v2\/media\/3178"}],"wp:attachment":[{"href":"https:\/\/wavexia.com\/index.php?rest_route=%2Fwp%2Fv2%2Fmedia&parent=3179"}],"wp:term":[{"taxonomy":"pwb-brand","embeddable":true,"href":"https:\/\/wavexia.com\/index.php?rest_route=%2Fwp%2Fv2%2Fpwb-brand&post=3179"},{"taxonomy":"product_brand","embeddable":true,"href":"https:\/\/wavexia.com\/index.php?rest_route=%2Fwp%2Fv2%2Fproduct_brand&post=3179"},{"taxonomy":"product_cat","embeddable":true,"href":"https:\/\/wavexia.com\/index.php?rest_route=%2Fwp%2Fv2%2Fproduct_cat&post=3179"},{"taxonomy":"product_tag","embeddable":true,"href":"https:\/\/wavexia.com\/index.php?rest_route=%2Fwp%2Fv2%2Fproduct_tag&post=3179"}],"curies":[{"name":"wp","href":"https:\/\/api.w.org\/{rel}","templated":true}]}}