{"id":3174,"date":"2025-10-18T22:12:30","date_gmt":"2025-10-18T22:12:30","guid":{"rendered":"https:\/\/wavexia.com\/product\/anua-zero-cast-moisturizing-finish-sunscreen-spf50-pa50ml\/"},"modified":"2026-03-10T07:30:53","modified_gmt":"2026-03-10T07:30:53","slug":"anua-zero-cast-moisturizing-finish-sunscreen-spf50-pa50ml","status":"publish","type":"product","link":"https:\/\/wavexia.com\/?product=anua-zero-cast-moisturizing-finish-sunscreen-spf50-pa50ml","title":{"rendered":"ANUA ZERO CAST MOISTURIZING FINISH SUNSCREEN SPF50+ PA+50ML"},"content":{"rendered":"<h2>Description<\/h2>\n<p>L\u2019\u00e9cran solaire au fini hydratant Anua Zero-Cast est un \u00e9cran solaire chimique r\u00e9sistant \u00e0 l\u2019eau qui offre une protection \u00e0 large spectre FPS 50 tout en gardant la peau hydrat\u00e9e en profondeur. Formul\u00e9 avec de l\u2019acide hyaluronique et de la glyc\u00e9rine, il procure une hydratation longue dur\u00e9e, ce qui le rend id\u00e9al pour un usage quotidien. L\u2019ajout de niacinamide et de panth\u00e9nol aide \u00e0 \u00e9quilibrer la production de s\u00e9bum et \u00e0 apaiser la peau, favorisant un teint calme et sain. Sa texture l\u00e9g\u00e8re et hydratante p\u00e9n\u00e8tre sans effort, laissant un fini \u00e9clatant et \u00e9clatant sans aucune trace blanche ni r\u00e9sidu gras. Test\u00e9 dermatologiquement pour \u00eatre non com\u00e9dog\u00e8ne, cet \u00e9cran solaire convient aux peaux sensibles et \u00e0 tous les types de peau.<\/p>\n<h5>Mode d\u2019emploi :<\/h5>\n<p>1. Appliquer une quantit\u00e9 suffisante sur la peau 15 minutes avant l\u2019exposition au soleil.<\/p>\n<p>2. Renouveler l\u2019application apr\u00e8s 80 minutes de transpiration ou d\u2019activit\u00e9s aquatiques pour une protection solaire optimale.<\/p>\n<p><strong>Ingr\u00e9dients :<\/strong><\/p>\n<p>Avobenzone, Homosalate, Octisalate, Octocryl\u00e8ne, Eau (Aqua), Salicylate de butyloctyle, Glyc\u00e9rine, Dim\u00e9thicone, Acrylate d\u2019alkyle poly C10-30, Copolym\u00e8re VP\/Eicos\u00e8ne, Alcool c\u00e9t\u00e9arylique, Niacinamide, St\u00e9aroyl glutamate de sodium, Polyacryloyldim\u00e9thyl Taurate d\u2019ammonium, Hydroxyac\u00e9toph\u00e9none, Ph\u00e9noxy\u00e9thanol, Ac\u00e9tate de tocoph\u00e9ryle, Panth\u00e9nol, Hydroxyhydrocinnamate de penta\u00e9rythrityle t\u00e9tra-di-t-butyle, Gomme de xanthane, 1,2-hexanediol, Hyaluronate de sodium<\/p>\n","protected":false},"excerpt":{"rendered":"<p>Description L\u2019\u00e9cran solaire au fini hydratant Anua Zero-Cast est un \u00e9cran solaire chimique r\u00e9sistant \u00e0 l\u2019eau qui offre une protection \u00e0 large spectre FPS 50 tout en gardant la peau hydrat\u00e9e en profondeur. Formul\u00e9 avec de l\u2019acide hyaluronique et de la glyc\u00e9rine, il procure une hydratation longue dur\u00e9e, ce qui le rend id\u00e9al pour un [&hellip;]<\/p>\n","protected":false},"featured_media":3173,"comment_status":"open","ping_status":"closed","template":"","meta":{"content-type":"","_uag_custom_page_level_css":""},"pwb-brand":[],"product_brand":[],"product_cat":[344,327,328,340],"product_tag":[],"class_list":{"0":"post-3174","1":"product","2":"type-product","3":"status-publish","4":"has-post-thumbnail","6":"product_cat-anua","7":"product_cat-hmizat","8":"product_cat-nouveautes","9":"product_cat-protection-solaire","11":"first","12":"instock","13":"sale","14":"shipping-taxable","15":"purchasable","16":"product-type-simple"},"aioseo_notices":[],"uagb_featured_image_src":{"full":["https:\/\/wavexia.com\/wp-content\/uploads\/2025\/10\/Zero-CastMoisturizingFinishSunscreen_grande_png.webp",600,600,false],"thumbnail":["https:\/\/wavexia.com\/wp-content\/uploads\/2025\/10\/Zero-CastMoisturizingFinishSunscreen_grande_png-150x150.webp",150,150,true],"medium":["https:\/\/wavexia.com\/wp-content\/uploads\/2025\/10\/Zero-CastMoisturizingFinishSunscreen_grande_png-300x300.webp",300,300,true],"medium_large":["https:\/\/wavexia.com\/wp-content\/uploads\/2025\/10\/Zero-CastMoisturizingFinishSunscreen_grande_png.webp",600,600,false],"large":["https:\/\/wavexia.com\/wp-content\/uploads\/2025\/10\/Zero-CastMoisturizingFinishSunscreen_grande_png.webp",600,600,false],"1536x1536":["https:\/\/wavexia.com\/wp-content\/uploads\/2025\/10\/Zero-CastMoisturizingFinishSunscreen_grande_png.webp",600,600,false],"2048x2048":["https:\/\/wavexia.com\/wp-content\/uploads\/2025\/10\/Zero-CastMoisturizingFinishSunscreen_grande_png.webp",600,600,false],"woocommerce_archive_thumbnail":["https:\/\/wavexia.com\/wp-content\/uploads\/2025\/10\/Zero-CastMoisturizingFinishSunscreen_grande_png-300x300.webp",300,300,true],"woocommerce_thumbnail":["https:\/\/wavexia.com\/wp-content\/uploads\/2025\/10\/Zero-CastMoisturizingFinishSunscreen_grande_png-300x300.webp",300,300,true],"woocommerce_single":["https:\/\/wavexia.com\/wp-content\/uploads\/2025\/10\/Zero-CastMoisturizingFinishSunscreen_grande_png.webp",600,600,false],"woocommerce_gallery_thumbnail":["https:\/\/wavexia.com\/wp-content\/uploads\/2025\/10\/Zero-CastMoisturizingFinishSunscreen_grande_png-100x100.webp",100,100,true]},"uagb_author_info":{"display_name":"zineddine.ayoub98@gmail.com","author_link":"https:\/\/wavexia.com\/?author=0"},"uagb_comment_info":0,"uagb_excerpt":"Description L\u2019\u00e9cran solaire au fini hydratant Anua Zero-Cast est un \u00e9cran solaire chimique r\u00e9sistant \u00e0 l\u2019eau qui offre une protection \u00e0 large spectre FPS 50 tout en gardant la peau hydrat\u00e9e en profondeur. Formul\u00e9 avec de l\u2019acide hyaluronique et de la glyc\u00e9rine, il procure une hydratation longue dur\u00e9e, ce qui le rend id\u00e9al pour un&hellip;","brands":[],"_links":{"self":[{"href":"https:\/\/wavexia.com\/index.php?rest_route=\/wp\/v2\/product\/3174","targetHints":{"allow":["GET"]}}],"collection":[{"href":"https:\/\/wavexia.com\/index.php?rest_route=\/wp\/v2\/product"}],"about":[{"href":"https:\/\/wavexia.com\/index.php?rest_route=\/wp\/v2\/types\/product"}],"replies":[{"embeddable":true,"href":"https:\/\/wavexia.com\/index.php?rest_route=%2Fwp%2Fv2%2Fcomments&post=3174"}],"wp:featuredmedia":[{"embeddable":true,"href":"https:\/\/wavexia.com\/index.php?rest_route=\/wp\/v2\/media\/3173"}],"wp:attachment":[{"href":"https:\/\/wavexia.com\/index.php?rest_route=%2Fwp%2Fv2%2Fmedia&parent=3174"}],"wp:term":[{"taxonomy":"pwb-brand","embeddable":true,"href":"https:\/\/wavexia.com\/index.php?rest_route=%2Fwp%2Fv2%2Fpwb-brand&post=3174"},{"taxonomy":"product_brand","embeddable":true,"href":"https:\/\/wavexia.com\/index.php?rest_route=%2Fwp%2Fv2%2Fproduct_brand&post=3174"},{"taxonomy":"product_cat","embeddable":true,"href":"https:\/\/wavexia.com\/index.php?rest_route=%2Fwp%2Fv2%2Fproduct_cat&post=3174"},{"taxonomy":"product_tag","embeddable":true,"href":"https:\/\/wavexia.com\/index.php?rest_route=%2Fwp%2Fv2%2Fproduct_tag&post=3174"}],"curies":[{"name":"wp","href":"https:\/\/api.w.org\/{rel}","templated":true}]}}