{"id":3169,"date":"2025-10-18T22:12:21","date_gmt":"2025-10-18T22:12:21","guid":{"rendered":"https:\/\/wavexia.com\/product\/medicube-pdrn-pink-cica-soothing-toner-250ml\/"},"modified":"2026-03-10T07:30:53","modified_gmt":"2026-03-10T07:30:53","slug":"medicube-pdrn-pink-cica-soothing-toner-250ml","status":"publish","type":"product","link":"https:\/\/wavexia.com\/?product=medicube-pdrn-pink-cica-soothing-toner-250ml","title":{"rendered":"MEDICUBE PDRN PINK CICA SOOTHING TONER 250ML"},"content":{"rendered":"<h2>Description<\/h2>\n<p>Enrichi en PDRN et en extrait de Centella Asiatica (Cica), ce tonique aide \u00e0 renforcer la barri\u00e8re cutan\u00e9e et \u00e0 r\u00e9duire les rougeurs. Sa texture l\u00e9g\u00e8re p\u00e9n\u00e8tre rapidement sans laisser de film gras, offrant une sensation de fra\u00eecheur imm\u00e9diate.<br \/>Il pr\u00e9pare id\u00e9alement la peau \u00e0 recevoir les soins suivants.<br \/>Pour un r\u00e9sultat optimal, appliquez le tonique Pdrn Pink Cica matin et soir apr\u00e8s le nettoyage. Imbibez un coton et tapotez d\u00e9licatement sur l\u2019ensemble du visage et du cou. Vous pouvez \u00e9galement l\u2019utiliser en lotion-masque en imbibant des cotons et en les appliquant sur les zones irrit\u00e9es pendant quelques minutes.<br \/>Que votre peau soit sujette aux rougeurs, \u00e0 l\u2019acn\u00e9 ou simplement en qu\u00eate d\u2019apaisement, le tonique Pdrn Pink Cica de MEDICUBE est un alli\u00e9 pr\u00e9cieux pour une peau saine et \u00e9quilibr\u00e9e. Il convient parfaitement aux peaux sensibles, r\u00e9actives et \u00e0 imperfections.<\/p>\n<p><strong>Recommand\u00e9 pour :<\/strong>&nbsp;peaux sensibles et \u00e0 imperfections<\/p>\n<p><strong>Conseils d\u2019utilisation :<\/strong><br \/>\u2022 Apr\u00e8s avoir nettoy\u00e9 votre visage, appliquez une quantit\u00e9 appropri\u00e9e de Medicube PDRN Pink Cica Soothing Toner sur un coton.<br \/>\u2022 Tapotez d\u00e9licatement le coton sur l\u2019ensemble du visage et du cou, en \u00e9vitant le contour des yeux.<br \/>\u2022 \u2060Laissez le toner p\u00e9n\u00e9trer compl\u00e8tement dans la peau avant d\u2019appliquer les \u00e9tapes suivantes de votre routine de soins.<\/p>\n<p>\u2022 Utiliser matin et soir apr\u00e8s le nettoyage pour des r\u00e9sultats optimaux.<\/p>\n<p><strong>Ingr\u00e9dients :&nbsp;<\/strong><br \/>Eau, Glyc\u00e9rine, Butyl\u00e8ne Glycol, Propanediol, 1,2-Hexanediol, Niacinamide, Panth\u00e9nol, Extrait de Centella Asiatica, Extrait de feuille de Houttuynia Cordata, Extrait de feuille de Cryptomeria Japonica, Extrait de racine de Pueraria Lobata, Extrait de racine de Glycyrrhiza Glabra (R\u00e9glisse), Extrait de fleur de Chamomilla Recutita (Matricaire), Extrait de racine de Polygonum Cuspidatum, Extrait de racine de Scutellaria Baicalensis, Extrait de feuille de Camellia Sinensis, Extrait de Rosmarinus Officinalis (Romarin), Allanto\u00efne, Hyaluronate de sodium, Ad\u00e9nosine, Polym\u00e8re crois\u00e9 d\u2019acrylate d\u2019alkyle en C10-30, Trom\u00e9thamine, Carbomer, EDTA disodique, Parfum.<\/p>\n","protected":false},"excerpt":{"rendered":"<p>Description Enrichi en PDRN et en extrait de Centella Asiatica (Cica), ce tonique aide \u00e0 renforcer la barri\u00e8re cutan\u00e9e et \u00e0 r\u00e9duire les rougeurs. Sa texture l\u00e9g\u00e8re p\u00e9n\u00e8tre rapidement sans laisser de film gras, offrant une sensation de fra\u00eecheur imm\u00e9diate.Il pr\u00e9pare id\u00e9alement la peau \u00e0 recevoir les soins suivants.Pour un r\u00e9sultat optimal, appliquez le tonique [&hellip;]<\/p>\n","protected":false},"featured_media":3168,"comment_status":"open","ping_status":"closed","template":"","meta":{"content-type":"","_uag_custom_page_level_css":""},"pwb-brand":[],"product_brand":[],"product_cat":[327,349,328,334,345],"product_tag":[],"class_list":{"0":"post-3169","1":"product","2":"type-product","3":"status-publish","4":"has-post-thumbnail","6":"product_cat-hmizat","7":"product_cat-medicube","8":"product_cat-nouveautes","9":"product_cat-produits-coreens","10":"product_cat-toner-pads","12":"first","13":"instock","14":"sale","15":"shipping-taxable","16":"purchasable","17":"product-type-simple"},"aioseo_notices":[],"uagb_featured_image_src":{"full":["https:\/\/wavexia.com\/wp-content\/uploads\/2025\/10\/MEDICUBEPDRNPinkCicaSoothingToner250ml-1.webp",1000,1000,false],"thumbnail":["https:\/\/wavexia.com\/wp-content\/uploads\/2025\/10\/MEDICUBEPDRNPinkCicaSoothingToner250ml-1-150x150.webp",150,150,true],"medium":["https:\/\/wavexia.com\/wp-content\/uploads\/2025\/10\/MEDICUBEPDRNPinkCicaSoothingToner250ml-1-300x300.webp",300,300,true],"medium_large":["https:\/\/wavexia.com\/wp-content\/uploads\/2025\/10\/MEDICUBEPDRNPinkCicaSoothingToner250ml-1-768x768.webp",768,768,true],"large":["https:\/\/wavexia.com\/wp-content\/uploads\/2025\/10\/MEDICUBEPDRNPinkCicaSoothingToner250ml-1.webp",1000,1000,false],"1536x1536":["https:\/\/wavexia.com\/wp-content\/uploads\/2025\/10\/MEDICUBEPDRNPinkCicaSoothingToner250ml-1.webp",1000,1000,false],"2048x2048":["https:\/\/wavexia.com\/wp-content\/uploads\/2025\/10\/MEDICUBEPDRNPinkCicaSoothingToner250ml-1.webp",1000,1000,false],"woocommerce_archive_thumbnail":["https:\/\/wavexia.com\/wp-content\/uploads\/2025\/10\/MEDICUBEPDRNPinkCicaSoothingToner250ml-1-300x300.webp",300,300,true],"woocommerce_thumbnail":["https:\/\/wavexia.com\/wp-content\/uploads\/2025\/10\/MEDICUBEPDRNPinkCicaSoothingToner250ml-1-300x300.webp",300,300,true],"woocommerce_single":["https:\/\/wavexia.com\/wp-content\/uploads\/2025\/10\/MEDICUBEPDRNPinkCicaSoothingToner250ml-1-600x600.webp",600,600,true],"woocommerce_gallery_thumbnail":["https:\/\/wavexia.com\/wp-content\/uploads\/2025\/10\/MEDICUBEPDRNPinkCicaSoothingToner250ml-1-100x100.webp",100,100,true]},"uagb_author_info":{"display_name":"zineddine.ayoub98@gmail.com","author_link":"https:\/\/wavexia.com\/?author=0"},"uagb_comment_info":0,"uagb_excerpt":"Description Enrichi en PDRN et en extrait de Centella Asiatica (Cica), ce tonique aide \u00e0 renforcer la barri\u00e8re cutan\u00e9e et \u00e0 r\u00e9duire les rougeurs. Sa texture l\u00e9g\u00e8re p\u00e9n\u00e8tre rapidement sans laisser de film gras, offrant une sensation de fra\u00eecheur imm\u00e9diate.Il pr\u00e9pare id\u00e9alement la peau \u00e0 recevoir les soins suivants.Pour un r\u00e9sultat optimal, appliquez le tonique&hellip;","brands":[],"_links":{"self":[{"href":"https:\/\/wavexia.com\/index.php?rest_route=\/wp\/v2\/product\/3169","targetHints":{"allow":["GET"]}}],"collection":[{"href":"https:\/\/wavexia.com\/index.php?rest_route=\/wp\/v2\/product"}],"about":[{"href":"https:\/\/wavexia.com\/index.php?rest_route=\/wp\/v2\/types\/product"}],"replies":[{"embeddable":true,"href":"https:\/\/wavexia.com\/index.php?rest_route=%2Fwp%2Fv2%2Fcomments&post=3169"}],"wp:featuredmedia":[{"embeddable":true,"href":"https:\/\/wavexia.com\/index.php?rest_route=\/wp\/v2\/media\/3168"}],"wp:attachment":[{"href":"https:\/\/wavexia.com\/index.php?rest_route=%2Fwp%2Fv2%2Fmedia&parent=3169"}],"wp:term":[{"taxonomy":"pwb-brand","embeddable":true,"href":"https:\/\/wavexia.com\/index.php?rest_route=%2Fwp%2Fv2%2Fpwb-brand&post=3169"},{"taxonomy":"product_brand","embeddable":true,"href":"https:\/\/wavexia.com\/index.php?rest_route=%2Fwp%2Fv2%2Fproduct_brand&post=3169"},{"taxonomy":"product_cat","embeddable":true,"href":"https:\/\/wavexia.com\/index.php?rest_route=%2Fwp%2Fv2%2Fproduct_cat&post=3169"},{"taxonomy":"product_tag","embeddable":true,"href":"https:\/\/wavexia.com\/index.php?rest_route=%2Fwp%2Fv2%2Fproduct_tag&post=3169"}],"curies":[{"name":"wp","href":"https:\/\/api.w.org\/{rel}","templated":true}]}}