{"id":3167,"date":"2025-10-18T22:12:20","date_gmt":"2025-10-18T22:12:20","guid":{"rendered":"https:\/\/wavexia.com\/product\/neocell-collagene-marin-120-capsules\/"},"modified":"2026-03-10T07:30:53","modified_gmt":"2026-03-10T07:30:53","slug":"neocell-collagene-marin-120-capsules","status":"publish","type":"product","link":"https:\/\/wavexia.com\/?product=neocell-collagene-marin-120-capsules","title":{"rendered":"NeoCell, Collag\u00e8ne marin, 120 capsules"},"content":{"rendered":"<h2>Description<\/h2>\n<p>Nourrissez votre bonheur et entretenez votre beaut\u00e9 int\u00e9rieure gr\u00e2ce \u00e0 notre Collag\u00e8ne marin. Il contient deux ingr\u00e9dients puissants&nbsp;: de l\u2019acide hyaluronique et du collag\u00e8ne. L\u2019acide hyaluronique est un nutriment essentiel \u00e0 l\u2019hydratation des tissus, tandis que le collag\u00e8ne est responsable de l\u2019int\u00e9grit\u00e9 structurelle de la peau. Ensemble, ils agissent de l\u2019int\u00e9rieur par synergie pour favoriser une peau \u00e9clatante de sant\u00e9.<\/p>\n","protected":false},"excerpt":{"rendered":"<p>Description Nourrissez votre bonheur et entretenez votre beaut\u00e9 int\u00e9rieure gr\u00e2ce \u00e0 notre Collag\u00e8ne marin. Il contient deux ingr\u00e9dients puissants&nbsp;: de l\u2019acide hyaluronique et du collag\u00e8ne. L\u2019acide hyaluronique est un nutriment essentiel \u00e0 l\u2019hydratation des tissus, tandis que le collag\u00e8ne est responsable de l\u2019int\u00e9grit\u00e9 structurelle de la peau. Ensemble, ils agissent de l\u2019int\u00e9rieur par synergie pour [&hellip;]<\/p>\n","protected":false},"featured_media":3166,"comment_status":"open","ping_status":"closed","template":"","meta":{"content-type":"","_uag_custom_page_level_css":""},"pwb-brand":[],"product_brand":[],"product_cat":[330],"product_tag":[],"class_list":{"0":"post-3167","1":"product","2":"type-product","3":"status-publish","4":"has-post-thumbnail","6":"product_cat-complements-alimentaires","8":"first","9":"instock","10":"sale","11":"shipping-taxable","12":"purchasable","13":"product-type-simple"},"aioseo_notices":[],"uagb_featured_image_src":{"full":["https:\/\/wavexia.com\/wp-content\/uploads\/2025\/10\/4a6e157b153f6af1851790575a04c453.jpeg",600,726,false],"thumbnail":["https:\/\/wavexia.com\/wp-content\/uploads\/2025\/10\/4a6e157b153f6af1851790575a04c453-150x150.jpeg",150,150,true],"medium":["https:\/\/wavexia.com\/wp-content\/uploads\/2025\/10\/4a6e157b153f6af1851790575a04c453-248x300.jpeg",248,300,true],"medium_large":["https:\/\/wavexia.com\/wp-content\/uploads\/2025\/10\/4a6e157b153f6af1851790575a04c453.jpeg",600,726,false],"large":["https:\/\/wavexia.com\/wp-content\/uploads\/2025\/10\/4a6e157b153f6af1851790575a04c453.jpeg",600,726,false],"1536x1536":["https:\/\/wavexia.com\/wp-content\/uploads\/2025\/10\/4a6e157b153f6af1851790575a04c453.jpeg",600,726,false],"2048x2048":["https:\/\/wavexia.com\/wp-content\/uploads\/2025\/10\/4a6e157b153f6af1851790575a04c453.jpeg",600,726,false],"woocommerce_archive_thumbnail":["https:\/\/wavexia.com\/wp-content\/uploads\/2025\/10\/4a6e157b153f6af1851790575a04c453-300x363.jpeg",300,363,true],"woocommerce_thumbnail":["https:\/\/wavexia.com\/wp-content\/uploads\/2025\/10\/4a6e157b153f6af1851790575a04c453-300x300.jpeg",300,300,true],"woocommerce_single":["https:\/\/wavexia.com\/wp-content\/uploads\/2025\/10\/4a6e157b153f6af1851790575a04c453.jpeg",600,726,false],"woocommerce_gallery_thumbnail":["https:\/\/wavexia.com\/wp-content\/uploads\/2025\/10\/4a6e157b153f6af1851790575a04c453-100x100.jpeg",100,100,true]},"uagb_author_info":{"display_name":"zineddine.ayoub98@gmail.com","author_link":"https:\/\/wavexia.com\/?author=0"},"uagb_comment_info":0,"uagb_excerpt":"Description Nourrissez votre bonheur et entretenez votre beaut\u00e9 int\u00e9rieure gr\u00e2ce \u00e0 notre Collag\u00e8ne marin. Il contient deux ingr\u00e9dients puissants&nbsp;: de l\u2019acide hyaluronique et du collag\u00e8ne. L\u2019acide hyaluronique est un nutriment essentiel \u00e0 l\u2019hydratation des tissus, tandis que le collag\u00e8ne est responsable de l\u2019int\u00e9grit\u00e9 structurelle de la peau. Ensemble, ils agissent de l\u2019int\u00e9rieur par synergie pour&hellip;","brands":[],"_links":{"self":[{"href":"https:\/\/wavexia.com\/index.php?rest_route=\/wp\/v2\/product\/3167","targetHints":{"allow":["GET"]}}],"collection":[{"href":"https:\/\/wavexia.com\/index.php?rest_route=\/wp\/v2\/product"}],"about":[{"href":"https:\/\/wavexia.com\/index.php?rest_route=\/wp\/v2\/types\/product"}],"replies":[{"embeddable":true,"href":"https:\/\/wavexia.com\/index.php?rest_route=%2Fwp%2Fv2%2Fcomments&post=3167"}],"wp:featuredmedia":[{"embeddable":true,"href":"https:\/\/wavexia.com\/index.php?rest_route=\/wp\/v2\/media\/3166"}],"wp:attachment":[{"href":"https:\/\/wavexia.com\/index.php?rest_route=%2Fwp%2Fv2%2Fmedia&parent=3167"}],"wp:term":[{"taxonomy":"pwb-brand","embeddable":true,"href":"https:\/\/wavexia.com\/index.php?rest_route=%2Fwp%2Fv2%2Fpwb-brand&post=3167"},{"taxonomy":"product_brand","embeddable":true,"href":"https:\/\/wavexia.com\/index.php?rest_route=%2Fwp%2Fv2%2Fproduct_brand&post=3167"},{"taxonomy":"product_cat","embeddable":true,"href":"https:\/\/wavexia.com\/index.php?rest_route=%2Fwp%2Fv2%2Fproduct_cat&post=3167"},{"taxonomy":"product_tag","embeddable":true,"href":"https:\/\/wavexia.com\/index.php?rest_route=%2Fwp%2Fv2%2Fproduct_tag&post=3167"}],"curies":[{"name":"wp","href":"https:\/\/api.w.org\/{rel}","templated":true}]}}