{"id":3165,"date":"2025-10-18T22:12:19","date_gmt":"2025-10-18T22:12:19","guid":{"rendered":"https:\/\/wavexia.com\/product\/futurebiotics-vitamin-k2-d3-extra-strength-120-capsules\/"},"modified":"2026-03-10T07:30:53","modified_gmt":"2026-03-10T07:30:53","slug":"futurebiotics-vitamin-k2-d3-extra-strength-120-capsules","status":"publish","type":"product","link":"https:\/\/wavexia.com\/?product=futurebiotics-vitamin-k2-d3-extra-strength-120-capsules","title":{"rendered":"Futurebiotics Vitamin K2 + D3, Extra Strength, 120 Capsules"},"content":{"rendered":"<h2>Description<\/h2>\n<p>Vitamine K2 sous forme de MK-7 Bone &amp; Heart Support Formule 2 en 1 sans gluten ni soja Compl\u00e9ment alimentaire test\u00e9 en laboratoire sans OGM Futurebiotics La vitamine K2 + D3 fournit le compl\u00e9ment parfait. Bien que les avantages de la vitamine D soient bien connus, beaucoup ne r\u00e9alisent pas que la vitamine D a besoin de vitamine K2 pour maximiser ses avantages. Cette formule aide \u00e0 la bonne absorption du calcium avec la D3, tout en assurant la bonne distribution dans vos os l\u00e0 o\u00f9 vous en avez le plus besoin. Futurebiotics K2 + D3 sont vraiment la paire parfaite pour un soutien sain des os et du c\u0153ur.<\/p>\n<h5>utilisation:<\/h5>\n<p>En compl\u00e9ment alimentaire chez l\u2019adulte, prenez 1 capsule par jour, de pr\u00e9f\u00e9rence durant un repas ou tel que prescrit par un professionnel de la sant\u00e9.<\/p>\n","protected":false},"excerpt":{"rendered":"<p>Description Vitamine K2 sous forme de MK-7 Bone &amp; Heart Support Formule 2 en 1 sans gluten ni soja Compl\u00e9ment alimentaire test\u00e9 en laboratoire sans OGM Futurebiotics La vitamine K2 + D3 fournit le compl\u00e9ment parfait. Bien que les avantages de la vitamine D soient bien connus, beaucoup ne r\u00e9alisent pas que la vitamine D [&hellip;]<\/p>\n","protected":false},"featured_media":3164,"comment_status":"open","ping_status":"closed","template":"","meta":{"content-type":"","_uag_custom_page_level_css":""},"pwb-brand":[],"product_brand":[],"product_cat":[330],"product_tag":[],"class_list":{"0":"post-3165","1":"product","2":"type-product","3":"status-publish","4":"has-post-thumbnail","6":"product_cat-complements-alimentaires","8":"first","9":"instock","10":"shipping-taxable","11":"purchasable","12":"product-type-simple"},"aioseo_notices":[],"uagb_featured_image_src":{"full":["https:\/\/wavexia.com\/wp-content\/uploads\/2025\/10\/FUTUREBIOTICS-VITAMINE-K2-D3-EXTRA.jpg",800,800,false],"thumbnail":["https:\/\/wavexia.com\/wp-content\/uploads\/2025\/10\/FUTUREBIOTICS-VITAMINE-K2-D3-EXTRA-150x150.jpg",150,150,true],"medium":["https:\/\/wavexia.com\/wp-content\/uploads\/2025\/10\/FUTUREBIOTICS-VITAMINE-K2-D3-EXTRA-300x300.jpg",300,300,true],"medium_large":["https:\/\/wavexia.com\/wp-content\/uploads\/2025\/10\/FUTUREBIOTICS-VITAMINE-K2-D3-EXTRA-768x768.jpg",768,768,true],"large":["https:\/\/wavexia.com\/wp-content\/uploads\/2025\/10\/FUTUREBIOTICS-VITAMINE-K2-D3-EXTRA.jpg",800,800,false],"1536x1536":["https:\/\/wavexia.com\/wp-content\/uploads\/2025\/10\/FUTUREBIOTICS-VITAMINE-K2-D3-EXTRA.jpg",800,800,false],"2048x2048":["https:\/\/wavexia.com\/wp-content\/uploads\/2025\/10\/FUTUREBIOTICS-VITAMINE-K2-D3-EXTRA.jpg",800,800,false],"woocommerce_archive_thumbnail":["https:\/\/wavexia.com\/wp-content\/uploads\/2025\/10\/FUTUREBIOTICS-VITAMINE-K2-D3-EXTRA-300x300.jpg",300,300,true],"woocommerce_thumbnail":["https:\/\/wavexia.com\/wp-content\/uploads\/2025\/10\/FUTUREBIOTICS-VITAMINE-K2-D3-EXTRA-300x300.jpg",300,300,true],"woocommerce_single":["https:\/\/wavexia.com\/wp-content\/uploads\/2025\/10\/FUTUREBIOTICS-VITAMINE-K2-D3-EXTRA-600x600.jpg",600,600,true],"woocommerce_gallery_thumbnail":["https:\/\/wavexia.com\/wp-content\/uploads\/2025\/10\/FUTUREBIOTICS-VITAMINE-K2-D3-EXTRA-100x100.jpg",100,100,true]},"uagb_author_info":{"display_name":"zineddine.ayoub98@gmail.com","author_link":"https:\/\/wavexia.com\/?author=0"},"uagb_comment_info":0,"uagb_excerpt":"Description Vitamine K2 sous forme de MK-7 Bone &amp; Heart Support Formule 2 en 1 sans gluten ni soja Compl\u00e9ment alimentaire test\u00e9 en laboratoire sans OGM Futurebiotics La vitamine K2 + D3 fournit le compl\u00e9ment parfait. Bien que les avantages de la vitamine D soient bien connus, beaucoup ne r\u00e9alisent pas que la vitamine D&hellip;","brands":[],"_links":{"self":[{"href":"https:\/\/wavexia.com\/index.php?rest_route=\/wp\/v2\/product\/3165","targetHints":{"allow":["GET"]}}],"collection":[{"href":"https:\/\/wavexia.com\/index.php?rest_route=\/wp\/v2\/product"}],"about":[{"href":"https:\/\/wavexia.com\/index.php?rest_route=\/wp\/v2\/types\/product"}],"replies":[{"embeddable":true,"href":"https:\/\/wavexia.com\/index.php?rest_route=%2Fwp%2Fv2%2Fcomments&post=3165"}],"wp:featuredmedia":[{"embeddable":true,"href":"https:\/\/wavexia.com\/index.php?rest_route=\/wp\/v2\/media\/3164"}],"wp:attachment":[{"href":"https:\/\/wavexia.com\/index.php?rest_route=%2Fwp%2Fv2%2Fmedia&parent=3165"}],"wp:term":[{"taxonomy":"pwb-brand","embeddable":true,"href":"https:\/\/wavexia.com\/index.php?rest_route=%2Fwp%2Fv2%2Fpwb-brand&post=3165"},{"taxonomy":"product_brand","embeddable":true,"href":"https:\/\/wavexia.com\/index.php?rest_route=%2Fwp%2Fv2%2Fproduct_brand&post=3165"},{"taxonomy":"product_cat","embeddable":true,"href":"https:\/\/wavexia.com\/index.php?rest_route=%2Fwp%2Fv2%2Fproduct_cat&post=3165"},{"taxonomy":"product_tag","embeddable":true,"href":"https:\/\/wavexia.com\/index.php?rest_route=%2Fwp%2Fv2%2Fproduct_tag&post=3165"}],"curies":[{"name":"wp","href":"https:\/\/api.w.org\/{rel}","templated":true}]}}