{"id":3151,"date":"2025-10-18T22:12:03","date_gmt":"2025-10-18T22:12:03","guid":{"rendered":"https:\/\/wavexia.com\/product\/solaray-berberine-berberine-500-mg-60-gelules\/"},"modified":"2026-03-10T07:30:53","modified_gmt":"2026-03-10T07:30:53","slug":"solaray-berberine-berberine-500-mg-60-gelules","status":"publish","type":"product","link":"https:\/\/wavexia.com\/?product=solaray-berberine-berberine-500-mg-60-gelules","title":{"rendered":"Solaray Berb\u00e9rine ( BERBERINE ), 500 mg, 60 g\u00e9lules"},"content":{"rendered":"<h2>Description<\/h2>\n<p><b>Cure de 60 jours<\/b>La berb\u00e9rine est un alcalo\u00efde naturel qui se trouve dans une grande vari\u00e9t\u00e9 d\u2019herbes traditionnelles, parmi lesquelles l\u2019hydraste, l\u2019\u00e9pic\u00e9a et le raisin d\u2019Oregon. De nombreux herboristes attribuent cet alcalo\u00efde unique aux avantages des anciens toniques \u00e0 base de plantes utilis\u00e9s par les populations indig\u00e8nes du monde entier. La Berb\u00e9rine de marque Paradise fournit une garantie de 500 mg de chlorhydrate de Berb\u00e9rine pur, d\u00e9riv\u00e9 naturellement du curcuma am\u00e9ricain.<br \/>La berb\u00e9rine est pr\u00e9f\u00e9r\u00e9e des herboristes car elle peut aider \u00e0 soutenir la sant\u00e9 cardiovasculaire globale. Il a \u00e9t\u00e9 d\u00e9montr\u00e9 que la berb\u00e9rine supporte d\u00e9j\u00e0 des taux de cholest\u00e9rol et de glucose sains se situant d\u00e9j\u00e0 dans les limites de la normale. Cette action combin\u00e9e distingue la berb\u00e9rine des autres suppl\u00e9ments \u00e0 base de plantes ou des formules sp\u00e9cialis\u00e9es pour la sant\u00e9 cardiaque qui se concentrent g\u00e9n\u00e9ralement sur le glucose ou la sant\u00e9 du cholest\u00e9rol, mais pas sur les deux.<br \/>Science soutient les avantages historiques et futurs<br \/>Des milliers d\u2019\u00e9tudes ont \u00e9t\u00e9 publi\u00e9es sur la berberine au cours de la derni\u00e8re d\u00e9cennie et indiquent que bon nombre des avantages observ\u00e9s avec Berberine pourraient \u00eatre li\u00e9s \u00e0 son action sur une enzyme importante appel\u00e9e AMPK (prot\u00e9ine kinase activ\u00e9e par l\u2019ad\u00e9nosine monophosphate). L\u2019AMPK est une enzyme syst\u00e9mique qui influence la mani\u00e8re dont le corps cr\u00e9e et utilise l\u2019\u00e9nergie cellulaire. Cette action a un effet en cascade sur une grande vari\u00e9t\u00e9 de processus m\u00e9taboliques, de sant\u00e9 cellulaire et plus encore. On pense maintenant que l\u2019activation d\u2019AMPK est le m\u00e9canisme d\u2019action central derri\u00e8re les b\u00e9n\u00e9fices de Berberine.<\/p>\n","protected":false},"excerpt":{"rendered":"<p>Description Cure de 60 joursLa berb\u00e9rine est un alcalo\u00efde naturel qui se trouve dans une grande vari\u00e9t\u00e9 d\u2019herbes traditionnelles, parmi lesquelles l\u2019hydraste, l\u2019\u00e9pic\u00e9a et le raisin d\u2019Oregon. De nombreux herboristes attribuent cet alcalo\u00efde unique aux avantages des anciens toniques \u00e0 base de plantes utilis\u00e9s par les populations indig\u00e8nes du monde entier. La Berb\u00e9rine de marque [&hellip;]<\/p>\n","protected":false},"featured_media":3150,"comment_status":"open","ping_status":"closed","template":"","meta":{"content-type":"","_uag_custom_page_level_css":""},"pwb-brand":[],"product_brand":[],"product_cat":[330],"product_tag":[],"class_list":{"0":"post-3151","1":"product","2":"type-product","3":"status-publish","4":"has-post-thumbnail","6":"product_cat-complements-alimentaires","8":"first","9":"instock","10":"sale","11":"shipping-taxable","12":"purchasable","13":"product-type-simple"},"aioseo_notices":[],"uagb_featured_image_src":{"full":["https:\/\/wavexia.com\/wp-content\/uploads\/2025\/10\/SOLARAY-BERBERINE-500-MG-HERBAL-SUPPORT-VEGCAPS.jpg",635,735,false],"thumbnail":["https:\/\/wavexia.com\/wp-content\/uploads\/2025\/10\/SOLARAY-BERBERINE-500-MG-HERBAL-SUPPORT-VEGCAPS-150x150.jpg",150,150,true],"medium":["https:\/\/wavexia.com\/wp-content\/uploads\/2025\/10\/SOLARAY-BERBERINE-500-MG-HERBAL-SUPPORT-VEGCAPS-259x300.jpg",259,300,true],"medium_large":["https:\/\/wavexia.com\/wp-content\/uploads\/2025\/10\/SOLARAY-BERBERINE-500-MG-HERBAL-SUPPORT-VEGCAPS.jpg",635,735,false],"large":["https:\/\/wavexia.com\/wp-content\/uploads\/2025\/10\/SOLARAY-BERBERINE-500-MG-HERBAL-SUPPORT-VEGCAPS.jpg",635,735,false],"1536x1536":["https:\/\/wavexia.com\/wp-content\/uploads\/2025\/10\/SOLARAY-BERBERINE-500-MG-HERBAL-SUPPORT-VEGCAPS.jpg",635,735,false],"2048x2048":["https:\/\/wavexia.com\/wp-content\/uploads\/2025\/10\/SOLARAY-BERBERINE-500-MG-HERBAL-SUPPORT-VEGCAPS.jpg",635,735,false],"woocommerce_archive_thumbnail":["https:\/\/wavexia.com\/wp-content\/uploads\/2025\/10\/SOLARAY-BERBERINE-500-MG-HERBAL-SUPPORT-VEGCAPS-300x347.jpg",300,347,true],"woocommerce_thumbnail":["https:\/\/wavexia.com\/wp-content\/uploads\/2025\/10\/SOLARAY-BERBERINE-500-MG-HERBAL-SUPPORT-VEGCAPS-300x300.jpg",300,300,true],"woocommerce_single":["https:\/\/wavexia.com\/wp-content\/uploads\/2025\/10\/SOLARAY-BERBERINE-500-MG-HERBAL-SUPPORT-VEGCAPS-600x694.jpg",600,694,true],"woocommerce_gallery_thumbnail":["https:\/\/wavexia.com\/wp-content\/uploads\/2025\/10\/SOLARAY-BERBERINE-500-MG-HERBAL-SUPPORT-VEGCAPS-100x100.jpg",100,100,true]},"uagb_author_info":{"display_name":"zineddine.ayoub98@gmail.com","author_link":"https:\/\/wavexia.com\/?author=0"},"uagb_comment_info":0,"uagb_excerpt":"Description Cure de 60 joursLa berb\u00e9rine est un alcalo\u00efde naturel qui se trouve dans une grande vari\u00e9t\u00e9 d\u2019herbes traditionnelles, parmi lesquelles l\u2019hydraste, l\u2019\u00e9pic\u00e9a et le raisin d\u2019Oregon. De nombreux herboristes attribuent cet alcalo\u00efde unique aux avantages des anciens toniques \u00e0 base de plantes utilis\u00e9s par les populations indig\u00e8nes du monde entier. La Berb\u00e9rine de marque&hellip;","brands":[],"_links":{"self":[{"href":"https:\/\/wavexia.com\/index.php?rest_route=\/wp\/v2\/product\/3151","targetHints":{"allow":["GET"]}}],"collection":[{"href":"https:\/\/wavexia.com\/index.php?rest_route=\/wp\/v2\/product"}],"about":[{"href":"https:\/\/wavexia.com\/index.php?rest_route=\/wp\/v2\/types\/product"}],"replies":[{"embeddable":true,"href":"https:\/\/wavexia.com\/index.php?rest_route=%2Fwp%2Fv2%2Fcomments&post=3151"}],"wp:featuredmedia":[{"embeddable":true,"href":"https:\/\/wavexia.com\/index.php?rest_route=\/wp\/v2\/media\/3150"}],"wp:attachment":[{"href":"https:\/\/wavexia.com\/index.php?rest_route=%2Fwp%2Fv2%2Fmedia&parent=3151"}],"wp:term":[{"taxonomy":"pwb-brand","embeddable":true,"href":"https:\/\/wavexia.com\/index.php?rest_route=%2Fwp%2Fv2%2Fpwb-brand&post=3151"},{"taxonomy":"product_brand","embeddable":true,"href":"https:\/\/wavexia.com\/index.php?rest_route=%2Fwp%2Fv2%2Fproduct_brand&post=3151"},{"taxonomy":"product_cat","embeddable":true,"href":"https:\/\/wavexia.com\/index.php?rest_route=%2Fwp%2Fv2%2Fproduct_cat&post=3151"},{"taxonomy":"product_tag","embeddable":true,"href":"https:\/\/wavexia.com\/index.php?rest_route=%2Fwp%2Fv2%2Fproduct_tag&post=3151"}],"curies":[{"name":"wp","href":"https:\/\/api.w.org\/{rel}","templated":true}]}}