{"id":3147,"date":"2025-10-18T22:11:53","date_gmt":"2025-10-18T22:11:53","guid":{"rendered":"https:\/\/wavexia.com\/product\/axis-y-lip-eye-set\/"},"modified":"2026-03-10T07:30:53","modified_gmt":"2026-03-10T07:30:53","slug":"axis-y-lip-eye-set","status":"publish","type":"product","link":"https:\/\/wavexia.com\/?product=axis-y-lip-eye-set","title":{"rendered":"AXIS-Y LIP &#038; EYE SET"},"content":{"rendered":"<h2>Description<\/h2>\n<div class=\"product__block product__description rte block-padding\">\n<div class=\"product__description__content rte\">\n<div class=\"toggle-ellipsis__content\" data-content=\"\">\n<h3 data-start=\"283\" data-end=\"304\"><span dir=\"auto\">Coffret L\u00e8vres et Yeux<\/span><\/h3>\n<p data-start=\"305\" data-end=\"343\"><strong data-start=\"305\" data-end=\"341\"><span dir=\"auto\">L\u2019\u00e9clat rencontre le soin dans chaque d\u00e9tail.<\/span><\/strong><\/p>\n<p data-start=\"345\" data-end=\"607\"><span dir=\"auto\">Compl\u00e9tez votre rituel de soin avec le duo parfait pour vos traits les plus d\u00e9licats&nbsp;: l\u00e8vres et yeux. Ce coffret comprend notre <\/span><strong data-start=\"472\" data-end=\"506\"><span dir=\"auto\">huile \u00e0 l\u00e8vres Dreamy Olive Vita Glow<\/span><\/strong><span dir=\"auto\"> et notre <\/span><strong data-start=\"511\" data-end=\"539\"><span dir=\"auto\">s\u00e9rum contour des yeux au collag\u00e8ne vegan<\/span><\/strong><span dir=\"auto\"> , con\u00e7us pour hydrater, lisser et illuminer les zones sensibles.<\/span><\/p>\n<p data-start=\"614\" data-end=\"940\"><strong data-start=\"617\" data-end=\"651\"><span dir=\"auto\">Huile \u00e0 l\u00e8vres Dreamy Olive Vita Glow<\/span><\/strong><span dir=\"auto\">&nbsp;: <\/span><br data-start=\"651\" data-end=\"654\"><span dir=\"auto\">la derni\u00e8re \u00e9tape de votre rituel de soin&nbsp;: pour vos l\u00e8vres. Dreamy Olive est une huile \u00e0 l\u00e8vres vegan et sans parfum qui offre une hydratation apaisante et un \u00e9clat doux et brillant. Sp\u00e9cialement formul\u00e9e pour les l\u00e8vres s\u00e8ches, sensibles et squameuses, elle les enveloppe d\u2019un soin simple et efficace.<\/span><\/p>\n<p data-start=\"942\" data-end=\"1093\"><span dir=\"auto\">Enrichi en <\/span><strong data-start=\"953\" data-end=\"1002\"><span dir=\"auto\">huile d\u2019olive espagnole, en c\u00e9ramide NP et en vitamine E<\/span><\/strong><span dir=\"auto\"> , il renforce la barri\u00e8re des l\u00e8vres, apaise les irritations et retient une hydratation longue dur\u00e9e.<\/span><\/p>\n<p data-start=\"1095\" data-end=\"1122\"><strong data-start=\"1095\" data-end=\"1120\"><span dir=\"auto\">Cliniquement prouv\u00e9 pour :<\/span><\/strong><\/p>\n<ul data-start=\"1123\" data-end=\"1201\">\n<li data-start=\"1123\" data-end=\"1165\">\n<p data-start=\"1125\" data-end=\"1165\"><span dir=\"auto\">Augmente l\u2019hydratation des l\u00e8vres de <\/span><strong data-start=\"1151\" data-end=\"1163\"><span dir=\"auto\">+141,95%<\/span><\/strong><\/p>\n<\/li>\n<li data-start=\"1166\" data-end=\"1201\">\n<p data-start=\"1168\" data-end=\"1201\"><span dir=\"auto\">R\u00e9duit la desquamation de <\/span><strong data-start=\"1188\" data-end=\"1199\"><span dir=\"auto\">-69,03&nbsp;%<\/span><\/strong><\/p>\n<\/li>\n<\/ul>\n<p data-start=\"1203\" data-end=\"1452\"><span dir=\"auto\">La <\/span><strong data-start=\"1207\" data-end=\"1237\"><span dir=\"auto\">formule Crystal Glaze Fit\u2122<\/span><\/strong><span dir=\"auto\"> fond au contact de la peau et sublime votre teint naturel avec un fini transparent et frais. Associ\u00e9e \u00e0 l\u2019 <\/span><strong data-start=\"1336\" data-end=\"1368\"><span dir=\"auto\">applicateur velours<\/span><\/strong><span dir=\"auto\"> , elle glisse sur chaque courbe pour un rendu pr\u00e9cis et sans effet miroir&nbsp;: brillante et jamais collante.<\/span><\/p>\n<p data-start=\"1459\" data-end=\"1719\"><strong data-start=\"1462\" data-end=\"1490\"><span dir=\"auto\">S\u00e9rum contour des yeux au collag\u00e8ne vegan<\/span><\/strong><span dir=\"auto\"> . <\/span><br data-start=\"1490\" data-end=\"1493\"><span dir=\"auto\">Ciblez les ridules, les poches et les cernes avec un s\u00e9rum con\u00e7u pour la zone d\u00e9licate du contour de l\u2019\u0153il. L\u00e9g\u00e8re et nourrissante, cette formule vegan hydrate en profondeur et restaure l\u2019\u00e9lasticit\u00e9 de la peau tout en respectant les peaux sensibles.<\/span><\/p>\n<p data-start=\"1721\" data-end=\"1875\"><span dir=\"auto\">Infus\u00e9 de <\/span><strong data-start=\"1734\" data-end=\"1783\"><span dir=\"auto\">collag\u00e8ne v\u00e9g\u00e9talien, de peptides et d\u2019acide hyaluronique<\/span><\/strong><span dir=\"auto\"> , il favorise la r\u00e9paration de la peau, lisse les rides et ravive les yeux fatigu\u00e9s avec une hydratation durable.<\/span><\/p>\n<p data-start=\"1877\" data-end=\"1904\"><strong data-start=\"1877\" data-end=\"1902\"><span dir=\"auto\">Cliniquement prouv\u00e9 pour :<\/span><\/strong><\/p>\n<ul data-start=\"1905\" data-end=\"2060\">\n<li data-start=\"1905\" data-end=\"1959\">\n<p data-start=\"1907\" data-end=\"1959\"><span dir=\"auto\">R\u00e9duit le volume des rides du contour des yeux de <\/span><strong data-start=\"1936\" data-end=\"1946\"><span dir=\"auto\">-16,2 %<\/span><\/strong><span dir=\"auto\"> en 4 semaines<\/span><\/p>\n<\/li>\n<li data-start=\"1960\" data-end=\"2007\">\n<p data-start=\"1962\" data-end=\"2007\"><span dir=\"auto\">Diminution des poches sous les yeux de <\/span><strong data-start=\"1984\" data-end=\"1994\"><span dir=\"auto\">-14,5%<\/span><\/strong><span dir=\"auto\">en 4 semaines<\/span><\/p>\n<\/li>\n<li data-start=\"2008\" data-end=\"2060\">\n<p data-start=\"2010\" data-end=\"2060\"><span dir=\"auto\">Am\u00e9liore l\u2019\u00e9lasticit\u00e9 de la peau de <\/span><strong data-start=\"2037\" data-end=\"2047\"><span dir=\"auto\">+15,7%<\/span><\/strong><span dir=\"auto\"> en 4 semaines<\/span><\/p>\n<\/li>\n<\/ul>\n<p data-start=\"2062\" data-end=\"2194\"><span dir=\"auto\">L\u2019applicateur rafra\u00eechissant <\/span><strong data-start=\"2074\" data-end=\"2102\"><span dir=\"auto\">pour les yeux CoolTouch<\/span><\/strong><span dir=\"auto\"> am\u00e9liore l\u2019absorption et apaise la peau, rendant chaque utilisation \u00e0 la fois efficace et rafra\u00eechissante.<\/span><\/p>\n<p data-start=\"2201\" data-end=\"2232\"><span dir=\"auto\">\u2728 <\/span><strong data-start=\"2203\" data-end=\"2230\"><span dir=\"auto\">Pourquoi vous allez adorer cet ensemble<\/span><\/strong><\/p>\n<ul data-start=\"2233\" data-end=\"2506\">\n<li data-start=\"2233\" data-end=\"2299\">\n<p data-start=\"2235\" data-end=\"2299\"><span dir=\"auto\">Soin complet pour les l\u00e8vres + les yeux, les zones les plus d\u00e9licates de la peau<\/span><\/p>\n<\/li>\n<li data-start=\"2300\" data-end=\"2355\">\n<p data-start=\"2302\" data-end=\"2355\"><span dir=\"auto\">Soutenu par des r\u00e9sultats cliniques pour des am\u00e9liorations visibles<\/span><\/p>\n<\/li>\n<li data-start=\"2356\" data-end=\"2411\">\n<p data-start=\"2358\" data-end=\"2411\"><span dir=\"auto\">Applicateurs innovants pour une utilisation pr\u00e9cise et sans stress<\/span><\/p>\n<\/li>\n<li data-start=\"2412\" data-end=\"2474\">\n<p data-start=\"2414\" data-end=\"2474\"><span dir=\"auto\">Sans danger pour les peaux sensibles : sans parfum, test\u00e9 contre les irritations<\/span><\/p>\n<\/li>\n<li data-start=\"2475\" data-end=\"2506\">\n<p data-start=\"2477\" data-end=\"2506\"><span dir=\"auto\">100% v\u00e9g\u00e9talien et sans cruaut\u00e9<\/span><\/p>\n<\/li>\n<\/ul>\n<p data-start=\"2508\" data-end=\"2588\"><span dir=\"auto\">Des l\u00e8vres \u00e9clatantes, des yeux plus lumineux : <\/span><strong data-start=\"2538\" data-end=\"2586\"><span dir=\"auto\">vos essentiels quotidiens pour un fini lumineux.<\/span><\/strong><\/p>\n<div class=\"toggle-ellipsis__actions\" data-actions=\"\"><\/div>\n<\/div>\n<\/div>\n<div class=\"product__block block-padding\">\n<div class=\"product__price__wrap\"><\/div>\n<\/div>\n<\/div>\n","protected":false},"excerpt":{"rendered":"<p>Description Coffret L\u00e8vres et Yeux L\u2019\u00e9clat rencontre le soin dans chaque d\u00e9tail. Compl\u00e9tez votre rituel de soin avec le duo parfait pour vos traits les plus d\u00e9licats&nbsp;: l\u00e8vres et yeux. Ce coffret comprend notre huile \u00e0 l\u00e8vres Dreamy Olive Vita Glow et notre s\u00e9rum contour des yeux au collag\u00e8ne vegan , con\u00e7us pour hydrater, lisser [&hellip;]<\/p>\n","protected":false},"featured_media":3146,"comment_status":"open","ping_status":"closed","template":"","meta":{"content-type":"","_uag_custom_page_level_css":""},"pwb-brand":[],"product_brand":[],"product_cat":[363,392,352,331,328,334],"product_tag":[],"class_list":{"0":"post-3147","1":"product","2":"type-product","3":"status-publish","4":"has-post-thumbnail","6":"product_cat-axis-y","7":"product_cat-baume-a-levres","8":"product_cat-contour-des-yeux","9":"product_cat-idees-cadeaux","10":"product_cat-nouveautes","11":"product_cat-produits-coreens","13":"first","14":"instock","15":"sale","16":"shipping-taxable","17":"purchasable","18":"product-type-simple"},"aioseo_notices":[],"uagb_featured_image_src":{"full":["https:\/\/wavexia.com\/wp-content\/uploads\/2025\/10\/IMG_5867.jpeg",1000,1000,false],"thumbnail":["https:\/\/wavexia.com\/wp-content\/uploads\/2025\/10\/IMG_5867-150x150.jpeg",150,150,true],"medium":["https:\/\/wavexia.com\/wp-content\/uploads\/2025\/10\/IMG_5867-300x300.jpeg",300,300,true],"medium_large":["https:\/\/wavexia.com\/wp-content\/uploads\/2025\/10\/IMG_5867-768x768.jpeg",768,768,true],"large":["https:\/\/wavexia.com\/wp-content\/uploads\/2025\/10\/IMG_5867.jpeg",1000,1000,false],"1536x1536":["https:\/\/wavexia.com\/wp-content\/uploads\/2025\/10\/IMG_5867.jpeg",1000,1000,false],"2048x2048":["https:\/\/wavexia.com\/wp-content\/uploads\/2025\/10\/IMG_5867.jpeg",1000,1000,false],"woocommerce_archive_thumbnail":["https:\/\/wavexia.com\/wp-content\/uploads\/2025\/10\/IMG_5867-300x300.jpeg",300,300,true],"woocommerce_thumbnail":["https:\/\/wavexia.com\/wp-content\/uploads\/2025\/10\/IMG_5867-300x300.jpeg",300,300,true],"woocommerce_single":["https:\/\/wavexia.com\/wp-content\/uploads\/2025\/10\/IMG_5867-600x600.jpeg",600,600,true],"woocommerce_gallery_thumbnail":["https:\/\/wavexia.com\/wp-content\/uploads\/2025\/10\/IMG_5867-100x100.jpeg",100,100,true]},"uagb_author_info":{"display_name":"zineddine.ayoub98@gmail.com","author_link":"https:\/\/wavexia.com\/?author=0"},"uagb_comment_info":0,"uagb_excerpt":"Description Coffret L\u00e8vres et Yeux L\u2019\u00e9clat rencontre le soin dans chaque d\u00e9tail. Compl\u00e9tez votre rituel de soin avec le duo parfait pour vos traits les plus d\u00e9licats&nbsp;: l\u00e8vres et yeux. Ce coffret comprend notre huile \u00e0 l\u00e8vres Dreamy Olive Vita Glow et notre s\u00e9rum contour des yeux au collag\u00e8ne vegan , con\u00e7us pour hydrater, lisser&hellip;","brands":[],"_links":{"self":[{"href":"https:\/\/wavexia.com\/index.php?rest_route=\/wp\/v2\/product\/3147","targetHints":{"allow":["GET"]}}],"collection":[{"href":"https:\/\/wavexia.com\/index.php?rest_route=\/wp\/v2\/product"}],"about":[{"href":"https:\/\/wavexia.com\/index.php?rest_route=\/wp\/v2\/types\/product"}],"replies":[{"embeddable":true,"href":"https:\/\/wavexia.com\/index.php?rest_route=%2Fwp%2Fv2%2Fcomments&post=3147"}],"wp:featuredmedia":[{"embeddable":true,"href":"https:\/\/wavexia.com\/index.php?rest_route=\/wp\/v2\/media\/3146"}],"wp:attachment":[{"href":"https:\/\/wavexia.com\/index.php?rest_route=%2Fwp%2Fv2%2Fmedia&parent=3147"}],"wp:term":[{"taxonomy":"pwb-brand","embeddable":true,"href":"https:\/\/wavexia.com\/index.php?rest_route=%2Fwp%2Fv2%2Fpwb-brand&post=3147"},{"taxonomy":"product_brand","embeddable":true,"href":"https:\/\/wavexia.com\/index.php?rest_route=%2Fwp%2Fv2%2Fproduct_brand&post=3147"},{"taxonomy":"product_cat","embeddable":true,"href":"https:\/\/wavexia.com\/index.php?rest_route=%2Fwp%2Fv2%2Fproduct_cat&post=3147"},{"taxonomy":"product_tag","embeddable":true,"href":"https:\/\/wavexia.com\/index.php?rest_route=%2Fwp%2Fv2%2Fproduct_tag&post=3147"}],"curies":[{"name":"wp","href":"https:\/\/api.w.org\/{rel}","templated":true}]}}