{"id":3136,"date":"2025-10-18T22:11:44","date_gmt":"2025-10-18T22:11:44","guid":{"rendered":"https:\/\/wavexia.com\/product\/sol-de-janeiro-beija-flor-jet-set\/"},"modified":"2026-03-10T07:30:53","modified_gmt":"2026-03-10T07:30:53","slug":"sol-de-janeiro-beija-flor-jet-set","status":"publish","type":"product","link":"https:\/\/wavexia.com\/?product=sol-de-janeiro-beija-flor-jet-set","title":{"rendered":"Sol de Janeiro Beija Flor Jet Set"},"content":{"rendered":"<h2>Description<\/h2>\n<p>SOL DE JANEIRO Beija Flor Jet Set est un ensemble complet inspir\u00e9 de la beaut\u00e9 br\u00e9silienne, comprenant les produits phares de la marque pour une exp\u00e9rience de soin luxueuse. Ce coffret contient:<br \/>\u2013 Une cr\u00e8me Beija Flor (50 ml) : Hydrate en profondeur la peau, m\u00eame les zones d\u00e9licates sujettes \u00e0 la perte d\u2019humidit\u00e9 et aux signes de vieillissement (comme le cou et la poitrine). L\u2019huile de Cacay et le collag\u00e8ne v\u00e9g\u00e9talien forment un r\u00e9seau de rebond qui soutient le renouvellement cellulaire pour une peau visiblement lisse et repulp\u00e9e.<br \/>\u2013 Un gel douche cr\u00e8me hydratant Beija Flor (90 ml) : Infus\u00e9 d\u2019une alternative douce au r\u00e9tinol et de squalane v\u00e9g\u00e9talien, le r\u00e9sultat est une peau lisse, souple et r\u00e9g\u00e9n\u00e9r\u00e9e. Avec des notes lumineuses et fleuries de jasmin du Br\u00e9sil et de fruit du dragon rose, le parfum de Cheirosa 68 transforme votre douche en jardin au bord de la mer.<br \/>\u2013 Une brume parfum\u00e9e pour le corps Cheirosa 68 (30 ml) : Plongez-vous dans les notes vibrantes de jasmin br\u00e9silien, de fruit du dragon rose et de vanille pure. Une sensation de fra\u00eecheur inattendue. La brume parfum\u00e9e Cheirosa 68 s\u2019inspire de l\u2019ann\u00e9e 1968, lorsque le mouvement Tropicalia a influenc\u00e9 un changement musical et culturel passionnant au Br\u00e9sil. Une c\u00e9l\u00e9bration de l\u2019\u00e9nergie color\u00e9e.<\/p>\n","protected":false},"excerpt":{"rendered":"<p>Description SOL DE JANEIRO Beija Flor Jet Set est un ensemble complet inspir\u00e9 de la beaut\u00e9 br\u00e9silienne, comprenant les produits phares de la marque pour une exp\u00e9rience de soin luxueuse. Ce coffret contient:\u2013 Une cr\u00e8me Beija Flor (50 ml) : Hydrate en profondeur la peau, m\u00eame les zones d\u00e9licates sujettes \u00e0 la perte d\u2019humidit\u00e9 et [&hellip;]<\/p>\n","protected":false},"featured_media":3135,"comment_status":"open","ping_status":"closed","template":"","meta":{"content-type":"","_uag_custom_page_level_css":""},"pwb-brand":[],"product_brand":[],"product_cat":[322,331,400],"product_tag":[],"class_list":{"0":"post-3136","1":"product","2":"type-product","3":"status-publish","4":"has-post-thumbnail","6":"product_cat-corps-bain","7":"product_cat-idees-cadeaux","8":"product_cat-sol-de-janeiro","10":"first","11":"instock","12":"sale","13":"shipping-taxable","14":"purchasable","15":"product-type-simple"},"aioseo_notices":[],"uagb_featured_image_src":{"full":["https:\/\/wavexia.com\/wp-content\/uploads\/2025\/10\/IMG_1083.png",342,342,false],"thumbnail":["https:\/\/wavexia.com\/wp-content\/uploads\/2025\/10\/IMG_1083-150x150.png",150,150,true],"medium":["https:\/\/wavexia.com\/wp-content\/uploads\/2025\/10\/IMG_1083-300x300.png",300,300,true],"medium_large":["https:\/\/wavexia.com\/wp-content\/uploads\/2025\/10\/IMG_1083.png",342,342,false],"large":["https:\/\/wavexia.com\/wp-content\/uploads\/2025\/10\/IMG_1083.png",342,342,false],"1536x1536":["https:\/\/wavexia.com\/wp-content\/uploads\/2025\/10\/IMG_1083.png",342,342,false],"2048x2048":["https:\/\/wavexia.com\/wp-content\/uploads\/2025\/10\/IMG_1083.png",342,342,false],"woocommerce_archive_thumbnail":["https:\/\/wavexia.com\/wp-content\/uploads\/2025\/10\/IMG_1083-300x300.png",300,300,true],"woocommerce_thumbnail":["https:\/\/wavexia.com\/wp-content\/uploads\/2025\/10\/IMG_1083-300x300.png",300,300,true],"woocommerce_single":["https:\/\/wavexia.com\/wp-content\/uploads\/2025\/10\/IMG_1083.png",342,342,false],"woocommerce_gallery_thumbnail":["https:\/\/wavexia.com\/wp-content\/uploads\/2025\/10\/IMG_1083-100x100.png",100,100,true]},"uagb_author_info":{"display_name":"zineddine.ayoub98@gmail.com","author_link":"https:\/\/wavexia.com\/?author=0"},"uagb_comment_info":0,"uagb_excerpt":"Description SOL DE JANEIRO Beija Flor Jet Set est un ensemble complet inspir\u00e9 de la beaut\u00e9 br\u00e9silienne, comprenant les produits phares de la marque pour une exp\u00e9rience de soin luxueuse. Ce coffret contient:\u2013 Une cr\u00e8me Beija Flor (50 ml) : Hydrate en profondeur la peau, m\u00eame les zones d\u00e9licates sujettes \u00e0 la perte d\u2019humidit\u00e9 et&hellip;","brands":[],"_links":{"self":[{"href":"https:\/\/wavexia.com\/index.php?rest_route=\/wp\/v2\/product\/3136","targetHints":{"allow":["GET"]}}],"collection":[{"href":"https:\/\/wavexia.com\/index.php?rest_route=\/wp\/v2\/product"}],"about":[{"href":"https:\/\/wavexia.com\/index.php?rest_route=\/wp\/v2\/types\/product"}],"replies":[{"embeddable":true,"href":"https:\/\/wavexia.com\/index.php?rest_route=%2Fwp%2Fv2%2Fcomments&post=3136"}],"wp:featuredmedia":[{"embeddable":true,"href":"https:\/\/wavexia.com\/index.php?rest_route=\/wp\/v2\/media\/3135"}],"wp:attachment":[{"href":"https:\/\/wavexia.com\/index.php?rest_route=%2Fwp%2Fv2%2Fmedia&parent=3136"}],"wp:term":[{"taxonomy":"pwb-brand","embeddable":true,"href":"https:\/\/wavexia.com\/index.php?rest_route=%2Fwp%2Fv2%2Fpwb-brand&post=3136"},{"taxonomy":"product_brand","embeddable":true,"href":"https:\/\/wavexia.com\/index.php?rest_route=%2Fwp%2Fv2%2Fproduct_brand&post=3136"},{"taxonomy":"product_cat","embeddable":true,"href":"https:\/\/wavexia.com\/index.php?rest_route=%2Fwp%2Fv2%2Fproduct_cat&post=3136"},{"taxonomy":"product_tag","embeddable":true,"href":"https:\/\/wavexia.com\/index.php?rest_route=%2Fwp%2Fv2%2Fproduct_tag&post=3136"}],"curies":[{"name":"wp","href":"https:\/\/api.w.org\/{rel}","templated":true}]}}