{"id":3128,"date":"2025-10-18T22:11:38","date_gmt":"2025-10-18T22:11:38","guid":{"rendered":"https:\/\/wavexia.com\/product\/medicube-kojic-acid-turmeric-night-wrapping-mask-75-ml\/"},"modified":"2026-03-10T07:30:53","modified_gmt":"2026-03-10T07:30:53","slug":"medicube-kojic-acid-turmeric-night-wrapping-mask-75-ml","status":"publish","type":"product","link":"https:\/\/wavexia.com\/?product=medicube-kojic-acid-turmeric-night-wrapping-mask-75-ml","title":{"rendered":"MEDICUBE KOJIC ACID TURMERIC NIGHT WRAPPING MASK 75 ML"},"content":{"rendered":"<h2>Description<\/h2>\n<p class=\"my-0\">Le&nbsp;<strong>Medicube Kojic Acid Turmeric Night Wrapping Mask 75ml<\/strong>&nbsp;est un masque de nuit r\u00e9volutionnaire qui combine les bienfaits du curcuma et de l\u2019acide kojique pour \u00e9claircir et raffermir la peau. Ce produit bifonctionnel cible \u00e0 la fois les imperfections et les signes de l\u2019\u00e2ge, offrant une solution compl\u00e8te pour une peau plus lumineuse et plus jeune.<\/p>\n<p class=\"my-0\"><strong>Caract\u00e9ristiques principales :<\/strong><\/p>\n<ul class=\"marker:text-textOff list-disc\">\n<li>\n<p class=\"my-0\"><strong>\u00c9claircissement de la peau<\/strong>&nbsp;: Gr\u00e2ce \u00e0 l\u2019acide kojique (1.0989 ppm) et \u00e0 l\u2019extrait de curcuma (5 000 ppm), il r\u00e9duit les taches brunes, l\u2019hyperpigmentation et les cicatrices d\u2019acn\u00e9.<\/p>\n<\/li>\n<li>\n<p class=\"my-0\"><strong>Effet anti-rides<\/strong>&nbsp;: Enrichi en collag\u00e8ne, r\u00e9tinol et acide hyaluronique, il am\u00e9liore l\u2019\u00e9lasticit\u00e9 et la fermet\u00e9 de la peau.<\/p>\n<\/li>\n<li>\n<p class=\"my-0\"><strong>Hydratation intense<\/strong>&nbsp;: Formul\u00e9 avec des ingr\u00e9dients comme la glyc\u00e9rine et le propanediol, il hydrate en profondeur et apaise la peau.<\/p>\n<\/li>\n<\/ul>\n<p class=\"my-0\"><strong>Mode d\u2019emploi :<\/strong><\/p>\n<ol class=\"marker:text-textOff list-decimal\">\n<li>\n<p class=\"my-0\">Apr\u00e8s avoir nettoy\u00e9 votre visage, appliquez une quantit\u00e9 appropri\u00e9e sur l\u2019ensemble du visage, en \u00e9vitant le contour des yeux et de la bouche.<\/p>\n<\/li>\n<li>\n<p class=\"my-0\">Laissez s\u00e9cher pendant environ 15 minutes avant de dormir.<\/p>\n<\/li>\n<li>\n<p class=\"my-0\">Le lendemain matin, retirez le film ou rincez \u00e0 l\u2019eau ti\u00e8de.<\/p>\n<\/li>\n<\/ol>\n","protected":false},"excerpt":{"rendered":"<p>Description Le&nbsp;Medicube Kojic Acid Turmeric Night Wrapping Mask 75ml&nbsp;est un masque de nuit r\u00e9volutionnaire qui combine les bienfaits du curcuma et de l\u2019acide kojique pour \u00e9claircir et raffermir la peau. Ce produit bifonctionnel cible \u00e0 la fois les imperfections et les signes de l\u2019\u00e2ge, offrant une solution compl\u00e8te pour une peau plus lumineuse et plus [&hellip;]<\/p>\n","protected":false},"featured_media":3127,"comment_status":"open","ping_status":"closed","template":"","meta":{"content-type":"","_uag_custom_page_level_css":""},"pwb-brand":[],"product_brand":[],"product_cat":[343,328,334],"product_tag":[],"class_list":{"0":"post-3128","1":"product","2":"type-product","3":"status-publish","4":"has-post-thumbnail","6":"product_cat-masque","7":"product_cat-nouveautes","8":"product_cat-produits-coreens","10":"first","11":"instock","12":"sale","13":"shipping-taxable","14":"purchasable","15":"product-type-simple"},"aioseo_notices":[],"uagb_featured_image_src":{"full":["https:\/\/wavexia.com\/wp-content\/uploads\/2025\/10\/61GzPp88rGL._UF10001000_QL80_.jpg",1000,1000,false],"thumbnail":["https:\/\/wavexia.com\/wp-content\/uploads\/2025\/10\/61GzPp88rGL._UF10001000_QL80_-150x150.jpg",150,150,true],"medium":["https:\/\/wavexia.com\/wp-content\/uploads\/2025\/10\/61GzPp88rGL._UF10001000_QL80_-300x300.jpg",300,300,true],"medium_large":["https:\/\/wavexia.com\/wp-content\/uploads\/2025\/10\/61GzPp88rGL._UF10001000_QL80_-768x768.jpg",768,768,true],"large":["https:\/\/wavexia.com\/wp-content\/uploads\/2025\/10\/61GzPp88rGL._UF10001000_QL80_.jpg",1000,1000,false],"1536x1536":["https:\/\/wavexia.com\/wp-content\/uploads\/2025\/10\/61GzPp88rGL._UF10001000_QL80_.jpg",1000,1000,false],"2048x2048":["https:\/\/wavexia.com\/wp-content\/uploads\/2025\/10\/61GzPp88rGL._UF10001000_QL80_.jpg",1000,1000,false],"woocommerce_archive_thumbnail":["https:\/\/wavexia.com\/wp-content\/uploads\/2025\/10\/61GzPp88rGL._UF10001000_QL80_-300x300.jpg",300,300,true],"woocommerce_thumbnail":["https:\/\/wavexia.com\/wp-content\/uploads\/2025\/10\/61GzPp88rGL._UF10001000_QL80_-300x300.jpg",300,300,true],"woocommerce_single":["https:\/\/wavexia.com\/wp-content\/uploads\/2025\/10\/61GzPp88rGL._UF10001000_QL80_-600x600.jpg",600,600,true],"woocommerce_gallery_thumbnail":["https:\/\/wavexia.com\/wp-content\/uploads\/2025\/10\/61GzPp88rGL._UF10001000_QL80_-100x100.jpg",100,100,true]},"uagb_author_info":{"display_name":"zineddine.ayoub98@gmail.com","author_link":"https:\/\/wavexia.com\/?author=0"},"uagb_comment_info":0,"uagb_excerpt":"Description Le&nbsp;Medicube Kojic Acid Turmeric Night Wrapping Mask 75ml&nbsp;est un masque de nuit r\u00e9volutionnaire qui combine les bienfaits du curcuma et de l\u2019acide kojique pour \u00e9claircir et raffermir la peau. Ce produit bifonctionnel cible \u00e0 la fois les imperfections et les signes de l\u2019\u00e2ge, offrant une solution compl\u00e8te pour une peau plus lumineuse et plus&hellip;","brands":[],"_links":{"self":[{"href":"https:\/\/wavexia.com\/index.php?rest_route=\/wp\/v2\/product\/3128","targetHints":{"allow":["GET"]}}],"collection":[{"href":"https:\/\/wavexia.com\/index.php?rest_route=\/wp\/v2\/product"}],"about":[{"href":"https:\/\/wavexia.com\/index.php?rest_route=\/wp\/v2\/types\/product"}],"replies":[{"embeddable":true,"href":"https:\/\/wavexia.com\/index.php?rest_route=%2Fwp%2Fv2%2Fcomments&post=3128"}],"wp:featuredmedia":[{"embeddable":true,"href":"https:\/\/wavexia.com\/index.php?rest_route=\/wp\/v2\/media\/3127"}],"wp:attachment":[{"href":"https:\/\/wavexia.com\/index.php?rest_route=%2Fwp%2Fv2%2Fmedia&parent=3128"}],"wp:term":[{"taxonomy":"pwb-brand","embeddable":true,"href":"https:\/\/wavexia.com\/index.php?rest_route=%2Fwp%2Fv2%2Fpwb-brand&post=3128"},{"taxonomy":"product_brand","embeddable":true,"href":"https:\/\/wavexia.com\/index.php?rest_route=%2Fwp%2Fv2%2Fproduct_brand&post=3128"},{"taxonomy":"product_cat","embeddable":true,"href":"https:\/\/wavexia.com\/index.php?rest_route=%2Fwp%2Fv2%2Fproduct_cat&post=3128"},{"taxonomy":"product_tag","embeddable":true,"href":"https:\/\/wavexia.com\/index.php?rest_route=%2Fwp%2Fv2%2Fproduct_tag&post=3128"}],"curies":[{"name":"wp","href":"https:\/\/api.w.org\/{rel}","templated":true}]}}