{"id":3120,"date":"2025-10-18T22:11:28","date_gmt":"2025-10-18T22:11:28","guid":{"rendered":"https:\/\/wavexia.com\/product\/medicube-pdrn-pink-collagen-toning-gel-toner-pads-120ml-70pads\/"},"modified":"2026-03-10T07:30:53","modified_gmt":"2026-03-10T07:30:53","slug":"medicube-pdrn-pink-collagen-toning-gel-toner-pads-120ml-70pads","status":"publish","type":"product","link":"https:\/\/wavexia.com\/?product=medicube-pdrn-pink-collagen-toning-gel-toner-pads-120ml-70pads","title":{"rendered":"Medicube PDRN Pink Collagen Toning Gel Toner Pads 120ml\/70pads"},"content":{"rendered":"<h2>Description<\/h2>\n<ul>\n<li>Avec une texture ultra-mince de 0,5 mm, ce produit s\u2019adapte parfaitement aux imperfections, offrant un \u00e9claircissement cibl\u00e9 sur les taches. M\u00eame avec une seule utilisation, il fournit une correction du teint cliniquement prouv\u00e9e, gardant votre peau claire et \u00e9clatante tous les jours. Le produit est le tout premier tampon de toner en gel ultra-adh\u00e9sif de medicube, d\u00e9velopp\u00e9 avec une technique sp\u00e9ciale qui infuse du gel dans le tissu, fournissant une formule fine mais puissante qui retient l\u2019humidit\u00e9. Il contient du PDRN de saumon de qualit\u00e9 sup\u00e9rieure, qui subit un processus de purification avanc\u00e9 pour minimiser les r\u00e9sidus, am\u00e9liorant ainsi son efficacit\u00e9 d\u2019absorption. Avec 99 % de PDRN de saumon de haute puret\u00e9, exempt de r\u00e9sidus inutiles, la formule p\u00e9n\u00e8tre plus rapidement et plus profond\u00e9ment, d\u00e9livrant efficacement ses puissants ingr\u00e9dients actifs \u00e0 la peau.<\/li>\n<\/ul>\n<h5>Mode d\u2019emploi<\/h5>\n<ul>\n<li>1. Apr\u00e8s avoir lav\u00e9 votre visage, essuyez doucement tout votre visage dans le sens de la texture de votre peau, \u00e0 l\u2019exclusion de la zone autour de vos yeux et de votre bouche, dans la premi\u00e8re \u00e9tape de votre soin de base.<\/li>\n<li>2. Appliquez-le comme un pack sur les zones qui n\u00e9cessitent des soins intensifs pour un effet apaisant et hydratant.<\/li>\n<li>3. Apr\u00e8s utilisation, tapotez doucement le toner restant pour l\u2019aider \u00e0 absorber.<\/li>\n<li>*Gardez le couvercle ferm\u00e9 et scell\u00e9 pour \u00e9viter que le tampon ne se dess\u00e8che.<\/li>\n<\/ul>\n<p class=\"my-0\">it est id\u00e9al pour ceux qui cherchent \u00e0 am\u00e9liorer l\u2019\u00e9lasticit\u00e9 et l\u2019hydratation de leur peau, tout en simplifiant leur routine de soins gr\u00e2ce \u00e0 son format pratique de 70 pads<\/p>\n<h5>Ingr\u00e9dients<\/h5>\n<ul>\n<li>Eau purifi\u00e9e, glyc\u00e9rine, m\u00e9thylpropanediol, niacinamide, xylitol, hydroxyac\u00e9toph\u00e9none, octyldodeceth-16, diglyc\u00e9rine, allanto\u00efne, gomme de cellulose, \u00e9thylhexylglyc\u00e9rine, hydroxy\u00e9thylcellulose, citrate de sodium, gluconate de sodium, dipropyl\u00e8ne glycol, ad\u00e9nosine, butyl\u00e8ne glycol, 1,2-hexanediol, acide citrique, cyanocobalamine, huile de fleur de camomille, extrait de poire, eau de fleur de rose damass\u00e9e, extrait de p\u00eache, extrait de thuya, eau de fleur de jasmin commun, extrait de fleur d\u2019oranger amer, extrait de centella asiatica, oignon extrait, extrait de matricaire, extrait de salvia, huile de feuille de romarin, extrait de feuille\/tige de pin, extrait de melon, extrait de fruit de gombo, extrait de carum Petrosellinum, extrait de feuille de Molokia, extrait de racine de Polygonum multiflorum, Collag\u00e8ne (2PPM), Extrait d\u2019Artemisia princeps, Extrait de fleur de Nelumbo nucifera, Extrait de riz, Ferment de levure, ADN de sodium (1PPM), Acide salicylique capryloylique, Triglyc\u00e9ride caprylique\/caprique, Phosphatidylcholine hydrog\u00e9n\u00e9e, St\u00e9arate de saccharose, Extrait de graines de haricot mungo, L\u00e9cithine hydrog\u00e9n\u00e9e, Alcool c\u00e9t\u00e9arylique, R\u00e9tinol, Myristate de polyglyc\u00e9ryl-10, Ac\u00e9tate de tocoph\u00e9ryle, Asiaticoside, Acide mad\u00e9cassique, Mad\u00e9cassoside, Acide asiatique<\/li>\n<\/ul>\n<p>&nbsp;<\/p>\n","protected":false},"excerpt":{"rendered":"<p>Description Avec une texture ultra-mince de 0,5 mm, ce produit s\u2019adapte parfaitement aux imperfections, offrant un \u00e9claircissement cibl\u00e9 sur les taches. M\u00eame avec une seule utilisation, il fournit une correction du teint cliniquement prouv\u00e9e, gardant votre peau claire et \u00e9clatante tous les jours. Le produit est le tout premier tampon de toner en gel ultra-adh\u00e9sif [&hellip;]<\/p>\n","protected":false},"featured_media":3119,"comment_status":"open","ping_status":"closed","template":"","meta":{"content-type":"","_uag_custom_page_level_css":""},"pwb-brand":[],"product_brand":[],"product_cat":[349,328,334,345],"product_tag":[],"class_list":{"0":"post-3120","1":"product","2":"type-product","3":"status-publish","4":"has-post-thumbnail","6":"product_cat-medicube","7":"product_cat-nouveautes","8":"product_cat-produits-coreens","9":"product_cat-toner-pads","11":"first","12":"instock","13":"sale","14":"shipping-taxable","15":"purchasable","16":"product-type-simple"},"aioseo_notices":[],"uagb_featured_image_src":{"full":["https:\/\/wavexia.com\/wp-content\/uploads\/2025\/10\/product_images_1741355640.786bffd2bc5f3938350657d4656b3cd71742244318.webp",1000,1067,false],"thumbnail":["https:\/\/wavexia.com\/wp-content\/uploads\/2025\/10\/product_images_1741355640.786bffd2bc5f3938350657d4656b3cd71742244318-150x150.webp",150,150,true],"medium":["https:\/\/wavexia.com\/wp-content\/uploads\/2025\/10\/product_images_1741355640.786bffd2bc5f3938350657d4656b3cd71742244318-281x300.webp",281,300,true],"medium_large":["https:\/\/wavexia.com\/wp-content\/uploads\/2025\/10\/product_images_1741355640.786bffd2bc5f3938350657d4656b3cd71742244318-768x819.webp",768,819,true],"large":["https:\/\/wavexia.com\/wp-content\/uploads\/2025\/10\/product_images_1741355640.786bffd2bc5f3938350657d4656b3cd71742244318-960x1024.webp",960,1024,true],"1536x1536":["https:\/\/wavexia.com\/wp-content\/uploads\/2025\/10\/product_images_1741355640.786bffd2bc5f3938350657d4656b3cd71742244318.webp",1000,1067,false],"2048x2048":["https:\/\/wavexia.com\/wp-content\/uploads\/2025\/10\/product_images_1741355640.786bffd2bc5f3938350657d4656b3cd71742244318.webp",1000,1067,false],"woocommerce_archive_thumbnail":["https:\/\/wavexia.com\/wp-content\/uploads\/2025\/10\/product_images_1741355640.786bffd2bc5f3938350657d4656b3cd71742244318-300x320.webp",300,320,true],"woocommerce_thumbnail":["https:\/\/wavexia.com\/wp-content\/uploads\/2025\/10\/product_images_1741355640.786bffd2bc5f3938350657d4656b3cd71742244318-300x300.webp",300,300,true],"woocommerce_single":["https:\/\/wavexia.com\/wp-content\/uploads\/2025\/10\/product_images_1741355640.786bffd2bc5f3938350657d4656b3cd71742244318-600x640.webp",600,640,true],"woocommerce_gallery_thumbnail":["https:\/\/wavexia.com\/wp-content\/uploads\/2025\/10\/product_images_1741355640.786bffd2bc5f3938350657d4656b3cd71742244318-100x100.webp",100,100,true]},"uagb_author_info":{"display_name":"zineddine.ayoub98@gmail.com","author_link":"https:\/\/wavexia.com\/?author=0"},"uagb_comment_info":0,"uagb_excerpt":"Description Avec une texture ultra-mince de 0,5 mm, ce produit s\u2019adapte parfaitement aux imperfections, offrant un \u00e9claircissement cibl\u00e9 sur les taches. M\u00eame avec une seule utilisation, il fournit une correction du teint cliniquement prouv\u00e9e, gardant votre peau claire et \u00e9clatante tous les jours. Le produit est le tout premier tampon de toner en gel ultra-adh\u00e9sif&hellip;","brands":[],"_links":{"self":[{"href":"https:\/\/wavexia.com\/index.php?rest_route=\/wp\/v2\/product\/3120","targetHints":{"allow":["GET"]}}],"collection":[{"href":"https:\/\/wavexia.com\/index.php?rest_route=\/wp\/v2\/product"}],"about":[{"href":"https:\/\/wavexia.com\/index.php?rest_route=\/wp\/v2\/types\/product"}],"replies":[{"embeddable":true,"href":"https:\/\/wavexia.com\/index.php?rest_route=%2Fwp%2Fv2%2Fcomments&post=3120"}],"wp:featuredmedia":[{"embeddable":true,"href":"https:\/\/wavexia.com\/index.php?rest_route=\/wp\/v2\/media\/3119"}],"wp:attachment":[{"href":"https:\/\/wavexia.com\/index.php?rest_route=%2Fwp%2Fv2%2Fmedia&parent=3120"}],"wp:term":[{"taxonomy":"pwb-brand","embeddable":true,"href":"https:\/\/wavexia.com\/index.php?rest_route=%2Fwp%2Fv2%2Fpwb-brand&post=3120"},{"taxonomy":"product_brand","embeddable":true,"href":"https:\/\/wavexia.com\/index.php?rest_route=%2Fwp%2Fv2%2Fproduct_brand&post=3120"},{"taxonomy":"product_cat","embeddable":true,"href":"https:\/\/wavexia.com\/index.php?rest_route=%2Fwp%2Fv2%2Fproduct_cat&post=3120"},{"taxonomy":"product_tag","embeddable":true,"href":"https:\/\/wavexia.com\/index.php?rest_route=%2Fwp%2Fv2%2Fproduct_tag&post=3120"}],"curies":[{"name":"wp","href":"https:\/\/api.w.org\/{rel}","templated":true}]}}