{"id":3114,"date":"2025-10-18T22:11:23","date_gmt":"2025-10-18T22:11:23","guid":{"rendered":"https:\/\/wavexia.com\/product\/eqqualberry-purple-rice-pore-purifying-pack-cleanser\/"},"modified":"2026-03-10T07:30:53","modified_gmt":"2026-03-10T07:30:53","slug":"eqqualberry-purple-rice-pore-purifying-pack-cleanser","status":"publish","type":"product","link":"https:\/\/wavexia.com\/?product=eqqualberry-purple-rice-pore-purifying-pack-cleanser","title":{"rendered":"Eqqualberry Purple Rice Pore Purifying Pack Cleanser"},"content":{"rendered":"<h2>Description<\/h2>\n<p>Le pack nettoyant purifiant pour les pores de riz violet Eqqualberry est votre nouveau multit\u00e2che de soins de la peau ! Ce nettoyant 2 en 1 et ce masque \u00e0 l\u2019argile vous offrent un nettoyage \u00e9claircissant en profondeur en seulement 3 minutes et affinent vos pores comme si vous veniez de recevoir un soin du visage. Gr\u00e2ce au puissant complexe de riz violet et \u00e0 six types d\u2019argile, l\u2019exc\u00e8s de s\u00e9bum, les impuret\u00e9s et les points noirs sont efficacement \u00e9limin\u00e9s tout en pr\u00e9venant les \u00e9ruptions cutan\u00e9es.<\/p>\n<p>La formule se transforme d\u2019un masque en une mousse douce, aidant \u00e0 d\u00e9sobstruer les pores et augmentant l\u2019absorption des soins de la peau jusqu\u2019\u00e0 153 % ! L\u2019AHA, BHA, PHA et les enzymes naturelles assurent une exfoliation douce, tandis que l\u2019arbre \u00e0 th\u00e9, la centella et l\u2019houttuynia apaisent la peau. Avec des h\u00e9ros hydratants comme la c\u00e9ramide et l\u2019acide hyaluronique, votre peau reste parfaitement hydrat\u00e9e \u2013 pas de tiraillements, juste de l\u2019\u00e9clat.<\/p>\n<p><strong>Ce nettoyant et masque 2 en 1 :<\/strong><\/p>\n<ul>\n<li>Nettoie en profondeur avec des microbulles et de l\u2019argile en 3 minutes<\/li>\n<li>\u00e9limine l\u2019exc\u00e8s de s\u00e9bum, les impuret\u00e9s et les points noirs<\/li>\n<li>affine les pores et pr\u00e9vient les imperfections<\/li>\n<li>Am\u00e9liore l\u2019absorption des soins de la peau jusqu\u2019\u00e0 153 %<\/li>\n<li>contient du complexe de riz violet et 6 types d\u2019argile<\/li>\n<li>exfoliation douce avec AHA, BHA, PHA et enzymes<\/li>\n<li>Apaise avec de l\u2019arbre \u00e0 th\u00e9, de la centella et de la houttuynia<\/li>\n<li>hydrate avec des c\u00e9ramides et de l\u2019acide hyaluronique<\/li>\n<li>sans cruaut\u00e9<\/li>\n<\/ul>\n<p><strong>Mode d\u2019emploi :<\/strong><\/p>\n<p><em>En nettoyant :<\/em><\/p>\n<ul>\n<li>Faites mousser une petite quantit\u00e9 entre vos mains.<\/li>\n<li>Massez doucement sur la peau humide.<\/li>\n<li>Rincez \u00e0 l\u2019eau ti\u00e8de.<\/li>\n<\/ul>\n<p><em>En pack de lavage :<\/em><\/p>\n<ul>\n<li>Appliquez une couche g\u00e9n\u00e9reuse sur les peaux s\u00e8ches.<\/li>\n<li>Laissez agir pendant 3 \u00e0 5 minutes.<\/li>\n<li>Rincez \u00e0 l\u2019eau ti\u00e8de.<\/li>\n<\/ul>\n<h5>ingr\u00e9dients:<\/h5>\n<p>Aqua\/water\/eau, Acide st\u00e9arique, Kaolin, Acide laurique, Acide myristique, Hydroxyde de potassium, Butyl\u00e8ne glycol, Glyc\u00e9rine, Coco-b\u00e9ta\u00efne, 1,2-hexanediol, Dioxyde de titane (Ci 77891), Cire d\u2019abeille synth\u00e9tique, Allanto\u00efne, Dist\u00e9arate de glycol, St\u00e9arate de glyc\u00e9ryle, Acide salicylique, Chlorure de sodium, Panth\u00e9nol, Malate de diisost\u00e9aryle, Poudre d\u2019Oryza Sativa (riz), Extrait d\u2019Oryza Sativa (riz), Isost\u00e9arate de polyglyc\u00e9ryl-10, Edta disodique, Phosphate d\u2019amidon hydroxypropylique, Caprylate de glyc\u00e9ryle, Glycyrrhizate d\u2019ammonium, caprylyl glycol, hydroxyac\u00e9toph\u00e9none, huile de graines de Moringa Oleifera, bentonite, hydroxyde d\u2019aluminium, \u00e9thylhexylglyc\u00e9rine, tri\u00e9thoxycaprylylsilane, polym\u00e8re crois\u00e9 de m\u00e9thacrylate de m\u00e9thyle, acide citrique, gluconolactone, limon marin, argile collo\u00efdale canadienne, argile de Manicouagan, eau de son Oryza sativa (riz), illite, glucose, sim\u00e9thicone, brom\u00e9la\u00efne, extrait de feuille de cynanchum atratum, extrait de feuille de Diospyros Kaki, extrait de fruit de Vitis Vinifera (raisin), extrait de graines de Coffea Arabica (caf\u00e9), carthamus Extrait de fleur de Tinctorius (carthame), extrait de racine de Polygonum Cuspidatum, extrait de coquille de Castanea Crenata (ch\u00e2taignier), extrait de feuille de Camellia Sinensis, extrait de fruit de Zanthoxylum Piperitum, l\u00e9cithine hydrog\u00e9n\u00e9e, hyaluronate de sodium, extrait de Centella Asiatica, extrait de Houttuynia Cordata, extrait de fleur d\u2019Oenothera Biennis (onagre), extrait de feuille de Pinus Palustris, extrait de racine de Pueraria Lobata, extrait de racine d\u2019Ulmus Davidiana, C\u00e9ramide Np, Extrait de feuille de Melaleuca Alternifolia (arbre \u00e0 th\u00e9), Glycosphingolipides.<\/p>\n","protected":false},"excerpt":{"rendered":"<p>Description Le pack nettoyant purifiant pour les pores de riz violet Eqqualberry est votre nouveau multit\u00e2che de soins de la peau ! Ce nettoyant 2 en 1 et ce masque \u00e0 l\u2019argile vous offrent un nettoyage \u00e9claircissant en profondeur en seulement 3 minutes et affinent vos pores comme si vous veniez de recevoir un soin [&hellip;]<\/p>\n","protected":false},"featured_media":3113,"comment_status":"open","ping_status":"closed","template":"","meta":{"content-type":"","_uag_custom_page_level_css":""},"pwb-brand":[],"product_brand":[],"product_cat":[337,327,336,334],"product_tag":[],"class_list":{"0":"post-3114","1":"product","2":"type-product","3":"status-publish","4":"has-post-thumbnail","6":"product_cat-eqqualberry","7":"product_cat-hmizat","8":"product_cat-nettoyant","9":"product_cat-produits-coreens","11":"first","12":"instock","13":"sale","14":"shipping-taxable","15":"purchasable","16":"product-type-simple"},"aioseo_notices":[],"uagb_featured_image_src":{"full":["https:\/\/wavexia.com\/wp-content\/uploads\/2025\/10\/61389OWFbvL._UF10001000_QL80_.jpg",1000,1000,false],"thumbnail":["https:\/\/wavexia.com\/wp-content\/uploads\/2025\/10\/61389OWFbvL._UF10001000_QL80_-150x150.jpg",150,150,true],"medium":["https:\/\/wavexia.com\/wp-content\/uploads\/2025\/10\/61389OWFbvL._UF10001000_QL80_-300x300.jpg",300,300,true],"medium_large":["https:\/\/wavexia.com\/wp-content\/uploads\/2025\/10\/61389OWFbvL._UF10001000_QL80_-768x768.jpg",768,768,true],"large":["https:\/\/wavexia.com\/wp-content\/uploads\/2025\/10\/61389OWFbvL._UF10001000_QL80_.jpg",1000,1000,false],"1536x1536":["https:\/\/wavexia.com\/wp-content\/uploads\/2025\/10\/61389OWFbvL._UF10001000_QL80_.jpg",1000,1000,false],"2048x2048":["https:\/\/wavexia.com\/wp-content\/uploads\/2025\/10\/61389OWFbvL._UF10001000_QL80_.jpg",1000,1000,false],"woocommerce_archive_thumbnail":["https:\/\/wavexia.com\/wp-content\/uploads\/2025\/10\/61389OWFbvL._UF10001000_QL80_-300x300.jpg",300,300,true],"woocommerce_thumbnail":["https:\/\/wavexia.com\/wp-content\/uploads\/2025\/10\/61389OWFbvL._UF10001000_QL80_-300x300.jpg",300,300,true],"woocommerce_single":["https:\/\/wavexia.com\/wp-content\/uploads\/2025\/10\/61389OWFbvL._UF10001000_QL80_-600x600.jpg",600,600,true],"woocommerce_gallery_thumbnail":["https:\/\/wavexia.com\/wp-content\/uploads\/2025\/10\/61389OWFbvL._UF10001000_QL80_-100x100.jpg",100,100,true]},"uagb_author_info":{"display_name":"zineddine.ayoub98@gmail.com","author_link":"https:\/\/wavexia.com\/?author=0"},"uagb_comment_info":0,"uagb_excerpt":"Description Le pack nettoyant purifiant pour les pores de riz violet Eqqualberry est votre nouveau multit\u00e2che de soins de la peau ! Ce nettoyant 2 en 1 et ce masque \u00e0 l\u2019argile vous offrent un nettoyage \u00e9claircissant en profondeur en seulement 3 minutes et affinent vos pores comme si vous veniez de recevoir un soin&hellip;","brands":[],"_links":{"self":[{"href":"https:\/\/wavexia.com\/index.php?rest_route=\/wp\/v2\/product\/3114","targetHints":{"allow":["GET"]}}],"collection":[{"href":"https:\/\/wavexia.com\/index.php?rest_route=\/wp\/v2\/product"}],"about":[{"href":"https:\/\/wavexia.com\/index.php?rest_route=\/wp\/v2\/types\/product"}],"replies":[{"embeddable":true,"href":"https:\/\/wavexia.com\/index.php?rest_route=%2Fwp%2Fv2%2Fcomments&post=3114"}],"wp:featuredmedia":[{"embeddable":true,"href":"https:\/\/wavexia.com\/index.php?rest_route=\/wp\/v2\/media\/3113"}],"wp:attachment":[{"href":"https:\/\/wavexia.com\/index.php?rest_route=%2Fwp%2Fv2%2Fmedia&parent=3114"}],"wp:term":[{"taxonomy":"pwb-brand","embeddable":true,"href":"https:\/\/wavexia.com\/index.php?rest_route=%2Fwp%2Fv2%2Fpwb-brand&post=3114"},{"taxonomy":"product_brand","embeddable":true,"href":"https:\/\/wavexia.com\/index.php?rest_route=%2Fwp%2Fv2%2Fproduct_brand&post=3114"},{"taxonomy":"product_cat","embeddable":true,"href":"https:\/\/wavexia.com\/index.php?rest_route=%2Fwp%2Fv2%2Fproduct_cat&post=3114"},{"taxonomy":"product_tag","embeddable":true,"href":"https:\/\/wavexia.com\/index.php?rest_route=%2Fwp%2Fv2%2Fproduct_tag&post=3114"}],"curies":[{"name":"wp","href":"https:\/\/api.w.org\/{rel}","templated":true}]}}