{"id":3108,"date":"2025-10-18T22:11:19","date_gmt":"2025-10-18T22:11:19","guid":{"rendered":"https:\/\/wavexia.com\/product\/eqqualberry-purple-pdrn-pore-minimizing-serum-30ml\/"},"modified":"2026-03-10T07:30:53","modified_gmt":"2026-03-10T07:30:53","slug":"eqqualberry-purple-pdrn-pore-minimizing-serum-30ml","status":"publish","type":"product","link":"https:\/\/wavexia.com\/?product=eqqualberry-purple-pdrn-pore-minimizing-serum-30ml","title":{"rendered":"Eqqualberry Purple PDRN Pore Minimizing Serum 30ml"},"content":{"rendered":"<h2>Description<\/h2>\n<ul>\n<li>Ce s\u00e9rum enrichi en PDRN offre un soin des pores complet, r\u00e9v\u00e9lant une peau lisse, ferme et lumineuse.<br \/>&nbsp;<\/li>\n<li>Contient 3% de PDRN violet, du collag\u00e8ne v\u00e9gane, des p\u00e9ptides et de l\u2019\u00e9lastine pour une peau plus \u00e9lastique.<br \/>&nbsp;<\/li>\n<li>R\u00e9gule la production de s\u00e9bum \u00e0 l\u2019aide d\u2019un complexe de tanins et de LHA.<br \/>&nbsp;<\/li>\n<li>L\u2019acide hyaluronique et le panth\u00e9nol offre une hydratation profonde.<br \/>&nbsp;<\/li>\n<li>L\u2019alliance de niacinamide et PHA unifie le teint et rend la peau \u00e9clatante.<br \/>&nbsp;<\/li>\n<li>Garanti non irritant, il convient \u00e0 tous les types de peau.<\/li>\n<\/ul>\n<h5 class=\"accordion_title__igE6o MuiBox-root mui-0\" aria-expanded=\"true\" aria-controls=\"\u00abRhkeh6htrndnb\u00bb\"><b>Utilisation&nbsp;:<\/b><\/h5>\n<p>&nbsp;<\/p>\n<ul>\n<li>Apr\u00e8s avoir nettoyer et tonifier votre visage, appliquer une quantit\u00e9 appropri\u00e9e de s\u00e9rum sur votre peau puis tapotez doucement pour faciliter l\u2019absorption.<\/li>\n<\/ul>\n<h5 class=\"accordion_title__igE6o MuiBox-root mui-0\" aria-expanded=\"true\" aria-controls=\"\u00abRhkeh6htrndnb\u00bb\">Ingr\u00e9dients:<\/h5>\n<p>Aqua\/Water\/Eau, Butylene Glycol, Glycereth-26, Niacinamide, Glycerin, Oryza Sativa (Rice) Bran Water, Methylpropanediol, Propylene Glycol Dibenzoate, Polyglycerin-3, 1,2-Hexanediol, C14-22 Alcohols, Tromethamine, Oryza Sativa (Rice) Extract, Sodium DNA, Panthenol, Vitis Vinifera (Grape) Fruit Extract, Diospyros Kaki Leaf Extract, Polygonum Cuspidatum Root Extract, Coffea Arabica (Coffee) Seed Extract, Carthamus Tinctorius (Safflower) Flower Extract, Zanthoxylum Piperitum Fruit Extract, Castanea Crenata (Chestnut) Shell Extract, Camellia Sinensis Leaf Extract, Caprylic\/Capric Triglyceride, Sodium Hyaluronate, Hydrolyzed Collagen, Gluconolactone, Capryloyl Salicylic Acid, Hydrogenated Lecithin, Hydrolyzed Elastin, Ceramide NP, Houttuynia Cordata Extract, Melaleuca Alternifolia (Tea Tree) Leaf Extract, Ceramide AP, Ceramide EOP, Copper Tripeptide-1, Allantoin, Hydroxyacetophenone, Carbomer, Sodium Polyacrylate, Ethylhexylglycerin, Caprylyl Glycol, Propanediol, Acrylates\/C10-30 Alkyl Acrylate Crosspolymer, C12-20 Alkyl Glucoside, Hydrogenated Polydecene, Melia Azadirachta Leaf Extract, Melia Azadirachta Flower Extract, Adenosine, Xanthan Gum, Disodium EDTA, Coccinia Indica Fruit Extract, Centella Asiatica Extract, Malt Extract, Glyceryl Acrylate\/Acrylic Acid Copolymer, Trideceth-6, Solanum Melongena (Eggplant) Fruit Extract, Cyanocobalamin, Sodium Phytate, C11-13 Isoalkane, Ocimum Sanctum Leaf Extract, Corallina Officinalis Extract, Curcuma Longa (Turmeric) Root Extract.<\/p>\n","protected":false},"excerpt":{"rendered":"<p>Description Ce s\u00e9rum enrichi en PDRN offre un soin des pores complet, r\u00e9v\u00e9lant une peau lisse, ferme et lumineuse.&nbsp; Contient 3% de PDRN violet, du collag\u00e8ne v\u00e9gane, des p\u00e9ptides et de l\u2019\u00e9lastine pour une peau plus \u00e9lastique.&nbsp; R\u00e9gule la production de s\u00e9bum \u00e0 l\u2019aide d\u2019un complexe de tanins et de LHA.&nbsp; L\u2019acide hyaluronique et le [&hellip;]<\/p>\n","protected":false},"featured_media":3107,"comment_status":"open","ping_status":"closed","template":"","meta":{"content-type":"","_uag_custom_page_level_css":""},"pwb-brand":[],"product_brand":[],"product_cat":[337,327,328,334,338],"product_tag":[],"class_list":{"0":"post-3108","1":"product","2":"type-product","3":"status-publish","4":"has-post-thumbnail","6":"product_cat-eqqualberry","7":"product_cat-hmizat","8":"product_cat-nouveautes","9":"product_cat-produits-coreens","10":"product_cat-serum-ampoule","12":"first","13":"instock","14":"sale","15":"shipping-taxable","16":"purchasable","17":"product-type-simple"},"aioseo_notices":[],"uagb_featured_image_src":{"full":["https:\/\/wavexia.com\/wp-content\/uploads\/2025\/10\/51qCWScQkQL._AC_UF1000_1000_QL80_700x.webp",700,966,false],"thumbnail":["https:\/\/wavexia.com\/wp-content\/uploads\/2025\/10\/51qCWScQkQL._AC_UF1000_1000_QL80_700x-150x150.webp",150,150,true],"medium":["https:\/\/wavexia.com\/wp-content\/uploads\/2025\/10\/51qCWScQkQL._AC_UF1000_1000_QL80_700x-217x300.webp",217,300,true],"medium_large":["https:\/\/wavexia.com\/wp-content\/uploads\/2025\/10\/51qCWScQkQL._AC_UF1000_1000_QL80_700x.webp",700,966,false],"large":["https:\/\/wavexia.com\/wp-content\/uploads\/2025\/10\/51qCWScQkQL._AC_UF1000_1000_QL80_700x.webp",700,966,false],"1536x1536":["https:\/\/wavexia.com\/wp-content\/uploads\/2025\/10\/51qCWScQkQL._AC_UF1000_1000_QL80_700x.webp",700,966,false],"2048x2048":["https:\/\/wavexia.com\/wp-content\/uploads\/2025\/10\/51qCWScQkQL._AC_UF1000_1000_QL80_700x.webp",700,966,false],"woocommerce_archive_thumbnail":["https:\/\/wavexia.com\/wp-content\/uploads\/2025\/10\/51qCWScQkQL._AC_UF1000_1000_QL80_700x-300x414.webp",300,414,true],"woocommerce_thumbnail":["https:\/\/wavexia.com\/wp-content\/uploads\/2025\/10\/51qCWScQkQL._AC_UF1000_1000_QL80_700x-300x300.webp",300,300,true],"woocommerce_single":["https:\/\/wavexia.com\/wp-content\/uploads\/2025\/10\/51qCWScQkQL._AC_UF1000_1000_QL80_700x-600x828.webp",600,828,true],"woocommerce_gallery_thumbnail":["https:\/\/wavexia.com\/wp-content\/uploads\/2025\/10\/51qCWScQkQL._AC_UF1000_1000_QL80_700x-100x100.webp",100,100,true]},"uagb_author_info":{"display_name":"zineddine.ayoub98@gmail.com","author_link":"https:\/\/wavexia.com\/?author=0"},"uagb_comment_info":0,"uagb_excerpt":"Description Ce s\u00e9rum enrichi en PDRN offre un soin des pores complet, r\u00e9v\u00e9lant une peau lisse, ferme et lumineuse.&nbsp; Contient 3% de PDRN violet, du collag\u00e8ne v\u00e9gane, des p\u00e9ptides et de l\u2019\u00e9lastine pour une peau plus \u00e9lastique.&nbsp; R\u00e9gule la production de s\u00e9bum \u00e0 l\u2019aide d\u2019un complexe de tanins et de LHA.&nbsp; L\u2019acide hyaluronique et le&hellip;","brands":[],"_links":{"self":[{"href":"https:\/\/wavexia.com\/index.php?rest_route=\/wp\/v2\/product\/3108","targetHints":{"allow":["GET"]}}],"collection":[{"href":"https:\/\/wavexia.com\/index.php?rest_route=\/wp\/v2\/product"}],"about":[{"href":"https:\/\/wavexia.com\/index.php?rest_route=\/wp\/v2\/types\/product"}],"replies":[{"embeddable":true,"href":"https:\/\/wavexia.com\/index.php?rest_route=%2Fwp%2Fv2%2Fcomments&post=3108"}],"wp:featuredmedia":[{"embeddable":true,"href":"https:\/\/wavexia.com\/index.php?rest_route=\/wp\/v2\/media\/3107"}],"wp:attachment":[{"href":"https:\/\/wavexia.com\/index.php?rest_route=%2Fwp%2Fv2%2Fmedia&parent=3108"}],"wp:term":[{"taxonomy":"pwb-brand","embeddable":true,"href":"https:\/\/wavexia.com\/index.php?rest_route=%2Fwp%2Fv2%2Fpwb-brand&post=3108"},{"taxonomy":"product_brand","embeddable":true,"href":"https:\/\/wavexia.com\/index.php?rest_route=%2Fwp%2Fv2%2Fproduct_brand&post=3108"},{"taxonomy":"product_cat","embeddable":true,"href":"https:\/\/wavexia.com\/index.php?rest_route=%2Fwp%2Fv2%2Fproduct_cat&post=3108"},{"taxonomy":"product_tag","embeddable":true,"href":"https:\/\/wavexia.com\/index.php?rest_route=%2Fwp%2Fv2%2Fproduct_tag&post=3108"}],"curies":[{"name":"wp","href":"https:\/\/api.w.org\/{rel}","templated":true}]}}