{"id":3104,"date":"2025-10-18T22:11:17","date_gmt":"2025-10-18T22:11:17","guid":{"rendered":"https:\/\/wavexia.com\/product\/rituals-the-ritual-of-sakura-coffret-xs\/"},"modified":"2026-03-10T07:30:53","modified_gmt":"2026-03-10T07:30:53","slug":"rituals-the-ritual-of-sakura-coffret-xs","status":"publish","type":"product","link":"https:\/\/wavexia.com\/?product=rituals-the-ritual-of-sakura-coffret-xs","title":{"rendered":"RITUALS \u2013 The Ritual Of SAKURA \u2013 coffret XS"},"content":{"rendered":"<h2>Description<\/h2>\n<p>Il s\u2019agit d\u2019un cadeau id\u00e9al pour vous-m\u00eame ou pour vos proches, car il combine trois des best-sellers de la collection : une mousse de douche, une cr\u00e8me pour le corps compos\u00e9 \u00e0 92% d\u2019ingr\u00e9dients d\u2019origine naturelle et un gommage au sucre compos\u00e9 \u00e0 91% d\u2019ingr\u00e9dients d\u2019origine naturelle. Tous les produits sont enrichis du doux parfum de la fleur de cerisier et de l\u2019extrait de lait de riz nourrissant.<\/p>\n<p>Ce coffret voyage contient les 3 produits suivants :<br \/>\u2013 une mousse de douche (50ml \u2013 format d\u00e9couverte) : Diffusant une senteur d\u00e9licate de fleur de cerisier, ce gel se transforme en mousse onctueuse au contact de l\u2019eau.<\/p>\n<p>&nbsp;<\/p>\n<p>\u2013 un gommage pour le corps (125gr \u2013 format d\u00e9couverte) : Le gommage au sucre The Ritual of Sakura contient des particules de noyaux de cerise. Il \u00e9limine en douceur les cellules mortes et stimule le renouvellement cellulaire au quotidien, tout en laissant un film hydratant et protecteur.<\/p>\n<p>&nbsp;<\/p>\n<p>\u2013 une cr\u00e8me pour le corps (70ml \u2013 format d\u00e9couverte) : Gr\u00e2ce \u00e0 sa formule sp\u00e9ciale, cette cr\u00e8me riche et velout\u00e9e est facile \u00e0 appliquer et nourrit intens\u00e9ment la peau tout en la raffermissant. Sa formule contient aussi des anti-oxydants, de la vitamine E et de la Centella Asiatica pour une peau plus douce que jamais.<\/p>\n","protected":false},"excerpt":{"rendered":"<p>Description Il s\u2019agit d\u2019un cadeau id\u00e9al pour vous-m\u00eame ou pour vos proches, car il combine trois des best-sellers de la collection : une mousse de douche, une cr\u00e8me pour le corps compos\u00e9 \u00e0 92% d\u2019ingr\u00e9dients d\u2019origine naturelle et un gommage au sucre compos\u00e9 \u00e0 91% d\u2019ingr\u00e9dients d\u2019origine naturelle. Tous les produits sont enrichis du doux [&hellip;]<\/p>\n","protected":false},"featured_media":3103,"comment_status":"open","ping_status":"closed","template":"","meta":{"content-type":"","_uag_custom_page_level_css":""},"pwb-brand":[],"product_brand":[],"product_cat":[332],"product_tag":[],"class_list":{"0":"post-3104","1":"product","2":"type-product","3":"status-publish","4":"has-post-thumbnail","6":"product_cat-rituals","8":"first","9":"instock","10":"shipping-taxable","11":"purchasable","12":"product-type-simple"},"aioseo_notices":[],"uagb_featured_image_src":{"full":["https:\/\/wavexia.com\/wp-content\/uploads\/2025\/10\/IMG_1763.jpeg",571,782,false],"thumbnail":["https:\/\/wavexia.com\/wp-content\/uploads\/2025\/10\/IMG_1763-150x150.jpeg",150,150,true],"medium":["https:\/\/wavexia.com\/wp-content\/uploads\/2025\/10\/IMG_1763-219x300.jpeg",219,300,true],"medium_large":["https:\/\/wavexia.com\/wp-content\/uploads\/2025\/10\/IMG_1763.jpeg",571,782,false],"large":["https:\/\/wavexia.com\/wp-content\/uploads\/2025\/10\/IMG_1763.jpeg",571,782,false],"1536x1536":["https:\/\/wavexia.com\/wp-content\/uploads\/2025\/10\/IMG_1763.jpeg",571,782,false],"2048x2048":["https:\/\/wavexia.com\/wp-content\/uploads\/2025\/10\/IMG_1763.jpeg",571,782,false],"woocommerce_archive_thumbnail":["https:\/\/wavexia.com\/wp-content\/uploads\/2025\/10\/IMG_1763-300x411.jpeg",300,411,true],"woocommerce_thumbnail":["https:\/\/wavexia.com\/wp-content\/uploads\/2025\/10\/IMG_1763-300x300.jpeg",300,300,true],"woocommerce_single":["https:\/\/wavexia.com\/wp-content\/uploads\/2025\/10\/IMG_1763.jpeg",571,782,false],"woocommerce_gallery_thumbnail":["https:\/\/wavexia.com\/wp-content\/uploads\/2025\/10\/IMG_1763-100x100.jpeg",100,100,true]},"uagb_author_info":{"display_name":"zineddine.ayoub98@gmail.com","author_link":"https:\/\/wavexia.com\/?author=0"},"uagb_comment_info":0,"uagb_excerpt":"Description Il s\u2019agit d\u2019un cadeau id\u00e9al pour vous-m\u00eame ou pour vos proches, car il combine trois des best-sellers de la collection : une mousse de douche, une cr\u00e8me pour le corps compos\u00e9 \u00e0 92% d\u2019ingr\u00e9dients d\u2019origine naturelle et un gommage au sucre compos\u00e9 \u00e0 91% d\u2019ingr\u00e9dients d\u2019origine naturelle. Tous les produits sont enrichis du doux&hellip;","brands":[],"_links":{"self":[{"href":"https:\/\/wavexia.com\/index.php?rest_route=\/wp\/v2\/product\/3104","targetHints":{"allow":["GET"]}}],"collection":[{"href":"https:\/\/wavexia.com\/index.php?rest_route=\/wp\/v2\/product"}],"about":[{"href":"https:\/\/wavexia.com\/index.php?rest_route=\/wp\/v2\/types\/product"}],"replies":[{"embeddable":true,"href":"https:\/\/wavexia.com\/index.php?rest_route=%2Fwp%2Fv2%2Fcomments&post=3104"}],"wp:featuredmedia":[{"embeddable":true,"href":"https:\/\/wavexia.com\/index.php?rest_route=\/wp\/v2\/media\/3103"}],"wp:attachment":[{"href":"https:\/\/wavexia.com\/index.php?rest_route=%2Fwp%2Fv2%2Fmedia&parent=3104"}],"wp:term":[{"taxonomy":"pwb-brand","embeddable":true,"href":"https:\/\/wavexia.com\/index.php?rest_route=%2Fwp%2Fv2%2Fpwb-brand&post=3104"},{"taxonomy":"product_brand","embeddable":true,"href":"https:\/\/wavexia.com\/index.php?rest_route=%2Fwp%2Fv2%2Fproduct_brand&post=3104"},{"taxonomy":"product_cat","embeddable":true,"href":"https:\/\/wavexia.com\/index.php?rest_route=%2Fwp%2Fv2%2Fproduct_cat&post=3104"},{"taxonomy":"product_tag","embeddable":true,"href":"https:\/\/wavexia.com\/index.php?rest_route=%2Fwp%2Fv2%2Fproduct_tag&post=3104"}],"curies":[{"name":"wp","href":"https:\/\/api.w.org\/{rel}","templated":true}]}}