{"id":3101,"date":"2025-10-18T22:11:15","date_gmt":"2025-10-18T22:11:15","guid":{"rendered":"https:\/\/wavexia.com\/product\/moms-bath-recipe-body-peeling-pad-original\/"},"modified":"2026-03-10T07:30:53","modified_gmt":"2026-03-10T07:30:53","slug":"moms-bath-recipe-body-peeling-pad-original","status":"publish","type":"product","link":"https:\/\/wavexia.com\/?product=moms-bath-recipe-body-peeling-pad-original","title":{"rendered":"Mom\u2019s Bath Recipe Body Peeling Pad Original"},"content":{"rendered":"<h2>Description<\/h2>\n<p>est une solution innovante pour l\u2019exfoliation corporelle qui se distingue par sa commodit\u00e9 et sa facilit\u00e9 d\u2019utilisation. Pour commencer, ce tampon pr\u00e9sente une formule qui m\u00e9lange des ingr\u00e9dients exfoliants et hydratants, garantissant que, tout en travaillant avec diligence pour \u00e9liminer les cellules mortes de la peau, il nourrit \u00e9galement la peau. De plus, le coussin double face est m\u00e9ticuleusement con\u00e7u pour assurer une efficacit\u00e9 maximale. D\u2019un c\u00f4t\u00e9, une couche douce permet un nettoyage en douceur, tandis que de l\u2019autre, un gommage en maille, id\u00e9al pour exfolier les coudes et les chevilles par exemple. Cela dit, ce coussin est facile \u00e0 int\u00e9grer \u00e0 votre routine de douche, rempla\u00e7ant le besoin de nettoyants pour le corps et d\u2019exfoliants car il dispose de cette double action.<\/p>\n<p>Et lorsque vous utilisez le coussinet, vous \u00eates envelopp\u00e9 par l\u2019ar\u00f4me apaisant du cypr\u00e8s hinoki. Ce parfum, combin\u00e9 aux bulles riches et rebondissantes du coussin, a le potentiel de vous transporter dans un royaume de d\u00e9tente, faisant fondre le stress et les tensions de la journ\u00e9e. Enfin, le miel et le yogourt dans la formule, ainsi que les ingr\u00e9dients ferment\u00e9s, maintiennent la peau bien hydrat\u00e9e. En conclusion, cette solution tout-en-un offre une exfoliation douce, un nettoyage doux et une hydratation, \u00e9tant id\u00e9ale pour les peaux normales et sensibles. Ce format \u00e0 l\u2019unit\u00e9 est id\u00e9al \u00e0 emporter avec vous en d\u00e9placement ou pour essayer le produit.<\/p>\n<h5>mode d\u2019emploi:<\/h5>\n<p>Placez votre main dans le&nbsp;et frottez sur la peau humide avec le c\u00f4t\u00e9 blanc pour faire mousser. Utilisez le c\u00f4t\u00e9 vert sur les zones les plus rugueuses telles que les coudes et les chevilles. Ensuite, rincez \u00e0 l\u2019eau ti\u00e8de.<\/p>\n<h5>ingr\u00e9dients:<\/h5>\n<p>Eau, Laurylsulfoac\u00e9tate de sodium, Coco-b\u00e9ta\u00efne, Extrait de miel, 1, 2-hexanediol, Chlorure de sodium, Hydroxypropylsulfonate de sodium Laurylglucoside Crosspolymer, Sulfate de sodium, Hydroxyac\u00e9toph\u00e9none, Dipropyl\u00e8ne glycol, Arginine, Cocoyl Isethionate de sodium, Parfum, Gluconolactone, Polyquaternium-10, Acrylates\/C10-30 Alkyl Acrylate Crosspolymer, Ethylhexylglyc\u00e9rine, Caprylyl Glycol, Extrait de propolis, Extrait de feuille de Centella Asiatica, Extrait de yogourt, Propanediol, Butyl\u00e8ne glycol, Glyc\u00e9rine, Extrait de feuille de Morus Alba, Extrait de feuille de Camellia Sinensis, Extrait de feuille de Diospyros Kaki, Filtrat de ferment de graines de saccharomyces\/d\u2019orge, Extrait de lactobacille\/Extrait de ferment de soja, Extrait de fruit de Lactobacillus\/Punica Granatum, Filtrat de ferment de jus de lactobacille\/poire, Lysat de ferment de lactobacille, Extrait de feuille de taraxacum officinale (pissenlit), Ferment de saccharomyces, Extrait de fleur de Nelumbo Nucifera, Extrait d\u2019Oryza sativa (riz), Extrait d\u2019Artemisia Annua, Extrait d\u2019\u00e9corce de Salix Alba (saule), Acide mand\u00e9lique.<\/p>\n<h5><\/h5>\n","protected":false},"excerpt":{"rendered":"<p>Description est une solution innovante pour l\u2019exfoliation corporelle qui se distingue par sa commodit\u00e9 et sa facilit\u00e9 d\u2019utilisation. Pour commencer, ce tampon pr\u00e9sente une formule qui m\u00e9lange des ingr\u00e9dients exfoliants et hydratants, garantissant que, tout en travaillant avec diligence pour \u00e9liminer les cellules mortes de la peau, il nourrit \u00e9galement la peau. De plus, le [&hellip;]<\/p>\n","protected":false},"featured_media":3100,"comment_status":"open","ping_status":"closed","template":"","meta":{"content-type":"","_uag_custom_page_level_css":""},"pwb-brand":[],"product_brand":[],"product_cat":[327,380,328,334],"product_tag":[],"class_list":{"0":"post-3101","1":"product","2":"type-product","3":"status-publish","4":"has-post-thumbnail","6":"product_cat-hmizat","7":"product_cat-moms-bath-recipe","8":"product_cat-nouveautes","9":"product_cat-produits-coreens","11":"first","12":"instock","13":"sale","14":"shipping-taxable","15":"purchasable","16":"product-type-simple"},"aioseo_notices":[],"uagb_featured_image_src":{"full":["https:\/\/wavexia.com\/wp-content\/uploads\/2025\/10\/0865af10-fae1-4041-82ab-b3f7ec9630fc-1000x1000-MAbdeSNblQdTMjXSKP4YbejhukdvyMrYVftoLXhS.webp",1000,1000,false],"thumbnail":["https:\/\/wavexia.com\/wp-content\/uploads\/2025\/10\/0865af10-fae1-4041-82ab-b3f7ec9630fc-1000x1000-MAbdeSNblQdTMjXSKP4YbejhukdvyMrYVftoLXhS-150x150.webp",150,150,true],"medium":["https:\/\/wavexia.com\/wp-content\/uploads\/2025\/10\/0865af10-fae1-4041-82ab-b3f7ec9630fc-1000x1000-MAbdeSNblQdTMjXSKP4YbejhukdvyMrYVftoLXhS-300x300.webp",300,300,true],"medium_large":["https:\/\/wavexia.com\/wp-content\/uploads\/2025\/10\/0865af10-fae1-4041-82ab-b3f7ec9630fc-1000x1000-MAbdeSNblQdTMjXSKP4YbejhukdvyMrYVftoLXhS-768x768.webp",768,768,true],"large":["https:\/\/wavexia.com\/wp-content\/uploads\/2025\/10\/0865af10-fae1-4041-82ab-b3f7ec9630fc-1000x1000-MAbdeSNblQdTMjXSKP4YbejhukdvyMrYVftoLXhS.webp",1000,1000,false],"1536x1536":["https:\/\/wavexia.com\/wp-content\/uploads\/2025\/10\/0865af10-fae1-4041-82ab-b3f7ec9630fc-1000x1000-MAbdeSNblQdTMjXSKP4YbejhukdvyMrYVftoLXhS.webp",1000,1000,false],"2048x2048":["https:\/\/wavexia.com\/wp-content\/uploads\/2025\/10\/0865af10-fae1-4041-82ab-b3f7ec9630fc-1000x1000-MAbdeSNblQdTMjXSKP4YbejhukdvyMrYVftoLXhS.webp",1000,1000,false],"woocommerce_archive_thumbnail":["https:\/\/wavexia.com\/wp-content\/uploads\/2025\/10\/0865af10-fae1-4041-82ab-b3f7ec9630fc-1000x1000-MAbdeSNblQdTMjXSKP4YbejhukdvyMrYVftoLXhS-300x300.webp",300,300,true],"woocommerce_thumbnail":["https:\/\/wavexia.com\/wp-content\/uploads\/2025\/10\/0865af10-fae1-4041-82ab-b3f7ec9630fc-1000x1000-MAbdeSNblQdTMjXSKP4YbejhukdvyMrYVftoLXhS-300x300.webp",300,300,true],"woocommerce_single":["https:\/\/wavexia.com\/wp-content\/uploads\/2025\/10\/0865af10-fae1-4041-82ab-b3f7ec9630fc-1000x1000-MAbdeSNblQdTMjXSKP4YbejhukdvyMrYVftoLXhS-600x600.webp",600,600,true],"woocommerce_gallery_thumbnail":["https:\/\/wavexia.com\/wp-content\/uploads\/2025\/10\/0865af10-fae1-4041-82ab-b3f7ec9630fc-1000x1000-MAbdeSNblQdTMjXSKP4YbejhukdvyMrYVftoLXhS-100x100.webp",100,100,true]},"uagb_author_info":{"display_name":"zineddine.ayoub98@gmail.com","author_link":"https:\/\/wavexia.com\/?author=0"},"uagb_comment_info":0,"uagb_excerpt":"Description est une solution innovante pour l\u2019exfoliation corporelle qui se distingue par sa commodit\u00e9 et sa facilit\u00e9 d\u2019utilisation. Pour commencer, ce tampon pr\u00e9sente une formule qui m\u00e9lange des ingr\u00e9dients exfoliants et hydratants, garantissant que, tout en travaillant avec diligence pour \u00e9liminer les cellules mortes de la peau, il nourrit \u00e9galement la peau. De plus, le&hellip;","brands":[],"_links":{"self":[{"href":"https:\/\/wavexia.com\/index.php?rest_route=\/wp\/v2\/product\/3101","targetHints":{"allow":["GET"]}}],"collection":[{"href":"https:\/\/wavexia.com\/index.php?rest_route=\/wp\/v2\/product"}],"about":[{"href":"https:\/\/wavexia.com\/index.php?rest_route=\/wp\/v2\/types\/product"}],"replies":[{"embeddable":true,"href":"https:\/\/wavexia.com\/index.php?rest_route=%2Fwp%2Fv2%2Fcomments&post=3101"}],"wp:featuredmedia":[{"embeddable":true,"href":"https:\/\/wavexia.com\/index.php?rest_route=\/wp\/v2\/media\/3100"}],"wp:attachment":[{"href":"https:\/\/wavexia.com\/index.php?rest_route=%2Fwp%2Fv2%2Fmedia&parent=3101"}],"wp:term":[{"taxonomy":"pwb-brand","embeddable":true,"href":"https:\/\/wavexia.com\/index.php?rest_route=%2Fwp%2Fv2%2Fpwb-brand&post=3101"},{"taxonomy":"product_brand","embeddable":true,"href":"https:\/\/wavexia.com\/index.php?rest_route=%2Fwp%2Fv2%2Fproduct_brand&post=3101"},{"taxonomy":"product_cat","embeddable":true,"href":"https:\/\/wavexia.com\/index.php?rest_route=%2Fwp%2Fv2%2Fproduct_cat&post=3101"},{"taxonomy":"product_tag","embeddable":true,"href":"https:\/\/wavexia.com\/index.php?rest_route=%2Fwp%2Fv2%2Fproduct_tag&post=3101"}],"curies":[{"name":"wp","href":"https:\/\/api.w.org\/{rel}","templated":true}]}}