{"id":3097,"date":"2025-10-18T22:11:11","date_gmt":"2025-10-18T22:11:11","guid":{"rendered":"https:\/\/wavexia.com\/product\/beauty-of-joseon-glow-deep-serum-rice-alpha-arbutin-30ml\/"},"modified":"2026-03-10T07:30:52","modified_gmt":"2026-03-10T07:30:52","slug":"beauty-of-joseon-glow-deep-serum-rice-alpha-arbutin-30ml","status":"publish","type":"product","link":"https:\/\/wavexia.com\/?product=beauty-of-joseon-glow-deep-serum-rice-alpha-arbutin-30ml","title":{"rendered":"Beauty of Joseon \u2013 Glow Deep Serum Rice &#038; Alpha Arbutin 30ml"},"content":{"rendered":"<h2>Description<\/h2>\n<p>The Beauty Of Joseon Glow Deep Serum Rice + Arbutin est un s\u00e9rum qui convient \u00e0 tous les types de peau. Le s\u00e9rum redonne de l\u2019\u00e9clat \u00e0 votre peau terne et r\u00e9duit \u00e9galement les taches pigmentaires. Gr\u00e2ce \u00e0 sa formule l\u00e9g\u00e8re, le s\u00e9rum p\u00e9n\u00e8tre rapidement dans votre peau et l\u2019ajout de Hanbang rend votre peau intens\u00e9ment hydrat\u00e9e !<\/p>\n<p>L\u2019eau de riz, l\u2019arbutine et un complexe de grains s\u2019associent dans ce s\u00e9rum pour prendre soin de votre peau au mieux et lui donner un bel \u00e9clat naturel !<\/p>\n<p><strong>Ce s\u00e9rum:<\/strong><\/p>\n<ul>\n<li>pour tous les types de peau<\/li>\n<li>utiliser avec la peau terne, les taches pigmentaires<\/li>\n<li>laissez votre peau briller \u00e0 nouveau<\/li>\n<li>att\u00e9nue les taches pigmentaires<\/li>\n<li>formule l\u00e9g\u00e8re, p\u00e9n\u00e8tre rapidement<\/li>\n<li>hydrate et prend soin de votre peau<\/li>\n<li>contient du Hanbang, de l\u2019eau de riz, de l\u2019arbutine et un complexe de c\u00e9r\u00e9ales<\/li>\n<li>sans cruaut\u00e9<\/li>\n<li>v\u00e9g\u00e9talien<\/li>\n<\/ul>\n<p><strong>Comment utiliser:<\/strong><\/p>\n<ul>\n<li>Appliquer le s\u00e9rum sur une peau nettoy\u00e9e.<\/li>\n<li>Appliquez 2 \u00e0 3 gouttes de s\u00e9rum sur votre peau.<\/li>\n<li>Massez votre peau.<\/li>\n<li>Appliquez ensuite une cr\u00e8me hydratante.<\/li>\n<\/ul>\n<p><strong>Ps.&nbsp;<\/strong>Pour de meilleurs r\u00e9sultats, utilisez le s\u00e9rum matin et soir.<\/p>\n<p><strong>Ingr\u00e9dients:<br \/><\/strong>Oryza Sativa (Rice) Bran Water, Water, Glycerin, Butylene Glycol, 1,2-Hexanediol, Dipropylene Glycol, Arbutin, Methyl Gluceth-20, Panthenol, Polyglycerin-3, Trehalose, Glyceryl Glucoside, Hydrolyzed Jojoba Esters, Hydroxyethyl Acrylate\/Sodium Acryloyldimethyl Taurate Copolymer, Ethylhexylglycerin, Hydroxyethylcellulose, Xanthan Gum, Arginine, Acrylates\/C10-30 Alkyl Acrylate Crosspolymer, Disodium EDTA, Coptis Japonica Root Extract, Sorbitan Isostearate, Glucose, Cyclohexane, Coix Lacryma-Jobi Ma-Yuen Seed Extract, Glycine Soja (Soybean) Seed Extract, Hordeum Distichon (Barley) Extract, Oryza Sativa (Rice) Extract, Sesamum Indicum (Sesame) Seed Extract, Triticum Vulgare (Wheat) Seed Extract, Vigna Radiata Seed Extract, Zea Mays (Corn) Kernel Extract.<\/p>\n","protected":false},"excerpt":{"rendered":"<p>Description The Beauty Of Joseon Glow Deep Serum Rice + Arbutin est un s\u00e9rum qui convient \u00e0 tous les types de peau. Le s\u00e9rum redonne de l\u2019\u00e9clat \u00e0 votre peau terne et r\u00e9duit \u00e9galement les taches pigmentaires. Gr\u00e2ce \u00e0 sa formule l\u00e9g\u00e8re, le s\u00e9rum p\u00e9n\u00e8tre rapidement dans votre peau et l\u2019ajout de Hanbang rend votre [&hellip;]<\/p>\n","protected":false},"featured_media":3096,"comment_status":"open","ping_status":"closed","template":"","meta":{"content-type":"","_uag_custom_page_level_css":""},"pwb-brand":[],"product_brand":[],"product_cat":[354,327,325,334,338,323],"product_tag":[],"class_list":{"0":"post-3097","1":"product","2":"type-product","3":"status-publish","4":"has-post-thumbnail","6":"product_cat-beauty-of-joseon","7":"product_cat-hmizat","8":"product_cat-marques","9":"product_cat-produits-coreens","10":"product_cat-serum-ampoule","11":"product_cat-skincare","13":"first","14":"instock","15":"sale","16":"shipping-taxable","17":"purchasable","18":"product-type-simple"},"aioseo_notices":[],"uagb_featured_image_src":{"full":["https:\/\/wavexia.com\/wp-content\/uploads\/2025\/10\/800_eacff2ac-f577-4831-be8f-bc0c326237df.webp",800,800,false],"thumbnail":["https:\/\/wavexia.com\/wp-content\/uploads\/2025\/10\/800_eacff2ac-f577-4831-be8f-bc0c326237df-150x150.webp",150,150,true],"medium":["https:\/\/wavexia.com\/wp-content\/uploads\/2025\/10\/800_eacff2ac-f577-4831-be8f-bc0c326237df-300x300.webp",300,300,true],"medium_large":["https:\/\/wavexia.com\/wp-content\/uploads\/2025\/10\/800_eacff2ac-f577-4831-be8f-bc0c326237df-768x768.webp",768,768,true],"large":["https:\/\/wavexia.com\/wp-content\/uploads\/2025\/10\/800_eacff2ac-f577-4831-be8f-bc0c326237df.webp",800,800,false],"1536x1536":["https:\/\/wavexia.com\/wp-content\/uploads\/2025\/10\/800_eacff2ac-f577-4831-be8f-bc0c326237df.webp",800,800,false],"2048x2048":["https:\/\/wavexia.com\/wp-content\/uploads\/2025\/10\/800_eacff2ac-f577-4831-be8f-bc0c326237df.webp",800,800,false],"woocommerce_archive_thumbnail":["https:\/\/wavexia.com\/wp-content\/uploads\/2025\/10\/800_eacff2ac-f577-4831-be8f-bc0c326237df-300x300.webp",300,300,true],"woocommerce_thumbnail":["https:\/\/wavexia.com\/wp-content\/uploads\/2025\/10\/800_eacff2ac-f577-4831-be8f-bc0c326237df-300x300.webp",300,300,true],"woocommerce_single":["https:\/\/wavexia.com\/wp-content\/uploads\/2025\/10\/800_eacff2ac-f577-4831-be8f-bc0c326237df-600x600.webp",600,600,true],"woocommerce_gallery_thumbnail":["https:\/\/wavexia.com\/wp-content\/uploads\/2025\/10\/800_eacff2ac-f577-4831-be8f-bc0c326237df-100x100.webp",100,100,true]},"uagb_author_info":{"display_name":"zineddine.ayoub98@gmail.com","author_link":"https:\/\/wavexia.com\/?author=0"},"uagb_comment_info":0,"uagb_excerpt":"Description The Beauty Of Joseon Glow Deep Serum Rice + Arbutin est un s\u00e9rum qui convient \u00e0 tous les types de peau. Le s\u00e9rum redonne de l\u2019\u00e9clat \u00e0 votre peau terne et r\u00e9duit \u00e9galement les taches pigmentaires. Gr\u00e2ce \u00e0 sa formule l\u00e9g\u00e8re, le s\u00e9rum p\u00e9n\u00e8tre rapidement dans votre peau et l\u2019ajout de Hanbang rend votre&hellip;","brands":[],"_links":{"self":[{"href":"https:\/\/wavexia.com\/index.php?rest_route=\/wp\/v2\/product\/3097","targetHints":{"allow":["GET"]}}],"collection":[{"href":"https:\/\/wavexia.com\/index.php?rest_route=\/wp\/v2\/product"}],"about":[{"href":"https:\/\/wavexia.com\/index.php?rest_route=\/wp\/v2\/types\/product"}],"replies":[{"embeddable":true,"href":"https:\/\/wavexia.com\/index.php?rest_route=%2Fwp%2Fv2%2Fcomments&post=3097"}],"wp:featuredmedia":[{"embeddable":true,"href":"https:\/\/wavexia.com\/index.php?rest_route=\/wp\/v2\/media\/3096"}],"wp:attachment":[{"href":"https:\/\/wavexia.com\/index.php?rest_route=%2Fwp%2Fv2%2Fmedia&parent=3097"}],"wp:term":[{"taxonomy":"pwb-brand","embeddable":true,"href":"https:\/\/wavexia.com\/index.php?rest_route=%2Fwp%2Fv2%2Fpwb-brand&post=3097"},{"taxonomy":"product_brand","embeddable":true,"href":"https:\/\/wavexia.com\/index.php?rest_route=%2Fwp%2Fv2%2Fproduct_brand&post=3097"},{"taxonomy":"product_cat","embeddable":true,"href":"https:\/\/wavexia.com\/index.php?rest_route=%2Fwp%2Fv2%2Fproduct_cat&post=3097"},{"taxonomy":"product_tag","embeddable":true,"href":"https:\/\/wavexia.com\/index.php?rest_route=%2Fwp%2Fv2%2Fproduct_tag&post=3097"}],"curies":[{"name":"wp","href":"https:\/\/api.w.org\/{rel}","templated":true}]}}