{"id":3084,"date":"2025-10-18T22:11:03","date_gmt":"2025-10-18T22:11:03","guid":{"rendered":"https:\/\/wavexia.com\/product\/shiseido-fino-premium-touch-shampoo-550ml\/"},"modified":"2026-03-10T07:30:52","modified_gmt":"2026-03-10T07:30:52","slug":"shiseido-fino-premium-touch-shampoo-550ml","status":"publish","type":"product","link":"https:\/\/wavexia.com\/?product=shiseido-fino-premium-touch-shampoo-550ml","title":{"rendered":"Shiseido fino Premium Touch Shampoo 550ml"},"content":{"rendered":"<h2>Description<\/h2>\n<p>Ce shampooing rajeunissant est formul\u00e9 pour apporter un soin aux cheveux secs, ab\u00eem\u00e9s, permanent\u00e9s et color\u00e9s. Il est enrichi en extrait de gel\u00e9e royale, en PCA (para-chlorhydr\u00e9tamine) et en prot\u00e9ines de bl\u00e9 pour hydrater et renforcer les m\u00e8ches pour des cheveux lisses et beaux. La formule boost\u00e9e \u00e0 la Lipidure EX pour r\u00e9parer les cheveux ab\u00eem\u00e9s tout en \u00e9liminant le gras et les odeurs ind\u00e9sirables. Dot\u00e9 d\u2019un parfum floral.<\/p>\n<p>Cet apr\u00e8s-shampooing nourrit et r\u00e9pare les cheveux ab\u00eem\u00e9s et secs en raison de l\u2019utilisation fr\u00e9quente de traitements chimiques comme la coloration capillaire. Il est enrichi en extrait de gel\u00e9e royale, en PCA (para-chlorhydr\u00e9tamine) et en prot\u00e9ines de bl\u00e9 pour hydrater et renforcer les m\u00e8ches pour des cheveux lisses et beaux.<\/p>\n<p><strong>Bienfaits<\/strong><\/p>\n<p>Hydratation intense : revitalise les cheveux secs.<\/p>\n<p>Renforcement : fortifie les m\u00e8ches fragilis\u00e9es.<\/p>\n<p>R\u00e9paration : restaure les fibres capillaires endommag\u00e9es.<\/p>\n<p>Parfum floral gracieux : une exp\u00e9rience sensorielle agr\u00e9able.<\/p>\n<p>Utilisation pratique : conditionnement avec distributeur \u00e0 pompe.<\/p>\n<p>&nbsp;<\/p>\n","protected":false},"excerpt":{"rendered":"<p>Description Ce shampooing rajeunissant est formul\u00e9 pour apporter un soin aux cheveux secs, ab\u00eem\u00e9s, permanent\u00e9s et color\u00e9s. Il est enrichi en extrait de gel\u00e9e royale, en PCA (para-chlorhydr\u00e9tamine) et en prot\u00e9ines de bl\u00e9 pour hydrater et renforcer les m\u00e8ches pour des cheveux lisses et beaux. La formule boost\u00e9e \u00e0 la Lipidure EX pour r\u00e9parer les [&hellip;]<\/p>\n","protected":false},"featured_media":3083,"comment_status":"open","ping_status":"closed","template":"","meta":{"content-type":"","_uag_custom_page_level_css":""},"pwb-brand":[],"product_brand":[],"product_cat":[377,334,399],"product_tag":[],"class_list":{"0":"post-3084","1":"product","2":"type-product","3":"status-publish","4":"has-post-thumbnail","6":"product_cat-cheveux","7":"product_cat-produits-coreens","8":"product_cat-shiseido","10":"first","11":"instock","12":"sale","13":"shipping-taxable","14":"purchasable","15":"product-type-simple"},"aioseo_notices":[],"uagb_featured_image_src":{"full":["https:\/\/wavexia.com\/wp-content\/uploads\/2025\/10\/fino-fino-premium-touch-shampoo-550-ml-shampoings.jpg",700,700,false],"thumbnail":["https:\/\/wavexia.com\/wp-content\/uploads\/2025\/10\/fino-fino-premium-touch-shampoo-550-ml-shampoings-150x150.jpg",150,150,true],"medium":["https:\/\/wavexia.com\/wp-content\/uploads\/2025\/10\/fino-fino-premium-touch-shampoo-550-ml-shampoings-300x300.jpg",300,300,true],"medium_large":["https:\/\/wavexia.com\/wp-content\/uploads\/2025\/10\/fino-fino-premium-touch-shampoo-550-ml-shampoings.jpg",700,700,false],"large":["https:\/\/wavexia.com\/wp-content\/uploads\/2025\/10\/fino-fino-premium-touch-shampoo-550-ml-shampoings.jpg",700,700,false],"1536x1536":["https:\/\/wavexia.com\/wp-content\/uploads\/2025\/10\/fino-fino-premium-touch-shampoo-550-ml-shampoings.jpg",700,700,false],"2048x2048":["https:\/\/wavexia.com\/wp-content\/uploads\/2025\/10\/fino-fino-premium-touch-shampoo-550-ml-shampoings.jpg",700,700,false],"woocommerce_archive_thumbnail":["https:\/\/wavexia.com\/wp-content\/uploads\/2025\/10\/fino-fino-premium-touch-shampoo-550-ml-shampoings-300x300.jpg",300,300,true],"woocommerce_thumbnail":["https:\/\/wavexia.com\/wp-content\/uploads\/2025\/10\/fino-fino-premium-touch-shampoo-550-ml-shampoings-300x300.jpg",300,300,true],"woocommerce_single":["https:\/\/wavexia.com\/wp-content\/uploads\/2025\/10\/fino-fino-premium-touch-shampoo-550-ml-shampoings-600x600.jpg",600,600,true],"woocommerce_gallery_thumbnail":["https:\/\/wavexia.com\/wp-content\/uploads\/2025\/10\/fino-fino-premium-touch-shampoo-550-ml-shampoings-100x100.jpg",100,100,true]},"uagb_author_info":{"display_name":"zineddine.ayoub98@gmail.com","author_link":"https:\/\/wavexia.com\/?author=0"},"uagb_comment_info":0,"uagb_excerpt":"Description Ce shampooing rajeunissant est formul\u00e9 pour apporter un soin aux cheveux secs, ab\u00eem\u00e9s, permanent\u00e9s et color\u00e9s. Il est enrichi en extrait de gel\u00e9e royale, en PCA (para-chlorhydr\u00e9tamine) et en prot\u00e9ines de bl\u00e9 pour hydrater et renforcer les m\u00e8ches pour des cheveux lisses et beaux. La formule boost\u00e9e \u00e0 la Lipidure EX pour r\u00e9parer les&hellip;","brands":[],"_links":{"self":[{"href":"https:\/\/wavexia.com\/index.php?rest_route=\/wp\/v2\/product\/3084","targetHints":{"allow":["GET"]}}],"collection":[{"href":"https:\/\/wavexia.com\/index.php?rest_route=\/wp\/v2\/product"}],"about":[{"href":"https:\/\/wavexia.com\/index.php?rest_route=\/wp\/v2\/types\/product"}],"replies":[{"embeddable":true,"href":"https:\/\/wavexia.com\/index.php?rest_route=%2Fwp%2Fv2%2Fcomments&post=3084"}],"wp:featuredmedia":[{"embeddable":true,"href":"https:\/\/wavexia.com\/index.php?rest_route=\/wp\/v2\/media\/3083"}],"wp:attachment":[{"href":"https:\/\/wavexia.com\/index.php?rest_route=%2Fwp%2Fv2%2Fmedia&parent=3084"}],"wp:term":[{"taxonomy":"pwb-brand","embeddable":true,"href":"https:\/\/wavexia.com\/index.php?rest_route=%2Fwp%2Fv2%2Fpwb-brand&post=3084"},{"taxonomy":"product_brand","embeddable":true,"href":"https:\/\/wavexia.com\/index.php?rest_route=%2Fwp%2Fv2%2Fproduct_brand&post=3084"},{"taxonomy":"product_cat","embeddable":true,"href":"https:\/\/wavexia.com\/index.php?rest_route=%2Fwp%2Fv2%2Fproduct_cat&post=3084"},{"taxonomy":"product_tag","embeddable":true,"href":"https:\/\/wavexia.com\/index.php?rest_route=%2Fwp%2Fv2%2Fproduct_tag&post=3084"}],"curies":[{"name":"wp","href":"https:\/\/api.w.org\/{rel}","templated":true}]}}