{"id":3081,"date":"2025-10-18T22:11:01","date_gmt":"2025-10-18T22:11:01","guid":{"rendered":"https:\/\/wavexia.com\/product\/dr-g-new-red-blemish-clear-soothing-cream-70-ml\/"},"modified":"2026-03-10T07:30:52","modified_gmt":"2026-03-10T07:30:52","slug":"dr-g-new-red-blemish-clear-soothing-cream-70-ml","status":"publish","type":"product","link":"https:\/\/wavexia.com\/?product=dr-g-new-red-blemish-clear-soothing-cream-70-ml","title":{"rendered":"Dr. G \u2013 NEW RED Blemish Clear Soothing Cream 70 ML"},"content":{"rendered":"<h2>Description<\/h2>\n<p>Cette cr\u00e8me r\u00e9paratrice poss\u00e8de une texture de gel ultra-absorbant. Formul\u00e9e avec du mad\u00e9cassoside et de l\u2019acide asiatique provenant de la centella, elle hydrate non seulement la peau mais apaise \u00e9galement les peaux sensibles, tout en stimulant les propri\u00e9t\u00e9s \u00e9claircissantes du teint.<\/p>\n<p>Cette cr\u00e8me :<\/p>\n<ul>\n<li>est adapt\u00e9e aux peaux sensibles<\/li>\n<li>offre une sensation d\u2019apaisement et de relaxation<\/li>\n<li>est enrichie en centella asiatica<\/li>\n<li>fournit une hydratation profonde et durable<\/li>\n<li>traite les rougeurs est hypoallerg\u00e9nique<\/li>\n<li>sans parfum<\/li>\n<li>cruelty-free<\/li>\n<\/ul>\n<p>Comment utiliser :<\/p>\n<p>Appliquez une quantit\u00e9 appropri\u00e9e sur votre visage.<br \/>Couvrez d\u00e9licatement votre visage avec vos paumes pour aider la cr\u00e8me \u00e0 p\u00e9n\u00e9trer.<\/p>\n<p><strong>Ingr\u00e9dients:<\/strong><\/p>\n<p>Water, Glycerin, Butylene Glycol, C13-16 Isoparaffin, Niacinamide, C12-14 Isoparaffin, 1,2-Hexanediol, Hydrogenated Polydecene, Pentylene Glycol, Vinyl Dimethicone, Caprylyl Methicone, Hydroxyethyl Acrylate\/Sodium Acryloyldimethyl Taurate Copolymer, Panthenol, Acrylates\/C10-30 Alkyl Acrylate Crosspolymer, Dimethiconol, Polymethylsilsesquioxane, Tromethamine, Dipotassium Glycyrrhizate, Glyceryl Acrylate\/Acrylic Acid Copolymer, Ethylhexylglycerin, Xanthan Gum, Disodium EDTA, Beta-Glucan, Centella Asiatica (Gotu Kola) Extract, Madecassoside, Pyrus Malus (Apple) Fruit Extract, Epigallocatechin Gallate, Asiaticoside, Asiatic Acid, Madecassic Acid<\/p>\n<p>&nbsp;<\/p>\n<p>&nbsp;<\/p>\n","protected":false},"excerpt":{"rendered":"<p>Description Cette cr\u00e8me r\u00e9paratrice poss\u00e8de une texture de gel ultra-absorbant. Formul\u00e9e avec du mad\u00e9cassoside et de l\u2019acide asiatique provenant de la centella, elle hydrate non seulement la peau mais apaise \u00e9galement les peaux sensibles, tout en stimulant les propri\u00e9t\u00e9s \u00e9claircissantes du teint. Cette cr\u00e8me : est adapt\u00e9e aux peaux sensibles offre une sensation d\u2019apaisement et [&hellip;]<\/p>\n","protected":false},"featured_media":3080,"comment_status":"open","ping_status":"closed","template":"","meta":{"content-type":"","_uag_custom_page_level_css":""},"pwb-brand":[],"product_brand":[],"product_cat":[324,398,334],"product_tag":[],"class_list":{"0":"post-3081","1":"product","2":"type-product","3":"status-publish","4":"has-post-thumbnail","6":"product_cat-creme","7":"product_cat-dr-g","8":"product_cat-produits-coreens","10":"first","11":"instock","12":"sale","13":"shipping-taxable","14":"purchasable","15":"product-type-simple"},"aioseo_notices":[],"uagb_featured_image_src":{"full":["https:\/\/wavexia.com\/wp-content\/uploads\/2025\/10\/61uZwISFQL.jpg",1600,1728,false],"thumbnail":["https:\/\/wavexia.com\/wp-content\/uploads\/2025\/10\/61uZwISFQL-150x150.jpg",150,150,true],"medium":["https:\/\/wavexia.com\/wp-content\/uploads\/2025\/10\/61uZwISFQL-278x300.jpg",278,300,true],"medium_large":["https:\/\/wavexia.com\/wp-content\/uploads\/2025\/10\/61uZwISFQL-768x829.jpg",768,829,true],"large":["https:\/\/wavexia.com\/wp-content\/uploads\/2025\/10\/61uZwISFQL-948x1024.jpg",948,1024,true],"1536x1536":["https:\/\/wavexia.com\/wp-content\/uploads\/2025\/10\/61uZwISFQL-1422x1536.jpg",1422,1536,true],"2048x2048":["https:\/\/wavexia.com\/wp-content\/uploads\/2025\/10\/61uZwISFQL.jpg",1600,1728,false],"woocommerce_archive_thumbnail":["https:\/\/wavexia.com\/wp-content\/uploads\/2025\/10\/61uZwISFQL-300x324.jpg",300,324,true],"woocommerce_thumbnail":["https:\/\/wavexia.com\/wp-content\/uploads\/2025\/10\/61uZwISFQL-300x300.jpg",300,300,true],"woocommerce_single":["https:\/\/wavexia.com\/wp-content\/uploads\/2025\/10\/61uZwISFQL-600x648.jpg",600,648,true],"woocommerce_gallery_thumbnail":["https:\/\/wavexia.com\/wp-content\/uploads\/2025\/10\/61uZwISFQL-100x100.jpg",100,100,true]},"uagb_author_info":{"display_name":"zineddine.ayoub98@gmail.com","author_link":"https:\/\/wavexia.com\/?author=0"},"uagb_comment_info":0,"uagb_excerpt":"Description Cette cr\u00e8me r\u00e9paratrice poss\u00e8de une texture de gel ultra-absorbant. Formul\u00e9e avec du mad\u00e9cassoside et de l\u2019acide asiatique provenant de la centella, elle hydrate non seulement la peau mais apaise \u00e9galement les peaux sensibles, tout en stimulant les propri\u00e9t\u00e9s \u00e9claircissantes du teint. Cette cr\u00e8me : est adapt\u00e9e aux peaux sensibles offre une sensation d\u2019apaisement et&hellip;","brands":[],"_links":{"self":[{"href":"https:\/\/wavexia.com\/index.php?rest_route=\/wp\/v2\/product\/3081","targetHints":{"allow":["GET"]}}],"collection":[{"href":"https:\/\/wavexia.com\/index.php?rest_route=\/wp\/v2\/product"}],"about":[{"href":"https:\/\/wavexia.com\/index.php?rest_route=\/wp\/v2\/types\/product"}],"replies":[{"embeddable":true,"href":"https:\/\/wavexia.com\/index.php?rest_route=%2Fwp%2Fv2%2Fcomments&post=3081"}],"wp:featuredmedia":[{"embeddable":true,"href":"https:\/\/wavexia.com\/index.php?rest_route=\/wp\/v2\/media\/3080"}],"wp:attachment":[{"href":"https:\/\/wavexia.com\/index.php?rest_route=%2Fwp%2Fv2%2Fmedia&parent=3081"}],"wp:term":[{"taxonomy":"pwb-brand","embeddable":true,"href":"https:\/\/wavexia.com\/index.php?rest_route=%2Fwp%2Fv2%2Fpwb-brand&post=3081"},{"taxonomy":"product_brand","embeddable":true,"href":"https:\/\/wavexia.com\/index.php?rest_route=%2Fwp%2Fv2%2Fproduct_brand&post=3081"},{"taxonomy":"product_cat","embeddable":true,"href":"https:\/\/wavexia.com\/index.php?rest_route=%2Fwp%2Fv2%2Fproduct_cat&post=3081"},{"taxonomy":"product_tag","embeddable":true,"href":"https:\/\/wavexia.com\/index.php?rest_route=%2Fwp%2Fv2%2Fproduct_tag&post=3081"}],"curies":[{"name":"wp","href":"https:\/\/api.w.org\/{rel}","templated":true}]}}