{"id":3076,"date":"2025-10-18T22:10:57","date_gmt":"2025-10-18T22:10:57","guid":{"rendered":"https:\/\/wavexia.com\/product\/joji-gluta-collagen-dtx-mixed-berry-20g-x-10-sachets\/"},"modified":"2026-03-10T07:30:52","modified_gmt":"2026-03-10T07:30:52","slug":"joji-gluta-collagen-dtx-mixed-berry-20g-x-10-sachets","status":"publish","type":"product","link":"https:\/\/wavexia.com\/?product=joji-gluta-collagen-dtx-mixed-berry-20g-x-10-sachets","title":{"rendered":"Joji Gluta Collagen DTX Mixed Berry (20g x 10 sachets)"},"content":{"rendered":"<h2>Description<\/h2>\n<p>Joji Gluta Collagen DTX (200 000 MG) Baies m\u00e9lang\u00e9es formul\u00e9es avec un m\u00e9lange de glutathion, de collag\u00e8ne de poisson marin et d\u2019extraits d\u2019agrumes, notamment des fraises, des framboises et des cassis.<\/p>\n<p>JOJI Gluta Collagen DTX Mixed Berry est un compl\u00e9ment alimentaire puissant sous forme pratique et en poudre. Sa saveur douce et parfum\u00e9e le rend facile \u00e0 boire en m\u00e9langeant simplement un sachet avec 100 cc d\u2019eau froide. En plus de fournir des extraits naturels, ce suppl\u00e9ment aide \u00e9galement \u00e0 blanchir la peau et \u00e0 donner une peau radieuse. Pour de meilleurs r\u00e9sultats, consommez un sachet par jour en le d\u00e9chirant et en le dissolvant dans de l\u2019eau froide avant de le boire.<\/p>\n<p>Ce suppl\u00e9ment regorge d\u2019ingr\u00e9dients actifs tels que le collag\u00e8ne, l\u2019acide hyaluronique, la vitamine C, le zinc et la coenzyme Q-10, ainsi que de divers extraits aux propri\u00e9t\u00e9s d\u00e9toxifiantes et enrichissantes de fibres.<\/p>\n<p>Contenu :&nbsp;20g x 10 sachets<\/p>\n<p>Produit de Tha\u00eflande.<\/p>\n","protected":false},"excerpt":{"rendered":"<p>Description Joji Gluta Collagen DTX (200 000 MG) Baies m\u00e9lang\u00e9es formul\u00e9es avec un m\u00e9lange de glutathion, de collag\u00e8ne de poisson marin et d\u2019extraits d\u2019agrumes, notamment des fraises, des framboises et des cassis. JOJI Gluta Collagen DTX Mixed Berry est un compl\u00e9ment alimentaire puissant sous forme pratique et en poudre. Sa saveur douce et parfum\u00e9e le [&hellip;]<\/p>\n","protected":false},"featured_media":3075,"comment_status":"open","ping_status":"closed","template":"","meta":{"content-type":"","_uag_custom_page_level_css":""},"pwb-brand":[],"product_brand":[],"product_cat":[330,327,328],"product_tag":[],"class_list":{"0":"post-3076","1":"product","2":"type-product","3":"status-publish","4":"has-post-thumbnail","6":"product_cat-complements-alimentaires","7":"product_cat-hmizat","8":"product_cat-nouveautes","10":"first","11":"instock","12":"sale","13":"shipping-taxable","14":"purchasable","15":"product-type-simple"},"aioseo_notices":[],"uagb_featured_image_src":{"full":["https:\/\/wavexia.com\/wp-content\/uploads\/2025\/10\/JOJISecretYoungGlutaCollagenDTXMixedBerry10Sachets.webp",600,600,false],"thumbnail":["https:\/\/wavexia.com\/wp-content\/uploads\/2025\/10\/JOJISecretYoungGlutaCollagenDTXMixedBerry10Sachets-150x150.webp",150,150,true],"medium":["https:\/\/wavexia.com\/wp-content\/uploads\/2025\/10\/JOJISecretYoungGlutaCollagenDTXMixedBerry10Sachets-300x300.webp",300,300,true],"medium_large":["https:\/\/wavexia.com\/wp-content\/uploads\/2025\/10\/JOJISecretYoungGlutaCollagenDTXMixedBerry10Sachets.webp",600,600,false],"large":["https:\/\/wavexia.com\/wp-content\/uploads\/2025\/10\/JOJISecretYoungGlutaCollagenDTXMixedBerry10Sachets.webp",600,600,false],"1536x1536":["https:\/\/wavexia.com\/wp-content\/uploads\/2025\/10\/JOJISecretYoungGlutaCollagenDTXMixedBerry10Sachets.webp",600,600,false],"2048x2048":["https:\/\/wavexia.com\/wp-content\/uploads\/2025\/10\/JOJISecretYoungGlutaCollagenDTXMixedBerry10Sachets.webp",600,600,false],"woocommerce_archive_thumbnail":["https:\/\/wavexia.com\/wp-content\/uploads\/2025\/10\/JOJISecretYoungGlutaCollagenDTXMixedBerry10Sachets-300x300.webp",300,300,true],"woocommerce_thumbnail":["https:\/\/wavexia.com\/wp-content\/uploads\/2025\/10\/JOJISecretYoungGlutaCollagenDTXMixedBerry10Sachets-300x300.webp",300,300,true],"woocommerce_single":["https:\/\/wavexia.com\/wp-content\/uploads\/2025\/10\/JOJISecretYoungGlutaCollagenDTXMixedBerry10Sachets.webp",600,600,false],"woocommerce_gallery_thumbnail":["https:\/\/wavexia.com\/wp-content\/uploads\/2025\/10\/JOJISecretYoungGlutaCollagenDTXMixedBerry10Sachets-100x100.webp",100,100,true]},"uagb_author_info":{"display_name":"zineddine.ayoub98@gmail.com","author_link":"https:\/\/wavexia.com\/?author=0"},"uagb_comment_info":0,"uagb_excerpt":"Description Joji Gluta Collagen DTX (200 000 MG) Baies m\u00e9lang\u00e9es formul\u00e9es avec un m\u00e9lange de glutathion, de collag\u00e8ne de poisson marin et d\u2019extraits d\u2019agrumes, notamment des fraises, des framboises et des cassis. JOJI Gluta Collagen DTX Mixed Berry est un compl\u00e9ment alimentaire puissant sous forme pratique et en poudre. Sa saveur douce et parfum\u00e9e le&hellip;","brands":[],"_links":{"self":[{"href":"https:\/\/wavexia.com\/index.php?rest_route=\/wp\/v2\/product\/3076","targetHints":{"allow":["GET"]}}],"collection":[{"href":"https:\/\/wavexia.com\/index.php?rest_route=\/wp\/v2\/product"}],"about":[{"href":"https:\/\/wavexia.com\/index.php?rest_route=\/wp\/v2\/types\/product"}],"replies":[{"embeddable":true,"href":"https:\/\/wavexia.com\/index.php?rest_route=%2Fwp%2Fv2%2Fcomments&post=3076"}],"wp:featuredmedia":[{"embeddable":true,"href":"https:\/\/wavexia.com\/index.php?rest_route=\/wp\/v2\/media\/3075"}],"wp:attachment":[{"href":"https:\/\/wavexia.com\/index.php?rest_route=%2Fwp%2Fv2%2Fmedia&parent=3076"}],"wp:term":[{"taxonomy":"pwb-brand","embeddable":true,"href":"https:\/\/wavexia.com\/index.php?rest_route=%2Fwp%2Fv2%2Fpwb-brand&post=3076"},{"taxonomy":"product_brand","embeddable":true,"href":"https:\/\/wavexia.com\/index.php?rest_route=%2Fwp%2Fv2%2Fproduct_brand&post=3076"},{"taxonomy":"product_cat","embeddable":true,"href":"https:\/\/wavexia.com\/index.php?rest_route=%2Fwp%2Fv2%2Fproduct_cat&post=3076"},{"taxonomy":"product_tag","embeddable":true,"href":"https:\/\/wavexia.com\/index.php?rest_route=%2Fwp%2Fv2%2Fproduct_tag&post=3076"}],"curies":[{"name":"wp","href":"https:\/\/api.w.org\/{rel}","templated":true}]}}