{"id":3074,"date":"2025-10-18T22:10:56","date_gmt":"2025-10-18T22:10:56","guid":{"rendered":"https:\/\/wavexia.com\/product\/cosrx-advanced-snail-92-all-in-one-cream-100g\/"},"modified":"2026-03-10T07:30:52","modified_gmt":"2026-03-10T07:30:52","slug":"cosrx-advanced-snail-92-all-in-one-cream-100g","status":"publish","type":"product","link":"https:\/\/wavexia.com\/?product=cosrx-advanced-snail-92-all-in-one-cream-100g","title":{"rendered":"COSRX \u2013 Advanced Snail 92 All-in One Cream \u2013 100g"},"content":{"rendered":"<h2>Description<\/h2>\n<p>COSRX Advanced Snail 92 All-in One Cream est une cr\u00e8me qui nourrit et hydrate intens\u00e9ment votre peau gr\u00e2ce au pouvoir des extraits d\u2019escargots cor\u00e9ens. Cette cr\u00e8me contribue naturellement \u00e0 cr\u00e9er l\u2019\u00e9clat attrayant d\u2019une peau saine. Gr\u00e2ce au filtrat de s\u00e9cr\u00e9tion d\u2019escargot purifiant \u00e0 92%, la cr\u00e8me donne \u00e9nergie et beaut\u00e9 \u00e0 la peau. La peau irrit\u00e9e est trait\u00e9e et la peau in\u00e9gale s\u2019am\u00e9liore. Cette cr\u00e8me convient \u00e0 tous les types de peau.<\/p>\n<p><strong>Cette cr\u00e8me:<\/strong><\/p>\n<ul>\n<li>nourrit la peau<\/li>\n<li>hydrate la peau<\/li>\n<li>contient 92% de filtrat de s\u00e9paration des scories purifiantes<\/li>\n<li>donne \u00e9nergie et beaut\u00e9<\/li>\n<li>traite la peau irrit\u00e9e<\/li>\n<li>am\u00e9liore le teint in\u00e9gal<\/li>\n<li>convient \u00e0 tous les types de peau<\/li>\n<\/ul>\n<p><strong>Comment utiliser:<\/strong><\/p>\n<ul>\n<li>Assurez-vous que votre peau est propre et s\u00e8che.<\/li>\n<li>Appliquer la cr\u00e8me du bout des doigts et masser sur la peau.<\/li>\n<li>Appliquez cette cr\u00e8me le matin pour une protection optimale toute la journ\u00e9e.<\/li>\n<\/ul>\n<p><strong>Ingr\u00e9dients:<\/strong><br \/>Snail Secretion Filtrate, Betaine, Caprylic\/Capric Triglyceride, Cetearyl Olivate, Sorbitan Olivate, Cetearyl Alcohol, Carbomer, Arginine, Dimethicone, Sodium Polyacrylate, Phenoxyethanol, Sodium Hyaluronate, Stearic acid, Allantoin, Panthenol, Xanthan Gum, Ethyl Hexanediol, Adenosine.<\/p>\n","protected":false},"excerpt":{"rendered":"<p>Description COSRX Advanced Snail 92 All-in One Cream est une cr\u00e8me qui nourrit et hydrate intens\u00e9ment votre peau gr\u00e2ce au pouvoir des extraits d\u2019escargots cor\u00e9ens. Cette cr\u00e8me contribue naturellement \u00e0 cr\u00e9er l\u2019\u00e9clat attrayant d\u2019une peau saine. Gr\u00e2ce au filtrat de s\u00e9cr\u00e9tion d\u2019escargot purifiant \u00e0 92%, la cr\u00e8me donne \u00e9nergie et beaut\u00e9 \u00e0 la peau. La [&hellip;]<\/p>\n","protected":false},"featured_media":2237,"comment_status":"open","ping_status":"closed","template":"","meta":{"content-type":"","_uag_custom_page_level_css":""},"pwb-brand":[],"product_brand":[],"product_cat":[347,324,327,334],"product_tag":[],"class_list":{"0":"post-3074","1":"product","2":"type-product","3":"status-publish","4":"has-post-thumbnail","6":"product_cat-cosrx","7":"product_cat-creme","8":"product_cat-hmizat","9":"product_cat-produits-coreens","11":"first","12":"instock","13":"sale","14":"shipping-taxable","15":"purchasable","16":"product-type-simple"},"aioseo_notices":[],"uagb_featured_image_src":{"full":["https:\/\/wavexia.com\/wp-content\/uploads\/2025\/10\/00x2.webp",800,800,false],"thumbnail":["https:\/\/wavexia.com\/wp-content\/uploads\/2025\/10\/00x2-150x150.webp",150,150,true],"medium":["https:\/\/wavexia.com\/wp-content\/uploads\/2025\/10\/00x2-300x300.webp",300,300,true],"medium_large":["https:\/\/wavexia.com\/wp-content\/uploads\/2025\/10\/00x2-768x768.webp",768,768,true],"large":["https:\/\/wavexia.com\/wp-content\/uploads\/2025\/10\/00x2.webp",800,800,false],"1536x1536":["https:\/\/wavexia.com\/wp-content\/uploads\/2025\/10\/00x2.webp",800,800,false],"2048x2048":["https:\/\/wavexia.com\/wp-content\/uploads\/2025\/10\/00x2.webp",800,800,false],"woocommerce_archive_thumbnail":["https:\/\/wavexia.com\/wp-content\/uploads\/2025\/10\/00x2-300x300.webp",300,300,true],"woocommerce_thumbnail":["https:\/\/wavexia.com\/wp-content\/uploads\/2025\/10\/00x2-300x300.webp",300,300,true],"woocommerce_single":["https:\/\/wavexia.com\/wp-content\/uploads\/2025\/10\/00x2-600x600.webp",600,600,true],"woocommerce_gallery_thumbnail":["https:\/\/wavexia.com\/wp-content\/uploads\/2025\/10\/00x2-100x100.webp",100,100,true]},"uagb_author_info":{"display_name":"zineddine.ayoub98@gmail.com","author_link":"https:\/\/wavexia.com\/?author=0"},"uagb_comment_info":0,"uagb_excerpt":"Description COSRX Advanced Snail 92 All-in One Cream est une cr\u00e8me qui nourrit et hydrate intens\u00e9ment votre peau gr\u00e2ce au pouvoir des extraits d\u2019escargots cor\u00e9ens. Cette cr\u00e8me contribue naturellement \u00e0 cr\u00e9er l\u2019\u00e9clat attrayant d\u2019une peau saine. Gr\u00e2ce au filtrat de s\u00e9cr\u00e9tion d\u2019escargot purifiant \u00e0 92%, la cr\u00e8me donne \u00e9nergie et beaut\u00e9 \u00e0 la peau. La&hellip;","brands":[],"_links":{"self":[{"href":"https:\/\/wavexia.com\/index.php?rest_route=\/wp\/v2\/product\/3074","targetHints":{"allow":["GET"]}}],"collection":[{"href":"https:\/\/wavexia.com\/index.php?rest_route=\/wp\/v2\/product"}],"about":[{"href":"https:\/\/wavexia.com\/index.php?rest_route=\/wp\/v2\/types\/product"}],"replies":[{"embeddable":true,"href":"https:\/\/wavexia.com\/index.php?rest_route=%2Fwp%2Fv2%2Fcomments&post=3074"}],"wp:featuredmedia":[{"embeddable":true,"href":"https:\/\/wavexia.com\/index.php?rest_route=\/wp\/v2\/media\/2237"}],"wp:attachment":[{"href":"https:\/\/wavexia.com\/index.php?rest_route=%2Fwp%2Fv2%2Fmedia&parent=3074"}],"wp:term":[{"taxonomy":"pwb-brand","embeddable":true,"href":"https:\/\/wavexia.com\/index.php?rest_route=%2Fwp%2Fv2%2Fpwb-brand&post=3074"},{"taxonomy":"product_brand","embeddable":true,"href":"https:\/\/wavexia.com\/index.php?rest_route=%2Fwp%2Fv2%2Fproduct_brand&post=3074"},{"taxonomy":"product_cat","embeddable":true,"href":"https:\/\/wavexia.com\/index.php?rest_route=%2Fwp%2Fv2%2Fproduct_cat&post=3074"},{"taxonomy":"product_tag","embeddable":true,"href":"https:\/\/wavexia.com\/index.php?rest_route=%2Fwp%2Fv2%2Fproduct_tag&post=3074"}],"curies":[{"name":"wp","href":"https:\/\/api.w.org\/{rel}","templated":true}]}}