{"id":3070,"date":"2025-10-18T22:10:52","date_gmt":"2025-10-18T22:10:52","guid":{"rendered":"https:\/\/wavexia.com\/product\/medicube-pdrn-pink-caffeine-night-wrapping-mask-75ml\/"},"modified":"2026-03-10T07:30:52","modified_gmt":"2026-03-10T07:30:52","slug":"medicube-pdrn-pink-caffeine-night-wrapping-mask-75ml","status":"publish","type":"product","link":"https:\/\/wavexia.com\/?product=medicube-pdrn-pink-caffeine-night-wrapping-mask-75ml","title":{"rendered":"Medicube PDRN Pink Caffeine Night Wrapping Mask 75ml"},"content":{"rendered":"<h2>Description<\/h2>\n<p>Le masque enveloppant de nuit \u00e0 la caf\u00e9ine rose Medicube PDRN est un masque nacr\u00e9 rose scintillant qui forme une couche moulante pour emprisonner l\u2019humidit\u00e9 pendant la nuit. Il aide votre peau \u00e0 se sentir rafra\u00eechie, lisse et \u00e9clatante le matin, m\u00eame apr\u00e8s de longues nuits ou des journ\u00e9es fatigantes.<\/p>\n<h5>les avantages:<\/h5>\n<p>\u00b7 Nutrition en profondeur : Fournit un soin intense pendant que vous dormez.<br \/>\u00b7 R\u00e9duit les poches : La caf\u00e9ine aide \u00e0 minimiser l\u2019enflure et le teint terne.<br \/>\u00b7 Peau \u00e9clatante : Le fini rose nacr\u00e9 favorise un look radieux et rafra\u00eechi.<br \/>\u00b7 Soin de nuit : Agit pendant que vous vous reposez pour des r\u00e9sultats visibles le matin.<br \/>\u00b7 Doux pour la peau : Le film hydratant confortable \u00e9pouse la peau sans l\u2019alourdir.<\/p>\n<h5>mode d\u2019emploi:<\/h5>\n<p>\u00b7 Nettoyez et s\u00e9chez votre visage avant de vous coucher.<br \/>\u00b7 Appliquez une couche uniforme du masque sur votre peau.<br \/>\u00b7 Laissez-le agir toute la nuit et rincez-le le matin.<br \/>\u00b7 Utiliser r\u00e9guli\u00e8rement pour de meilleurs r\u00e9sultats<\/p>\n<h5>ingr\u00e9dients:<\/h5>\n<p>Eau, glyc\u00e9rine, glyc\u00e9rytheth-26, alcool polyvinylique, niacinamide, benzyl glycol, gomme xanthane, algine, alg\u00e8ne, alketh-12-14, allanto\u00efne, fluorphlogopite synth\u00e9tique, \u00e9thylhexylglyc\u00e9rine, ad\u00e9nosine, cyanocobalamine, 1,2-hexanediol, EDTA disodique, dioxyde de titane (CI 77891), ADN sodique, butyl\u00e8ne glycol, huile de fleur de Rosa Damascena, caf\u00e9ine, propanediol, acide ascorbique, ac\u00e9tate de tocoph\u00e9ryle, extrait de chondrus crispus, glycine, hyaluronate de dim\u00e9thylsilanol, hyaluronate de sodium hydrolys\u00e9, acide hyaluronique hydrolys\u00e9, S\u00e9rine, acide glutamique, hyaluronate de sodium, hyaluronate de potassium, acide hyaluronique, polym\u00e8re crois\u00e9 d\u2019hyaluronate de sodium, hyaluronate d\u2019hydroxypropyltrimonium, acide aspartique, leucine, hyaluronate de sodium, dim\u00e9thylsilanol, extrait de collag\u00e8ne, \u00e9lastine hydrolys\u00e9e, alanine, lysine, hyaluronate ac\u00e9tyl\u00e9 de sodium, arginine, tyrosine, ph\u00e9nylalanine, valine, thr\u00e9onine, proline, isoleucine, caprylyl glycol, histidine, m\u00e9thionine, cyst\u00e9ine, mannitol, ac\u00e9tyl hexapeptide-8, tripeptide-1, tripeptide-1, Palmitoyl Tripeptide-1, Palmitoyl Pentapeptide-4, Collag\u00e8ne, Hexapeptide-9, Nonapeptide-1<\/p>\n","protected":false},"excerpt":{"rendered":"<p>Description Le masque enveloppant de nuit \u00e0 la caf\u00e9ine rose Medicube PDRN est un masque nacr\u00e9 rose scintillant qui forme une couche moulante pour emprisonner l\u2019humidit\u00e9 pendant la nuit. Il aide votre peau \u00e0 se sentir rafra\u00eechie, lisse et \u00e9clatante le matin, m\u00eame apr\u00e8s de longues nuits ou des journ\u00e9es fatigantes. les avantages: \u00b7 Nutrition [&hellip;]<\/p>\n","protected":false},"featured_media":3069,"comment_status":"open","ping_status":"closed","template":"","meta":{"content-type":"","_uag_custom_page_level_css":""},"pwb-brand":[],"product_brand":[],"product_cat":[327,343,349,328,334],"product_tag":[],"class_list":{"0":"post-3070","1":"product","2":"type-product","3":"status-publish","4":"has-post-thumbnail","6":"product_cat-hmizat","7":"product_cat-masque","8":"product_cat-medicube","9":"product_cat-nouveautes","10":"product_cat-produits-coreens","12":"first","13":"instock","14":"sale","15":"shipping-taxable","16":"purchasable","17":"product-type-simple"},"aioseo_notices":[],"uagb_featured_image_src":{"full":["https:\/\/wavexia.com\/wp-content\/uploads\/2025\/10\/81IunZS-NWL._UF10001000_QL80_.jpg",1000,1000,false],"thumbnail":["https:\/\/wavexia.com\/wp-content\/uploads\/2025\/10\/81IunZS-NWL._UF10001000_QL80_-150x150.jpg",150,150,true],"medium":["https:\/\/wavexia.com\/wp-content\/uploads\/2025\/10\/81IunZS-NWL._UF10001000_QL80_-300x300.jpg",300,300,true],"medium_large":["https:\/\/wavexia.com\/wp-content\/uploads\/2025\/10\/81IunZS-NWL._UF10001000_QL80_-768x768.jpg",768,768,true],"large":["https:\/\/wavexia.com\/wp-content\/uploads\/2025\/10\/81IunZS-NWL._UF10001000_QL80_.jpg",1000,1000,false],"1536x1536":["https:\/\/wavexia.com\/wp-content\/uploads\/2025\/10\/81IunZS-NWL._UF10001000_QL80_.jpg",1000,1000,false],"2048x2048":["https:\/\/wavexia.com\/wp-content\/uploads\/2025\/10\/81IunZS-NWL._UF10001000_QL80_.jpg",1000,1000,false],"woocommerce_archive_thumbnail":["https:\/\/wavexia.com\/wp-content\/uploads\/2025\/10\/81IunZS-NWL._UF10001000_QL80_-300x300.jpg",300,300,true],"woocommerce_thumbnail":["https:\/\/wavexia.com\/wp-content\/uploads\/2025\/10\/81IunZS-NWL._UF10001000_QL80_-300x300.jpg",300,300,true],"woocommerce_single":["https:\/\/wavexia.com\/wp-content\/uploads\/2025\/10\/81IunZS-NWL._UF10001000_QL80_-600x600.jpg",600,600,true],"woocommerce_gallery_thumbnail":["https:\/\/wavexia.com\/wp-content\/uploads\/2025\/10\/81IunZS-NWL._UF10001000_QL80_-100x100.jpg",100,100,true]},"uagb_author_info":{"display_name":"zineddine.ayoub98@gmail.com","author_link":"https:\/\/wavexia.com\/?author=0"},"uagb_comment_info":0,"uagb_excerpt":"Description Le masque enveloppant de nuit \u00e0 la caf\u00e9ine rose Medicube PDRN est un masque nacr\u00e9 rose scintillant qui forme une couche moulante pour emprisonner l\u2019humidit\u00e9 pendant la nuit. Il aide votre peau \u00e0 se sentir rafra\u00eechie, lisse et \u00e9clatante le matin, m\u00eame apr\u00e8s de longues nuits ou des journ\u00e9es fatigantes. les avantages: \u00b7 Nutrition&hellip;","brands":[],"_links":{"self":[{"href":"https:\/\/wavexia.com\/index.php?rest_route=\/wp\/v2\/product\/3070","targetHints":{"allow":["GET"]}}],"collection":[{"href":"https:\/\/wavexia.com\/index.php?rest_route=\/wp\/v2\/product"}],"about":[{"href":"https:\/\/wavexia.com\/index.php?rest_route=\/wp\/v2\/types\/product"}],"replies":[{"embeddable":true,"href":"https:\/\/wavexia.com\/index.php?rest_route=%2Fwp%2Fv2%2Fcomments&post=3070"}],"wp:featuredmedia":[{"embeddable":true,"href":"https:\/\/wavexia.com\/index.php?rest_route=\/wp\/v2\/media\/3069"}],"wp:attachment":[{"href":"https:\/\/wavexia.com\/index.php?rest_route=%2Fwp%2Fv2%2Fmedia&parent=3070"}],"wp:term":[{"taxonomy":"pwb-brand","embeddable":true,"href":"https:\/\/wavexia.com\/index.php?rest_route=%2Fwp%2Fv2%2Fpwb-brand&post=3070"},{"taxonomy":"product_brand","embeddable":true,"href":"https:\/\/wavexia.com\/index.php?rest_route=%2Fwp%2Fv2%2Fproduct_brand&post=3070"},{"taxonomy":"product_cat","embeddable":true,"href":"https:\/\/wavexia.com\/index.php?rest_route=%2Fwp%2Fv2%2Fproduct_cat&post=3070"},{"taxonomy":"product_tag","embeddable":true,"href":"https:\/\/wavexia.com\/index.php?rest_route=%2Fwp%2Fv2%2Fproduct_tag&post=3070"}],"curies":[{"name":"wp","href":"https:\/\/api.w.org\/{rel}","templated":true}]}}