{"id":3064,"date":"2025-10-18T22:10:46","date_gmt":"2025-10-18T22:10:46","guid":{"rendered":"https:\/\/wavexia.com\/product\/medicube-age-r-glutathion-glow-creme-gelule-50ml\/"},"modified":"2026-03-10T07:30:52","modified_gmt":"2026-03-10T07:30:52","slug":"medicube-age-r-glutathion-glow-creme-gelule-50ml","status":"publish","type":"product","link":"https:\/\/wavexia.com\/?product=medicube-age-r-glutathion-glow-creme-gelule-50ml","title":{"rendered":"MEDICUBE AGE-R Glutathion Glow Cr\u00e8me G\u00e9lule 50ml"},"content":{"rendered":"<h2>Description<\/h2>\n<p>Cette cr\u00e8me est formul\u00e9e avec une capsule de&nbsp;<strong>glutathion pur \u00e0 99,4%<\/strong>&nbsp;qui offre \u00e9clat et volume \u00e0 la peau.<br \/>Offre un lifting de la zone des rides et du d\u00e9collet\u00e9 profond avec une seule utilisation.<br \/>Compos\u00e9 de Pro Peptide et de Peptide \u00c9lastique avec de l\u2019Hydro C\u00e9ramide, il offre une forte hydratation et un enveloppement serr\u00e9 de l\u2019hydratation.<\/p>\n<p>Hypoallerg\u00e9nique test\u00e9 avec l\u2019am\u00e9lioration des rides et du blanchiment test\u00e9e.<\/p>\n<p><strong>Pourquoi choisir la formulation en capsules ?<\/strong><br \/>Les capsules \u00e9clat de la formule sont absorb\u00e9es en profondeur par la peau, offrant un effet radieux imm\u00e9diat. Gr\u00e2ce \u00e0 une technologie cor\u00e9enne avanc\u00e9e, le glutathion, souvent difficile \u00e0 manipuler, est encapsul\u00e9 dans des capsules de phospholipides qui imitent la structure de la peau, garantissant une absorption et une efficacit\u00e9 maximales.<\/p>\n<p><strong>Ingr\u00e9dients cles :&nbsp;<\/strong><br \/><strong>Glutathion<\/strong><br \/>Le glutathion pur, un puissant antioxydant, cible efficacement les probl\u00e8mes de taches cach\u00e9es et le teint irr\u00e9gulier. Il aide \u00e0 r\u00e9duire les irritations et les taches, contribuant ainsi \u00e0 un teint plus clair et plus uniforme. En \u00e9liminant le teint terne, le glutathion favorise \u00e9galement un \u00e9clat sain et radieux.<br \/><strong>Niacinamide<\/strong><br \/>La niacinamide am\u00e9liore la texture de la peau, la rendant plus douce et plus saine. Il renforce la barri\u00e8re cutan\u00e9e, r\u00e9duit la perte d\u2019hydratation et am\u00e9liore l\u2019hydratation pour une peau plus lisse et plus souple au fil du temps.<br \/><strong>Peptide<\/strong><br \/>Les peptides am\u00e9liorent la fermet\u00e9 de la peau en la stimulant, ce qui donne un teint r\u00e9sistant. En renfor\u00e7ant la barri\u00e8re cutan\u00e9e, les peptides retiennent l\u2019humidit\u00e9 et prot\u00e8gent contre les facteurs de stress environnementaux, favorisant ainsi une peau plus douce et plus lisse.<br \/><strong>Hydro C\u00e9ramide<\/strong><br \/>Les hydroc\u00e9ramides contribuent au processus de renouvellement cutan\u00e9. Ils aident \u00e0 renforcer la fonction barri\u00e8re naturelle de la peau, aidant \u00e0 apaiser la peau irrit\u00e9e pour favoriser l\u2019\u00e9tat g\u00e9n\u00e9ral de la peau.<\/p>\n<h5 class=\"yikes-custom-woo-tab-title yikes-custom-woo-tab-title-utilisation\">Utilisation<\/h5>\n<p>Apr\u00e8s le nettoyage, sur une peau tonifie&nbsp; appliquez une quantit\u00e9 mod\u00e9r\u00e9e de cr\u00e8me capsule glutathion glow sur votre visage.<br \/>Tapotez ou massez doucement. Veuillez presser et absorber les capsules lumineuses de glutathion avec vos mains.<\/p>\n<h5 class=\"yikes-custom-woo-tab-title yikes-custom-woo-tab-title-ingredients\">Ingredients<\/h5>\n<p>Purified Water, Glycerin, Glyceryl Stearate, Butylene Glycol, Methylpropanediol, Vinyl Dimethicone, Niacinamide, 1,2-Hexanediol, Betaine, Isoamyl Isovalerate, Isohexadecane, Sodium Polyacrylate, Ammonium Acryloyldimethyltaurate\/VP Copolymer, Phenyl Trimethicone, Dimethiconol, Fragrance, Irish Moss Powder, C18-21 Alkane, Glutathione (1,009.9 ppm), Ethylhexylglycerin, Polyglyceryl-10 Laurate, Glyceryl Acrylate\/Acrylic Acid Copolymer, Agar, Xanthan Gum, Hydrogenated Lecithin, Polyglyceryl-10 Oleate, Adenosine, Tromethamine, Acrylates\/C10-30 Alkyl Acrylate Crosspolymer, Glucose, Limonene, Gelatin Gum, Thioctic Acid, Caprylic\/Capric Triglyceride, Ceramide NP, Sorbitan Laurate, Hydroxyethylcellulose, Acetyl Dipeptide-1 Cetyl Ester, Palmitoyl Tripeptide-5, Acetyl Hexapeptide-1, Soluble Collagen<\/p>\n","protected":false},"excerpt":{"rendered":"<p>Description Cette cr\u00e8me est formul\u00e9e avec une capsule de&nbsp;glutathion pur \u00e0 99,4%&nbsp;qui offre \u00e9clat et volume \u00e0 la peau.Offre un lifting de la zone des rides et du d\u00e9collet\u00e9 profond avec une seule utilisation.Compos\u00e9 de Pro Peptide et de Peptide \u00c9lastique avec de l\u2019Hydro C\u00e9ramide, il offre une forte hydratation et un enveloppement serr\u00e9 de [&hellip;]<\/p>\n","protected":false},"featured_media":3063,"comment_status":"open","ping_status":"closed","template":"","meta":{"content-type":"","_uag_custom_page_level_css":""},"pwb-brand":[],"product_brand":[],"product_cat":[324,327,349,334],"product_tag":[],"class_list":{"0":"post-3064","1":"product","2":"type-product","3":"status-publish","4":"has-post-thumbnail","6":"product_cat-creme","7":"product_cat-hmizat","8":"product_cat-medicube","9":"product_cat-produits-coreens","11":"first","12":"instock","13":"sale","14":"shipping-taxable","15":"purchasable","16":"product-type-simple"},"aioseo_notices":[],"uagb_featured_image_src":{"full":["https:\/\/wavexia.com\/wp-content\/uploads\/2025\/10\/AGE-RGlutathioneGlowCapsuleCream1_800x.webp",800,800,false],"thumbnail":["https:\/\/wavexia.com\/wp-content\/uploads\/2025\/10\/AGE-RGlutathioneGlowCapsuleCream1_800x-150x150.webp",150,150,true],"medium":["https:\/\/wavexia.com\/wp-content\/uploads\/2025\/10\/AGE-RGlutathioneGlowCapsuleCream1_800x-300x300.webp",300,300,true],"medium_large":["https:\/\/wavexia.com\/wp-content\/uploads\/2025\/10\/AGE-RGlutathioneGlowCapsuleCream1_800x-768x768.webp",768,768,true],"large":["https:\/\/wavexia.com\/wp-content\/uploads\/2025\/10\/AGE-RGlutathioneGlowCapsuleCream1_800x.webp",800,800,false],"1536x1536":["https:\/\/wavexia.com\/wp-content\/uploads\/2025\/10\/AGE-RGlutathioneGlowCapsuleCream1_800x.webp",800,800,false],"2048x2048":["https:\/\/wavexia.com\/wp-content\/uploads\/2025\/10\/AGE-RGlutathioneGlowCapsuleCream1_800x.webp",800,800,false],"woocommerce_archive_thumbnail":["https:\/\/wavexia.com\/wp-content\/uploads\/2025\/10\/AGE-RGlutathioneGlowCapsuleCream1_800x-300x300.webp",300,300,true],"woocommerce_thumbnail":["https:\/\/wavexia.com\/wp-content\/uploads\/2025\/10\/AGE-RGlutathioneGlowCapsuleCream1_800x-300x300.webp",300,300,true],"woocommerce_single":["https:\/\/wavexia.com\/wp-content\/uploads\/2025\/10\/AGE-RGlutathioneGlowCapsuleCream1_800x-600x600.webp",600,600,true],"woocommerce_gallery_thumbnail":["https:\/\/wavexia.com\/wp-content\/uploads\/2025\/10\/AGE-RGlutathioneGlowCapsuleCream1_800x-100x100.webp",100,100,true]},"uagb_author_info":{"display_name":"zineddine.ayoub98@gmail.com","author_link":"https:\/\/wavexia.com\/?author=0"},"uagb_comment_info":0,"uagb_excerpt":"Description Cette cr\u00e8me est formul\u00e9e avec une capsule de&nbsp;glutathion pur \u00e0 99,4%&nbsp;qui offre \u00e9clat et volume \u00e0 la peau.Offre un lifting de la zone des rides et du d\u00e9collet\u00e9 profond avec une seule utilisation.Compos\u00e9 de Pro Peptide et de Peptide \u00c9lastique avec de l\u2019Hydro C\u00e9ramide, il offre une forte hydratation et un enveloppement serr\u00e9 de&hellip;","brands":[],"_links":{"self":[{"href":"https:\/\/wavexia.com\/index.php?rest_route=\/wp\/v2\/product\/3064","targetHints":{"allow":["GET"]}}],"collection":[{"href":"https:\/\/wavexia.com\/index.php?rest_route=\/wp\/v2\/product"}],"about":[{"href":"https:\/\/wavexia.com\/index.php?rest_route=\/wp\/v2\/types\/product"}],"replies":[{"embeddable":true,"href":"https:\/\/wavexia.com\/index.php?rest_route=%2Fwp%2Fv2%2Fcomments&post=3064"}],"wp:featuredmedia":[{"embeddable":true,"href":"https:\/\/wavexia.com\/index.php?rest_route=\/wp\/v2\/media\/3063"}],"wp:attachment":[{"href":"https:\/\/wavexia.com\/index.php?rest_route=%2Fwp%2Fv2%2Fmedia&parent=3064"}],"wp:term":[{"taxonomy":"pwb-brand","embeddable":true,"href":"https:\/\/wavexia.com\/index.php?rest_route=%2Fwp%2Fv2%2Fpwb-brand&post=3064"},{"taxonomy":"product_brand","embeddable":true,"href":"https:\/\/wavexia.com\/index.php?rest_route=%2Fwp%2Fv2%2Fproduct_brand&post=3064"},{"taxonomy":"product_cat","embeddable":true,"href":"https:\/\/wavexia.com\/index.php?rest_route=%2Fwp%2Fv2%2Fproduct_cat&post=3064"},{"taxonomy":"product_tag","embeddable":true,"href":"https:\/\/wavexia.com\/index.php?rest_route=%2Fwp%2Fv2%2Fproduct_tag&post=3064"}],"curies":[{"name":"wp","href":"https:\/\/api.w.org\/{rel}","templated":true}]}}