{"id":3062,"date":"2025-10-18T22:10:46","date_gmt":"2025-10-18T22:10:46","guid":{"rendered":"https:\/\/wavexia.com\/product\/california-gold-nutrition-bee-propolis-2x-concentrated-extract-500mg-90capsules\/"},"modified":"2026-03-10T07:30:52","modified_gmt":"2026-03-10T07:30:52","slug":"california-gold-nutrition-bee-propolis-2x-concentrated-extract-500mg-90capsules","status":"publish","type":"product","link":"https:\/\/wavexia.com\/?product=california-gold-nutrition-bee-propolis-2x-concentrated-extract-500mg-90capsules","title":{"rendered":"California Gold Nutrition \u2013 Bee Propolis 2X, Concentrated Extract 500mg, 90capsules"},"content":{"rendered":"<h2>Description<\/h2>\n<p>Le compl\u00e9ment alimentaire propolis d\u2019abeille 2x extrait concentr\u00e9 de CALIFORNIA GOLD NUTRITION convient aux v\u00e9g\u00e9tariens et est garanti sans gluten, OGM ni soja. Les capsules sont faciles \u00e0 int\u00e9grer dans votre routine quotidienne, avec une posologie simple : prendre 1 capsule par jour au moment o\u00f9 en dehors des repas, conform\u00e9ment aux recommandations d\u2019un professionnel de la sant\u00e9 qualifi\u00e9.<\/p>\n<p>\u2013 \u00c9quivalent \u00e0 1000 mg de propolis par capsule : assurant une dose puissante<\/p>\n<p>\u2013 Renforce le syst\u00e8me immunitaire : contribuant \u00e0 une sant\u00e9 globale renforc\u00e9e<\/p>\n<p>\u2013 Adapt\u00e9 aux v\u00e9g\u00e9tariens : r\u00e9pondant aux besoins d\u2019un mode de vie alimentaire vari\u00e9<\/p>\n<p>\u2013 Sans gluten, sans OGM, sans soja : assurant une formule propre et adapt\u00e9e \u00e0 diverses pr\u00e9f\u00e9rences alimentaires<\/p>\n<p>\u2013 Facile \u00e0 int\u00e9grer dans la routine quotidienne : pour un soutien r\u00e9gulier de la sant\u00e9<\/p>\n<p>\u2013 Capsules v\u00e9g\u00e9tariennes d\u2019hypromellose pour une absorption optimale<\/p>\n<p><strong>Conseils d\u2019utilisation:<\/strong><\/p>\n<p>Prenez 1&nbsp;capsule par jour au moment ou en dehors des repas. Respectez les consignes d\u2019utilisation donn\u00e9es par un professionnel de la sant\u00e9 qualifi\u00e9.<\/p>\n<h5><strong>Avertissements<\/strong><\/h5>\n<p><strong>Tenir hors de port\u00e9e des enfants.<\/strong>&nbsp;Demander l\u2019avis d\u2019un m\u00e9decin, d\u2019un pharmacien, d\u2019un autre professionnel de la sant\u00e9 qualifi\u00e9 ou d\u2019un naturopathe avant de prendre des compl\u00e9ments.<\/p>\n<p><strong>Remarque&nbsp;: les produits apicoles peuvent entra\u00eener des r\u00e9actions allergiques chez certains individus.<\/strong><\/p>\n<p><strong>Scell\u00e9 pour votre protection. Ne pas utiliser si l\u2019opercule est absent ou rompu. \u00c0 conserver dans un endroit frais et sec. \u00c0 conserver \u00e0 l\u2019abri de la chaleur, de la lumi\u00e8re et de l\u2019humidit<\/strong><\/p>\n","protected":false},"excerpt":{"rendered":"<p>Description Le compl\u00e9ment alimentaire propolis d\u2019abeille 2x extrait concentr\u00e9 de CALIFORNIA GOLD NUTRITION convient aux v\u00e9g\u00e9tariens et est garanti sans gluten, OGM ni soja. Les capsules sont faciles \u00e0 int\u00e9grer dans votre routine quotidienne, avec une posologie simple : prendre 1 capsule par jour au moment o\u00f9 en dehors des repas, conform\u00e9ment aux recommandations d\u2019un [&hellip;]<\/p>\n","protected":false},"featured_media":3061,"comment_status":"open","ping_status":"closed","template":"","meta":{"content-type":"","_uag_custom_page_level_css":""},"pwb-brand":[],"product_brand":[],"product_cat":[330],"product_tag":[],"class_list":{"0":"post-3062","1":"product","2":"type-product","3":"status-publish","4":"has-post-thumbnail","6":"product_cat-complements-alimentaires","8":"first","9":"instock","10":"sale","11":"shipping-taxable","12":"purchasable","13":"product-type-simple"},"aioseo_notices":[],"uagb_featured_image_src":{"full":["https:\/\/wavexia.com\/wp-content\/uploads\/2025\/10\/1-2.jpg",500,500,false],"thumbnail":["https:\/\/wavexia.com\/wp-content\/uploads\/2025\/10\/1-2-150x150.jpg",150,150,true],"medium":["https:\/\/wavexia.com\/wp-content\/uploads\/2025\/10\/1-2-300x300.jpg",300,300,true],"medium_large":["https:\/\/wavexia.com\/wp-content\/uploads\/2025\/10\/1-2.jpg",500,500,false],"large":["https:\/\/wavexia.com\/wp-content\/uploads\/2025\/10\/1-2.jpg",500,500,false],"1536x1536":["https:\/\/wavexia.com\/wp-content\/uploads\/2025\/10\/1-2.jpg",500,500,false],"2048x2048":["https:\/\/wavexia.com\/wp-content\/uploads\/2025\/10\/1-2.jpg",500,500,false],"woocommerce_archive_thumbnail":["https:\/\/wavexia.com\/wp-content\/uploads\/2025\/10\/1-2-300x300.jpg",300,300,true],"woocommerce_thumbnail":["https:\/\/wavexia.com\/wp-content\/uploads\/2025\/10\/1-2-300x300.jpg",300,300,true],"woocommerce_single":["https:\/\/wavexia.com\/wp-content\/uploads\/2025\/10\/1-2.jpg",500,500,false],"woocommerce_gallery_thumbnail":["https:\/\/wavexia.com\/wp-content\/uploads\/2025\/10\/1-2-100x100.jpg",100,100,true]},"uagb_author_info":{"display_name":"zineddine.ayoub98@gmail.com","author_link":"https:\/\/wavexia.com\/?author=0"},"uagb_comment_info":0,"uagb_excerpt":"Description Le compl\u00e9ment alimentaire propolis d\u2019abeille 2x extrait concentr\u00e9 de CALIFORNIA GOLD NUTRITION convient aux v\u00e9g\u00e9tariens et est garanti sans gluten, OGM ni soja. Les capsules sont faciles \u00e0 int\u00e9grer dans votre routine quotidienne, avec une posologie simple : prendre 1 capsule par jour au moment o\u00f9 en dehors des repas, conform\u00e9ment aux recommandations d\u2019un&hellip;","brands":[],"_links":{"self":[{"href":"https:\/\/wavexia.com\/index.php?rest_route=\/wp\/v2\/product\/3062","targetHints":{"allow":["GET"]}}],"collection":[{"href":"https:\/\/wavexia.com\/index.php?rest_route=\/wp\/v2\/product"}],"about":[{"href":"https:\/\/wavexia.com\/index.php?rest_route=\/wp\/v2\/types\/product"}],"replies":[{"embeddable":true,"href":"https:\/\/wavexia.com\/index.php?rest_route=%2Fwp%2Fv2%2Fcomments&post=3062"}],"wp:featuredmedia":[{"embeddable":true,"href":"https:\/\/wavexia.com\/index.php?rest_route=\/wp\/v2\/media\/3061"}],"wp:attachment":[{"href":"https:\/\/wavexia.com\/index.php?rest_route=%2Fwp%2Fv2%2Fmedia&parent=3062"}],"wp:term":[{"taxonomy":"pwb-brand","embeddable":true,"href":"https:\/\/wavexia.com\/index.php?rest_route=%2Fwp%2Fv2%2Fpwb-brand&post=3062"},{"taxonomy":"product_brand","embeddable":true,"href":"https:\/\/wavexia.com\/index.php?rest_route=%2Fwp%2Fv2%2Fproduct_brand&post=3062"},{"taxonomy":"product_cat","embeddable":true,"href":"https:\/\/wavexia.com\/index.php?rest_route=%2Fwp%2Fv2%2Fproduct_cat&post=3062"},{"taxonomy":"product_tag","embeddable":true,"href":"https:\/\/wavexia.com\/index.php?rest_route=%2Fwp%2Fv2%2Fproduct_tag&post=3062"}],"curies":[{"name":"wp","href":"https:\/\/api.w.org\/{rel}","templated":true}]}}