{"id":3059,"date":"2025-10-18T22:10:44","date_gmt":"2025-10-18T22:10:44","guid":{"rendered":"https:\/\/wavexia.com\/product\/the-best-of-mist-gift-set-by-victorias-secret\/"},"modified":"2026-03-10T07:30:52","modified_gmt":"2026-03-10T07:30:52","slug":"the-best-of-mist-gift-set-by-victorias-secret","status":"publish","type":"product","link":"https:\/\/wavexia.com\/?product=the-best-of-mist-gift-set-by-victorias-secret","title":{"rendered":"The Best of Mist Gift Set by Victoria\u2019s Secret"},"content":{"rendered":"<h2>Description<\/h2>\n<p>Des mini-figurines pour tous les c\u00f4t\u00e9s de vous. Cet ensemble de 4 mini brumes comprend des notes de fruits vifs, de fleurs parfum\u00e9es et une chaleur d\u00e9licieuse et sensuelle. Comprend une trousse de beaut\u00e9 r\u00e9utilisable pour emporter vos nouveaux parfums pr\u00e9f\u00e9r\u00e9s partout o\u00f9 vous allez.<\/p>\n<p>D\u00e9tails<\/p>\n<ul>\n<li>Comprend une trousse de beaut\u00e9 r\u00e9utilisable<\/li>\n<li>75 ml\/2,5 oz liq. x 4<\/li>\n<li>Domestique<\/li>\n<\/ul>\n<p>Comprend:<\/p>\n<p>Brume parfum\u00e9e Pure Seduction<\/p>\n<ul>\n<li>Type de parfum : Fruit\u00e9<\/li>\n<li>Notes : prune press\u00e9e, freesia \u00e9cras\u00e9<\/li>\n<\/ul>\n<p>Brume parfum\u00e9e \u00e0 la vanille nue<\/p>\n<ul>\n<li>Type de parfum : Gourmand<\/li>\n<li>Notes : vanille fouett\u00e9e, cachemire moelleux<\/li>\n<\/ul>\n<p>Brume parfum\u00e9e Velvet Petals<\/p>\n<ul>\n<li>Type de parfum : Fruit\u00e9 Gourmand<\/li>\n<li>Notes : fleurs luxuriantes, gla\u00e7age aux amandes<\/li>\n<\/ul>\n<p>Love Spell Brume parfum\u00e9e<\/p>\n<ul>\n<li>Type de parfum : Fruit\u00e9 Floral<\/li>\n<li>Notes : fleur de cerisier, p\u00eache fra\u00eeche<\/li>\n<\/ul>\n","protected":false},"excerpt":{"rendered":"<p>Description Des mini-figurines pour tous les c\u00f4t\u00e9s de vous. Cet ensemble de 4 mini brumes comprend des notes de fruits vifs, de fleurs parfum\u00e9es et une chaleur d\u00e9licieuse et sensuelle. Comprend une trousse de beaut\u00e9 r\u00e9utilisable pour emporter vos nouveaux parfums pr\u00e9f\u00e9r\u00e9s partout o\u00f9 vous allez. D\u00e9tails Comprend une trousse de beaut\u00e9 r\u00e9utilisable 75 ml\/2,5 [&hellip;]<\/p>\n","protected":false},"featured_media":3058,"comment_status":"open","ping_status":"closed","template":"","meta":{"content-type":"","_uag_custom_page_level_css":""},"pwb-brand":[],"product_brand":[],"product_cat":[331,328,362],"product_tag":[],"class_list":{"0":"post-3059","1":"product","2":"type-product","3":"status-publish","4":"has-post-thumbnail","6":"product_cat-idees-cadeaux","7":"product_cat-nouveautes","8":"product_cat-victoria-secret","10":"first","11":"instock","12":"sale","13":"shipping-taxable","14":"purchasable","15":"product-type-simple"},"aioseo_notices":[],"uagb_featured_image_src":{"full":["https:\/\/wavexia.com\/wp-content\/uploads\/2025\/10\/5acc06d3-c683-437e-b5f5-5b57a26f4e8d.webp",1140,1520,false],"thumbnail":["https:\/\/wavexia.com\/wp-content\/uploads\/2025\/10\/5acc06d3-c683-437e-b5f5-5b57a26f4e8d-150x150.webp",150,150,true],"medium":["https:\/\/wavexia.com\/wp-content\/uploads\/2025\/10\/5acc06d3-c683-437e-b5f5-5b57a26f4e8d-225x300.webp",225,300,true],"medium_large":["https:\/\/wavexia.com\/wp-content\/uploads\/2025\/10\/5acc06d3-c683-437e-b5f5-5b57a26f4e8d-768x1024.webp",768,1024,true],"large":["https:\/\/wavexia.com\/wp-content\/uploads\/2025\/10\/5acc06d3-c683-437e-b5f5-5b57a26f4e8d-768x1024.webp",768,1024,true],"1536x1536":["https:\/\/wavexia.com\/wp-content\/uploads\/2025\/10\/5acc06d3-c683-437e-b5f5-5b57a26f4e8d.webp",1140,1520,false],"2048x2048":["https:\/\/wavexia.com\/wp-content\/uploads\/2025\/10\/5acc06d3-c683-437e-b5f5-5b57a26f4e8d.webp",1140,1520,false],"woocommerce_archive_thumbnail":["https:\/\/wavexia.com\/wp-content\/uploads\/2025\/10\/5acc06d3-c683-437e-b5f5-5b57a26f4e8d-300x400.webp",300,400,true],"woocommerce_thumbnail":["https:\/\/wavexia.com\/wp-content\/uploads\/2025\/10\/5acc06d3-c683-437e-b5f5-5b57a26f4e8d-300x300.webp",300,300,true],"woocommerce_single":["https:\/\/wavexia.com\/wp-content\/uploads\/2025\/10\/5acc06d3-c683-437e-b5f5-5b57a26f4e8d-600x800.webp",600,800,true],"woocommerce_gallery_thumbnail":["https:\/\/wavexia.com\/wp-content\/uploads\/2025\/10\/5acc06d3-c683-437e-b5f5-5b57a26f4e8d-100x100.webp",100,100,true]},"uagb_author_info":{"display_name":"zineddine.ayoub98@gmail.com","author_link":"https:\/\/wavexia.com\/?author=0"},"uagb_comment_info":0,"uagb_excerpt":"Description Des mini-figurines pour tous les c\u00f4t\u00e9s de vous. Cet ensemble de 4 mini brumes comprend des notes de fruits vifs, de fleurs parfum\u00e9es et une chaleur d\u00e9licieuse et sensuelle. Comprend une trousse de beaut\u00e9 r\u00e9utilisable pour emporter vos nouveaux parfums pr\u00e9f\u00e9r\u00e9s partout o\u00f9 vous allez. D\u00e9tails Comprend une trousse de beaut\u00e9 r\u00e9utilisable 75 ml\/2,5&hellip;","brands":[],"_links":{"self":[{"href":"https:\/\/wavexia.com\/index.php?rest_route=\/wp\/v2\/product\/3059","targetHints":{"allow":["GET"]}}],"collection":[{"href":"https:\/\/wavexia.com\/index.php?rest_route=\/wp\/v2\/product"}],"about":[{"href":"https:\/\/wavexia.com\/index.php?rest_route=\/wp\/v2\/types\/product"}],"replies":[{"embeddable":true,"href":"https:\/\/wavexia.com\/index.php?rest_route=%2Fwp%2Fv2%2Fcomments&post=3059"}],"wp:featuredmedia":[{"embeddable":true,"href":"https:\/\/wavexia.com\/index.php?rest_route=\/wp\/v2\/media\/3058"}],"wp:attachment":[{"href":"https:\/\/wavexia.com\/index.php?rest_route=%2Fwp%2Fv2%2Fmedia&parent=3059"}],"wp:term":[{"taxonomy":"pwb-brand","embeddable":true,"href":"https:\/\/wavexia.com\/index.php?rest_route=%2Fwp%2Fv2%2Fpwb-brand&post=3059"},{"taxonomy":"product_brand","embeddable":true,"href":"https:\/\/wavexia.com\/index.php?rest_route=%2Fwp%2Fv2%2Fproduct_brand&post=3059"},{"taxonomy":"product_cat","embeddable":true,"href":"https:\/\/wavexia.com\/index.php?rest_route=%2Fwp%2Fv2%2Fproduct_cat&post=3059"},{"taxonomy":"product_tag","embeddable":true,"href":"https:\/\/wavexia.com\/index.php?rest_route=%2Fwp%2Fv2%2Fproduct_tag&post=3059"}],"curies":[{"name":"wp","href":"https:\/\/api.w.org\/{rel}","templated":true}]}}