{"id":3057,"date":"2025-10-18T22:10:42","date_gmt":"2025-10-18T22:10:42","guid":{"rendered":"https:\/\/wavexia.com\/product\/victorias-secret-tease-creme-cloud-eau-de-parfum\/"},"modified":"2026-03-10T07:30:52","modified_gmt":"2026-03-10T07:30:52","slug":"victorias-secret-tease-creme-cloud-eau-de-parfum","status":"publish","type":"product","link":"https:\/\/wavexia.com\/?product=victorias-secret-tease-creme-cloud-eau-de-parfum","title":{"rendered":"Victoria\u2019s Secret \u2013 Tease Cr\u00e8me Cloud Eau De Parfum"},"content":{"rendered":"<h2>Description<\/h2>\n<p>Allez jusqu\u2019au bout de vos r\u00eaves. Doux et romantique, Tease Cr\u00e8me Cloud est un prolongement de notre parfum iconique Tease. Cette eau de parfum s\u2019ouvre sur la note sucr\u00e9e, cr\u00e9meuse et a\u00e9rienne de la meringue \u00e0 la vanille fouett\u00e9e. La note de c\u0153ur, florale et lumineuse est celle d\u2019une fleur rare et exotique&nbsp;: la fleur de santal. Au fond, l\u2019ambre transparent et le musc brut apportent une touche de sensualit\u00e9 qui caresse tendrement la peau.<\/p>\n<ul>\n<li>Type de parfum&nbsp;: a\u00e9rien et gourmand<\/li>\n<li>Notes&nbsp;: meringue \u00e0 la vanille, fleur de santal, ambre transparent<\/li>\n<li>Notre eau de parfum est la version la plus concentr\u00e9e de notre parfum.<\/li>\n<li>100&nbsp;ml\/3,4&nbsp;fl&nbsp;oz<\/li>\n<\/ul>\n","protected":false},"excerpt":{"rendered":"<p>Description Allez jusqu\u2019au bout de vos r\u00eaves. Doux et romantique, Tease Cr\u00e8me Cloud est un prolongement de notre parfum iconique Tease. Cette eau de parfum s\u2019ouvre sur la note sucr\u00e9e, cr\u00e9meuse et a\u00e9rienne de la meringue \u00e0 la vanille fouett\u00e9e. La note de c\u0153ur, florale et lumineuse est celle d\u2019une fleur rare et exotique&nbsp;: la [&hellip;]<\/p>\n","protected":false},"featured_media":3056,"comment_status":"open","ping_status":"closed","template":"","meta":{"content-type":"","_uag_custom_page_level_css":""},"pwb-brand":[],"product_brand":[],"product_cat":[382,327,331,397,329,362],"product_tag":[],"class_list":{"0":"post-3057","1":"product","2":"type-product","3":"status-publish","4":"has-post-thumbnail","6":"product_cat-derniere-chance","7":"product_cat-hmizat","8":"product_cat-idees-cadeaux","9":"product_cat-parfums","10":"product_cat-produits-americains","11":"product_cat-victoria-secret","13":"first","14":"instock","15":"sale","16":"shipping-taxable","17":"purchasable","18":"product-type-simple"},"aioseo_notices":[],"uagb_featured_image_src":{"full":["https:\/\/wavexia.com\/wp-content\/uploads\/2025\/10\/115218.jpg",1313,1500,false],"thumbnail":["https:\/\/wavexia.com\/wp-content\/uploads\/2025\/10\/115218-150x150.jpg",150,150,true],"medium":["https:\/\/wavexia.com\/wp-content\/uploads\/2025\/10\/115218-263x300.jpg",263,300,true],"medium_large":["https:\/\/wavexia.com\/wp-content\/uploads\/2025\/10\/115218-768x877.jpg",768,877,true],"large":["https:\/\/wavexia.com\/wp-content\/uploads\/2025\/10\/115218-896x1024.jpg",896,1024,true],"1536x1536":["https:\/\/wavexia.com\/wp-content\/uploads\/2025\/10\/115218.jpg",1313,1500,false],"2048x2048":["https:\/\/wavexia.com\/wp-content\/uploads\/2025\/10\/115218.jpg",1313,1500,false],"woocommerce_archive_thumbnail":["https:\/\/wavexia.com\/wp-content\/uploads\/2025\/10\/115218-300x343.jpg",300,343,true],"woocommerce_thumbnail":["https:\/\/wavexia.com\/wp-content\/uploads\/2025\/10\/115218-300x300.jpg",300,300,true],"woocommerce_single":["https:\/\/wavexia.com\/wp-content\/uploads\/2025\/10\/115218-600x685.jpg",600,685,true],"woocommerce_gallery_thumbnail":["https:\/\/wavexia.com\/wp-content\/uploads\/2025\/10\/115218-100x100.jpg",100,100,true]},"uagb_author_info":{"display_name":"zineddine.ayoub98@gmail.com","author_link":"https:\/\/wavexia.com\/?author=0"},"uagb_comment_info":0,"uagb_excerpt":"Description Allez jusqu\u2019au bout de vos r\u00eaves. Doux et romantique, Tease Cr\u00e8me Cloud est un prolongement de notre parfum iconique Tease. Cette eau de parfum s\u2019ouvre sur la note sucr\u00e9e, cr\u00e9meuse et a\u00e9rienne de la meringue \u00e0 la vanille fouett\u00e9e. La note de c\u0153ur, florale et lumineuse est celle d\u2019une fleur rare et exotique&nbsp;: la&hellip;","brands":[],"_links":{"self":[{"href":"https:\/\/wavexia.com\/index.php?rest_route=\/wp\/v2\/product\/3057","targetHints":{"allow":["GET"]}}],"collection":[{"href":"https:\/\/wavexia.com\/index.php?rest_route=\/wp\/v2\/product"}],"about":[{"href":"https:\/\/wavexia.com\/index.php?rest_route=\/wp\/v2\/types\/product"}],"replies":[{"embeddable":true,"href":"https:\/\/wavexia.com\/index.php?rest_route=%2Fwp%2Fv2%2Fcomments&post=3057"}],"wp:featuredmedia":[{"embeddable":true,"href":"https:\/\/wavexia.com\/index.php?rest_route=\/wp\/v2\/media\/3056"}],"wp:attachment":[{"href":"https:\/\/wavexia.com\/index.php?rest_route=%2Fwp%2Fv2%2Fmedia&parent=3057"}],"wp:term":[{"taxonomy":"pwb-brand","embeddable":true,"href":"https:\/\/wavexia.com\/index.php?rest_route=%2Fwp%2Fv2%2Fpwb-brand&post=3057"},{"taxonomy":"product_brand","embeddable":true,"href":"https:\/\/wavexia.com\/index.php?rest_route=%2Fwp%2Fv2%2Fproduct_brand&post=3057"},{"taxonomy":"product_cat","embeddable":true,"href":"https:\/\/wavexia.com\/index.php?rest_route=%2Fwp%2Fv2%2Fproduct_cat&post=3057"},{"taxonomy":"product_tag","embeddable":true,"href":"https:\/\/wavexia.com\/index.php?rest_route=%2Fwp%2Fv2%2Fproduct_tag&post=3057"}],"curies":[{"name":"wp","href":"https:\/\/api.w.org\/{rel}","templated":true}]}}