{"id":3053,"date":"2025-10-18T22:10:39","date_gmt":"2025-10-18T22:10:39","guid":{"rendered":"https:\/\/wavexia.com\/product\/celimax-pore-dark-spot-brightening-serum-30ml\/"},"modified":"2026-03-10T07:30:52","modified_gmt":"2026-03-10T07:30:52","slug":"celimax-pore-dark-spot-brightening-serum-30ml","status":"publish","type":"product","link":"https:\/\/wavexia.com\/?product=celimax-pore-dark-spot-brightening-serum-30ml","title":{"rendered":"Celimax pore dark spot brightening serum 30ml"},"content":{"rendered":"<h2>Description<\/h2>\n<p>Le s\u00e9rum \u00e9claircissant Celimax Pore + Dark Spot est un s\u00e9rum \u00e9claircissant formul\u00e9 avec 3 % d\u2019acide tranexamique, 5 % de niacinamide et 1 % de Melazero V2 qui aident \u00e0 r\u00e9duire l\u2019apparence des taches brunes et des imperfections. Ce s\u00e9rum contient de l\u2019acide hyaluronique d\u2019origine v\u00e9g\u00e9tale qui hydrate intens\u00e9ment la peau s\u00e8che. La texture aqueuse permet une absorption rapide par la peau sans effet collant ni pli.<br \/>Hypoallerg\u00e9nique, il convient aux peaux sensibles.<\/p>\n<ul>\n<li>unifie la teinte du visage<\/li>\n<li>r\u00e9tracte les pores dilat\u00e9s<\/li>\n<li>\u00e9claircit<\/li>\n<li>r\u00e9duit les taches pigmentaires<\/li>\n<li>minimise la production excessive de s\u00e9bum cutan\u00e9<\/li>\n<li>r\u00e9g\u00e9n\u00e8re la peau et pr\u00e9vient les irritations<\/li>\n<li>affine le grain de peau irr\u00e9gulier<\/li>\n<\/ul>\n<p><strong>Mode d\u2019emploi :<\/strong><br \/>Tapotez du bout des doigts pour faire p\u00e9n\u00e9trer le s\u00e9rum dans la peau propre. Appliquez sur le visage, le cou et le d\u00e9collet\u00e9. Utilisez matin et\/ou soir.<\/p>\n<p><strong>Ingr\u00e9dients :<\/strong><\/p>\n<p>Water, Glycerin, Butylene Glycol, Niacinamide, Tranexamic Acid, 1,2-Hexanediol, Methylpropanediol, Vinyl Dimethicone, Glycereth-26, Isononyl Isononanoate, Propanediol, Cetearyl Olivate, Sorbitan Olivate, Polysorbate 20, Sodium Acrylate\/Sodium Acryloyldimethyl Taurate Copolymer, Isohexadecane, Hydroxyethyl Acrylate\/Sodium Acryloyldimethyl Taurate Copolymer, Ammonium Acryloyldimethyltaurate\/Vp Copolymer, Ethylhexylglycerin, Eriobotrya Japonica Leaf Extract, Polysorbate 80, Disodium EDTA, Carbomer, Sorbitan Oleate, Mentha Viridis (Spearmint) Extract, Tromethamine, Polysorbate 60, Sorbitan Isostearate, Bisabolol, Sodium Hyaluronate<\/p>\n<p>&nbsp;<\/p>\n","protected":false},"excerpt":{"rendered":"<p>Description Le s\u00e9rum \u00e9claircissant Celimax Pore + Dark Spot est un s\u00e9rum \u00e9claircissant formul\u00e9 avec 3 % d\u2019acide tranexamique, 5 % de niacinamide et 1 % de Melazero V2 qui aident \u00e0 r\u00e9duire l\u2019apparence des taches brunes et des imperfections. Ce s\u00e9rum contient de l\u2019acide hyaluronique d\u2019origine v\u00e9g\u00e9tale qui hydrate intens\u00e9ment la peau s\u00e8che. La [&hellip;]<\/p>\n","protected":false},"featured_media":3052,"comment_status":"open","ping_status":"closed","template":"","meta":{"content-type":"","_uag_custom_page_level_css":""},"pwb-brand":[],"product_brand":[],"product_cat":[333,334,338],"product_tag":[],"class_list":{"0":"post-3053","1":"product","2":"type-product","3":"status-publish","4":"has-post-thumbnail","6":"product_cat-celimax","7":"product_cat-produits-coreens","8":"product_cat-serum-ampoule","10":"first","11":"instock","12":"sale","13":"shipping-taxable","14":"purchasable","15":"product-type-simple"},"aioseo_notices":[],"uagb_featured_image_src":{"full":["https:\/\/wavexia.com\/wp-content\/uploads\/2025\/10\/Celimax_Pore_Dark_Spot_Brightening_Serum.webp",800,800,false],"thumbnail":["https:\/\/wavexia.com\/wp-content\/uploads\/2025\/10\/Celimax_Pore_Dark_Spot_Brightening_Serum-150x150.webp",150,150,true],"medium":["https:\/\/wavexia.com\/wp-content\/uploads\/2025\/10\/Celimax_Pore_Dark_Spot_Brightening_Serum-300x300.webp",300,300,true],"medium_large":["https:\/\/wavexia.com\/wp-content\/uploads\/2025\/10\/Celimax_Pore_Dark_Spot_Brightening_Serum-768x768.webp",768,768,true],"large":["https:\/\/wavexia.com\/wp-content\/uploads\/2025\/10\/Celimax_Pore_Dark_Spot_Brightening_Serum.webp",800,800,false],"1536x1536":["https:\/\/wavexia.com\/wp-content\/uploads\/2025\/10\/Celimax_Pore_Dark_Spot_Brightening_Serum.webp",800,800,false],"2048x2048":["https:\/\/wavexia.com\/wp-content\/uploads\/2025\/10\/Celimax_Pore_Dark_Spot_Brightening_Serum.webp",800,800,false],"woocommerce_archive_thumbnail":["https:\/\/wavexia.com\/wp-content\/uploads\/2025\/10\/Celimax_Pore_Dark_Spot_Brightening_Serum-300x300.webp",300,300,true],"woocommerce_thumbnail":["https:\/\/wavexia.com\/wp-content\/uploads\/2025\/10\/Celimax_Pore_Dark_Spot_Brightening_Serum-300x300.webp",300,300,true],"woocommerce_single":["https:\/\/wavexia.com\/wp-content\/uploads\/2025\/10\/Celimax_Pore_Dark_Spot_Brightening_Serum-600x600.webp",600,600,true],"woocommerce_gallery_thumbnail":["https:\/\/wavexia.com\/wp-content\/uploads\/2025\/10\/Celimax_Pore_Dark_Spot_Brightening_Serum-100x100.webp",100,100,true]},"uagb_author_info":{"display_name":"zineddine.ayoub98@gmail.com","author_link":"https:\/\/wavexia.com\/?author=0"},"uagb_comment_info":0,"uagb_excerpt":"Description Le s\u00e9rum \u00e9claircissant Celimax Pore + Dark Spot est un s\u00e9rum \u00e9claircissant formul\u00e9 avec 3 % d\u2019acide tranexamique, 5 % de niacinamide et 1 % de Melazero V2 qui aident \u00e0 r\u00e9duire l\u2019apparence des taches brunes et des imperfections. Ce s\u00e9rum contient de l\u2019acide hyaluronique d\u2019origine v\u00e9g\u00e9tale qui hydrate intens\u00e9ment la peau s\u00e8che. La&hellip;","brands":[],"_links":{"self":[{"href":"https:\/\/wavexia.com\/index.php?rest_route=\/wp\/v2\/product\/3053","targetHints":{"allow":["GET"]}}],"collection":[{"href":"https:\/\/wavexia.com\/index.php?rest_route=\/wp\/v2\/product"}],"about":[{"href":"https:\/\/wavexia.com\/index.php?rest_route=\/wp\/v2\/types\/product"}],"replies":[{"embeddable":true,"href":"https:\/\/wavexia.com\/index.php?rest_route=%2Fwp%2Fv2%2Fcomments&post=3053"}],"wp:featuredmedia":[{"embeddable":true,"href":"https:\/\/wavexia.com\/index.php?rest_route=\/wp\/v2\/media\/3052"}],"wp:attachment":[{"href":"https:\/\/wavexia.com\/index.php?rest_route=%2Fwp%2Fv2%2Fmedia&parent=3053"}],"wp:term":[{"taxonomy":"pwb-brand","embeddable":true,"href":"https:\/\/wavexia.com\/index.php?rest_route=%2Fwp%2Fv2%2Fpwb-brand&post=3053"},{"taxonomy":"product_brand","embeddable":true,"href":"https:\/\/wavexia.com\/index.php?rest_route=%2Fwp%2Fv2%2Fproduct_brand&post=3053"},{"taxonomy":"product_cat","embeddable":true,"href":"https:\/\/wavexia.com\/index.php?rest_route=%2Fwp%2Fv2%2Fproduct_cat&post=3053"},{"taxonomy":"product_tag","embeddable":true,"href":"https:\/\/wavexia.com\/index.php?rest_route=%2Fwp%2Fv2%2Fproduct_tag&post=3053"}],"curies":[{"name":"wp","href":"https:\/\/api.w.org\/{rel}","templated":true}]}}