{"id":3051,"date":"2025-10-18T22:10:38","date_gmt":"2025-10-18T22:10:38","guid":{"rendered":"https:\/\/wavexia.com\/product\/victorias-secret-brume-corporelle-bare-vanilla-shimmer-250ml\/"},"modified":"2026-03-10T07:30:52","modified_gmt":"2026-03-10T07:30:52","slug":"victorias-secret-brume-corporelle-bare-vanilla-shimmer-250ml","status":"publish","type":"product","link":"https:\/\/wavexia.com\/?product=victorias-secret-brume-corporelle-bare-vanilla-shimmer-250ml","title":{"rendered":"Victorias Secret Brume corporelle Bare Vanilla Shimmer 250ml"},"content":{"rendered":"<h2>Description<\/h2>\n<p>La Brume Parfum\u00e9e Bare Vanilla Shimmer de Victoria\u2019s Secret est bien plus qu\u2019un simple parfum; c\u2019est une douce caresse pour votre peau, enveloppant votre \u00eatre d\u2019une tra\u00een\u00e9e invisible mais palpable de vanille exquise. Cette brume est le choix parfait pour les chaudes journ\u00e9es d\u2019\u00e9t\u00e9, lorsque les parfums lourds deviennent \u00e9crasants. Con\u00e7ue pour les femmes confiantes, elle met en valeur votre beaut\u00e9 naturelle tout en ajoutant une touche de l\u00e9g\u00e8ret\u00e9 et de simplicit\u00e9 \u00e0 votre allure. Sa formule est enrichie en vitamines et antioxydants, offrant non seulement un parfum merveilleux mais aussi des soins nourrissants et hydratants pour votre peau.<\/p>\n<p><strong>Caract\u00e9ristiques de la Brume Parfum\u00e9e Bare Vanilla Shimmer de Victoria\u2019s Secret :<\/strong><\/p>\n<p>\u2013&nbsp;<em>Un parfum l\u00e9ger et rafra\u00eechissant de vanille, id\u00e9al pour la saison estivale ;<\/em><br \/><em>\u2013 Enrichie en vitamines et antioxydants pour nourrir et hydrater la peau ;<\/em><br \/><em>\u2013 Un spray de brume fine assure une application uniforme ;<\/em><br \/><em>\u2013 Apporte un \u00e9clat subtil \u00e0 la peau, lui donnant une lueur radieuse ;<\/em><br \/><em>\u2013 Renforce la barri\u00e8re lipidique protectrice de la peau, am\u00e9liorant ses m\u00e9canismes de d\u00e9fense ;<\/em><br \/><em>\u2013 Met en valeur la beaut\u00e9 naturelle et renforce la confiance en soi ;<\/em><br \/><em>\u2013 Con\u00e7ue pour les femmes qui pr\u00e9f\u00e8rent les fragrances l\u00e9g\u00e8res et discr\u00e8tes aux notes chaleureuses.<\/em><\/p>\n","protected":false},"excerpt":{"rendered":"<p>Description La Brume Parfum\u00e9e Bare Vanilla Shimmer de Victoria\u2019s Secret est bien plus qu\u2019un simple parfum; c\u2019est une douce caresse pour votre peau, enveloppant votre \u00eatre d\u2019une tra\u00een\u00e9e invisible mais palpable de vanille exquise. Cette brume est le choix parfait pour les chaudes journ\u00e9es d\u2019\u00e9t\u00e9, lorsque les parfums lourds deviennent \u00e9crasants. Con\u00e7ue pour les femmes [&hellip;]<\/p>\n","protected":false},"featured_media":3050,"comment_status":"open","ping_status":"closed","template":"","meta":{"content-type":"","_uag_custom_page_level_css":""},"pwb-brand":[],"product_brand":[],"product_cat":[329,362],"product_tag":[],"class_list":{"0":"post-3051","1":"product","2":"type-product","3":"status-publish","4":"has-post-thumbnail","6":"product_cat-produits-americains","7":"product_cat-victoria-secret","9":"first","10":"instock","11":"shipping-taxable","12":"purchasable","13":"product-type-simple"},"aioseo_notices":[],"uagb_featured_image_src":{"full":["https:\/\/wavexia.com\/wp-content\/uploads\/2025\/10\/victorias-secret-victorias-secret-bare-vanilla-shimmer-brume-parfumee-scintillante-250-ml-parfums.jpg",700,700,false],"thumbnail":["https:\/\/wavexia.com\/wp-content\/uploads\/2025\/10\/victorias-secret-victorias-secret-bare-vanilla-shimmer-brume-parfumee-scintillante-250-ml-parfums-150x150.jpg",150,150,true],"medium":["https:\/\/wavexia.com\/wp-content\/uploads\/2025\/10\/victorias-secret-victorias-secret-bare-vanilla-shimmer-brume-parfumee-scintillante-250-ml-parfums-300x300.jpg",300,300,true],"medium_large":["https:\/\/wavexia.com\/wp-content\/uploads\/2025\/10\/victorias-secret-victorias-secret-bare-vanilla-shimmer-brume-parfumee-scintillante-250-ml-parfums.jpg",700,700,false],"large":["https:\/\/wavexia.com\/wp-content\/uploads\/2025\/10\/victorias-secret-victorias-secret-bare-vanilla-shimmer-brume-parfumee-scintillante-250-ml-parfums.jpg",700,700,false],"1536x1536":["https:\/\/wavexia.com\/wp-content\/uploads\/2025\/10\/victorias-secret-victorias-secret-bare-vanilla-shimmer-brume-parfumee-scintillante-250-ml-parfums.jpg",700,700,false],"2048x2048":["https:\/\/wavexia.com\/wp-content\/uploads\/2025\/10\/victorias-secret-victorias-secret-bare-vanilla-shimmer-brume-parfumee-scintillante-250-ml-parfums.jpg",700,700,false],"woocommerce_archive_thumbnail":["https:\/\/wavexia.com\/wp-content\/uploads\/2025\/10\/victorias-secret-victorias-secret-bare-vanilla-shimmer-brume-parfumee-scintillante-250-ml-parfums-300x300.jpg",300,300,true],"woocommerce_thumbnail":["https:\/\/wavexia.com\/wp-content\/uploads\/2025\/10\/victorias-secret-victorias-secret-bare-vanilla-shimmer-brume-parfumee-scintillante-250-ml-parfums-300x300.jpg",300,300,true],"woocommerce_single":["https:\/\/wavexia.com\/wp-content\/uploads\/2025\/10\/victorias-secret-victorias-secret-bare-vanilla-shimmer-brume-parfumee-scintillante-250-ml-parfums-600x600.jpg",600,600,true],"woocommerce_gallery_thumbnail":["https:\/\/wavexia.com\/wp-content\/uploads\/2025\/10\/victorias-secret-victorias-secret-bare-vanilla-shimmer-brume-parfumee-scintillante-250-ml-parfums-100x100.jpg",100,100,true]},"uagb_author_info":{"display_name":"zineddine.ayoub98@gmail.com","author_link":"https:\/\/wavexia.com\/?author=0"},"uagb_comment_info":0,"uagb_excerpt":"Description La Brume Parfum\u00e9e Bare Vanilla Shimmer de Victoria\u2019s Secret est bien plus qu\u2019un simple parfum; c\u2019est une douce caresse pour votre peau, enveloppant votre \u00eatre d\u2019une tra\u00een\u00e9e invisible mais palpable de vanille exquise. Cette brume est le choix parfait pour les chaudes journ\u00e9es d\u2019\u00e9t\u00e9, lorsque les parfums lourds deviennent \u00e9crasants. Con\u00e7ue pour les femmes&hellip;","brands":[],"_links":{"self":[{"href":"https:\/\/wavexia.com\/index.php?rest_route=\/wp\/v2\/product\/3051","targetHints":{"allow":["GET"]}}],"collection":[{"href":"https:\/\/wavexia.com\/index.php?rest_route=\/wp\/v2\/product"}],"about":[{"href":"https:\/\/wavexia.com\/index.php?rest_route=\/wp\/v2\/types\/product"}],"replies":[{"embeddable":true,"href":"https:\/\/wavexia.com\/index.php?rest_route=%2Fwp%2Fv2%2Fcomments&post=3051"}],"wp:featuredmedia":[{"embeddable":true,"href":"https:\/\/wavexia.com\/index.php?rest_route=\/wp\/v2\/media\/3050"}],"wp:attachment":[{"href":"https:\/\/wavexia.com\/index.php?rest_route=%2Fwp%2Fv2%2Fmedia&parent=3051"}],"wp:term":[{"taxonomy":"pwb-brand","embeddable":true,"href":"https:\/\/wavexia.com\/index.php?rest_route=%2Fwp%2Fv2%2Fpwb-brand&post=3051"},{"taxonomy":"product_brand","embeddable":true,"href":"https:\/\/wavexia.com\/index.php?rest_route=%2Fwp%2Fv2%2Fproduct_brand&post=3051"},{"taxonomy":"product_cat","embeddable":true,"href":"https:\/\/wavexia.com\/index.php?rest_route=%2Fwp%2Fv2%2Fproduct_cat&post=3051"},{"taxonomy":"product_tag","embeddable":true,"href":"https:\/\/wavexia.com\/index.php?rest_route=%2Fwp%2Fv2%2Fproduct_tag&post=3051"}],"curies":[{"name":"wp","href":"https:\/\/api.w.org\/{rel}","templated":true}]}}