{"id":3049,"date":"2025-10-18T22:10:38","date_gmt":"2025-10-18T22:10:38","guid":{"rendered":"https:\/\/wavexia.com\/product\/victorias-secret-brume-corporelle-coconut-passion-shimmer-250ml\/"},"modified":"2026-03-10T07:30:52","modified_gmt":"2026-03-10T07:30:52","slug":"victorias-secret-brume-corporelle-coconut-passion-shimmer-250ml","status":"publish","type":"product","link":"https:\/\/wavexia.com\/?product=victorias-secret-brume-corporelle-coconut-passion-shimmer-250ml","title":{"rendered":"Victorias Secret Brume corporelle Coconut Passion Shimmer 250ml"},"content":{"rendered":"<h2>Description<\/h2>\n<p><em>La passion n\u2019est pas seulement le feu et les \u00e9pices<\/em>, mais aussi les fleurs romantiques et un assemblage de plusieurs notes parfum\u00e9es\u2026 \u00ab&nbsp;<em>Au d\u00e9part, je sens la noix de coco, puis seulement la vanille. C\u2019est un doux parfum de vanille avec une excellente tenue. J\u2019appr\u00e9cie beaucoup cette brume parfum\u00e9e, \u00bb<\/em>&nbsp;a d\u00e9crit Mme Julie la ligne populaire Victoria\u2019s Secret Coconut Passion. La brume parfum\u00e9e&nbsp;<strong>Victoria\u2019s Secret Coconut Passion Shimmer<\/strong>&nbsp;fait aussi partie de la ligne Coconut Passion qui comprend des parfums et des laits corporels. La version Shimmer laisse la peau subtilement parfum\u00e9e et les paillettes illuminent et font scintiller la peau. Laissez-vous tenter par l\u2019enivrante brume parfum\u00e9e de la marque am\u00e9ricaine Victoria\u2019s Secret !<\/p>\n<h5>Pourquoi allez-vous adorer la brume Victoria\u2019s Secret Coconut Passion Shimmer ?<\/h5>\n<ul>\n<li>c\u2019est une version paillet\u00e9e de la brume parfum\u00e9e Coconut Passion<\/li>\n<li>d\u00e9voile une&nbsp;<em>harmonie sensuelle de vanille, de noix de coco, de muguet, d\u2019aloe vera et de camomille<\/em><\/li>\n<li>\u00e9voque les vacances, les \u00eeles ensoleill\u00e9es, la plage<\/li>\n<li>est present\u00e9e dans un packaging qui se glisse facilement dans n\u2019importe quel sac \u00e0 main et vous suit absolument partout<\/li>\n<\/ul>\n<h5>La brume Victoria\u2019s Secret Coconut Passion Shimmer est id\u00e9ale pour vous parfumer en toute l\u00e9g\u00e8ret\u00e9 et sublimer la peau<\/h5>\n<p>Sentez bon tout le temps et glissez la brume parfum\u00e9e Victoria\u2019s Secret Coconut Passion Shimmer dans votre sac \u00e0 main et renouvelez son application aussi souvent que n\u00e9cessaire. Cette brume scintillante parfum\u00e9e est compos\u00e9e : de paillettes histoire de&nbsp;<em>briller sous le soleil<\/em>&nbsp;en toutes circonstances et d\u2019un d\u00e9licat parfum de vanille, de noix de coco, de muguet, d\u2019aloe vera et de camomille. Elle&nbsp;<em>permet d\u2019apporter un petit coup de frais<\/em>&nbsp;et surtout une&nbsp;<em>d\u00e9licieuse odeur d\u2019\u00e9t\u00e9 tout en subtilit\u00e9 pour une sensation de l\u00e9g\u00e8ret\u00e9 imm\u00e9diate.<\/em><\/p>\n","protected":false},"excerpt":{"rendered":"<p>Description La passion n\u2019est pas seulement le feu et les \u00e9pices, mais aussi les fleurs romantiques et un assemblage de plusieurs notes parfum\u00e9es\u2026 \u00ab&nbsp;Au d\u00e9part, je sens la noix de coco, puis seulement la vanille. C\u2019est un doux parfum de vanille avec une excellente tenue. J\u2019appr\u00e9cie beaucoup cette brume parfum\u00e9e, \u00bb&nbsp;a d\u00e9crit Mme Julie la [&hellip;]<\/p>\n","protected":false},"featured_media":3048,"comment_status":"open","ping_status":"closed","template":"","meta":{"content-type":"","_uag_custom_page_level_css":""},"pwb-brand":[],"product_brand":[],"product_cat":[329,362],"product_tag":[],"class_list":{"0":"post-3049","1":"product","2":"type-product","3":"status-publish","4":"has-post-thumbnail","6":"product_cat-produits-americains","7":"product_cat-victoria-secret","9":"first","10":"instock","11":"shipping-taxable","12":"purchasable","13":"product-type-simple"},"aioseo_notices":[],"uagb_featured_image_src":{"full":["https:\/\/wavexia.com\/wp-content\/uploads\/2025\/10\/112285053336_OM_F-2048x2048-1.webp",1126,1500,false],"thumbnail":["https:\/\/wavexia.com\/wp-content\/uploads\/2025\/10\/112285053336_OM_F-2048x2048-1-150x150.webp",150,150,true],"medium":["https:\/\/wavexia.com\/wp-content\/uploads\/2025\/10\/112285053336_OM_F-2048x2048-1-225x300.webp",225,300,true],"medium_large":["https:\/\/wavexia.com\/wp-content\/uploads\/2025\/10\/112285053336_OM_F-2048x2048-1-768x1023.webp",768,1023,true],"large":["https:\/\/wavexia.com\/wp-content\/uploads\/2025\/10\/112285053336_OM_F-2048x2048-1-769x1024.webp",769,1024,true],"1536x1536":["https:\/\/wavexia.com\/wp-content\/uploads\/2025\/10\/112285053336_OM_F-2048x2048-1.webp",1126,1500,false],"2048x2048":["https:\/\/wavexia.com\/wp-content\/uploads\/2025\/10\/112285053336_OM_F-2048x2048-1.webp",1126,1500,false],"woocommerce_archive_thumbnail":["https:\/\/wavexia.com\/wp-content\/uploads\/2025\/10\/112285053336_OM_F-2048x2048-1-300x400.webp",300,400,true],"woocommerce_thumbnail":["https:\/\/wavexia.com\/wp-content\/uploads\/2025\/10\/112285053336_OM_F-2048x2048-1-300x300.webp",300,300,true],"woocommerce_single":["https:\/\/wavexia.com\/wp-content\/uploads\/2025\/10\/112285053336_OM_F-2048x2048-1-600x799.webp",600,799,true],"woocommerce_gallery_thumbnail":["https:\/\/wavexia.com\/wp-content\/uploads\/2025\/10\/112285053336_OM_F-2048x2048-1-100x100.webp",100,100,true]},"uagb_author_info":{"display_name":"zineddine.ayoub98@gmail.com","author_link":"https:\/\/wavexia.com\/?author=0"},"uagb_comment_info":0,"uagb_excerpt":"Description La passion n\u2019est pas seulement le feu et les \u00e9pices, mais aussi les fleurs romantiques et un assemblage de plusieurs notes parfum\u00e9es\u2026 \u00ab&nbsp;Au d\u00e9part, je sens la noix de coco, puis seulement la vanille. C\u2019est un doux parfum de vanille avec une excellente tenue. J\u2019appr\u00e9cie beaucoup cette brume parfum\u00e9e, \u00bb&nbsp;a d\u00e9crit Mme Julie la&hellip;","brands":[],"_links":{"self":[{"href":"https:\/\/wavexia.com\/index.php?rest_route=\/wp\/v2\/product\/3049","targetHints":{"allow":["GET"]}}],"collection":[{"href":"https:\/\/wavexia.com\/index.php?rest_route=\/wp\/v2\/product"}],"about":[{"href":"https:\/\/wavexia.com\/index.php?rest_route=\/wp\/v2\/types\/product"}],"replies":[{"embeddable":true,"href":"https:\/\/wavexia.com\/index.php?rest_route=%2Fwp%2Fv2%2Fcomments&post=3049"}],"wp:featuredmedia":[{"embeddable":true,"href":"https:\/\/wavexia.com\/index.php?rest_route=\/wp\/v2\/media\/3048"}],"wp:attachment":[{"href":"https:\/\/wavexia.com\/index.php?rest_route=%2Fwp%2Fv2%2Fmedia&parent=3049"}],"wp:term":[{"taxonomy":"pwb-brand","embeddable":true,"href":"https:\/\/wavexia.com\/index.php?rest_route=%2Fwp%2Fv2%2Fpwb-brand&post=3049"},{"taxonomy":"product_brand","embeddable":true,"href":"https:\/\/wavexia.com\/index.php?rest_route=%2Fwp%2Fv2%2Fproduct_brand&post=3049"},{"taxonomy":"product_cat","embeddable":true,"href":"https:\/\/wavexia.com\/index.php?rest_route=%2Fwp%2Fv2%2Fproduct_cat&post=3049"},{"taxonomy":"product_tag","embeddable":true,"href":"https:\/\/wavexia.com\/index.php?rest_route=%2Fwp%2Fv2%2Fproduct_tag&post=3049"}],"curies":[{"name":"wp","href":"https:\/\/api.w.org\/{rel}","templated":true}]}}