{"id":3047,"date":"2025-10-18T22:10:37","date_gmt":"2025-10-18T22:10:37","guid":{"rendered":"https:\/\/wavexia.com\/product\/victorias-secret-brume-corporelle-love-spell-shimmer-250ml\/"},"modified":"2026-03-10T07:30:52","modified_gmt":"2026-03-10T07:30:52","slug":"victorias-secret-brume-corporelle-love-spell-shimmer-250ml","status":"publish","type":"product","link":"https:\/\/wavexia.com\/?product=victorias-secret-brume-corporelle-love-spell-shimmer-250ml","title":{"rendered":"Victorias Secret Brume corporelle Love Spell Shimmer 250ml"},"content":{"rendered":"<h2>Description<\/h2>\n<p>Si vous voulez envelopper la peau d\u2019un voile sensuel de p\u00eache et de fleur de cerisier et faire \u00e9tinceler la peau de la t\u00eate aux pieds, essayez la brume parfum\u00e9e paillet\u00e9e pour le corps&nbsp;<strong>Victoria\u2019s Secret Love Spell Shimmer<\/strong>. La brume est propos\u00e9e dans un flacon violet. Pour \u00eatre \u00e0 croquer, il suffit d\u2019associer savamment la couleur de la brume \u00e0 la lingerie ou \u00e9ventuellement au sac \u00e0 main de la m\u00eame couleur. Soulignez votre charme avec la brume parfum\u00e9e Love Spell Shimmer qui met les sens en \u00e9veil.<\/p>\n<h5>Pourquoi vous devriez choisir la brume parfum\u00e9e Victoria\u2019s Secret Love Spell Shimmer ?<\/h5>\n<ul>\n<li>laisse la peau subtilement parfum\u00e9e et les paillettes illuminent et font scintiller la peau<\/li>\n<li>d\u00e9bute par un assemblage de p\u00eache, de pomme rouge et de fleur de cerisier<\/li>\n<li>c\u2019est en coeur que les fleurs enivrent nos sens et offrent une symphonie de muguet, de lilas et de jasmin<\/li>\n<li>son fond se veut sensuel et enveloppant gr\u00e2ce \u00e0 la pr\u00e9sence du bois blanc, du musc et du tamarinier<\/li>\n<\/ul>\n<h5>Le parfum Love Spell m\u2019\u00e9voque le lyc\u00e9e<\/h5>\n<p>\u00ab&nbsp;<em>Le parfum Victoria\u2019s Secret Love Spell m\u2019\u00e9voque le lyc\u00e9e<\/em>&nbsp;\u00bb, avoue un homme. \u00ab J\u2019ai voulu offrir ce parfum \u00e0 ma copine pour son anniversaire. J\u2019ai os\u00e9 m\u2019adresser \u00e0 un groupe de filles en demandant comment s\u2019appelait ce beau parfum. L\u2019une d\u2019entre elles m\u2019a dit que son nom est Love Spell. Alors, je suis all\u00e9 au magasin Victoria\u2019s Secret. Imaginez quelle a \u00e9t\u00e9 ma surprise quand je suis arriv\u00e9 au magasin. La lingerie pour femme et sous-v\u00eatements f\u00e9minins \u00e9taient tout autour de moi\u2026 Je ne me suis pas laiss\u00e9 d\u00e9courager et j\u2019ai achet\u00e9 le parfum Love Spell. J\u2019adore toujours ce parfum aux notes de p\u00eache, de cerise et de fleurs. \u00bb Maintenant, vous pouvez d\u00e9couvrir la&nbsp;<em>brume parfum\u00e9e Love Spell dans sa version paillet\u00e9e Love Spell Shimmer<\/em>.<\/p>\n","protected":false},"excerpt":{"rendered":"<p>Description Si vous voulez envelopper la peau d\u2019un voile sensuel de p\u00eache et de fleur de cerisier et faire \u00e9tinceler la peau de la t\u00eate aux pieds, essayez la brume parfum\u00e9e paillet\u00e9e pour le corps&nbsp;Victoria\u2019s Secret Love Spell Shimmer. La brume est propos\u00e9e dans un flacon violet. Pour \u00eatre \u00e0 croquer, il suffit d\u2019associer savamment [&hellip;]<\/p>\n","protected":false},"featured_media":3046,"comment_status":"open","ping_status":"closed","template":"","meta":{"content-type":"","_uag_custom_page_level_css":""},"pwb-brand":[],"product_brand":[],"product_cat":[329,362],"product_tag":[],"class_list":{"0":"post-3047","1":"product","2":"type-product","3":"status-publish","4":"has-post-thumbnail","6":"product_cat-produits-americains","7":"product_cat-victoria-secret","9":"first","10":"instock","11":"shipping-taxable","12":"purchasable","13":"product-type-simple"},"aioseo_notices":[],"uagb_featured_image_src":{"full":["https:\/\/wavexia.com\/wp-content\/uploads\/2025\/10\/41ewn3lTJSL._UF8941000_QL80_.jpg",749,1000,false],"thumbnail":["https:\/\/wavexia.com\/wp-content\/uploads\/2025\/10\/41ewn3lTJSL._UF8941000_QL80_-150x150.jpg",150,150,true],"medium":["https:\/\/wavexia.com\/wp-content\/uploads\/2025\/10\/41ewn3lTJSL._UF8941000_QL80_-225x300.jpg",225,300,true],"medium_large":["https:\/\/wavexia.com\/wp-content\/uploads\/2025\/10\/41ewn3lTJSL._UF8941000_QL80_.jpg",749,1000,false],"large":["https:\/\/wavexia.com\/wp-content\/uploads\/2025\/10\/41ewn3lTJSL._UF8941000_QL80_.jpg",749,1000,false],"1536x1536":["https:\/\/wavexia.com\/wp-content\/uploads\/2025\/10\/41ewn3lTJSL._UF8941000_QL80_.jpg",749,1000,false],"2048x2048":["https:\/\/wavexia.com\/wp-content\/uploads\/2025\/10\/41ewn3lTJSL._UF8941000_QL80_.jpg",749,1000,false],"woocommerce_archive_thumbnail":["https:\/\/wavexia.com\/wp-content\/uploads\/2025\/10\/41ewn3lTJSL._UF8941000_QL80_-300x401.jpg",300,401,true],"woocommerce_thumbnail":["https:\/\/wavexia.com\/wp-content\/uploads\/2025\/10\/41ewn3lTJSL._UF8941000_QL80_-300x300.jpg",300,300,true],"woocommerce_single":["https:\/\/wavexia.com\/wp-content\/uploads\/2025\/10\/41ewn3lTJSL._UF8941000_QL80_-600x801.jpg",600,801,true],"woocommerce_gallery_thumbnail":["https:\/\/wavexia.com\/wp-content\/uploads\/2025\/10\/41ewn3lTJSL._UF8941000_QL80_-100x100.jpg",100,100,true]},"uagb_author_info":{"display_name":"zineddine.ayoub98@gmail.com","author_link":"https:\/\/wavexia.com\/?author=0"},"uagb_comment_info":0,"uagb_excerpt":"Description Si vous voulez envelopper la peau d\u2019un voile sensuel de p\u00eache et de fleur de cerisier et faire \u00e9tinceler la peau de la t\u00eate aux pieds, essayez la brume parfum\u00e9e paillet\u00e9e pour le corps&nbsp;Victoria\u2019s Secret Love Spell Shimmer. La brume est propos\u00e9e dans un flacon violet. Pour \u00eatre \u00e0 croquer, il suffit d\u2019associer savamment&hellip;","brands":[],"_links":{"self":[{"href":"https:\/\/wavexia.com\/index.php?rest_route=\/wp\/v2\/product\/3047","targetHints":{"allow":["GET"]}}],"collection":[{"href":"https:\/\/wavexia.com\/index.php?rest_route=\/wp\/v2\/product"}],"about":[{"href":"https:\/\/wavexia.com\/index.php?rest_route=\/wp\/v2\/types\/product"}],"replies":[{"embeddable":true,"href":"https:\/\/wavexia.com\/index.php?rest_route=%2Fwp%2Fv2%2Fcomments&post=3047"}],"wp:featuredmedia":[{"embeddable":true,"href":"https:\/\/wavexia.com\/index.php?rest_route=\/wp\/v2\/media\/3046"}],"wp:attachment":[{"href":"https:\/\/wavexia.com\/index.php?rest_route=%2Fwp%2Fv2%2Fmedia&parent=3047"}],"wp:term":[{"taxonomy":"pwb-brand","embeddable":true,"href":"https:\/\/wavexia.com\/index.php?rest_route=%2Fwp%2Fv2%2Fpwb-brand&post=3047"},{"taxonomy":"product_brand","embeddable":true,"href":"https:\/\/wavexia.com\/index.php?rest_route=%2Fwp%2Fv2%2Fproduct_brand&post=3047"},{"taxonomy":"product_cat","embeddable":true,"href":"https:\/\/wavexia.com\/index.php?rest_route=%2Fwp%2Fv2%2Fproduct_cat&post=3047"},{"taxonomy":"product_tag","embeddable":true,"href":"https:\/\/wavexia.com\/index.php?rest_route=%2Fwp%2Fv2%2Fproduct_tag&post=3047"}],"curies":[{"name":"wp","href":"https:\/\/api.w.org\/{rel}","templated":true}]}}