{"id":3038,"date":"2025-10-18T22:10:30","date_gmt":"2025-10-18T22:10:30","guid":{"rendered":"https:\/\/wavexia.com\/product\/anua-pdrn-100-hyaluronic-acid-glow-pad-180ml\/"},"modified":"2026-03-10T07:30:52","modified_gmt":"2026-03-10T07:30:52","slug":"anua-pdrn-100-hyaluronic-acid-glow-pad-180ml","status":"publish","type":"product","link":"https:\/\/wavexia.com\/?product=anua-pdrn-100-hyaluronic-acid-glow-pad-180ml","title":{"rendered":"Anua PDRN 100 Hyaluronic Acid Glow Pad 180ml"},"content":{"rendered":"<h2>Description<\/h2>\n<p>Les coussinets lumineux Anua PDRN Hyaluronic Acid 100 offrent un \u00e9clat puissant de l\u2019int\u00e9rieur en combinant de l\u2019acide hyaluronique ultra-hydratant, des peptides raffermissants pour la peau et du PDRN r\u00e9g\u00e9n\u00e9rant (ADN de saumon) dans des coussinets \u00e0 double texture. Chaque grand tampon de 7 cm est dot\u00e9 d\u2019un c\u00f4t\u00e9 en gel doux, fortement infus\u00e9 d\u2019essence riche en peptides, pour une hydratation semblable \u00e0 celle d\u2019un masque, et d\u2019un c\u00f4t\u00e9 lisse con\u00e7u pour affiner et essuyer doucement votre peau.<\/p>\n<p>Sp\u00e9cification&nbsp;: 60 serviettes<\/p>\n<p>Pays\/R\u00e9gion d\u2019origine&nbsp;: Cor\u00e9e<\/p>\n<p>du Sud Fournit une hydratation longue dur\u00e9e et un \u00e9clat ros\u00e9 et vitreux.<br \/>Soutient l\u2019\u00e9lasticit\u00e9 et la fermet\u00e9 de la peau gr\u00e2ce aux peptides et au collag\u00e8ne.<br \/>\u00c9quilibre et apaise gr\u00e2ce \u00e0 des extraits botaniques riches en antioxydants.<br \/>Id\u00e9al pour un usage quotidien, m\u00eame pour les peaux sensibles (sans parfum et test\u00e9 par des dermatologues).<\/p>\n<h5>mode d\u2019emploi:<\/h5>\n<p>Apr\u00e8s le nettoyage, appliquez le c\u00f4t\u00e9 textur\u00e9 gel sur une peau propre et laissez agir 5 minutes comme un mini masque en feuille. Retournez ensuite vers le c\u00f4t\u00e9 uni et essuyez doucement le long de la texture naturelle de votre peau, en terminant par un l\u00e9ger tapotement pour absorber toute essence restante. Ne pas rincer. Utilisation quotidienne, le matin ou le soir<\/p>\n<h5>ingr\u00e9dients:<\/h5>\n<p>Eau, butyl\u00e8ne glycol, glyc\u00e9reth-26, niacinamide, glyc\u00e9rine, 1,2-hexanediol, di\u00e9thoxy\u00e9thylsulate, hydroxy\u00e9thylur\u00e9e, hydroxyac\u00e9toph\u00e9none, glyc\u00e9reth-25 PCA isost\u00e9arate, glycosyl tr\u00e9halose, hydrolysat d\u2019amidon hydrog\u00e9n\u00e9, extrait de feuille de Melia Azadirachta, \u00e9thylhexylglyc\u00e9rine, gomme xanthane, propanediol, ad\u00e9nosine, extrait de fleur de Melia Azadirachta, extrait de fruit de Coccinia Indica, EDTA disodique, ADN de sodium (PDRN), collag\u00e8ne hydrolys\u00e9, extrait de fleur d\u2019Aloe Barbadensis, Solanum melongena (aubergine) Extrait de fruit, extrait de racine de Coptis Japonica, extrait de feuille d\u2019Ocimum sanctum, extrait de noyau de Zea Mays (ma\u00efs), extrait de Corallina Officinalis, extrait de racine de Curcuma Longa (curcuma), hyaluronate de sodium, acide hyaluronique, acide hyaluronique hydrolys\u00e9, extrait de fruit de Terminalia Ferdinandiana, fructane, glucose, l\u00e9cithine, ac\u00e9tyl glutamine, extrait de collag\u00e8ne, extrait de bacille\/ferment de soja, caprylyl glycol, acide folique, hexapeptide-11, oligopeptide-1, oligopeptide-2, oligopeptide-3<\/p>\n<p>&nbsp;<\/p>\n","protected":false},"excerpt":{"rendered":"<p>Description Les coussinets lumineux Anua PDRN Hyaluronic Acid 100 offrent un \u00e9clat puissant de l\u2019int\u00e9rieur en combinant de l\u2019acide hyaluronique ultra-hydratant, des peptides raffermissants pour la peau et du PDRN r\u00e9g\u00e9n\u00e9rant (ADN de saumon) dans des coussinets \u00e0 double texture. Chaque grand tampon de 7 cm est dot\u00e9 d\u2019un c\u00f4t\u00e9 en gel doux, fortement infus\u00e9 [&hellip;]<\/p>\n","protected":false},"featured_media":3037,"comment_status":"open","ping_status":"closed","template":"","meta":{"content-type":"","_uag_custom_page_level_css":""},"pwb-brand":[],"product_brand":[],"product_cat":[344,328,334,345],"product_tag":[],"class_list":{"0":"post-3038","1":"product","2":"type-product","3":"status-publish","4":"has-post-thumbnail","6":"product_cat-anua","7":"product_cat-nouveautes","8":"product_cat-produits-coreens","9":"product_cat-toner-pads","11":"first","12":"instock","13":"sale","14":"shipping-taxable","15":"purchasable","16":"product-type-simple"},"aioseo_notices":[],"uagb_featured_image_src":{"full":["https:\/\/wavexia.com\/wp-content\/uploads\/2025\/10\/anua-glow-pad-pdrn-hyaluron-60-pads.jpg",700,700,false],"thumbnail":["https:\/\/wavexia.com\/wp-content\/uploads\/2025\/10\/anua-glow-pad-pdrn-hyaluron-60-pads-150x150.jpg",150,150,true],"medium":["https:\/\/wavexia.com\/wp-content\/uploads\/2025\/10\/anua-glow-pad-pdrn-hyaluron-60-pads-300x300.jpg",300,300,true],"medium_large":["https:\/\/wavexia.com\/wp-content\/uploads\/2025\/10\/anua-glow-pad-pdrn-hyaluron-60-pads.jpg",700,700,false],"large":["https:\/\/wavexia.com\/wp-content\/uploads\/2025\/10\/anua-glow-pad-pdrn-hyaluron-60-pads.jpg",700,700,false],"1536x1536":["https:\/\/wavexia.com\/wp-content\/uploads\/2025\/10\/anua-glow-pad-pdrn-hyaluron-60-pads.jpg",700,700,false],"2048x2048":["https:\/\/wavexia.com\/wp-content\/uploads\/2025\/10\/anua-glow-pad-pdrn-hyaluron-60-pads.jpg",700,700,false],"woocommerce_archive_thumbnail":["https:\/\/wavexia.com\/wp-content\/uploads\/2025\/10\/anua-glow-pad-pdrn-hyaluron-60-pads-300x300.jpg",300,300,true],"woocommerce_thumbnail":["https:\/\/wavexia.com\/wp-content\/uploads\/2025\/10\/anua-glow-pad-pdrn-hyaluron-60-pads-300x300.jpg",300,300,true],"woocommerce_single":["https:\/\/wavexia.com\/wp-content\/uploads\/2025\/10\/anua-glow-pad-pdrn-hyaluron-60-pads-600x600.jpg",600,600,true],"woocommerce_gallery_thumbnail":["https:\/\/wavexia.com\/wp-content\/uploads\/2025\/10\/anua-glow-pad-pdrn-hyaluron-60-pads-100x100.jpg",100,100,true]},"uagb_author_info":{"display_name":"zineddine.ayoub98@gmail.com","author_link":"https:\/\/wavexia.com\/?author=0"},"uagb_comment_info":0,"uagb_excerpt":"Description Les coussinets lumineux Anua PDRN Hyaluronic Acid 100 offrent un \u00e9clat puissant de l\u2019int\u00e9rieur en combinant de l\u2019acide hyaluronique ultra-hydratant, des peptides raffermissants pour la peau et du PDRN r\u00e9g\u00e9n\u00e9rant (ADN de saumon) dans des coussinets \u00e0 double texture. Chaque grand tampon de 7 cm est dot\u00e9 d\u2019un c\u00f4t\u00e9 en gel doux, fortement infus\u00e9&hellip;","brands":[],"_links":{"self":[{"href":"https:\/\/wavexia.com\/index.php?rest_route=\/wp\/v2\/product\/3038","targetHints":{"allow":["GET"]}}],"collection":[{"href":"https:\/\/wavexia.com\/index.php?rest_route=\/wp\/v2\/product"}],"about":[{"href":"https:\/\/wavexia.com\/index.php?rest_route=\/wp\/v2\/types\/product"}],"replies":[{"embeddable":true,"href":"https:\/\/wavexia.com\/index.php?rest_route=%2Fwp%2Fv2%2Fcomments&post=3038"}],"wp:featuredmedia":[{"embeddable":true,"href":"https:\/\/wavexia.com\/index.php?rest_route=\/wp\/v2\/media\/3037"}],"wp:attachment":[{"href":"https:\/\/wavexia.com\/index.php?rest_route=%2Fwp%2Fv2%2Fmedia&parent=3038"}],"wp:term":[{"taxonomy":"pwb-brand","embeddable":true,"href":"https:\/\/wavexia.com\/index.php?rest_route=%2Fwp%2Fv2%2Fpwb-brand&post=3038"},{"taxonomy":"product_brand","embeddable":true,"href":"https:\/\/wavexia.com\/index.php?rest_route=%2Fwp%2Fv2%2Fproduct_brand&post=3038"},{"taxonomy":"product_cat","embeddable":true,"href":"https:\/\/wavexia.com\/index.php?rest_route=%2Fwp%2Fv2%2Fproduct_cat&post=3038"},{"taxonomy":"product_tag","embeddable":true,"href":"https:\/\/wavexia.com\/index.php?rest_route=%2Fwp%2Fv2%2Fproduct_tag&post=3038"}],"curies":[{"name":"wp","href":"https:\/\/api.w.org\/{rel}","templated":true}]}}