{"id":3031,"date":"2025-10-18T22:10:23","date_gmt":"2025-10-18T22:10:23","guid":{"rendered":"https:\/\/wavexia.com\/product\/secret-invisible-solid-powder-fresh-24h\/"},"modified":"2026-03-10T07:30:52","modified_gmt":"2026-03-10T07:30:52","slug":"secret-invisible-solid-powder-fresh-24h","status":"publish","type":"product","link":"https:\/\/wavexia.com\/?product=secret-invisible-solid-powder-fresh-24h","title":{"rendered":"Secret Invisible Solid Powder Fresh 24h"},"content":{"rendered":"<h2>Description<\/h2>\n<p>Avec une formule unique au pH \u00e9quilibr\u00e9 qui fonctionne avec la chimie naturelle de votre corps, cet antisudorifique et d\u00e9odorant Secret original offre une protection durable et fiable contre la transpiration et les odeurs 24 heures sur 24 sur laquelle vous pouvez compter jour apr\u00e8s jour. L\u2019antisudorifique et d\u00e9odorant Secret est dur contre la transpiration et doux pour la peau, vous aidant \u00e0 rester frais et confiant toute la journ\u00e9e.<\/p>\n<p>\u00b7 Restez au frais et au sec toute la journ\u00e9e avec Secret Invisible Solid<\/p>\n<p>\u00b7 La formule unique au pH \u00e9quilibr\u00e9 fonctionne avec la chimie naturelle de votre corps<\/p>\n<p>\u00b7 Protection durable et fiable contre la transpiration et les odeurs 24 heures sur 24<\/p>\n<p>\u00b7 Le secret est dur pour la transpiration et doux pour la peau<\/p>\n<p>\u00b7 Certifi\u00e9 sans cruaut\u00e9 par PETA<\/p>\n","protected":false},"excerpt":{"rendered":"<p>Description Avec une formule unique au pH \u00e9quilibr\u00e9 qui fonctionne avec la chimie naturelle de votre corps, cet antisudorifique et d\u00e9odorant Secret original offre une protection durable et fiable contre la transpiration et les odeurs 24 heures sur 24 sur laquelle vous pouvez compter jour apr\u00e8s jour. L\u2019antisudorifique et d\u00e9odorant Secret est dur contre la [&hellip;]<\/p>\n","protected":false},"featured_media":3030,"comment_status":"open","ping_status":"closed","template":"","meta":{"content-type":"","_uag_custom_page_level_css":""},"pwb-brand":[],"product_brand":[],"product_cat":[329,396],"product_tag":[],"class_list":{"0":"post-3031","1":"product","2":"type-product","3":"status-publish","4":"has-post-thumbnail","6":"product_cat-produits-americains","7":"product_cat-secret-deo","9":"first","10":"instock","11":"sale","12":"shipping-taxable","13":"purchasable","14":"product-type-simple"},"aioseo_notices":[],"uagb_featured_image_src":{"full":["https:\/\/wavexia.com\/wp-content\/uploads\/2025\/10\/00037000123439_C1C1.webp",500,500,false],"thumbnail":["https:\/\/wavexia.com\/wp-content\/uploads\/2025\/10\/00037000123439_C1C1-150x150.webp",150,150,true],"medium":["https:\/\/wavexia.com\/wp-content\/uploads\/2025\/10\/00037000123439_C1C1-300x300.webp",300,300,true],"medium_large":["https:\/\/wavexia.com\/wp-content\/uploads\/2025\/10\/00037000123439_C1C1.webp",500,500,false],"large":["https:\/\/wavexia.com\/wp-content\/uploads\/2025\/10\/00037000123439_C1C1.webp",500,500,false],"1536x1536":["https:\/\/wavexia.com\/wp-content\/uploads\/2025\/10\/00037000123439_C1C1.webp",500,500,false],"2048x2048":["https:\/\/wavexia.com\/wp-content\/uploads\/2025\/10\/00037000123439_C1C1.webp",500,500,false],"woocommerce_archive_thumbnail":["https:\/\/wavexia.com\/wp-content\/uploads\/2025\/10\/00037000123439_C1C1-300x300.webp",300,300,true],"woocommerce_thumbnail":["https:\/\/wavexia.com\/wp-content\/uploads\/2025\/10\/00037000123439_C1C1-300x300.webp",300,300,true],"woocommerce_single":["https:\/\/wavexia.com\/wp-content\/uploads\/2025\/10\/00037000123439_C1C1.webp",500,500,false],"woocommerce_gallery_thumbnail":["https:\/\/wavexia.com\/wp-content\/uploads\/2025\/10\/00037000123439_C1C1-100x100.webp",100,100,true]},"uagb_author_info":{"display_name":"zineddine.ayoub98@gmail.com","author_link":"https:\/\/wavexia.com\/?author=0"},"uagb_comment_info":0,"uagb_excerpt":"Description Avec une formule unique au pH \u00e9quilibr\u00e9 qui fonctionne avec la chimie naturelle de votre corps, cet antisudorifique et d\u00e9odorant Secret original offre une protection durable et fiable contre la transpiration et les odeurs 24 heures sur 24 sur laquelle vous pouvez compter jour apr\u00e8s jour. L\u2019antisudorifique et d\u00e9odorant Secret est dur contre la&hellip;","brands":[],"_links":{"self":[{"href":"https:\/\/wavexia.com\/index.php?rest_route=\/wp\/v2\/product\/3031","targetHints":{"allow":["GET"]}}],"collection":[{"href":"https:\/\/wavexia.com\/index.php?rest_route=\/wp\/v2\/product"}],"about":[{"href":"https:\/\/wavexia.com\/index.php?rest_route=\/wp\/v2\/types\/product"}],"replies":[{"embeddable":true,"href":"https:\/\/wavexia.com\/index.php?rest_route=%2Fwp%2Fv2%2Fcomments&post=3031"}],"wp:featuredmedia":[{"embeddable":true,"href":"https:\/\/wavexia.com\/index.php?rest_route=\/wp\/v2\/media\/3030"}],"wp:attachment":[{"href":"https:\/\/wavexia.com\/index.php?rest_route=%2Fwp%2Fv2%2Fmedia&parent=3031"}],"wp:term":[{"taxonomy":"pwb-brand","embeddable":true,"href":"https:\/\/wavexia.com\/index.php?rest_route=%2Fwp%2Fv2%2Fpwb-brand&post=3031"},{"taxonomy":"product_brand","embeddable":true,"href":"https:\/\/wavexia.com\/index.php?rest_route=%2Fwp%2Fv2%2Fproduct_brand&post=3031"},{"taxonomy":"product_cat","embeddable":true,"href":"https:\/\/wavexia.com\/index.php?rest_route=%2Fwp%2Fv2%2Fproduct_cat&post=3031"},{"taxonomy":"product_tag","embeddable":true,"href":"https:\/\/wavexia.com\/index.php?rest_route=%2Fwp%2Fv2%2Fproduct_tag&post=3031"}],"curies":[{"name":"wp","href":"https:\/\/api.w.org\/{rel}","templated":true}]}}