{"id":3029,"date":"2025-10-18T22:10:22","date_gmt":"2025-10-18T22:10:22","guid":{"rendered":"https:\/\/wavexia.com\/product\/california-gold-nutrition-omega-3-premium-100-comprimes-fish-oil\/"},"modified":"2026-03-10T07:30:52","modified_gmt":"2026-03-10T07:30:52","slug":"california-gold-nutrition-omega-3-premium-100-comprimes-fish-oil","status":"publish","type":"product","link":"https:\/\/wavexia.com\/?product=california-gold-nutrition-omega-3-premium-100-comprimes-fish-oil","title":{"rendered":"California Gold Nutrition \u2013 Omega-3 Premium 100 Comprim\u00e9s Fish Oil"},"content":{"rendered":"<h2>Description<\/h2>\n<p>Prenez 2&nbsp;capsules \u00e0 enveloppe molle par jour, pendant ou en dehors des repas. Respectez les consignes d\u2019utilisation donn\u00e9es par un professionnel de la sant\u00e9 qualifi\u00e9.<\/p>\n<p>Les acides gras om\u00e9ga-3 sont un type de \u201cbonnes graisses\u201d pr\u00e9sentes dans de nombreuses sources d\u00e9riv\u00e9es du poisson que votre corps peut utiliser pour soutenir diverses fonctions.&nbsp;<strong>L\u2019huile de poisson premium riche en om\u00e9ga-3<\/strong>&nbsp;de&nbsp;<em>California&nbsp;Gold&nbsp;Nutrition<\/em>&nbsp;contient plusieurs om\u00e9ga-3, y compris le DHA (acide docosahexa\u00e9no\u00efque) et l\u2019EPA (acide eicosapenta\u00e9no\u00efque). Elle peut donc vous aider \u00e0 obtenir une grande quantit\u00e9 de ces nutriments au quotidien, favorisant ainsi la sant\u00e9 de nombreux syst\u00e8mes dans l\u2019organisme.*<\/p>\n<p><em>Bienfaits des compl\u00e9ments en om\u00e9ga-3<\/em><br \/>Lorsque vous n\u2019\u00eates pas en mesure d\u2019obtenir suffisamment d\u2019om\u00e9ga-3 dans votre alimentation, un compl\u00e9ment quotidien peut vous aider \u00e0 maintenir un taux suffisant de bonnes graisses. Ce r\u00e9gime alimentaire est associ\u00e9 au maintien d\u2019un profil lipidique optimal. *En outre, une prise adapt\u00e9e d\u2019om\u00e9ga-3 est consid\u00e9r\u00e9e comme source de bienfaits pour la sant\u00e9 tels que la r\u00e9duction du risque de maladies cardiovasculaires, le fonctionnement normal du cerveau et le soutien de la sant\u00e9 immunitaire globale.*<\/p>\n<p><strong>L\u2019huile de poisson premium riche en om\u00e9ga-3<\/strong>&nbsp;de&nbsp;<em>California&nbsp;Gold&nbsp;Nutrition<\/em>&nbsp;est obtenue par distillation mol\u00e9culaire. Elle contient 180&nbsp;mg d\u2019EPA et 120&nbsp;mg de DHA par capsule, qui sont issus d\u2019huile de poisson naturelle hautement raffin\u00e9e et concentr\u00e9e de provenance internationale et qui r\u00e9pond \u00e0 des normes strictes de contr\u00f4le qualit\u00e9. Ces capsules \u00e0 enveloppe molle \u00e0 base de g\u00e9latine de poisson ne sont ni de source porcine ni de source bovine et ont \u00e9t\u00e9 fabriqu\u00e9es en Californie, aux \u00c9tats-Unis, avec des ingr\u00e9dients de provenance internationale.<\/p>\n<h5><strong>Avertissements<\/strong><\/h5>\n<p>Tenir hors de port\u00e9e des enfants. Les femmes enceintes ou allaitantes, les personnes atteintes d\u2019une maladie chronique, les personnes \u00e2g\u00e9es, les personnes de moins de 18&nbsp;ans, les personnes suivant un traitement m\u00e9dical (ex&nbsp;: des anticoagulants) ainsi que celles qui souffrent d\u2019une affection m\u00e9dicale diagnostiqu\u00e9e par un m\u00e9decin doivent demander l\u2019avis d\u2019un m\u00e9decin, d\u2019un pharmacien, d\u2019un naturopathe ou d\u2019un autre professionnel de la sant\u00e9 qualifi\u00e9 avant de prendre des compl\u00e9ments alimentaires.<\/p>\n<p>Scell\u00e9 pour votre protection. Ne pas utiliser si l\u2019opercule est absent ou rompu. \u00c0 conserver \u00e0 temp\u00e9rature ambiante contr\u00f4l\u00e9e entre 20&nbsp;\u00b0C et 25&nbsp;\u00b0C. De mauvaises conditions de stockage, comme une exposition prolong\u00e9e \u00e0 la lumi\u00e8re directe du soleil, \u00e0 une forte chaleur, \u00e0 l\u2019humidit\u00e9 et \u00e0 des conditions glaciales, peuvent entra\u00eener la d\u00e9gradation du produit sur le long terme.<\/p>\n","protected":false},"excerpt":{"rendered":"<p>Description Prenez 2&nbsp;capsules \u00e0 enveloppe molle par jour, pendant ou en dehors des repas. Respectez les consignes d\u2019utilisation donn\u00e9es par un professionnel de la sant\u00e9 qualifi\u00e9. Les acides gras om\u00e9ga-3 sont un type de \u201cbonnes graisses\u201d pr\u00e9sentes dans de nombreuses sources d\u00e9riv\u00e9es du poisson que votre corps peut utiliser pour soutenir diverses fonctions.&nbsp;L\u2019huile de poisson [&hellip;]<\/p>\n","protected":false},"featured_media":3028,"comment_status":"open","ping_status":"closed","template":"","meta":{"content-type":"","_uag_custom_page_level_css":""},"pwb-brand":[],"product_brand":[],"product_cat":[330],"product_tag":[],"class_list":{"0":"post-3029","1":"product","2":"type-product","3":"status-publish","4":"has-post-thumbnail","6":"product_cat-complements-alimentaires","8":"first","9":"instock","10":"sale","11":"shipping-taxable","12":"purchasable","13":"product-type-simple"},"aioseo_notices":[],"uagb_featured_image_src":{"full":["https:\/\/wavexia.com\/wp-content\/uploads\/2025\/10\/omega3-1.webp",1600,1600,false],"thumbnail":["https:\/\/wavexia.com\/wp-content\/uploads\/2025\/10\/omega3-1-150x150.webp",150,150,true],"medium":["https:\/\/wavexia.com\/wp-content\/uploads\/2025\/10\/omega3-1-300x300.webp",300,300,true],"medium_large":["https:\/\/wavexia.com\/wp-content\/uploads\/2025\/10\/omega3-1-768x768.webp",768,768,true],"large":["https:\/\/wavexia.com\/wp-content\/uploads\/2025\/10\/omega3-1-1024x1024.webp",1024,1024,true],"1536x1536":["https:\/\/wavexia.com\/wp-content\/uploads\/2025\/10\/omega3-1-1536x1536.webp",1536,1536,true],"2048x2048":["https:\/\/wavexia.com\/wp-content\/uploads\/2025\/10\/omega3-1.webp",1600,1600,false],"woocommerce_archive_thumbnail":["https:\/\/wavexia.com\/wp-content\/uploads\/2025\/10\/omega3-1-300x300.webp",300,300,true],"woocommerce_thumbnail":["https:\/\/wavexia.com\/wp-content\/uploads\/2025\/10\/omega3-1-300x300.webp",300,300,true],"woocommerce_single":["https:\/\/wavexia.com\/wp-content\/uploads\/2025\/10\/omega3-1-600x600.webp",600,600,true],"woocommerce_gallery_thumbnail":["https:\/\/wavexia.com\/wp-content\/uploads\/2025\/10\/omega3-1-100x100.webp",100,100,true]},"uagb_author_info":{"display_name":"zineddine.ayoub98@gmail.com","author_link":"https:\/\/wavexia.com\/?author=0"},"uagb_comment_info":0,"uagb_excerpt":"Description Prenez 2&nbsp;capsules \u00e0 enveloppe molle par jour, pendant ou en dehors des repas. Respectez les consignes d\u2019utilisation donn\u00e9es par un professionnel de la sant\u00e9 qualifi\u00e9. Les acides gras om\u00e9ga-3 sont un type de \u201cbonnes graisses\u201d pr\u00e9sentes dans de nombreuses sources d\u00e9riv\u00e9es du poisson que votre corps peut utiliser pour soutenir diverses fonctions.&nbsp;L\u2019huile de poisson&hellip;","brands":[],"_links":{"self":[{"href":"https:\/\/wavexia.com\/index.php?rest_route=\/wp\/v2\/product\/3029","targetHints":{"allow":["GET"]}}],"collection":[{"href":"https:\/\/wavexia.com\/index.php?rest_route=\/wp\/v2\/product"}],"about":[{"href":"https:\/\/wavexia.com\/index.php?rest_route=\/wp\/v2\/types\/product"}],"replies":[{"embeddable":true,"href":"https:\/\/wavexia.com\/index.php?rest_route=%2Fwp%2Fv2%2Fcomments&post=3029"}],"wp:featuredmedia":[{"embeddable":true,"href":"https:\/\/wavexia.com\/index.php?rest_route=\/wp\/v2\/media\/3028"}],"wp:attachment":[{"href":"https:\/\/wavexia.com\/index.php?rest_route=%2Fwp%2Fv2%2Fmedia&parent=3029"}],"wp:term":[{"taxonomy":"pwb-brand","embeddable":true,"href":"https:\/\/wavexia.com\/index.php?rest_route=%2Fwp%2Fv2%2Fpwb-brand&post=3029"},{"taxonomy":"product_brand","embeddable":true,"href":"https:\/\/wavexia.com\/index.php?rest_route=%2Fwp%2Fv2%2Fproduct_brand&post=3029"},{"taxonomy":"product_cat","embeddable":true,"href":"https:\/\/wavexia.com\/index.php?rest_route=%2Fwp%2Fv2%2Fproduct_cat&post=3029"},{"taxonomy":"product_tag","embeddable":true,"href":"https:\/\/wavexia.com\/index.php?rest_route=%2Fwp%2Fv2%2Fproduct_tag&post=3029"}],"curies":[{"name":"wp","href":"https:\/\/api.w.org\/{rel}","templated":true}]}}