{"id":3026,"date":"2025-10-18T22:10:20","date_gmt":"2025-10-18T22:10:20","guid":{"rendered":"https:\/\/wavexia.com\/product\/anua-birch-70-moisture-boosting-toner-250ml\/"},"modified":"2026-03-10T07:30:52","modified_gmt":"2026-03-10T07:30:52","slug":"anua-birch-70-moisture-boosting-toner-250ml","status":"publish","type":"product","link":"https:\/\/wavexia.com\/?product=anua-birch-70-moisture-boosting-toner-250ml","title":{"rendered":"Anua \u2013 Birch 70 Moisture Boosting Toner 250ml"},"content":{"rendered":"<h2>Description<\/h2>\n<p>Formul\u00e9 avec 70 % d\u2019eau de bouleau blanc japonais, ce tonique maintient l\u2019\u00e9quilibre du pH de la peau et retient l\u2019hydratation. Le panth\u00e9nol et dix types d\u2019acides hyaluroniques hydratent la peau en profondeur et renforcent la barri\u00e8re cutan\u00e9e. Son complexe ABC compos\u00e9 d\u2019allanto\u00efne, de b\u00e9ta\u00efne et d\u2019extrait de concombre rafra\u00eechit et apaise instantan\u00e9ment les peaux sensibles et aide \u00e0 maintenir l\u2019\u00e9quilibre s\u00e9bum-hydratation.<\/p>\n<h4 class=\"accordion_title__igE6o MuiBox-root mui-style-0\" aria-expanded=\"true\" aria-controls=\":R3l3kof6:\">Principaux ingr\u00e9dients<\/h4>\n<div id=\":R3l3kof6:\" role=\"region\">\n<div class=\"productDetailPage_accordionContent__tZh8X\">\n<p>Jus de Betula Platyphylla Japonica (70 %), dipropyl\u00e8ne glycol, glyc\u00e9rine v\u00e9g\u00e9tale, 1,2-hexanediol, m\u00e9thylpropanediol, b\u00e9ta\u00efne, allanto\u00efne, extrait de fruit de Cucumis Sativus (concombre), acide gluconique, acide hyaluronique hydrolys\u00e9, acide hyaluronique, hyaluronate de sodium, polym\u00e8re crois\u00e9 d\u2019hyaluronate de sodium, glycosaminoglycanes hydrolys\u00e9s, butyl\u00e8ne glycol, extrait de fruit de Gardenia Florida, isopentyldiol, acrylates\/polym\u00e8re crois\u00e9 d\u2019acrylate d\u2019alkyle en C10-30, trom\u00e9thamine, acide citrique, propanediol, benzyl glycol, \u00e9thylhexylglyc\u00e9rine, c\u00e9tone de framboise<\/p>\n<p class=\"grey-text\">Les ingr\u00e9dients peuvent changer \u00e0 la discr\u00e9tion du fabricant. Pour obtenir la liste la plus<\/p>\n<\/div>\n<\/div>\n","protected":false},"excerpt":{"rendered":"<p>Description Formul\u00e9 avec 70 % d\u2019eau de bouleau blanc japonais, ce tonique maintient l\u2019\u00e9quilibre du pH de la peau et retient l\u2019hydratation. Le panth\u00e9nol et dix types d\u2019acides hyaluroniques hydratent la peau en profondeur et renforcent la barri\u00e8re cutan\u00e9e. Son complexe ABC compos\u00e9 d\u2019allanto\u00efne, de b\u00e9ta\u00efne et d\u2019extrait de concombre rafra\u00eechit et apaise instantan\u00e9ment les [&hellip;]<\/p>\n","protected":false},"featured_media":3025,"comment_status":"open","ping_status":"closed","template":"","meta":{"content-type":"","_uag_custom_page_level_css":""},"pwb-brand":[],"product_brand":[],"product_cat":[344,334,345],"product_tag":[],"class_list":{"0":"post-3026","1":"product","2":"type-product","3":"status-publish","4":"has-post-thumbnail","6":"product_cat-anua","7":"product_cat-produits-coreens","8":"product_cat-toner-pads","10":"first","11":"instock","12":"sale","13":"shipping-taxable","14":"purchasable","15":"product-type-simple"},"aioseo_notices":[],"uagb_featured_image_src":{"full":["https:\/\/wavexia.com\/wp-content\/uploads\/2025\/10\/Product-page-sizes_2d213f70-0602-4dea-b18d-9779a7ff6b38-1.webp",800,800,false],"thumbnail":["https:\/\/wavexia.com\/wp-content\/uploads\/2025\/10\/Product-page-sizes_2d213f70-0602-4dea-b18d-9779a7ff6b38-1-150x150.webp",150,150,true],"medium":["https:\/\/wavexia.com\/wp-content\/uploads\/2025\/10\/Product-page-sizes_2d213f70-0602-4dea-b18d-9779a7ff6b38-1-300x300.webp",300,300,true],"medium_large":["https:\/\/wavexia.com\/wp-content\/uploads\/2025\/10\/Product-page-sizes_2d213f70-0602-4dea-b18d-9779a7ff6b38-1-768x768.webp",768,768,true],"large":["https:\/\/wavexia.com\/wp-content\/uploads\/2025\/10\/Product-page-sizes_2d213f70-0602-4dea-b18d-9779a7ff6b38-1.webp",800,800,false],"1536x1536":["https:\/\/wavexia.com\/wp-content\/uploads\/2025\/10\/Product-page-sizes_2d213f70-0602-4dea-b18d-9779a7ff6b38-1.webp",800,800,false],"2048x2048":["https:\/\/wavexia.com\/wp-content\/uploads\/2025\/10\/Product-page-sizes_2d213f70-0602-4dea-b18d-9779a7ff6b38-1.webp",800,800,false],"woocommerce_archive_thumbnail":["https:\/\/wavexia.com\/wp-content\/uploads\/2025\/10\/Product-page-sizes_2d213f70-0602-4dea-b18d-9779a7ff6b38-1-300x300.webp",300,300,true],"woocommerce_thumbnail":["https:\/\/wavexia.com\/wp-content\/uploads\/2025\/10\/Product-page-sizes_2d213f70-0602-4dea-b18d-9779a7ff6b38-1-300x300.webp",300,300,true],"woocommerce_single":["https:\/\/wavexia.com\/wp-content\/uploads\/2025\/10\/Product-page-sizes_2d213f70-0602-4dea-b18d-9779a7ff6b38-1-600x600.webp",600,600,true],"woocommerce_gallery_thumbnail":["https:\/\/wavexia.com\/wp-content\/uploads\/2025\/10\/Product-page-sizes_2d213f70-0602-4dea-b18d-9779a7ff6b38-1-100x100.webp",100,100,true]},"uagb_author_info":{"display_name":"zineddine.ayoub98@gmail.com","author_link":"https:\/\/wavexia.com\/?author=0"},"uagb_comment_info":0,"uagb_excerpt":"Description Formul\u00e9 avec 70 % d\u2019eau de bouleau blanc japonais, ce tonique maintient l\u2019\u00e9quilibre du pH de la peau et retient l\u2019hydratation. Le panth\u00e9nol et dix types d\u2019acides hyaluroniques hydratent la peau en profondeur et renforcent la barri\u00e8re cutan\u00e9e. Son complexe ABC compos\u00e9 d\u2019allanto\u00efne, de b\u00e9ta\u00efne et d\u2019extrait de concombre rafra\u00eechit et apaise instantan\u00e9ment les&hellip;","brands":[],"_links":{"self":[{"href":"https:\/\/wavexia.com\/index.php?rest_route=\/wp\/v2\/product\/3026","targetHints":{"allow":["GET"]}}],"collection":[{"href":"https:\/\/wavexia.com\/index.php?rest_route=\/wp\/v2\/product"}],"about":[{"href":"https:\/\/wavexia.com\/index.php?rest_route=\/wp\/v2\/types\/product"}],"replies":[{"embeddable":true,"href":"https:\/\/wavexia.com\/index.php?rest_route=%2Fwp%2Fv2%2Fcomments&post=3026"}],"wp:featuredmedia":[{"embeddable":true,"href":"https:\/\/wavexia.com\/index.php?rest_route=\/wp\/v2\/media\/3025"}],"wp:attachment":[{"href":"https:\/\/wavexia.com\/index.php?rest_route=%2Fwp%2Fv2%2Fmedia&parent=3026"}],"wp:term":[{"taxonomy":"pwb-brand","embeddable":true,"href":"https:\/\/wavexia.com\/index.php?rest_route=%2Fwp%2Fv2%2Fpwb-brand&post=3026"},{"taxonomy":"product_brand","embeddable":true,"href":"https:\/\/wavexia.com\/index.php?rest_route=%2Fwp%2Fv2%2Fproduct_brand&post=3026"},{"taxonomy":"product_cat","embeddable":true,"href":"https:\/\/wavexia.com\/index.php?rest_route=%2Fwp%2Fv2%2Fproduct_cat&post=3026"},{"taxonomy":"product_tag","embeddable":true,"href":"https:\/\/wavexia.com\/index.php?rest_route=%2Fwp%2Fv2%2Fproduct_tag&post=3026"}],"curies":[{"name":"wp","href":"https:\/\/api.w.org\/{rel}","templated":true}]}}