{"id":3023,"date":"2025-10-18T22:10:19","date_gmt":"2025-10-18T22:10:19","guid":{"rendered":"https:\/\/wavexia.com\/product\/cosrx-low-ph-good-morning-gel-cleanser-150ml\/"},"modified":"2026-03-10T07:30:52","modified_gmt":"2026-03-10T07:30:52","slug":"cosrx-low-ph-good-morning-gel-cleanser-150ml","status":"publish","type":"product","link":"https:\/\/wavexia.com\/?product=cosrx-low-ph-good-morning-gel-cleanser-150ml","title":{"rendered":"COSRX \u2013 Low Ph Good Morning Gel Cleanser 150ml"},"content":{"rendered":"<h2>Description<\/h2>\n<p>Le COSRX Low Ph Good Morning Gel Cleanser est un gel nettoyant qui procure une peau propre et hydrat\u00e9e. Avez-vous aussi la peau sensible ? Commencez d\u00e8s maintenant votre routine quotidienne avec ce gel nettoyant. Avec ce gel vous ne souffrirez plus des irritations cutan\u00e9es.<\/p>\n<p>Ce gel nettoyant contient des ingr\u00e9dients naturels. L\u2019un d\u2019eux est l\u2019huile d\u2019arbre \u00e0 th\u00e9 vert qui apaise votre peau, r\u00e9duit les irritations cutan\u00e9es et restaure la valeur du pH de la peau. De plus, il \u00e9limine \u00e9galement les cellules mortes de la peau et l\u2019exc\u00e8s de s\u00e9bum qui accumule la peau la nuit.<\/p>\n<p><strong>Ce gel nettoyant :<\/strong><\/p>\n<ul>\n<li>nettoie et hydrate votre peau<\/li>\n<li>r\u00e9duit les irritations<\/li>\n<li>restaure la valeur du pH<\/li>\n<li>\u00e9limine les cellules mortes de la peau et l\u2019exc\u00e8s de s\u00e9bum<\/li>\n<li>convient \u00e0 tous les types de peau, mais surtout aux peaux sensibles<\/li>\n<\/ul>\n<p><strong>Comment utiliser:<\/strong><\/p>\n<ul>\n<li>Appliquer sur peau humide.<\/li>\n<li>Massez doucement avec des mouvements circulaires.<\/li>\n<li>Rincer \u00e0 l\u2019eau ti\u00e8de.<\/li>\n<\/ul>\n<p><strong>Ingr\u00e9dients:<\/strong><br \/>Eau, cocamidopropyl b\u00e9ta\u00efne, lauroyl m\u00e9thyl is\u00e9thionate de sodium, polysorbate 20, extrait de branche\/fruit\/feuille de Styrax Japonicus, butyl\u00e8ne glycol, ferment de Saccharomyces, extrait de feuille de Cryptomeria Japonica, extrait de feuille de Nelumbo Nucifera, extrait de feuille de Pinus Palustris, extrait de racine d\u2019Ulmus Davidiana, Oenothera Biennis (Onagre) extrait de fleur, extrait de racine de Pueraria Lobata, huile de feuille de Melaleuca Alternifolia (arbre \u00e0 th\u00e9), allanto\u00efne, caprylyl glycol, \u00e9thylhexylglyc\u00e9rine, salicylate de b\u00e9ta\u00efne, acide citrique, \u00e9thyl hexanediol, 1,2-hexanediol, disuccinate d\u2019\u00e9thyl\u00e8nediamine trisodique, benzoate de sodium, EDTA disodique<\/p>\n","protected":false},"excerpt":{"rendered":"<p>Description Le COSRX Low Ph Good Morning Gel Cleanser est un gel nettoyant qui procure une peau propre et hydrat\u00e9e. Avez-vous aussi la peau sensible ? Commencez d\u00e8s maintenant votre routine quotidienne avec ce gel nettoyant. Avec ce gel vous ne souffrirez plus des irritations cutan\u00e9es. Ce gel nettoyant contient des ingr\u00e9dients naturels. L\u2019un d\u2019eux [&hellip;]<\/p>\n","protected":false},"featured_media":3022,"comment_status":"open","ping_status":"closed","template":"","meta":{"content-type":"","_uag_custom_page_level_css":""},"pwb-brand":[],"product_brand":[],"product_cat":[347,327,336,334],"product_tag":[],"class_list":{"0":"post-3023","1":"product","2":"type-product","3":"status-publish","4":"has-post-thumbnail","6":"product_cat-cosrx","7":"product_cat-hmizat","8":"product_cat-nettoyant","9":"product_cat-produits-coreens","11":"first","12":"instock","13":"sale","14":"shipping-taxable","15":"purchasable","16":"product-type-simple"},"aioseo_notices":[],"uagb_featured_image_src":{"full":["https:\/\/wavexia.com\/wp-content\/uploads\/2025\/10\/019000000035.webp",800,800,false],"thumbnail":["https:\/\/wavexia.com\/wp-content\/uploads\/2025\/10\/019000000035-150x150.webp",150,150,true],"medium":["https:\/\/wavexia.com\/wp-content\/uploads\/2025\/10\/019000000035-300x300.webp",300,300,true],"medium_large":["https:\/\/wavexia.com\/wp-content\/uploads\/2025\/10\/019000000035-768x768.webp",768,768,true],"large":["https:\/\/wavexia.com\/wp-content\/uploads\/2025\/10\/019000000035.webp",800,800,false],"1536x1536":["https:\/\/wavexia.com\/wp-content\/uploads\/2025\/10\/019000000035.webp",800,800,false],"2048x2048":["https:\/\/wavexia.com\/wp-content\/uploads\/2025\/10\/019000000035.webp",800,800,false],"woocommerce_archive_thumbnail":["https:\/\/wavexia.com\/wp-content\/uploads\/2025\/10\/019000000035-300x300.webp",300,300,true],"woocommerce_thumbnail":["https:\/\/wavexia.com\/wp-content\/uploads\/2025\/10\/019000000035-300x300.webp",300,300,true],"woocommerce_single":["https:\/\/wavexia.com\/wp-content\/uploads\/2025\/10\/019000000035-600x600.webp",600,600,true],"woocommerce_gallery_thumbnail":["https:\/\/wavexia.com\/wp-content\/uploads\/2025\/10\/019000000035-100x100.webp",100,100,true]},"uagb_author_info":{"display_name":"zineddine.ayoub98@gmail.com","author_link":"https:\/\/wavexia.com\/?author=0"},"uagb_comment_info":0,"uagb_excerpt":"Description Le COSRX Low Ph Good Morning Gel Cleanser est un gel nettoyant qui procure une peau propre et hydrat\u00e9e. Avez-vous aussi la peau sensible ? Commencez d\u00e8s maintenant votre routine quotidienne avec ce gel nettoyant. Avec ce gel vous ne souffrirez plus des irritations cutan\u00e9es. Ce gel nettoyant contient des ingr\u00e9dients naturels. L\u2019un d\u2019eux&hellip;","brands":[],"_links":{"self":[{"href":"https:\/\/wavexia.com\/index.php?rest_route=\/wp\/v2\/product\/3023","targetHints":{"allow":["GET"]}}],"collection":[{"href":"https:\/\/wavexia.com\/index.php?rest_route=\/wp\/v2\/product"}],"about":[{"href":"https:\/\/wavexia.com\/index.php?rest_route=\/wp\/v2\/types\/product"}],"replies":[{"embeddable":true,"href":"https:\/\/wavexia.com\/index.php?rest_route=%2Fwp%2Fv2%2Fcomments&post=3023"}],"wp:featuredmedia":[{"embeddable":true,"href":"https:\/\/wavexia.com\/index.php?rest_route=\/wp\/v2\/media\/3022"}],"wp:attachment":[{"href":"https:\/\/wavexia.com\/index.php?rest_route=%2Fwp%2Fv2%2Fmedia&parent=3023"}],"wp:term":[{"taxonomy":"pwb-brand","embeddable":true,"href":"https:\/\/wavexia.com\/index.php?rest_route=%2Fwp%2Fv2%2Fpwb-brand&post=3023"},{"taxonomy":"product_brand","embeddable":true,"href":"https:\/\/wavexia.com\/index.php?rest_route=%2Fwp%2Fv2%2Fproduct_brand&post=3023"},{"taxonomy":"product_cat","embeddable":true,"href":"https:\/\/wavexia.com\/index.php?rest_route=%2Fwp%2Fv2%2Fproduct_cat&post=3023"},{"taxonomy":"product_tag","embeddable":true,"href":"https:\/\/wavexia.com\/index.php?rest_route=%2Fwp%2Fv2%2Fproduct_tag&post=3023"}],"curies":[{"name":"wp","href":"https:\/\/api.w.org\/{rel}","templated":true}]}}