{"id":3019,"date":"2025-10-18T22:10:17","date_gmt":"2025-10-18T22:10:17","guid":{"rendered":"https:\/\/wavexia.com\/product\/beauty-of-joseon-glow-serum-propolis-niacinamide-30-ml\/"},"modified":"2026-03-10T07:30:52","modified_gmt":"2026-03-10T07:30:52","slug":"beauty-of-joseon-glow-serum-propolis-niacinamide-30-ml","status":"publish","type":"product","link":"https:\/\/wavexia.com\/?product=beauty-of-joseon-glow-serum-propolis-niacinamide-30-ml","title":{"rendered":"Beauty of Joseon \u2013 Glow Serum Propolis &#038; Niacinamide 30 ml"},"content":{"rendered":"<h2>Description<\/h2>\n<p>The Beauty Of Joseon Glow Serum Propolis + Niacinamide est un s\u00e9rum \u00e0 la structure miell\u00e9e sp\u00e9cialement con\u00e7u pour les peaux \u00e0 tendance acn\u00e9ique. Ce s\u00e9rum est enrichi en Hanbang, extrait de Propolis et Niacinamide. Ce trio garantit que les pores deviennent moins visibles, pr\u00e9vient les probl\u00e8mes d\u2019acn\u00e9 et maintient votre s\u00e9cr\u00e9tion de s\u00e9bum sous contr\u00f4le, vous donnant une peau saine ! Tr\u00e8s sympa non ?<\/p>\n<p><strong>Ce s\u00e9rum:<\/strong><\/p>\n<ul>\n<li>pour tous les types de peau<\/li>\n<li>utiliser avec une peau impure \/ acn\u00e9ique<\/li>\n<li>enrichi en Hanbang, extrait de Propolis et Niacinamide<\/li>\n<li>rend les pores moins visibles<\/li>\n<li>pr\u00e9vient les probl\u00e8mes d\u2019acn\u00e9<\/li>\n<li>maintient votre s\u00e9cr\u00e9tion de s\u00e9bum sous contr\u00f4le<\/li>\n<li>pour une peau saine !<\/li>\n<li>sans alcool, parab\u00e8nes, silicones et sulfates<\/li>\n<li>sans cruaut\u00e9<\/li>\n<\/ul>\n<p><strong>Comment utiliser:<\/strong><\/p>\n<ul>\n<li>Appliquer le s\u00e9rum sur une peau nettoy\u00e9e.<\/li>\n<li>Appliquez 2 \u00e0 3 gouttes de s\u00e9rum sur votre peau.<\/li>\n<li>Massez votre peau.<\/li>\n<li>Appliquez ensuite une cr\u00e8me hydratante.<\/li>\n<\/ul>\n<p><strong>ps.<\/strong>&nbsp;Pour de meilleurs r\u00e9sultats, utilisez le s\u00e9rum matin et soir.<\/p>\n<p><strong>Ingr\u00e9dients:<br \/><\/strong>Propolis Extract, Dipropylene Glycol, Glycerin, Butylene Glycol, Water, Niacinamide, 1,2-Hexanediol, Melia Azadirachta Flower Extract, Melia Azadirachta Leaf Extract, Sodium Hyaluronate, Curcuma Longa (Turmeric) Root Extract, Ocimum Sanctum Leaf Extract, Theobroma Cacao (Cocoa) Seed Extract, Melaleuca Alternifolia (Tea Tree) Extract, Centella Asiatica Extract, Corallina Officinalis Extract, Lotus Corniculatus Seed Extract, Calophyllum Inophyllum Seed Oil, Betaine Salicylate, Sodium Polyacryloyldimethyl Taurate, Tromethamine, Polyglyceryl-10 Laurate, Caprylyl Glycol, Ethylhexylglycerin, Dextrin, Pentylene Glycol, Octanediol, Tocopherol, Xanthan Gum, Carbomer.<\/p>\n","protected":false},"excerpt":{"rendered":"<p>Description The Beauty Of Joseon Glow Serum Propolis + Niacinamide est un s\u00e9rum \u00e0 la structure miell\u00e9e sp\u00e9cialement con\u00e7u pour les peaux \u00e0 tendance acn\u00e9ique. Ce s\u00e9rum est enrichi en Hanbang, extrait de Propolis et Niacinamide. Ce trio garantit que les pores deviennent moins visibles, pr\u00e9vient les probl\u00e8mes d\u2019acn\u00e9 et maintient votre s\u00e9cr\u00e9tion de s\u00e9bum [&hellip;]<\/p>\n","protected":false},"featured_media":3018,"comment_status":"open","ping_status":"closed","template":"","meta":{"content-type":"","_uag_custom_page_level_css":""},"pwb-brand":[],"product_brand":[],"product_cat":[354,325,334,338,323],"product_tag":[],"class_list":{"0":"post-3019","1":"product","2":"type-product","3":"status-publish","4":"has-post-thumbnail","6":"product_cat-beauty-of-joseon","7":"product_cat-marques","8":"product_cat-produits-coreens","9":"product_cat-serum-ampoule","10":"product_cat-skincare","12":"first","13":"instock","14":"sale","15":"shipping-taxable","16":"purchasable","17":"product-type-simple"},"aioseo_notices":[],"uagb_featured_image_src":{"full":["https:\/\/wavexia.com\/wp-content\/uploads\/2025\/10\/beauty-of-joseon-beauty-of-joseon-glow-serum-propo.webp",1500,1500,false],"thumbnail":["https:\/\/wavexia.com\/wp-content\/uploads\/2025\/10\/beauty-of-joseon-beauty-of-joseon-glow-serum-propo-150x150.webp",150,150,true],"medium":["https:\/\/wavexia.com\/wp-content\/uploads\/2025\/10\/beauty-of-joseon-beauty-of-joseon-glow-serum-propo-300x300.webp",300,300,true],"medium_large":["https:\/\/wavexia.com\/wp-content\/uploads\/2025\/10\/beauty-of-joseon-beauty-of-joseon-glow-serum-propo-768x768.webp",768,768,true],"large":["https:\/\/wavexia.com\/wp-content\/uploads\/2025\/10\/beauty-of-joseon-beauty-of-joseon-glow-serum-propo-1024x1024.webp",1024,1024,true],"1536x1536":["https:\/\/wavexia.com\/wp-content\/uploads\/2025\/10\/beauty-of-joseon-beauty-of-joseon-glow-serum-propo.webp",1500,1500,false],"2048x2048":["https:\/\/wavexia.com\/wp-content\/uploads\/2025\/10\/beauty-of-joseon-beauty-of-joseon-glow-serum-propo.webp",1500,1500,false],"woocommerce_archive_thumbnail":["https:\/\/wavexia.com\/wp-content\/uploads\/2025\/10\/beauty-of-joseon-beauty-of-joseon-glow-serum-propo-300x300.webp",300,300,true],"woocommerce_thumbnail":["https:\/\/wavexia.com\/wp-content\/uploads\/2025\/10\/beauty-of-joseon-beauty-of-joseon-glow-serum-propo-300x300.webp",300,300,true],"woocommerce_single":["https:\/\/wavexia.com\/wp-content\/uploads\/2025\/10\/beauty-of-joseon-beauty-of-joseon-glow-serum-propo-600x600.webp",600,600,true],"woocommerce_gallery_thumbnail":["https:\/\/wavexia.com\/wp-content\/uploads\/2025\/10\/beauty-of-joseon-beauty-of-joseon-glow-serum-propo-100x100.webp",100,100,true]},"uagb_author_info":{"display_name":"zineddine.ayoub98@gmail.com","author_link":"https:\/\/wavexia.com\/?author=0"},"uagb_comment_info":0,"uagb_excerpt":"Description The Beauty Of Joseon Glow Serum Propolis + Niacinamide est un s\u00e9rum \u00e0 la structure miell\u00e9e sp\u00e9cialement con\u00e7u pour les peaux \u00e0 tendance acn\u00e9ique. Ce s\u00e9rum est enrichi en Hanbang, extrait de Propolis et Niacinamide. Ce trio garantit que les pores deviennent moins visibles, pr\u00e9vient les probl\u00e8mes d\u2019acn\u00e9 et maintient votre s\u00e9cr\u00e9tion de s\u00e9bum&hellip;","brands":[],"_links":{"self":[{"href":"https:\/\/wavexia.com\/index.php?rest_route=\/wp\/v2\/product\/3019","targetHints":{"allow":["GET"]}}],"collection":[{"href":"https:\/\/wavexia.com\/index.php?rest_route=\/wp\/v2\/product"}],"about":[{"href":"https:\/\/wavexia.com\/index.php?rest_route=\/wp\/v2\/types\/product"}],"replies":[{"embeddable":true,"href":"https:\/\/wavexia.com\/index.php?rest_route=%2Fwp%2Fv2%2Fcomments&post=3019"}],"wp:featuredmedia":[{"embeddable":true,"href":"https:\/\/wavexia.com\/index.php?rest_route=\/wp\/v2\/media\/3018"}],"wp:attachment":[{"href":"https:\/\/wavexia.com\/index.php?rest_route=%2Fwp%2Fv2%2Fmedia&parent=3019"}],"wp:term":[{"taxonomy":"pwb-brand","embeddable":true,"href":"https:\/\/wavexia.com\/index.php?rest_route=%2Fwp%2Fv2%2Fpwb-brand&post=3019"},{"taxonomy":"product_brand","embeddable":true,"href":"https:\/\/wavexia.com\/index.php?rest_route=%2Fwp%2Fv2%2Fproduct_brand&post=3019"},{"taxonomy":"product_cat","embeddable":true,"href":"https:\/\/wavexia.com\/index.php?rest_route=%2Fwp%2Fv2%2Fproduct_cat&post=3019"},{"taxonomy":"product_tag","embeddable":true,"href":"https:\/\/wavexia.com\/index.php?rest_route=%2Fwp%2Fv2%2Fproduct_tag&post=3019"}],"curies":[{"name":"wp","href":"https:\/\/api.w.org\/{rel}","templated":true}]}}