{"id":3017,"date":"2025-10-18T22:10:16","date_gmt":"2025-10-18T22:10:16","guid":{"rendered":"https:\/\/wavexia.com\/product\/bath-body-works-warm-vanilla-sugar-fine-fragrance-mist-236ml\/"},"modified":"2026-03-10T07:30:52","modified_gmt":"2026-03-10T07:30:52","slug":"bath-body-works-warm-vanilla-sugar-fine-fragrance-mist-236ml","status":"publish","type":"product","link":"https:\/\/wavexia.com\/?product=bath-body-works-warm-vanilla-sugar-fine-fragrance-mist-236ml","title":{"rendered":"Bath &#038; BODY WORKS WARM VANILLA SUGAR Fine Fragrance Mist 236ml"},"content":{"rendered":"<h2>Description<\/h2>\n<p>Le&nbsp;<strong>spray corporel Bath &amp; Body Works Warm Vanilla Sugar<\/strong>&nbsp;est un parfum envo\u00fbtant qui m\u00e9lange des notes sucr\u00e9es et bois\u00e9es pour cr\u00e9er une exp\u00e9rience olfactive unique. Con\u00e7u pour la femme moderne du 21e si\u00e8cle, ce parfum chaleureux est parfait pour les journ\u00e9es fra\u00eeches. Il enveloppe votre peau d\u2019un voile d\u00e9licat de douceur et de chaleur, apportant une touche gourmande et r\u00e9confortante \u00e0 votre quotidien.<\/p>\n","protected":false},"excerpt":{"rendered":"<p>Description Le&nbsp;spray corporel Bath &amp; Body Works Warm Vanilla Sugar&nbsp;est un parfum envo\u00fbtant qui m\u00e9lange des notes sucr\u00e9es et bois\u00e9es pour cr\u00e9er une exp\u00e9rience olfactive unique. Con\u00e7u pour la femme moderne du 21e si\u00e8cle, ce parfum chaleureux est parfait pour les journ\u00e9es fra\u00eeches. Il enveloppe votre peau d\u2019un voile d\u00e9licat de douceur et de chaleur, [&hellip;]<\/p>\n","protected":false},"featured_media":3016,"comment_status":"open","ping_status":"closed","template":"","meta":{"content-type":"","_uag_custom_page_level_css":""},"pwb-brand":[],"product_brand":[],"product_cat":[369,329],"product_tag":[],"class_list":{"0":"post-3017","1":"product","2":"type-product","3":"status-publish","4":"has-post-thumbnail","6":"product_cat-bath-body-works","7":"product_cat-produits-americains","9":"first","10":"instock","11":"sale","12":"shipping-taxable","13":"purchasable","14":"product-type-simple"},"aioseo_notices":[],"uagb_featured_image_src":{"full":["https:\/\/wavexia.com\/wp-content\/uploads\/2025\/10\/bath-body-works-brume-pour-le-corps-warm-vanil.webp",800,800,false],"thumbnail":["https:\/\/wavexia.com\/wp-content\/uploads\/2025\/10\/bath-body-works-brume-pour-le-corps-warm-vanil-150x150.webp",150,150,true],"medium":["https:\/\/wavexia.com\/wp-content\/uploads\/2025\/10\/bath-body-works-brume-pour-le-corps-warm-vanil-300x300.webp",300,300,true],"medium_large":["https:\/\/wavexia.com\/wp-content\/uploads\/2025\/10\/bath-body-works-brume-pour-le-corps-warm-vanil-768x768.webp",768,768,true],"large":["https:\/\/wavexia.com\/wp-content\/uploads\/2025\/10\/bath-body-works-brume-pour-le-corps-warm-vanil.webp",800,800,false],"1536x1536":["https:\/\/wavexia.com\/wp-content\/uploads\/2025\/10\/bath-body-works-brume-pour-le-corps-warm-vanil.webp",800,800,false],"2048x2048":["https:\/\/wavexia.com\/wp-content\/uploads\/2025\/10\/bath-body-works-brume-pour-le-corps-warm-vanil.webp",800,800,false],"woocommerce_archive_thumbnail":["https:\/\/wavexia.com\/wp-content\/uploads\/2025\/10\/bath-body-works-brume-pour-le-corps-warm-vanil-300x300.webp",300,300,true],"woocommerce_thumbnail":["https:\/\/wavexia.com\/wp-content\/uploads\/2025\/10\/bath-body-works-brume-pour-le-corps-warm-vanil-300x300.webp",300,300,true],"woocommerce_single":["https:\/\/wavexia.com\/wp-content\/uploads\/2025\/10\/bath-body-works-brume-pour-le-corps-warm-vanil-600x600.webp",600,600,true],"woocommerce_gallery_thumbnail":["https:\/\/wavexia.com\/wp-content\/uploads\/2025\/10\/bath-body-works-brume-pour-le-corps-warm-vanil-100x100.webp",100,100,true]},"uagb_author_info":{"display_name":"zineddine.ayoub98@gmail.com","author_link":"https:\/\/wavexia.com\/?author=0"},"uagb_comment_info":0,"uagb_excerpt":"Description Le&nbsp;spray corporel Bath &amp; Body Works Warm Vanilla Sugar&nbsp;est un parfum envo\u00fbtant qui m\u00e9lange des notes sucr\u00e9es et bois\u00e9es pour cr\u00e9er une exp\u00e9rience olfactive unique. Con\u00e7u pour la femme moderne du 21e si\u00e8cle, ce parfum chaleureux est parfait pour les journ\u00e9es fra\u00eeches. Il enveloppe votre peau d\u2019un voile d\u00e9licat de douceur et de chaleur,&hellip;","brands":[],"_links":{"self":[{"href":"https:\/\/wavexia.com\/index.php?rest_route=\/wp\/v2\/product\/3017","targetHints":{"allow":["GET"]}}],"collection":[{"href":"https:\/\/wavexia.com\/index.php?rest_route=\/wp\/v2\/product"}],"about":[{"href":"https:\/\/wavexia.com\/index.php?rest_route=\/wp\/v2\/types\/product"}],"replies":[{"embeddable":true,"href":"https:\/\/wavexia.com\/index.php?rest_route=%2Fwp%2Fv2%2Fcomments&post=3017"}],"wp:featuredmedia":[{"embeddable":true,"href":"https:\/\/wavexia.com\/index.php?rest_route=\/wp\/v2\/media\/3016"}],"wp:attachment":[{"href":"https:\/\/wavexia.com\/index.php?rest_route=%2Fwp%2Fv2%2Fmedia&parent=3017"}],"wp:term":[{"taxonomy":"pwb-brand","embeddable":true,"href":"https:\/\/wavexia.com\/index.php?rest_route=%2Fwp%2Fv2%2Fpwb-brand&post=3017"},{"taxonomy":"product_brand","embeddable":true,"href":"https:\/\/wavexia.com\/index.php?rest_route=%2Fwp%2Fv2%2Fproduct_brand&post=3017"},{"taxonomy":"product_cat","embeddable":true,"href":"https:\/\/wavexia.com\/index.php?rest_route=%2Fwp%2Fv2%2Fproduct_cat&post=3017"},{"taxonomy":"product_tag","embeddable":true,"href":"https:\/\/wavexia.com\/index.php?rest_route=%2Fwp%2Fv2%2Fproduct_tag&post=3017"}],"curies":[{"name":"wp","href":"https:\/\/api.w.org\/{rel}","templated":true}]}}